{"id":4579,"date":"2019-09-11T00:15:56","date_gmt":"2019-09-11T00:15:56","guid":{"rendered":"https:\/\/icwpredflag.org\/wp\/wordpress\/wps\/?page_id=4579"},"modified":"2025-04-03T18:48:30","modified_gmt":"2025-04-03T18:48:30","slug":"materialismo-dialectico","status":"publish","type":"page","link":"https:\/\/icwpredflag.org\/wp\/wordpress\/wps\/materialismo-dialectico\/","title":{"rendered":"Materialismo dial\u00e9ctico"},"content":{"rendered":"<h3 style=\"text-align: center;\">Los lectores deben comenzar con el folleto de filosof\u00eda m\u00e1s reciente del PCOI: Breve introducci\u00f3n a la filosof\u00eda comunista <a class=\"icwp-emph\" href=\"https:\/\/icwpredflag.org\/wp\/wordpress\/wps\/materialismo-dialectico\/breve-introduccion-a-la-filosofia-comunista\/\">aqu\u00ed<\/a><\/h3>\n<h4 style=\"text-align: center;\"><span style=\"color: #ff0000;\">Materiales m\u00e1s antiguos sobre el materialismo dial\u00e9ctico<\/span><\/h4>\n<ul>\n<li><a class=\"icwp-emph\" href=\"https:\/\/icwpredflag.org\/wp\/wordpress\/wps\/volumen-10-numero-16\/porque-necesitamos-la-filosofia-comunista-parte-i\/\">Porqu\u00e9 Necesitamos la Filosof\u00eda Comunista, Parte I<\/a><\/li>\n<li><a class=\"icwp-emph\" href=\"https:\/\/icwpredflag.org\/wp\/wordpress\/wps\/volumen-10-numero-17\/por-que-necesitamos-la-filosofia-comunista-parte-ii\/\" rel=\"bookmark\">Por qu\u00e9 Necesitamos la Filosof\u00eda Comunista, Parte II<\/a><\/li>\n<li><a class=\"icwp-emph\" href=\"https:\/\/icwpredflag.org\/wp\/wordpress\/wps\/volumen-11-numero-8\/negacion-el-corazon-de-la-dialectica-materialista\/\">Materialismo Dial\u00e9ctico: Discusi\u00f3n Sobre la Negaci\u00f3n<\/a><\/li>\n<li><a class=\"icwp-emph\" href=\"https:\/\/icwpredflag.org\/wp\/wordpress\/wps\/materialismo-dialectico\/tres-articulos-sobre-el-materialismo-comunista\/\">Tres Art\u00edculos de Bandera Roja Sobre el Materialismo Comunista<\/a><\/li>\n<li><a class=\"icwp-emph\" href=\"https:\/\/icwpredflag.org\/wp\/wordpress\/wps\/materialismo-dialectico\/el-pensamiento-dialectico-antes-de-marx\/\">El Pensamiento Dial\u00e9ctico Antes de Marx<\/a><\/li>\n<li><a class=\"icwp-emph\" href=\"http:\/\/icwpredflag.org\/DialComta.html\">P\u00e1gina de materialismo dial\u00e9ctico del antiguo sitio web de PCOI<\/a><\/li>\n<li><a class=\"icwp-emph\" href=\"http:\/\/icwpredflag.org\/DiaMagSpanIC.pdf\">Folleto antiguo de PCOI: La Dial\u00e9ctica Comunista<\/a><\/li>\n<li><a class=\"icwp-emph\" href=\"http:\/\/icwpredflag.org\/DIALS\/DCollFullS.pdf\">Colecci\u00f3n de Art\u00edculos Sobre la Dial\u00e9ctica<\/a><\/li>\n<li><a class=\"icwp-emph\" href=\"http:\/\/icwpredflag.org\/DepthS\/DialClmsCol2S.pdf\">Segunda Colecci\u00f3n de Art\u00edculos Sobre la Dial\u00e9ctica<\/a><\/li>\n<\/ul>\n<h4><a href=\"https:\/\/icwpredflag.org\/wp\/wordpress\/wps\">P\u00e1gina principal<\/a><\/h4>\n<div id=\"gtx-trans\" style=\"position: absolute; left: 418px; top: 171.5px;\">\n<div class=\"gtx-trans-icon\"><\/div>\n<\/div>\n","protected":false},"excerpt":{"rendered":"<p>Los lectores deben comenzar con el folleto de filosof\u00eda m\u00e1s reciente del PCOI: Breve introducci\u00f3n a la filosof\u00eda comunista aqu\u00ed Materiales m\u00e1s antiguos sobre el materialismo dial\u00e9ctico Porqu\u00e9 Necesitamos la Filosof\u00eda Comunista, Parte I Por qu\u00e9 Necesitamos la Filosof\u00eda Comunista, Parte II Materialismo Dial\u00e9ctico: Discusi\u00f3n Sobre la Negaci\u00f3n Tres Art\u00edculos de Bandera Roja Sobre el &hellip; <a href=\"https:\/\/icwpredflag.org\/wp\/wordpress\/wps\/materialismo-dialectico\/\" class=\"more-link\">Sigue leyendo <span class=\"screen-reader-text\">Materialismo dial\u00e9ctico<\/span><\/a><\/p>\n","protected":false},"author":1,"featured_media":3638,"parent":0,"menu_order":0,"comment_status":"closed","ping_status":"closed","template":"","meta":{"footnotes":""},"class_list":["post-4579","page","type-page","status-publish","has-post-thumbnail","hentry"],"_links":{"self":[{"href":"https:\/\/icwpredflag.org\/wp\/wordpress\/wps\/wp-json\/wp\/v2\/pages\/4579","targetHints":{"allow":["GET"]}}],"collection":[{"href":"https:\/\/icwpredflag.org\/wp\/wordpress\/wps\/wp-json\/wp\/v2\/pages"}],"about":[{"href":"https:\/\/icwpredflag.org\/wp\/wordpress\/wps\/wp-json\/wp\/v2\/types\/page"}],"author":[{"embeddable":true,"href":"https:\/\/icwpredflag.org\/wp\/wordpress\/wps\/wp-json\/wp\/v2\/users\/1"}],"replies":[{"embeddable":true,"href":"https:\/\/icwpredflag.org\/wp\/wordpress\/wps\/wp-json\/wp\/v2\/comments?post=4579"}],"version-history":[{"count":19,"href":"https:\/\/icwpredflag.org\/wp\/wordpress\/wps\/wp-json\/wp\/v2\/pages\/4579\/revisions"}],"predecessor-version":[{"id":12851,"href":"https:\/\/icwpredflag.org\/wp\/wordpress\/wps\/wp-json\/wp\/v2\/pages\/4579\/revisions\/12851"}],"wp:featuredmedia":[{"embeddable":true,"href":"https:\/\/icwpredflag.org\/wp\/wordpress\/wps\/wp-json\/wp\/v2\/media\/3638"}],"wp:attachment":[{"href":"https:\/\/icwpredflag.org\/wp\/wordpress\/wps\/wp-json\/wp\/v2\/media?parent=4579"}],"curies":[{"name":"wp","href":"https:\/\/api.w.org\/{rel}","templated":true}]}}