{"id":492,"date":"2017-03-24T04:00:01","date_gmt":"2017-03-24T04:00:01","guid":{"rendered":"http:\/\/icwpredflag.org\/wp\/wordpress\/wps\/?page_id=492"},"modified":"2017-03-24T04:05:23","modified_gmt":"2017-03-24T04:05:23","slug":"descubriendo-las-historias-revolucionarias-de-la-segunda-guerra-mundial","status":"publish","type":"page","link":"https:\/\/icwpredflag.org\/wp\/wordpress\/wps\/volumen-8-numero-2\/descubriendo-las-historias-revolucionarias-de-la-segunda-guerra-mundial\/","title":{"rendered":"Descubriendo Las Historias Revolucionarias De La Segunda Guerra Mundial"},"content":{"rendered":"<p style=\"text-align: center;\"><span style=\"color: #ff0000;\"><strong><em>\u00abGeneral tu tanque es un veh\u00edculo potente&#8230;. solo tiene un defecto: necesita un conductor\u201d<\/em><\/strong><\/span><\/p>\n<p style=\"text-align: justify;\">Los capitalistas temen a la guerra y debieran. No importa que su sistema no conozca el fin del pillaje y la destrucci\u00f3n. No importa que haya resuelto temporalmente sus principales contradicciones a trav\u00e9s de dos guerras mundiales. Los capitalistas temen la guerra porque prepara j\u00f3venes trabajadores, entrena a estos conscriptos como soldados y pone armas en sus manos.<\/p>\n<p style=\"text-align: justify;\">Muchos saben que la Primera Guerra Mundial termin\u00f3 cuando los obreros y soldados tomaron el poder en Rusia y construyeron la Uni\u00f3n Sovi\u00e9tica socialista. Del mismo modo, como resultado de la Segunda Guerra Mundial, los obreros y campesinos chinos pudieron tomar el poder, expulsar a todos los explotadores imperialistas y empezar a construir una sociedad socialista.<\/p>\n<p style=\"text-align: justify;\">Lo que se entiende menos es que estas revoluciones no fueron incidentes aislados, sino m\u00e1s bien las expresiones m\u00e1s organizadas de un internacionalismo revolucionario que infect\u00f3 al mundo entero. Hemos escrito antes sobre el mot\u00edn naval indio al final de la Segunda Guerra Mundial. Liderado por marineros sikh, musulmanes e hind\u00faes, este mot\u00edn marc\u00f3 el comienzo del fin del Imperio Brit\u00e1nico. Entre otras demandas, \u00a1exig\u00eda que las tropas indias fueran retiradas de Indonesia!<\/p>\n<p style=\"text-align: justify;\">\u00bfQu\u00e9 hac\u00edan las tropas indias en Indonesia? Resulta que eran parte del ej\u00e9rcito brit\u00e1nico que invadi\u00f3 Indonesia para desarmar a los japoneses. Ese fue el mandato entregado a los brit\u00e1nicos. Sin embargo, ese no era el de ellos. Planeaban desarmar a los japoneses y entregarles de nuevo a Indonesia a los holandeses.<\/p>\n<p style=\"text-align: justify;\">Fue un plan que desencaden\u00f3 la furia de los, en gran parte desorganizados, j\u00f3venes y trabajadores indonesios. Incluso antes de que los brit\u00e1nicos llegaran, trabajando en grupos \u00e9tnicos o religiosos locales, hab\u00edan tomado posesi\u00f3n de oficinas, minas, plantaciones, ferrocarriles y estaciones de radio de los japoneses. Las tropas brit\u00e1nicas llegaron el 29 de septiembre de 1945. El primer soldado fue asesinado el 11 de octubre.<\/p>\n<p style=\"text-align: justify;\"><img loading=\"lazy\" decoding=\"async\" class=\" wp-image-434 aligncenter\" src=\"http:\/\/icwpredflag.org\/wp\/wordpress\/wps\/wp-content\/uploads\/sites\/2\/2017\/03\/soldiers-300x203.jpg\" alt=\"\" width=\"607\" height=\"411\" srcset=\"https:\/\/icwpredflag.org\/wp\/wordpress\/wps\/wp-content\/uploads\/sites\/2\/2017\/03\/soldiers-300x203.jpg 300w, https:\/\/icwpredflag.org\/wp\/wordpress\/wps\/wp-content\/uploads\/sites\/2\/2017\/03\/soldiers-768x519.jpg 768w, https:\/\/icwpredflag.org\/wp\/wordpress\/wps\/wp-content\/uploads\/sites\/2\/2017\/03\/soldiers-1024x693.jpg 1024w, https:\/\/icwpredflag.org\/wp\/wordpress\/wps\/wp-content\/uploads\/sites\/2\/2017\/03\/soldiers.jpg 1381w\" sizes=\"auto, (max-width: 607px) 100vw, 607px\" \/><\/p>\n<p style=\"text-align: justify;\"><strong>\u00a1Voltear las armas!<\/strong><\/p>\n<p style=\"text-align: justify;\">A medida que la resistencia crec\u00eda, los brit\u00e1nicos se dieron cuenta de que necesitaban la ayuda de las tropas japonesas para acabar con la rebeli\u00f3n. En vez de desarmarlos, los reclutaron. Pero unos 200 desertaron al campo indonesio. En esto, los soldados japoneses segu\u00edan el ejemplo de cerca de 600 tropas indias.<\/p>\n<p style=\"text-align: justify;\">Rechazando participar en lo que se convirti\u00f3 en una sangrienta masacre en la ciudad de Surabaya, una unidad paracaidista brit\u00e1nica organiz\u00f3 huelga de brazos ca\u00eddos y tuvo que ser enviada a casa. Otro grupo de soldados brit\u00e1nicos public\u00f3 un peri\u00f3dico de resistencia en Yakarta. Algunas tropas australianas entregaron sus armas a los rebeldes indonesios, en su mayor\u00eda desarmados.<\/p>\n<p style=\"text-align: justify;\">Los estibadores australianos y los marineros se negaron llevar tropas o municiones a la zona de guerra en una huelga pol\u00edtica que afect\u00f3 a unos 500 barcos. Estibadores indios fueron tra\u00eddos para romper la huelga, pero ellos tambi\u00e9n se unieron r\u00e1pidamente a ella. Las donaciones para apoyar a los huelguistas se llevaron a cabo a bordo de buques de guerra brit\u00e1nicos en el puerto de Sydney con una delegaci\u00f3n elegida para entregar el dinero a sus hermanos indios, poniendo de cabeza 200 a\u00f1os de ocupaci\u00f3n colonial.<\/p>\n<p style=\"text-align: justify;\">En Holanda, la ira generalizada contra el plan de su gobierno de colonizar a Indonesia se extendi\u00f3 entre los soldados holandeses. Organizaron una manifestaci\u00f3n masiva en \u00c1msterdam, seguida de una huelga general de dos d\u00edas.<\/p>\n<p style=\"text-align: justify;\">Varios d\u00edas despu\u00e9s, soldados del campo de Harderwijk, cerca de \u00c1msterdam, tajantemente rehusaron \u00f3rdenes de desplazarse a Indonesia y formaron un comit\u00e9 representando a 150 soldados comunistas de base para buscar el apoyo de la clase obrera holandesa.<\/p>\n<p style=\"text-align: justify;\">La historia de esta explosi\u00f3n del internacionalismo revolucionario de la clase obrera sigue oculta a nuestra historia, ya sea en libros o pel\u00edculas. Junto con otras, como el mot\u00edn naval indio, muestra que la Segunda Guerra Mundial fue m\u00e1s que una lucha entre las potencias imperialistas para dividirse o re-dividirse el mundo. Fue ante todo una oportunidad para que la clase obrera del mundo aprovechara su potencial revolucionario para cambiar el mundo. La pol\u00edtica del movimiento comunista internacional en aquellos d\u00edas &#8211; el socialismo y la liberaci\u00f3n nacional &#8211; finalmente caus\u00f3 su derrota. Sin embargo, la escala y la fuerza revolucionaria del internacionalismo que se desat\u00f3 entonces a\u00fan asustan a los capitalistas. Aprendiendo de esos errores, el PCOI est\u00e1 construyendo hoy un partido internacional que lucha por el comunismo, no el socialismo o la liberaci\u00f3n nacional. Que los imperialistas comiencen sus guerras. \u00a1Nuestra historia revolucionaria nos dice que podemos y vamos a terminarlas!<\/p>\n<h4 style=\"text-align: justify;\"><a class=\"icwp-emph\" href=\"http:\/\/icwpredflag.org\/wp\/wordpress\/wps\/volumen-8-numero-2\/\">Primera P\u00e1gina<\/a><\/h4>\n","protected":false},"excerpt":{"rendered":"<p>\u00abGeneral tu tanque es un veh\u00edculo potente&#8230;. solo tiene un defecto: necesita un conductor\u201d Los capitalistas temen a la guerra y debieran. No importa que su sistema no conozca el fin del pillaje y la destrucci\u00f3n. No importa que haya resuelto temporalmente sus principales contradicciones a trav\u00e9s de dos guerras mundiales. Los capitalistas temen la &hellip; <a href=\"https:\/\/icwpredflag.org\/wp\/wordpress\/wps\/volumen-8-numero-2\/descubriendo-las-historias-revolucionarias-de-la-segunda-guerra-mundial\/\" class=\"more-link\">Sigue leyendo <span class=\"screen-reader-text\">Descubriendo Las Historias Revolucionarias De La Segunda Guerra Mundial<\/span><\/a><\/p>\n","protected":false},"author":1,"featured_media":282,"parent":432,"menu_order":0,"comment_status":"closed","ping_status":"closed","template":"","meta":{"footnotes":""},"class_list":["post-492","page","type-page","status-publish","has-post-thumbnail","hentry"],"_links":{"self":[{"href":"https:\/\/icwpredflag.org\/wp\/wordpress\/wps\/wp-json\/wp\/v2\/pages\/492","targetHints":{"allow":["GET"]}}],"collection":[{"href":"https:\/\/icwpredflag.org\/wp\/wordpress\/wps\/wp-json\/wp\/v2\/pages"}],"about":[{"href":"https:\/\/icwpredflag.org\/wp\/wordpress\/wps\/wp-json\/wp\/v2\/types\/page"}],"author":[{"embeddable":true,"href":"https:\/\/icwpredflag.org\/wp\/wordpress\/wps\/wp-json\/wp\/v2\/users\/1"}],"replies":[{"embeddable":true,"href":"https:\/\/icwpredflag.org\/wp\/wordpress\/wps\/wp-json\/wp\/v2\/comments?post=492"}],"version-history":[{"count":6,"href":"https:\/\/icwpredflag.org\/wp\/wordpress\/wps\/wp-json\/wp\/v2\/pages\/492\/revisions"}],"predecessor-version":[{"id":498,"href":"https:\/\/icwpredflag.org\/wp\/wordpress\/wps\/wp-json\/wp\/v2\/pages\/492\/revisions\/498"}],"up":[{"embeddable":true,"href":"https:\/\/icwpredflag.org\/wp\/wordpress\/wps\/wp-json\/wp\/v2\/pages\/432"}],"wp:featuredmedia":[{"embeddable":true,"href":"https:\/\/icwpredflag.org\/wp\/wordpress\/wps\/wp-json\/wp\/v2\/media\/282"}],"wp:attachment":[{"href":"https:\/\/icwpredflag.org\/wp\/wordpress\/wps\/wp-json\/wp\/v2\/media?parent=492"}],"curies":[{"name":"wp","href":"https:\/\/api.w.org\/{rel}","templated":true}]}}