{"id":4960,"date":"2019-12-01T03:37:24","date_gmt":"2019-12-01T03:37:24","guid":{"rendered":"https:\/\/icwpredflag.org\/wp\/wordpress\/wps\/?page_id=4960"},"modified":"2019-12-01T03:43:33","modified_gmt":"2019-12-01T03:43:33","slug":"haiti-en-revuelta-luchar-por-el-poder-obrero-ahora","status":"publish","type":"page","link":"https:\/\/icwpredflag.org\/wp\/wordpress\/wps\/volumen-10-numero-15\/haiti-en-revuelta-luchar-por-el-poder-obrero-ahora\/","title":{"rendered":"Hait\u00ed en Revuelta:  \u00a1Luchar por el Poder Obrero Ahora!"},"content":{"rendered":"<p style=\"text-align: justify;\">\u201c\u00bfQui\u00e9n siembra? \u00bfQui\u00e9n riega? \u00bfQui\u00e9n cosecha? Caf\u00e9, algod\u00f3n, arroz, ca\u00f1a de az\u00facar, cacao, ma\u00edz, pl\u00e1tanos, verduras y todas las frutas, \u00bfqui\u00e9n las cultivar\u00e1 si no somos nosotros? Sin embargo, a pesar de todo esto, somos pobres, somos desdichados, eso es cierto. \u00bfPero sabes porqu\u00e9? Porque todav\u00eda no sabemos la fuerza que somos. Alg\u00fan d\u00eda, cuando nos demos cuenta de eso, nos levantaremos. Luego convocaremos a una Asamblea General y erradicaremos la pobreza y plantaremos una nueva vida. \u201d- Jacques Roumain, Maestros del Roc\u00edo (novela de 1944)<\/p>\n<p style=\"text-align: justify;\">Roumain (1906-1944) ayud\u00f3 a fundar el Partido Comunista de Hait\u00ed (PCH) a principios de la d\u00e9cada de 1930. Otro fundador, Henri Rosemund, hab\u00eda previamente organizado costureros de prendas de cuero en la ciudad de Nueva York.<\/p>\n<p style=\"text-align: justify;\">Las masas haitianas han considerado por mucho tiempo el comunismo. Ellos, y todos nosotros, debemos dedicarnos a ello ahora.<\/p>\n<p style=\"text-align: justify;\">Las masas en Hait\u00ed se rebelaron contra el imperialismo racista de EE. UU. cuando este invadi\u00f3 en 1915. En diciembre de 1929, en medio de la crisis capitalista global, los infantes de marina estadounidenses atacaron una marcha de protesta en Les Cayes. Mataron a diez Campesinos haitianos. Los comunistas en Nueva York y en otros lugares, incluidos obreros inmigrantes del Caribe, marcharon en solidaridad.<\/p>\n<p style=\"text-align: justify;\">La PCH era peque\u00f1o y no estaba inmerso en las masas rebeldes. Sin embargo, los aterrorizados gobernantes haitianos lo suprimieron en 1936.<\/p>\n<p style=\"text-align: justify;\">De nuevo: El Partido Comunista Popular Socialista, formado en 1946, busc\u00f3 el poder mediante elecciones. Tambi\u00e9n fue suprimido. Pero la CIA se preocupaba en 1963 porque \u201cla amenaza comunista en Hait\u00ed est\u00e1 en aumento\u201d.<\/p>\n<p style=\"text-align: justify;\">Y de nuevo: el Partido Comunista de Trabajadores de Hait\u00ed surgi\u00f3 en 1966. El Partido Unificado de los Comunistas Haitianos (PUCH) se form\u00f3 en 1968 para tomar \u201cel camino de la lucha armada\u201d. Un a\u00f1o despu\u00e9s, el r\u00e9gimen Duvalier rabiosamente anticomunista respaldado por Estados Unidos intent\u00f3 destrozarlo. Cientos fueron encarcelados y torturados. Cuatro l\u00edderes fueron asesinados. El PUCH sobrevivi\u00f3 como una organizaci\u00f3n ilegal. Pero sus l\u00edderes pronto llamaron por \u201cla unidad de todas las fuerzas progresistas\u201d y aliaron el PUCH con la Uni\u00f3n Sovi\u00e9tica revisionista.<\/p>\n<p style=\"text-align: justify;\">Ocupaci\u00f3n racista imperialista. Resistencia nacionalista. Lucha armada. Supresi\u00f3n brutal. Masas en rebeli\u00f3n, buscando alternativas radicales a sus vidas miserables. Esta es la historia, y la crisis actual, de Hait\u00ed.<\/p>\n<p style=\"text-align: justify;\"><strong>Aprendemos de las Luchas Heroicas de las Masas Haitianas<\/strong><\/p>\n<p style=\"text-align: justify;\">El potencial para la revoluci\u00f3n comunista ha existido en Hait\u00ed, a pesar de la brutal represi\u00f3n, durante casi un siglo. Hab\u00eda y hay una base masiva para la unidad antirracista internacional de la clase obrera (versus el nacionalismo). Hubo y hay entusiasmo popular por la combatividad revolucionaria (versus el pacifismo del ex presidente Aristide).<\/p>\n<p style=\"text-align: justify;\">Los movimientos comunistas del pasado han desperdiciado ese potencial siguiendo an\u00e1lisis y programas incorrectos. Algunos organizaron para la liberaci\u00f3n nacional. O construyeron ilusiones en torno a la pol\u00edtica electoral. O abandonaron la pol\u00edtica de la clase obrera por la unidad con los explotadores \u201cprogresistas\u201d. O siguieron la l\u00ednea sovi\u00e9tica de lucha por el socialismo, pensando err\u00f3neamente que era un paso hacia el comunismo en vez de ser otra forma de capitalismo.<\/p>\n<p style=\"text-align: justify;\">Este camino a seguir existe hoy &#8211; si los comunistas en Hait\u00ed aprenden de los errores, al igual que de las victorias, del pasado y si mujeres y hombres, en Hait\u00ed y en otros pa\u00edses, se unen y construyen un Partido Comunista Internacional de Trabajadores masivo.<\/p>\n<p style=\"text-align: justify;\"><strong>Movilicemos Ahora para Nuestro Futuro Comunista<\/strong><\/p>\n<p style=\"text-align: justify;\">Por seis meses, las masas pr\u00e1cticamente han paralizado a Hait\u00ed con violentas protestas. Las chispas fueron la inflaci\u00f3n desenfrenada y los planes del gobierno para aumentarle impuestos al combustible. Exigen la renuncia del presidente Moise. Nuevamente, el gobierno haitiano ha respondido con balas.<\/p>\n<p style=\"text-align: justify;\">Los obreros haitianos sufren la peor pobreza y la m\u00e1s corta longevidad en de las Am\u00e9ricas. Mientras tanto, Moise y sus compinches han malversado unos $ 2.8 mil millones de PetroCaribe. Este fondo, parte de un programa petrolero venezolano ya desaparecido, estaba supuesto a ayudar a las masas.<\/p>\n<p style=\"text-align: justify;\">Pero la ira es mucho m\u00e1s profunda. Las encuestas muestran que solo el 13.5% de las masas haitianas tienen fe en cualquiera de los partidos pol\u00edticos. El diario New York Times se preocupa: \u201cEn el coraz\u00f3n de la crisis hay una gran desesperaci\u00f3n [con] el sistema pol\u00edtico y econ\u00f3mico existente\u201d.<\/p>\n<p style=\"text-align: justify;\">Hace casi diez a\u00f1os, un terremoto masivo mat\u00f3 a m\u00e1s de 200,000 personas y destruy\u00f3 decenas de miles de edificios. Una misi\u00f3n de \u201cmantenimiento de la paz\u201d (polic\u00eda) de la ONU trajo consigo una epidemia de c\u00f3lera y abuso sexual desenfrenado. Muchos en todo el mundo ayudaron con suministros y mano de obra. La Cruz Roja recaud\u00f3 casi $500 millones, pero se qued\u00f3 con m\u00e1s de una cuarta parte de eso y, al final, construy\u00f3 solo seis casas permanentes.<\/p>\n<p style=\"text-align: justify;\">Desde entonces, los huracanes cada vez m\u00e1s fuertes y frecuentes, un efecto del cambio clim\u00e1tico global, han devastado a Hait\u00ed. Muchos trabajadores carecen de alimentos e incluso de agua limpia. Ni el imperialismo ni la burgues\u00eda haitiana pueden ofrecer siquiera una pretensi\u00f3n de soluci\u00f3n.<\/p>\n<p style=\"text-align: justify;\">Es hora de organizar el Partido Comunista Obrero Internacional (PCOI) para movilizar a las masas para el comunismo y nada menos.<\/p>\n<p style=\"text-align: justify;\">Un partido comunista que no oculta su pol\u00edtica ni se entierra en organizaciones reformistas. Que lucha para ponerle fin a la base material del racismo y el sexismo con una lucha revolucionaria por el poder estatal. Que le la bienvenida con brazos abiertos a todos los que quieran construir una sociedad comunista \u201cDe cada cual seg\u00fan su dedicaci\u00f3n y habilidad, A cada cual seg\u00fan sus necesidades\u201d.<\/p>\n<p style=\"text-align: justify;\">Como Roumain escribi\u00f3: \u201cS\u00e9 sabio. Subl\u00e9vate. \u00a1Siembra una nueva vida!\u201d \u2013 \u00a1ingresando al PCOI!<\/p>\n<div class=\"grey\">\n<h4 class=\"p1\" style=\"text-align: center;\">HAIT\u00cd:<\/h4>\n<p style=\"text-align: justify;\">Antes de llegar Col\u00f3n, un mill\u00f3n de arawak \/ tainos viv\u00edan en una isla de abundancia que llamaban Hait\u00ed (tierra de monta\u00f1as). Todos, incluidos los jefes, ayudaban a cazar y pescar, a recolectar, sembrar y cosechar. Los ta\u00ednos estaban comprometidos a alimentar a todos, incluso a los invasores espa\u00f1oles.<\/p>\n<p style=\"text-align: justify;\">Esta producci\u00f3n y compartimiento cooperativos fueron una forma temprana de comunismo. Dej\u00f3 tiempo suficiente para la vida cultural y para la resoluci\u00f3n colectiva de problemas. Incluso algunos de los espa\u00f1oles quedaron impresionados.<\/p>\n<p style=\"text-align: justify;\">Los europeos r\u00e1pidamente barrieron con la sociedad ta\u00edna mediante enfermedades, avaricia brutal y el genocidio descarado. Los franceses reemplazaron a los espa\u00f1oles. La isla a\u00fan era rica, pero sus riquezas beneficiaban a la creciente clase capitalista de Francia. Continuaron obligando a los africanos esclavizados a producir cultivos comerciales, someti\u00e9ndolos a torturas y a condiciones tan horribles que pocos sobrevivieron por mucho tiempo.<\/p>\n<p style=\"text-align: justify;\">Cuando se da la Revoluci\u00f3n Francesa, Saint-Domingue (Hait\u00ed) representaba un tercio de la trata de esclavos del Atl\u00e1ntico. Fue llamada la \u201cPerla de las Antillas\u201d: la colonia m\u00e1s rentable de Francia, la mayor exportadora mundial de productos tropicales y el segundo socio comercial m\u00e1s grande de Estados Unidos.<\/p>\n<p style=\"text-align: justify;\">Miles se liberaron, escapando a las monta\u00f1as y formando comunidades \u201ccimarrones\u201d. Una revuelta masiva y exitosa de los obreros esclavizados en 1791 llev\u00f3 a la Revoluci\u00f3n Francesa a un nivel completamente nuevo. La promesa de los rebeldes de \u201cvivir libres o morir\u201d reson\u00f3 a trav\u00e9s del Atl\u00e1ntico. Los que sobrevivieron conquistaron su emancipaci\u00f3n legal, pero no la libertad de la explotaci\u00f3n.<\/p>\n<p style=\"text-align: justify;\">En 1802, Napole\u00f3n envi\u00f3 una fuerza de invasi\u00f3n masiva para consolidar el control de Francia y restaurar la esclavitud racista. Pero un ej\u00e9rcito de antiguos esclavos estremeci\u00f3 nuevamente al mundo derrotando sus mejores unidades de combate y conquistando la independencia. Podemos aprender mucho de las d\u00e9cadas de lucha que siguieron.<\/p>\n<p style=\"text-align: justify;\">Luego, en 1825, Francia amenaz\u00f3 invadir de nuevo. Los capitalistas franceses obligaron a Hait\u00ed a pagar 150 millones de francos de oro (luego reducidos a 90 millones) para \u201ccompensar\u201d a los propietarios de plantaciones por la p\u00e9rdida de la propiedad que les hab\u00edan exprimido a los obreros esclavizados. \u00a1Eso equivaldr\u00eda hoy a unos $40 mil millones!<\/p>\n<p style=\"text-align: justify;\">Esta es la verdadera fuente del empobrecimiento de las masas haitianas. Tuvieron que pagar esa deuda en el transcurso de m\u00e1s de un siglo. Mientras tanto, continuaron luchando, rebel\u00e1ndose y rebel\u00e1ndose.<\/p>\n<p style=\"text-align: justify;\">La invasi\u00f3n estadounidense de 1915 &#8211; en beneficio de los bancos estadounidenses buscando cobrar a\u00fan m\u00e1s deudas &#8211; provoc\u00f3 de 1919-20 el levantamiento fallido del \u201cCaco\u201d. Para entonces, las llamas de la revoluci\u00f3n comunista ya ard\u00edan en los corazones de las masas en Hait\u00ed y en todo el mundo.<\/p>\n<p><img loading=\"lazy\" decoding=\"async\" class=\"alignnone wp-image-4929\" src=\"https:\/\/icwpredflag.org\/wp\/wordpress\/wps\/wp-content\/uploads\/sites\/2\/2019\/11\/haitirev-300x88.jpg\" alt=\"\" width=\"702\" height=\"206\" srcset=\"https:\/\/icwpredflag.org\/wp\/wordpress\/wps\/wp-content\/uploads\/sites\/2\/2019\/11\/haitirev-300x88.jpg 300w, https:\/\/icwpredflag.org\/wp\/wordpress\/wps\/wp-content\/uploads\/sites\/2\/2019\/11\/haitirev.jpg 649w\" sizes=\"auto, (max-width: 702px) 100vw, 702px\" \/><\/p>\n<p class=\"p1\" style=\"text-align: center;\"><strong>La revoluci\u00f3n haitiana inspir\u00f3 a los esclavos y aterroriz\u00f3 a los patrones esclavistas en toda Latinoamerica<\/strong><\/p>\n<\/div>\n<h4><a href=\"https:\/\/icwpredflag.org\/wp\/wordpress\/wps\/volumen-10-numero-15\/\">Primera p\u00e1gina de esta edici\u00f3n<\/a><\/h4>\n<p style=\"text-align: justify;\"><strong><u>\u00a0<\/u><\/strong><\/p>\n","protected":false},"excerpt":{"rendered":"<p>\u201c\u00bfQui\u00e9n siembra? \u00bfQui\u00e9n riega? \u00bfQui\u00e9n cosecha? Caf\u00e9, algod\u00f3n, arroz, ca\u00f1a de az\u00facar, cacao, ma\u00edz, pl\u00e1tanos, verduras y todas las frutas, \u00bfqui\u00e9n las cultivar\u00e1 si no somos nosotros? Sin embargo, a pesar de todo esto, somos pobres, somos desdichados, eso es cierto. \u00bfPero sabes porqu\u00e9? Porque todav\u00eda no sabemos la fuerza que somos. Alg\u00fan d\u00eda, cuando &hellip; <a href=\"https:\/\/icwpredflag.org\/wp\/wordpress\/wps\/volumen-10-numero-15\/haiti-en-revuelta-luchar-por-el-poder-obrero-ahora\/\" class=\"more-link\">Sigue leyendo <span class=\"screen-reader-text\">Hait\u00ed en Revuelta:  \u00a1Luchar por el Poder Obrero Ahora!<\/span><\/a><\/p>\n","protected":false},"author":1,"featured_media":3638,"parent":4938,"menu_order":0,"comment_status":"closed","ping_status":"closed","template":"","meta":{"footnotes":""},"class_list":["post-4960","page","type-page","status-publish","has-post-thumbnail","hentry"],"_links":{"self":[{"href":"https:\/\/icwpredflag.org\/wp\/wordpress\/wps\/wp-json\/wp\/v2\/pages\/4960","targetHints":{"allow":["GET"]}}],"collection":[{"href":"https:\/\/icwpredflag.org\/wp\/wordpress\/wps\/wp-json\/wp\/v2\/pages"}],"about":[{"href":"https:\/\/icwpredflag.org\/wp\/wordpress\/wps\/wp-json\/wp\/v2\/types\/page"}],"author":[{"embeddable":true,"href":"https:\/\/icwpredflag.org\/wp\/wordpress\/wps\/wp-json\/wp\/v2\/users\/1"}],"replies":[{"embeddable":true,"href":"https:\/\/icwpredflag.org\/wp\/wordpress\/wps\/wp-json\/wp\/v2\/comments?post=4960"}],"version-history":[{"count":5,"href":"https:\/\/icwpredflag.org\/wp\/wordpress\/wps\/wp-json\/wp\/v2\/pages\/4960\/revisions"}],"predecessor-version":[{"id":4965,"href":"https:\/\/icwpredflag.org\/wp\/wordpress\/wps\/wp-json\/wp\/v2\/pages\/4960\/revisions\/4965"}],"up":[{"embeddable":true,"href":"https:\/\/icwpredflag.org\/wp\/wordpress\/wps\/wp-json\/wp\/v2\/pages\/4938"}],"wp:featuredmedia":[{"embeddable":true,"href":"https:\/\/icwpredflag.org\/wp\/wordpress\/wps\/wp-json\/wp\/v2\/media\/3638"}],"wp:attachment":[{"href":"https:\/\/icwpredflag.org\/wp\/wordpress\/wps\/wp-json\/wp\/v2\/media?parent=4960"}],"curies":[{"name":"wp","href":"https:\/\/api.w.org\/{rel}","templated":true}]}}