{"id":50,"date":"2017-01-26T03:53:26","date_gmt":"2017-01-26T03:53:26","guid":{"rendered":"http:\/\/icwpredflag.org\/wp\/wordpress\/wps\/?page_id=50"},"modified":"2017-03-01T02:02:37","modified_gmt":"2017-03-01T02:02:37","slug":"obreros-inmigrantes-dan-liderato-a-la-lucha-revolucionaria","status":"publish","type":"page","link":"https:\/\/icwpredflag.org\/wp\/wordpress\/wps\/volumen-7-numero-20\/obreros-inmigrantes-dan-liderato-a-la-lucha-revolucionaria\/","title":{"rendered":"Obreros Inmigrantes Dan Liderato a la Lucha Revolucionaria"},"content":{"rendered":"<p style=\"text-align: justify;\"><img loading=\"lazy\" decoding=\"async\" class=\"size-full wp-image-54 alignleft\" src=\"http:\/\/icwpredflag.org\/wp\/wordpress\/wps\/wp-content\/uploads\/sites\/2\/2017\/01\/2a-1.jpg\" alt=\"\" width=\"220\" height=\"163\" \/><strong>LOS ANGELES, EEUU, 1979<\/strong>\u2014\u201cAfuera est\u00e1 la Migra, hay que cerrar las puertas\u201d, grit\u00f3 un obrero, avis\u00e1ndole a los dem\u00e1s. Este era el aviso para poner en marcha un plan ya previsto desde hac\u00eda un par de meses. De inmediato varios obreros corrieron a cerrar las tres grandes puertas de la planta. Se escuch\u00f3 c\u00f3mo las maquinas dejaban de rugir y los grupos en diferentes secciones se reun\u00edan en espera de la acci\u00f3n. Hab\u00eda nerviosismo, ansiedad, pero mucha dedicaci\u00f3n a no dejarse arrestar sin antes dar la batalla.<br \/>\nEn esos a\u00f1os hab\u00eda muchas luchas espont\u00e1neas en contra de las redadas de la Migra y la explotaci\u00f3n, principalmente en los talleres de costura y otras industrias. Los obreros y obreras inmigrantes daban liderato en la construcci\u00f3n de un movimiento revolucionario.<br \/>\nEn esta f\u00e1brica mencionada arriba trabaj\u00e1bamos un promedio de 1,200 obreros y obreras produciendo zapatos para Fun-Strider, la gran mayor\u00eda indocumentados. Ese a\u00f1o, un grupo reci\u00e9n creado (c\u00e9lula) de comunistas distribu\u00edan 100 peri\u00f3dicos internamente y se repart\u00eda de vez en cuando junto a volantes frente a la f\u00e1brica. Las huelgas, paros, discusiones pol\u00edticas y actividades sociales masivas eran constantes.<br \/>\nCada a\u00f1o, era costumbre que en verano la Migra llegaba y \u201cvaciaba\u201d la f\u00e1brica de trabajadores sin documentos legales. Cuando se acercaba el tiempo de la redada racista, empezamos a discutir con los trabajadores qu\u00e9 hacer y publicamos por medio de volantes cu\u00e1l ser\u00eda el plan: Cuando la Migra llegue, cerraremos las puertas, y si logran entrar por las puertas de las oficinas patronales, todos saldremos marchando como un solo bloque hacia la calle principal, sin dejarnos arrestar. En la mayor\u00eda no hab\u00eda temor, sino odio contra las redadas de la Migra.<br \/>\nLos autobuses, vans, carros, decenas de agentes de la Migra y polic\u00eda, estaban frente a la f\u00e1brica. Se dieron cuenta que los obreros\/obreras se hab\u00edan encerrado y quiz\u00e1s que hab\u00eda un plan de enfrentarse a ellos.<br \/>\nDentro de la f\u00e1brica, el grupo de comunistas y otros amigos, habl\u00e1bamos con los obreros y obreras de diferentes secciones y trat\u00e1bamos de mantener el plan listo. Muchos obreros caminaban dentro de la f\u00e1brica con sus herramientas en la mano, martillos, tijeras y algunos con palos.<br \/>\nDespu\u00e9s de una hora de espera, lleg\u00f3 muy nervioso el due\u00f1o de la f\u00e1brica donde estaba el grupo principal del liderato comunista y dijo, \u201cNo se preocupen la Migra no va a entrar\u201d, \u00e9l sab\u00eda que la batalla pod\u00eda ser violenta, y el llegar con nosotros era un acto de sumisi\u00f3n.<br \/>\nDespu\u00e9s de dos horas de espera, algunos vecinos, familiares de obreros, nos avisaron que la Migra se hab\u00eda ido. Algunos aplaudieron, otros sonre\u00edan. Nosotros sab\u00edamos que hab\u00eda sido una peque\u00f1a, pero valiosa victoria de organizaci\u00f3n. Esto cre\u00f3 mucho respeto por los comunistas, y los nuevos camaradas obreros estaban muy contentos. Ese verano organizamos una fiesta en lo que eran las oficinas del partido, donde participaron cientos de obreros y obreras. Llevamos un grupo grande a la marcha del 1\u00ba de Mayo, y otras cosas m\u00e1s.<br \/>\nEn esa \u00e9poca nuestra meta era luchar por el socialismo (capitalismo de Estado), y nuestra pr\u00e1ctica era reformista con el lema de \u201cTrabajo si, Migra No\u201d. Hoy nuestra visi\u00f3n es movilizar a las masas para el comunismo. No basta solo desenmascarar el capitalismo, si no lo m\u00e1s importante es dar una visi\u00f3n de un nuevo mundo sin fronteras, ni dinero, ni patrones. Donde las masas trabajadoras ya no nos preocuparemos de las redadas si no de la producci\u00f3n colectiva para satisfacer las necesidades de la humanidad. \u00danete a nuestra lucha.<\/p>\n<p style=\"text-align: justify;\"><img loading=\"lazy\" decoding=\"async\" class=\"alignnone wp-image-55\" src=\"http:\/\/icwpredflag.org\/wp\/wordpress\/wps\/wp-content\/uploads\/sites\/2\/2017\/01\/Subscr-300x75.jpg\" alt=\"\" width=\"668\" height=\"167\" srcset=\"https:\/\/icwpredflag.org\/wp\/wordpress\/wps\/wp-content\/uploads\/sites\/2\/2017\/01\/Subscr-300x75.jpg 300w, https:\/\/icwpredflag.org\/wp\/wordpress\/wps\/wp-content\/uploads\/sites\/2\/2017\/01\/Subscr-768x192.jpg 768w, https:\/\/icwpredflag.org\/wp\/wordpress\/wps\/wp-content\/uploads\/sites\/2\/2017\/01\/Subscr-1024x256.jpg 1024w, https:\/\/icwpredflag.org\/wp\/wordpress\/wps\/wp-content\/uploads\/sites\/2\/2017\/01\/Subscr.jpg 2024w\" sizes=\"auto, (max-width: 668px) 100vw, 668px\" \/><\/p>\n<p><span style=\"color: #ff0000;\"><strong><a style=\"color: #ff0000;\" href=\"http:\/\/icwpredflag.org\/wp\/wordpress\/wps\/volumen-7-numero-20\/\">A la primera p\u00e1gina<\/a><\/strong><\/span><\/p>\n","protected":false},"excerpt":{"rendered":"<p>LOS ANGELES, EEUU, 1979\u2014\u201cAfuera est\u00e1 la Migra, hay que cerrar las puertas\u201d, grit\u00f3 un obrero, avis\u00e1ndole a los dem\u00e1s. Este era el aviso para poner en marcha un plan ya previsto desde hac\u00eda un par de meses. De inmediato varios obreros corrieron a cerrar las tres grandes puertas de la planta. Se escuch\u00f3 c\u00f3mo las &hellip; <a href=\"https:\/\/icwpredflag.org\/wp\/wordpress\/wps\/volumen-7-numero-20\/obreros-inmigrantes-dan-liderato-a-la-lucha-revolucionaria\/\" class=\"more-link\">Sigue leyendo <span class=\"screen-reader-text\">Obreros Inmigrantes Dan Liderato a la Lucha Revolucionaria<\/span><\/a><\/p>\n","protected":false},"author":1,"featured_media":282,"parent":5,"menu_order":0,"comment_status":"closed","ping_status":"closed","template":"","meta":{"footnotes":""},"class_list":["post-50","page","type-page","status-publish","has-post-thumbnail","hentry"],"_links":{"self":[{"href":"https:\/\/icwpredflag.org\/wp\/wordpress\/wps\/wp-json\/wp\/v2\/pages\/50","targetHints":{"allow":["GET"]}}],"collection":[{"href":"https:\/\/icwpredflag.org\/wp\/wordpress\/wps\/wp-json\/wp\/v2\/pages"}],"about":[{"href":"https:\/\/icwpredflag.org\/wp\/wordpress\/wps\/wp-json\/wp\/v2\/types\/page"}],"author":[{"embeddable":true,"href":"https:\/\/icwpredflag.org\/wp\/wordpress\/wps\/wp-json\/wp\/v2\/users\/1"}],"replies":[{"embeddable":true,"href":"https:\/\/icwpredflag.org\/wp\/wordpress\/wps\/wp-json\/wp\/v2\/comments?post=50"}],"version-history":[{"count":12,"href":"https:\/\/icwpredflag.org\/wp\/wordpress\/wps\/wp-json\/wp\/v2\/pages\/50\/revisions"}],"predecessor-version":[{"id":422,"href":"https:\/\/icwpredflag.org\/wp\/wordpress\/wps\/wp-json\/wp\/v2\/pages\/50\/revisions\/422"}],"up":[{"embeddable":true,"href":"https:\/\/icwpredflag.org\/wp\/wordpress\/wps\/wp-json\/wp\/v2\/pages\/5"}],"wp:featuredmedia":[{"embeddable":true,"href":"https:\/\/icwpredflag.org\/wp\/wordpress\/wps\/wp-json\/wp\/v2\/media\/282"}],"wp:attachment":[{"href":"https:\/\/icwpredflag.org\/wp\/wordpress\/wps\/wp-json\/wp\/v2\/media?parent=50"}],"curies":[{"name":"wp","href":"https:\/\/api.w.org\/{rel}","templated":true}]}}