{"id":5058,"date":"2019-12-18T05:35:11","date_gmt":"2019-12-18T05:35:11","guid":{"rendered":"https:\/\/icwpredflag.org\/wp\/wordpress\/wps\/?page_id=5058"},"modified":"2019-12-18T05:38:03","modified_gmt":"2019-12-18T05:38:03","slug":"en-el-comunismo-construiremos-viviendas-que-satisfagan-las-necesidades-de-las-masas","status":"publish","type":"page","link":"https:\/\/icwpredflag.org\/wp\/wordpress\/wps\/volumen-10-numero-16\/en-el-comunismo-construiremos-viviendas-que-satisfagan-las-necesidades-de-las-masas\/","title":{"rendered":"En el Comunismo Construiremos Viviendas que Satisfagan las Necesidades de las Masas"},"content":{"rendered":"<p style=\"text-align: justify;\">Hoy, en el \u00c1rea de San Francisco, hay unas 63 mil 500 personas sin hogar y como 106 multimillonarios. Algo esta podrido en un \u00e1rea donde ciudades enteras de tiendas de campa\u00f1a brotan en las fr\u00edas lluvias de invierno cerca a las mansiones de los multimillonarios.<\/p>\n<p style=\"text-align: justify;\">\u00a1Algo est\u00e1 podrido hasta la m\u00e9dula en un \u00e1rea donde hay 4 a 5 veces m\u00e1s casas vac\u00edas que personas sin hogar! Ese algo es el capitalismo. Su principio operativo es que si no lo puedes pagar, no lo puedes tener porque las necesidades humanas no son nada comparadas con las necesidades del capital de obtener ganancias.<\/p>\n<p style=\"text-align: justify;\">Por supuesto, no es solo el \u00c1rea de San Francisco. Hay 60,000 personas sin hogar en Los \u00c1ngeles y al menos 150 millones (y aumentando) en todo el mundo. Ya no existe algo tan simple como \u201ctierra\u201d en este planeta. \u00a1Cada pulgada cuadrada se ha convertido (o se est\u00e1 convirtiendo) en \u201cbienes ra\u00edces\u201d, o en un terreno medido con precisi\u00f3n, de propiedad privada y potencialmente rentable! Los pies humanos solo est\u00e1n permitidos en esta tierra bajo circunstancias especiales.<\/p>\n<p style=\"text-align: justify;\">Los capitalistas son los due\u00f1os y nosotros, las masas humanas, debemos pagarles el alquiler, las hipotecas (a los bancos) o no tener hogar. Usan su Estado, leyes, polic\u00eda y tribunales para hacer cumplir su propiedad. La falta de vivienda es un producto de este sistema. Es especialmente un producto del capitalismo industrial. La \u00fanica forma en que podemos acabar con esto es mediante la revoluci\u00f3n comunista.<\/p>\n<p style=\"text-align: justify;\">La revoluci\u00f3n le dar\u00e1 de nuevo la tierra a la humanidad. Nosotros, las masas, contribuiremos con lo que podamos &#8211; construyendo, convirtiendo y compartiendo lo que tengamos para satisfacer las necesidades de nuestros hermanos y hermanas.<\/p>\n<p style=\"text-align: justify;\"><strong>Inversi\u00f3n Inmobiliaria y Crisis<\/strong><\/p>\n<p style=\"text-align: justify;\">No ser\u00e1 f\u00e1cil. La industria de bienes ra\u00edces de todo el mundo est\u00e1 valorada en $ 217 billones. Constituye el 60% de los activos del mundo, principalmente en vivienda. Est\u00e1 protegida con todo, desde grilletes hasta bombas nucleares y una industria inform\u00e1tica que dice que la revoluci\u00f3n comunista es indeseable o inalcanzable. Puedes estar seguro que los 106 multimillonarios en el \u00c1rea de San Francisco est\u00e1n hasta la coronilla haciendo estas inversiones y defendi\u00e9ndolas.<\/p>\n<p style=\"text-align: justify;\">Para ellos, las ganancias del 15% al 20% que puede obtener el propietario de edificios de apartamentos caros no solo son irresistibles, son indispensables. Debido a factores que hemos esbozado otras veces, la tasa de ganancia en manufactura, miner\u00eda y transporte ha ca\u00eddo dr\u00e1sticamente. El sector inmobiliario es una de las pocas \u00e1reas donde el capital puede multiplicarse. Los capitalistas (y esta es su debilidad estrat\u00e9gica) no tienen otra opci\u00f3n: tienen que invertir en bienes ra\u00edces, aumentar las rentas e hipotecas, y gentrificar los barrios obreros.<\/p>\n<p style=\"text-align: justify;\">Para ellos, la falta de vivienda es un da\u00f1o colateral inevitable. Tambi\u00e9n lo son los millones de desplazados y los que migran en busca de vivienda y empleo.<\/p>\n<p style=\"text-align: justify;\">Los bancos, los fondos de cobertura y las empresas de capital privado como Blackstone son ahora los propietarios de bienes ra\u00edces m\u00e1s grandes del mundo. La carga de la renta, el porcentaje de ingresos que los inquilinos destinan a la vivienda, se est\u00e1 disparando, especialmente en los barrios negros y latinos. Los obreros de la construcci\u00f3n construyen casas que no pueden comprar.<\/p>\n<p style=\"text-align: justify;\"><strong>La reforma empeora la crisis de la vivienda<\/strong><\/p>\n<p style=\"text-align: justify;\">En noviembre, Apple, Facebook y Google anunciaron su plan para invertir un total combinado de $ 4.5 mil millones en \u201cviviendas asequibles\u201d en California. Amazon est\u00e1 haciendo lo mismo en Seattle. Invertir es la palabra clave. No est\u00e1n dispuestos a construir casas para las masas. Est\u00e1n dando pr\u00e9stamos para obtener grandes ganancias construyendo viviendas caras y para encubrir el hecho que ellos son la causa de la falta de viviendas.<\/p>\n<p style=\"text-align: justify;\">\u00a1Necesitamos el comunismo! Las masas comunistas resolver\u00e1n la contradicci\u00f3n entre la propiedad privada y las necesidades de las masas aboliendo la propiedad privada, junto con los capitalistas y su Estado, mediante la revoluci\u00f3n comunista.<\/p>\n<p style=\"text-align: justify;\">Los centros de producci\u00f3n, la tierra, el transporte, el agua y todos los recursos naturales ser\u00e1n recursos colectivos de las masas, para compartirlos y utilizarlos para satisfacer nuestras necesidades y cuidarlos para las generaciones futuras. El dinero, alquiler e hipotecas ser\u00e1n malos recuerdos del pasado.<\/p>\n<p style=\"text-align: justify;\">Todos contribuiremos lo que podamos y recibiremos lo que necesitamos. Sin embargo, tendremos propiedad personal: nuestro propio cepillo de dientes, anteojos, etc.<\/p>\n<p style=\"text-align: justify;\">Las masas, por medio del PCOI, organizar\u00e1n viviendas, comedores colectivos y espacios comunes. No seremos los \u201cdue\u00f1os\u201d de casas o apartamentos, simplemente viviremos en ellos y los cuidaremos. Conforme nuestras necesidades o el tama\u00f1o de nuestras familias cambien, podremos mudarnos a otro lugar u otra vivienda. Todos tendremos vivienda adecuada.<\/p>\n<p style=\"text-align: justify;\">Masas de obreros moviliz\u00e1ndose para el comunismo pueden tomarse la propiedad privada de los capitalistas y hacer que sea \u00fatil para todos nosotros. Movilizando para el comunismo ahora es el camino a seguir.<\/p>\n<h4><a href=\"https:\/\/icwpredflag.org\/wp\/wordpress\/wps\/volumen-10-numero-16\/\">Primera p\u00e1gina de esta edici\u00f3n<\/a><\/h4>\n","protected":false},"excerpt":{"rendered":"<p>Hoy, en el \u00c1rea de San Francisco, hay unas 63 mil 500 personas sin hogar y como 106 multimillonarios. Algo esta podrido en un \u00e1rea donde ciudades enteras de tiendas de campa\u00f1a brotan en las fr\u00edas lluvias de invierno cerca a las mansiones de los multimillonarios. \u00a1Algo est\u00e1 podrido hasta la m\u00e9dula en un \u00e1rea &hellip; <a href=\"https:\/\/icwpredflag.org\/wp\/wordpress\/wps\/volumen-10-numero-16\/en-el-comunismo-construiremos-viviendas-que-satisfagan-las-necesidades-de-las-masas\/\" class=\"more-link\">Sigue leyendo <span class=\"screen-reader-text\">En el Comunismo Construiremos Viviendas que Satisfagan las Necesidades de las Masas<\/span><\/a><\/p>\n","protected":false},"author":1,"featured_media":3638,"parent":5014,"menu_order":0,"comment_status":"closed","ping_status":"closed","template":"","meta":{"footnotes":""},"class_list":["post-5058","page","type-page","status-publish","has-post-thumbnail","hentry"],"_links":{"self":[{"href":"https:\/\/icwpredflag.org\/wp\/wordpress\/wps\/wp-json\/wp\/v2\/pages\/5058","targetHints":{"allow":["GET"]}}],"collection":[{"href":"https:\/\/icwpredflag.org\/wp\/wordpress\/wps\/wp-json\/wp\/v2\/pages"}],"about":[{"href":"https:\/\/icwpredflag.org\/wp\/wordpress\/wps\/wp-json\/wp\/v2\/types\/page"}],"author":[{"embeddable":true,"href":"https:\/\/icwpredflag.org\/wp\/wordpress\/wps\/wp-json\/wp\/v2\/users\/1"}],"replies":[{"embeddable":true,"href":"https:\/\/icwpredflag.org\/wp\/wordpress\/wps\/wp-json\/wp\/v2\/comments?post=5058"}],"version-history":[{"count":3,"href":"https:\/\/icwpredflag.org\/wp\/wordpress\/wps\/wp-json\/wp\/v2\/pages\/5058\/revisions"}],"predecessor-version":[{"id":5061,"href":"https:\/\/icwpredflag.org\/wp\/wordpress\/wps\/wp-json\/wp\/v2\/pages\/5058\/revisions\/5061"}],"up":[{"embeddable":true,"href":"https:\/\/icwpredflag.org\/wp\/wordpress\/wps\/wp-json\/wp\/v2\/pages\/5014"}],"wp:featuredmedia":[{"embeddable":true,"href":"https:\/\/icwpredflag.org\/wp\/wordpress\/wps\/wp-json\/wp\/v2\/media\/3638"}],"wp:attachment":[{"href":"https:\/\/icwpredflag.org\/wp\/wordpress\/wps\/wp-json\/wp\/v2\/media?parent=5058"}],"curies":[{"name":"wp","href":"https:\/\/api.w.org\/{rel}","templated":true}]}}