{"id":5217,"date":"2020-02-03T04:56:00","date_gmt":"2020-02-03T04:56:00","guid":{"rendered":"https:\/\/icwpredflag.org\/wp\/wordpress\/wps\/?page_id=5217"},"modified":"2020-02-03T07:18:04","modified_gmt":"2020-02-03T07:18:04","slug":"volumen-11-numero-1","status":"publish","type":"page","link":"https:\/\/icwpredflag.org\/wp\/wordpress\/wps\/volumen-11-numero-1\/","title":{"rendered":"Volumen 11, Num\u00e9ro 1"},"content":{"rendered":"<h3 style=\"text-align: center;\"><span style=\"color: #ff0000;\">Lucha Masiva En Contra de Leyes Fascistas Anti-Musulmanas Profundiza las Relaciones Comunistas Entre Obreros Industriales <\/span><a class=\"icwp-emph\" href=\"https:\/\/icwpredflag.org\/wp\/wordpress\/wps\/volumen-11-numero-1\/india-lucha-masiva-contra-leyes-fascistas-profundiza-relaciones-comunistas-entre-obreros-industriales\/\">(aqu\u00ed)<\/a><\/h3>\n<p><img loading=\"lazy\" decoding=\"async\" class=\"wp-image-5214 aligncenter\" src=\"https:\/\/icwpredflag.org\/wp\/wordpress\/wps\/wp-content\/uploads\/sites\/2\/2020\/02\/indiagenstrike-300x168.jpg\" alt=\"\" width=\"680\" height=\"381\" srcset=\"https:\/\/icwpredflag.org\/wp\/wordpress\/wps\/wp-content\/uploads\/sites\/2\/2020\/02\/indiagenstrike-300x168.jpg 300w, https:\/\/icwpredflag.org\/wp\/wordpress\/wps\/wp-content\/uploads\/sites\/2\/2020\/02\/indiagenstrike.jpg 470w\" sizes=\"auto, (max-width: 680px) 100vw, 680px\" \/><\/p>\n<ul>\n<h4>\n<li><a class=\"icwp-emph\" href=\"https:\/\/icwpredflag.org\/wp\/wordpress\/wps\/volumen-11-numero-1\/decimo-aniversario-del-pcoi\/\">D\u00e9cimo Aniversario del PCOI<\/a><\/li>\n<li><a class=\"icwp-emph\" href=\"https:\/\/icwpredflag.org\/wp\/wordpress\/wps\/volumen-11-numero-1\/puerto-rico-la-lucha-contra-el-capitalismo-explotador-colonial\/\">Puerto Rico: La Lucha Contra el Capitalismo Explotador Colonial<\/a><\/li>\n<li><a class=\"icwp-emph\" href=\"https:\/\/icwpredflag.org\/wp\/wordpress\/wps\/volumen-11-numero-1\/pcoi-y-artistas-unidos-para-el-cambio-social-hacen-arte-comunista\/\">PCOI y Artistas Unidos para el Cambio Social Hacen Arte Comunista<\/a><\/li>\n<li><a class=\"icwp-emph\" href=\"https:\/\/icwpredflag.org\/wp\/wordpress\/wps\/volumen-11-numero-1\/caravana-de-migrantes-reorganizacion-de-la-fuerza-laboral\/\">Caravana de Migrantes: Reorganizaci\u00f3n de la Fuerza Laboral<\/a><\/li>\n<li><a class=\"icwp-emph\" href=\"https:\/\/icwpredflag.org\/wp\/wordpress\/wps\/volumen-11-numero-1\/obreros-del-transporte-publico-en-los-angeles-escriben-a-bandera-roja\/\">Obreros del Transporte P\u00fablico en Los \u00c1ngeles Escriben a <em>Bandera Roja<\/em><\/a><\/li>\n<li><a class=\"icwp-emph\" href=\"https:\/\/icwpredflag.org\/wp\/wordpress\/wps\/volumen-11-numero-1\/parada-la-produccion-del-boeing-max\/\">Parada la Producci\u00f3n del Boeing MAX<\/a><\/li>\n<li><a class=\"icwp-emph\" href=\"https:\/\/icwpredflag.org\/wp\/wordpress\/wps\/volumen-11-numero-1\/cartas-sobre-la-conferencia-del-pcoi\/\">Cartas Sobre la Conferencia del PCOI<\/a><\/li>\n<li><a class=\"icwp-emph\" href=\"https:\/\/icwpredflag.org\/wp\/wordpress\/wps\/volumen-11-numero-1\/cartas-de-y-para-obreros-as-de-las-maquilas\/\">Cartas de y para Obreros-as de las Maquilas<\/a><\/li>\n<li><a class=\"icwp-emph\" href=\"https:\/\/icwpredflag.org\/wp\/wordpress\/wps\/volumen-11-numero-1\/por-que-es-el-pcoi-un-partido-de-nuevo-tipo\/\">\u00bfPor Qu\u00e9 Es el PCOI \u201cUn Partido de Nuevo Tipo?\u201d<\/a><\/li>\n<li><a class=\"icwp-emph\" href=\"https:\/\/icwpredflag.org\/wp\/wordpress\/wps\/volumen-11-numero-1\/redadas-palmer-en-1920\/\">Redadas Palmer en 1920<\/a><\/li>\n<li><a class=\"icwp-emph\" href=\"https:\/\/icwpredflag.org\/wp\/wordpress\/wps\/wp-content\/uploads\/sites\/2\/2020\/01\/BR021920.pdf\">Este n\u00famero en PDF<\/a><\/li>\n<li><a class=\"icwp-emph\" href=\"https:\/\/icwpredflag.org\/wp\/wordpress\/wps\/volumen-10-numero-17\/\">El n\u00famero anterior<\/a><\/li>\n<\/h4>\n<\/ul>\n<p><img loading=\"lazy\" decoding=\"async\" class=\"wp-image-5119 aligncenter\" src=\"https:\/\/icwpredflag.org\/wp\/wordpress\/wps\/wp-content\/uploads\/sites\/2\/2020\/01\/Smasthead-300x106.jpg\" alt=\"\" width=\"682\" height=\"241\" srcset=\"https:\/\/icwpredflag.org\/wp\/wordpress\/wps\/wp-content\/uploads\/sites\/2\/2020\/01\/Smasthead-300x106.jpg 300w, https:\/\/icwpredflag.org\/wp\/wordpress\/wps\/wp-content\/uploads\/sites\/2\/2020\/01\/Smasthead-768x272.jpg 768w, https:\/\/icwpredflag.org\/wp\/wordpress\/wps\/wp-content\/uploads\/sites\/2\/2020\/01\/Smasthead.jpg 1001w\" sizes=\"auto, (max-width: 682px) 100vw, 682px\" \/><\/p>\n<h4><a href=\"https:\/\/icwpredflag.org\/wp\/wordpress\/\">P\u00e1gina principal<\/a><\/h4>\n","protected":false},"excerpt":{"rendered":"<p>Lucha Masiva En Contra de Leyes Fascistas Anti-Musulmanas Profundiza las Relaciones Comunistas Entre Obreros Industriales (aqu\u00ed) D\u00e9cimo Aniversario del PCOI Puerto Rico: La Lucha Contra el Capitalismo Explotador Colonial PCOI y Artistas Unidos para el Cambio Social Hacen Arte Comunista Caravana de Migrantes: Reorganizaci\u00f3n de la Fuerza Laboral Obreros del Transporte P\u00fablico en Los \u00c1ngeles &hellip; <a href=\"https:\/\/icwpredflag.org\/wp\/wordpress\/wps\/volumen-11-numero-1\/\" class=\"more-link\">Sigue leyendo <span class=\"screen-reader-text\">Volumen 11, Num\u00e9ro 1<\/span><\/a><\/p>\n","protected":false},"author":1,"featured_media":3638,"parent":0,"menu_order":0,"comment_status":"closed","ping_status":"closed","template":"","meta":{"footnotes":""},"class_list":["post-5217","page","type-page","status-publish","has-post-thumbnail","hentry"],"_links":{"self":[{"href":"https:\/\/icwpredflag.org\/wp\/wordpress\/wps\/wp-json\/wp\/v2\/pages\/5217","targetHints":{"allow":["GET"]}}],"collection":[{"href":"https:\/\/icwpredflag.org\/wp\/wordpress\/wps\/wp-json\/wp\/v2\/pages"}],"about":[{"href":"https:\/\/icwpredflag.org\/wp\/wordpress\/wps\/wp-json\/wp\/v2\/types\/page"}],"author":[{"embeddable":true,"href":"https:\/\/icwpredflag.org\/wp\/wordpress\/wps\/wp-json\/wp\/v2\/users\/1"}],"replies":[{"embeddable":true,"href":"https:\/\/icwpredflag.org\/wp\/wordpress\/wps\/wp-json\/wp\/v2\/comments?post=5217"}],"version-history":[{"count":13,"href":"https:\/\/icwpredflag.org\/wp\/wordpress\/wps\/wp-json\/wp\/v2\/pages\/5217\/revisions"}],"predecessor-version":[{"id":5288,"href":"https:\/\/icwpredflag.org\/wp\/wordpress\/wps\/wp-json\/wp\/v2\/pages\/5217\/revisions\/5288"}],"wp:featuredmedia":[{"embeddable":true,"href":"https:\/\/icwpredflag.org\/wp\/wordpress\/wps\/wp-json\/wp\/v2\/media\/3638"}],"wp:attachment":[{"href":"https:\/\/icwpredflag.org\/wp\/wordpress\/wps\/wp-json\/wp\/v2\/media?parent=5217"}],"curies":[{"name":"wp","href":"https:\/\/api.w.org\/{rel}","templated":true}]}}