{"id":5370,"date":"2020-02-26T05:29:16","date_gmt":"2020-02-26T05:29:16","guid":{"rendered":"https:\/\/icwpredflag.org\/wp\/wordpress\/wps\/?page_id=5370"},"modified":"2020-02-26T05:29:16","modified_gmt":"2020-02-26T05:29:16","slug":"la-insurreccion-que-las-masas-necesitan-es-la-del-comunismo","status":"publish","type":"page","link":"https:\/\/icwpredflag.org\/wp\/wordpress\/wps\/volumen-11-numero-2\/la-insurreccion-que-las-masas-necesitan-es-la-del-comunismo\/","title":{"rendered":"La Insurrecci\u00f3n que las Masas Necesitan Es la del Comunismo"},"content":{"rendered":"<p><img loading=\"lazy\" decoding=\"async\" class=\"wp-image-5308 aligncenter\" src=\"https:\/\/icwpredflag.org\/wp\/wordpress\/wps\/wp-content\/uploads\/sites\/2\/2020\/02\/breakchains.jpg\" alt=\"\" width=\"581\" height=\"296\" \/><\/p>\n<p style=\"text-align: justify;\">El Salvador. \u201cLa insurrecci\u00f3n ser\u00e1 de las masas o no ser\u00e1\u201d, fue la respuesta de una camarada ante la pregunta de una obrera con respecto al llamado a la insurrecci\u00f3n en contra de los diputados de la Asamblea Legislativa, hecha por el actual presidente Nayib Bukele<\/p>\n<p style=\"text-align: justify;\">Este pidi\u00f3 al pueblo salvadore\u00f1o presentarse en la Asamblea Nacional, el domingo 9 de febrero, con el objetivo de presionar a este \u00f3rgano del estado para que aprueben un pr\u00e9stamo de $109 millones de d\u00f3lares, y poder implementar la tercera fase de su plan de seguridad llamado Plan de control territorial.<\/p>\n<p style=\"text-align: justify;\">Miles se hicieron presentes, unos obligados en sus trabajos por sus jefes, otros por la ilusi\u00f3n que el presidente est\u00e1 haciendo las cosas bien con respecto al \u201ccontrol de las pandillas\u201d.<\/p>\n<p style=\"text-align: justify;\">El Plan de Control Territorial seg\u00fan el presidente y sus funcionarios es para garantizar la\u201d seguridad a la poblaci\u00f3n salvadore\u00f1a\u201d y por eso urge la aprobaci\u00f3n de dicho pr\u00e9stamo. Sin embargo, se sabe que hay compromisos de este gobierno con una empresa de M\u00e9xico (SeguriTech Integral Segurity) que su especialidad es la venta de equipos y servicios de seguridad.<\/p>\n<p style=\"text-align: justify;\">\u00bfRealmente le interesa al gobierno la seguridad de la gente? No, Lo que le interesa es la pr\u00f3xima elecci\u00f3n de diputados y alcaldes, y con este circo, pretende desgastar a los partidos pol\u00edticos que pudieran restarle votos, y as\u00ed ganar la mayor\u00eda de los diputados en la Asamblea Legislativa con su partido Nuevas Ideas.<\/p>\n<p style=\"text-align: justify;\">Hist\u00f3ricamente la poblaci\u00f3n de El Salvador ha estado bajo la dominaci\u00f3n del capitalismo y la \u00fanica seguridad que les interesa es la de ellos. Estos equipos servir\u00e1n para eso, para resguardar sus riquezas.<\/p>\n<p style=\"text-align: justify;\">Otro aspecto de este enfrentamiento del poder legislativo y el ejecutivo tambi\u00e9n tiene que ver con los negocios de seguridad que hay en el pa\u00eds .Muchos diputados de diferentes partidos pol\u00edticos, ARENA Y FMLN principalmente, son due\u00f1os de estas empresas y su n\u00famero de miembros supera a la misma Polic\u00eda Nacional Civil (PNC).<\/p>\n<p style=\"text-align: justify;\">Estas empresas\u00a0\u00a0 ven amenazadas sus ganancias millonarias ya que por a\u00f1os han tenido contratos con los gobiernos de turno. Y se han lucrado del presupuesto del estado, llev\u00e1ndose jugosas ganancias a sus bolsillos, ellos se llevan las ganancias y la clase trabajadora se lleva los muertos, producto de la podredumbre de este sistema capitalista.<\/p>\n<p style=\"text-align: justify;\">Cuando la estabilidad de la clase burguesa est\u00e9 en peligro usar\u00e1n el ej\u00e9rcito para aplastar cualquier rebeli\u00f3n de la clase trabajadora, pero seremos millones que vamos a definir el cambio de sistema y no habr\u00e1 fusiles que puedan impedirlo.<\/p>\n<p style=\"text-align: justify;\">La revoluci\u00f3n llegar\u00e1 y ser\u00e1 organizada por el PCOI (Partido Comunista Obrero Internacional) que luchamos por el comunismo, nuestra l\u00ednea pol\u00edtica lo establece claramente y luchamos por eso.<\/p>\n<p style=\"text-align: justify;\">Los trabajadores deben movilizarse por el comunismo, directamente. En el sistema comunista no existir\u00e1 el dinero, y desapareciendo esta base material, muchos de los problemas que afectan a los trabajadores desaparecer\u00e1n, aunque quedaran secuelas lucharemos con eso. El tema de seguridad ser\u00e1 uno de ellos, nos cuidaremos unos a otros, se formaran colectivos cuidando este aspecto de la vida, pero todos seremos responsables.<\/p>\n<p style=\"text-align: justify;\">\u00danete al Partido Comunista Obrero Internacional. (PCOI).Lee y distribuye nuestro peri\u00f3dico <strong><em>Bandera Roja<\/em><\/strong>.<\/p>\n<h4><a href=\"https:\/\/icwpredflag.org\/wp\/wordpress\/wps\/volumen-11-numero-2\/\">Primera p\u00e1gina de esta edici\u00f3n<\/a><\/h4>\n","protected":false},"excerpt":{"rendered":"<p>El Salvador. \u201cLa insurrecci\u00f3n ser\u00e1 de las masas o no ser\u00e1\u201d, fue la respuesta de una camarada ante la pregunta de una obrera con respecto al llamado a la insurrecci\u00f3n en contra de los diputados de la Asamblea Legislativa, hecha por el actual presidente Nayib Bukele Este pidi\u00f3 al pueblo salvadore\u00f1o presentarse en la Asamblea &hellip; <a href=\"https:\/\/icwpredflag.org\/wp\/wordpress\/wps\/volumen-11-numero-2\/la-insurreccion-que-las-masas-necesitan-es-la-del-comunismo\/\" class=\"more-link\">Sigue leyendo <span class=\"screen-reader-text\">La Insurrecci\u00f3n que las Masas Necesitan Es la del Comunismo<\/span><\/a><\/p>\n","protected":false},"author":1,"featured_media":3638,"parent":5310,"menu_order":0,"comment_status":"closed","ping_status":"closed","template":"","meta":{"footnotes":""},"class_list":["post-5370","page","type-page","status-publish","has-post-thumbnail","hentry"],"_links":{"self":[{"href":"https:\/\/icwpredflag.org\/wp\/wordpress\/wps\/wp-json\/wp\/v2\/pages\/5370","targetHints":{"allow":["GET"]}}],"collection":[{"href":"https:\/\/icwpredflag.org\/wp\/wordpress\/wps\/wp-json\/wp\/v2\/pages"}],"about":[{"href":"https:\/\/icwpredflag.org\/wp\/wordpress\/wps\/wp-json\/wp\/v2\/types\/page"}],"author":[{"embeddable":true,"href":"https:\/\/icwpredflag.org\/wp\/wordpress\/wps\/wp-json\/wp\/v2\/users\/1"}],"replies":[{"embeddable":true,"href":"https:\/\/icwpredflag.org\/wp\/wordpress\/wps\/wp-json\/wp\/v2\/comments?post=5370"}],"version-history":[{"count":1,"href":"https:\/\/icwpredflag.org\/wp\/wordpress\/wps\/wp-json\/wp\/v2\/pages\/5370\/revisions"}],"predecessor-version":[{"id":5371,"href":"https:\/\/icwpredflag.org\/wp\/wordpress\/wps\/wp-json\/wp\/v2\/pages\/5370\/revisions\/5371"}],"up":[{"embeddable":true,"href":"https:\/\/icwpredflag.org\/wp\/wordpress\/wps\/wp-json\/wp\/v2\/pages\/5310"}],"wp:featuredmedia":[{"embeddable":true,"href":"https:\/\/icwpredflag.org\/wp\/wordpress\/wps\/wp-json\/wp\/v2\/media\/3638"}],"wp:attachment":[{"href":"https:\/\/icwpredflag.org\/wp\/wordpress\/wps\/wp-json\/wp\/v2\/media?parent=5370"}],"curies":[{"name":"wp","href":"https:\/\/api.w.org\/{rel}","templated":true}]}}