{"id":5386,"date":"2020-03-14T16:34:39","date_gmt":"2020-03-14T16:34:39","guid":{"rendered":"https:\/\/icwpredflag.org\/wp\/wordpress\/wps\/?page_id=5386"},"modified":"2020-05-09T00:09:32","modified_gmt":"2020-05-09T00:09:32","slug":"volumen-11-numero-3","status":"publish","type":"page","link":"https:\/\/icwpredflag.org\/wp\/wordpress\/wps\/volumen-11-numero-3\/","title":{"rendered":"Volumen 11, Num\u00e9ro 3"},"content":{"rendered":"<p><img loading=\"lazy\" decoding=\"async\" class=\"alignnone wp-image-5396\" src=\"https:\/\/icwpredflag.org\/wp\/wordpress\/wps\/wp-content\/uploads\/sites\/2\/2020\/03\/indiafight-300x197.jpg\" alt=\"\" width=\"704\" height=\"462\" srcset=\"https:\/\/icwpredflag.org\/wp\/wordpress\/wps\/wp-content\/uploads\/sites\/2\/2020\/03\/indiafight-300x197.jpg 300w, https:\/\/icwpredflag.org\/wp\/wordpress\/wps\/wp-content\/uploads\/sites\/2\/2020\/03\/indiafight.jpg 377w\" sizes=\"auto, (max-width: 704px) 100vw, 704px\" \/><\/p>\n<p class=\"p1\" style=\"text-align: center;\"><strong>Febrero,2020. Manifestantes Anti-Fascistas en Delhi, India, Luchan en Contra de la Polic\u00eda<\/strong><\/p>\n\n<!-- Page-list plugin v.5.22 wordpress.org\/plugins\/page-list\/ -->\n<div class=\"page-list page-list-ext \">\n<div class=\"page-list-ext-item\"><div class=\"page-list-ext-image\"><a href=\"https:\/\/icwpredflag.org\/wp\/wordpress\/wps\/volumen-11-numero-3\/pandemia-de-coronavirus-necesitamos-acabar-con-el-capitalismo-mas-pronto-que-tarde\/\" title=\"Pandemia de Coronavirus:  Necesitamos acabar con el capitalismo  m\u00e1s pronto que tarde\"><img decoding=\"async\" src=\"https:\/\/icwpredflag.org\/wp\/wordpress\/wps\/wp-content\/uploads\/sites\/2\/2018\/09\/SASpeech-300x241.jpg\" width=\"150\" alt=\"Pandemia de Coronavirus:  Necesitamos acabar con el capitalismo  m\u00e1s pronto que tarde\" \/><\/a><\/div> <strong class=\"page-list-ext-title\"><a class=\"icwp-emph\" href=\"https:\/\/icwpredflag.org\/wp\/wordpress\/wps\/volumen-11-numero-3\/pandemia-de-coronavirus-necesitamos-acabar-con-el-capitalismo-mas-pronto-que-tarde\/\" title=\"Pandemia de Coronavirus:  Necesitamos acabar con el capitalismo  m\u00e1s pronto que tarde\">Pandemia de Coronavirus:  Necesitamos acabar con el capitalismo  m\u00e1s pronto que tarde<\/a><\/strong><div class=\"page-list-ext-item-content\">El momento de movilizar a las masas por el comunismo es ahora   \r\nUna costurera en la India dijo que la mayor\u00eda de ellos viven en una habitaci\u00f3n peque\u00f1a con 10 personas durmiendo en varios turnos y que la f\u00e1brica les pide que mantengan una distancia soc...<\/div><\/div>\n<div class=\"page-list-ext-item\"><div class=\"page-list-ext-image\"><a href=\"https:\/\/icwpredflag.org\/wp\/wordpress\/wps\/volumen-11-numero-3\/el-capitalismo-te-enferma-el-comunismo-te-hace-sano\/\" title=\"Boeing: El capitalismo te enferma, el comunismo te hace sano\"><img decoding=\"async\" src=\"https:\/\/icwpredflag.org\/wp\/wordpress\/wps\/wp-content\/uploads\/sites\/2\/2020\/03\/Boeing-RF-2012-300x295.jpg\" width=\"150\" alt=\"Boeing: El capitalismo te enferma, el comunismo te hace sano\" \/><\/a><\/div> <strong class=\"page-list-ext-title\"><a class=\"icwp-emph\" href=\"https:\/\/icwpredflag.org\/wp\/wordpress\/wps\/volumen-11-numero-3\/el-capitalismo-te-enferma-el-comunismo-te-hace-sano\/\" title=\"Boeing: El capitalismo te enferma, el comunismo te hace sano\">Boeing: El capitalismo te enferma, el comunismo te hace sano<\/a><\/strong><div class=\"page-list-ext-item-content\">No hay duda de que el capitalismo te enferma, tanto en sentido figurado como literal. La pandemia del virus de la corona es s\u00f3lo el \u00faltimo asalto a nuestra salud. \r\nEn todo el mundo las f\u00e1bricas est\u00e1n cerrando, como las f\u00e1bricas de autom\u00f3viles en los E...<\/div><\/div>\n<div class=\"page-list-ext-item\"><div class=\"page-list-ext-image\"><a href=\"https:\/\/icwpredflag.org\/wp\/wordpress\/wps\/volumen-11-numero-3\/la-india-la-lucha-comunista-en-contra-del-fascista-modi\/\" title=\"La India:  La Lucha comunista en Contra del Fascista Modi\"><img decoding=\"async\" src=\"https:\/\/icwpredflag.org\/wp\/wordpress\/wps\/wp-content\/uploads\/sites\/2\/2020\/03\/indiafight-300x197.jpg\" width=\"150\" alt=\"La India:  La Lucha comunista en Contra del Fascista Modi\" \/><\/a><\/div> <strong class=\"page-list-ext-title\"><a class=\"icwp-emph\" href=\"https:\/\/icwpredflag.org\/wp\/wordpress\/wps\/volumen-11-numero-3\/la-india-la-lucha-comunista-en-contra-del-fascista-modi\/\" title=\"La India:  La Lucha comunista en Contra del Fascista Modi\">La India:  La Lucha comunista en Contra del Fascista Modi<\/a><\/strong><div class=\"page-list-ext-item-content\">\r\nFebrero,2020 Manifestantes Anti-Fascistas en Delhi, India, Luchan en Contra de la Polic\u00eda  \r\n8 de marzo - Cuatro d\u00edas de matanza fascista en Delhi, India - patrocinada por el gobierno - han dejado m\u00e1s de cien muertos (en su mayor\u00eda musulmanes). Mil...<\/div><\/div>\n<div class=\"page-list-ext-item\"><div class=\"page-list-ext-image\"><a href=\"https:\/\/icwpredflag.org\/wp\/wordpress\/wps\/volumen-11-numero-3\/obreros-aeroespaciales-debaten-coronavirus-y-capitalismo\/\" title=\"Obreros Aeroespaciales Debaten Coronavirus y Capitalismo\"><img decoding=\"async\" src=\"https:\/\/icwpredflag.org\/wp\/wordpress\/wps\/wp-content\/uploads\/sites\/2\/2020\/03\/redsoldiers-300x213.jpg\" width=\"150\" alt=\"Obreros Aeroespaciales Debaten Coronavirus y Capitalismo\" \/><\/a><\/div> <strong class=\"page-list-ext-title\"><a class=\"icwp-emph\" href=\"https:\/\/icwpredflag.org\/wp\/wordpress\/wps\/volumen-11-numero-3\/obreros-aeroespaciales-debaten-coronavirus-y-capitalismo\/\" title=\"Obreros Aeroespaciales Debaten Coronavirus y Capitalismo\">Obreros Aeroespaciales Debaten Coronavirus y Capitalismo<\/a><\/strong><div class=\"page-list-ext-item-content\">Comunismo: \u201cTrata de lo que es mejor para todos \u201d  \r\n\r\nPUGET SOUND, WASHINGTON (EE. UU.), 7 de marzo: \u201cLa gente en la f\u00e1brica puede decir que el comunismo es un mal sistema, pero hay muchas cosas buenas acerca del comunismo\u201d, declar\u00f3 un nuevo amigo tra...<\/div><\/div>\n<div class=\"page-list-ext-item\"><div class=\"page-list-ext-image\"><a href=\"https:\/\/icwpredflag.org\/wp\/wordpress\/wps\/volumen-11-numero-3\/huelga-estudiantil-crea-oportunidades-para-abogar-por-la-revolucion-comunista-y-reclutar-al-partido\/\" title=\"Huelga Estudiantil Crea Oportunidades para Abogar por la Revoluci\u00f3n Comunista y Reclutar al Partido\"><img decoding=\"async\" src=\"https:\/\/icwpredflag.org\/wp\/wordpress\/wps\/wp-content\/uploads\/sites\/2\/2020\/03\/SAstrikers.jpg\" width=\"150\" alt=\"Huelga Estudiantil Crea Oportunidades para Abogar por la Revoluci\u00f3n Comunista y Reclutar al Partido\" \/><\/a><\/div> <strong class=\"page-list-ext-title\"><a class=\"icwp-emph\" href=\"https:\/\/icwpredflag.org\/wp\/wordpress\/wps\/volumen-11-numero-3\/huelga-estudiantil-crea-oportunidades-para-abogar-por-la-revolucion-comunista-y-reclutar-al-partido\/\" title=\"Huelga Estudiantil Crea Oportunidades para Abogar por la Revoluci\u00f3n Comunista y Reclutar al Partido\">Huelga Estudiantil Crea Oportunidades para Abogar por la Revoluci\u00f3n Comunista y Reclutar al Partido<\/a><\/strong><div class=\"page-list-ext-item-content\">\r\nPORT ELIZABETH, SUD\u00c1FRICA, 8 de marzo - Los estudiantes aqu\u00ed han estado en huelga por una semana, incluso en una universidad adonde asiste un camarada. Nuestro colectivo ha estado involucrado, distribuyendo Bandera Roja   y hablando con los estudiantes s...<\/div><\/div>\n<div class=\"page-list-ext-item\"><div class=\"page-list-ext-image\"><a href=\"https:\/\/icwpredflag.org\/wp\/wordpress\/wps\/volumen-11-numero-3\/cartas-de-iran-y-india-una-clase-un-partido\/\" title=\"Coronavirus, petr\u00f3leo y conflictos imperialistas en Ir\u00e1n\"><img decoding=\"async\" src=\"https:\/\/icwpredflag.org\/wp\/wordpress\/wps\/wp-content\/uploads\/sites\/2\/2020\/03\/ICWP-sign-from-LB-edit-2-300x252.jpg\" width=\"150\" alt=\"Coronavirus, petr\u00f3leo y conflictos imperialistas en Ir\u00e1n\" \/><\/a><\/div> <strong class=\"page-list-ext-title\"><a class=\"icwp-emph\" href=\"https:\/\/icwpredflag.org\/wp\/wordpress\/wps\/volumen-11-numero-3\/cartas-de-iran-y-india-una-clase-un-partido\/\" title=\"Coronavirus, petr\u00f3leo y conflictos imperialistas en Ir\u00e1n\">Coronavirus, petr\u00f3leo y conflictos imperialistas en Ir\u00e1n<\/a><\/strong><div class=\"page-list-ext-item-content\"> \r\nDerrota a la guerra imperialista con la revoluci\u00f3n comunista en todas partes  \r\n(Carta enviado a un camarada en USA): \r\nGracias por enviarme Bandera Roja   y mantenerse en contacto conmigo. Es muy inspirador ver el crecimiento del PCOI en todo el ...<\/div><\/div>\n<div class=\"page-list-ext-item\"><div class=\"page-list-ext-image\"><a href=\"https:\/\/icwpredflag.org\/wp\/wordpress\/wps\/volumen-11-numero-3\/nuevo-camarada-en-la-india-inspirado-por-camaradas-en-las-calles-de-delhi\/\" title=\"Nuevo Camarada en la India Inspirado por Camaradas en las Calles de Delhi\"><img decoding=\"async\" src=\"https:\/\/icwpredflag.org\/wp\/wordpress\/wps\/wp-content\/uploads\/sites\/2\/2020\/03\/SP-globe-with-star2-Copy-300x271.jpg\" width=\"150\" alt=\"Nuevo Camarada en la India Inspirado por Camaradas en las Calles de Delhi\" \/><\/a><\/div> <strong class=\"page-list-ext-title\"><a class=\"icwp-emph\" href=\"https:\/\/icwpredflag.org\/wp\/wordpress\/wps\/volumen-11-numero-3\/nuevo-camarada-en-la-india-inspirado-por-camaradas-en-las-calles-de-delhi\/\" title=\"Nuevo Camarada en la India Inspirado por Camaradas en las Calles de Delhi\">Nuevo Camarada en la India Inspirado por Camaradas en las Calles de Delhi<\/a><\/strong><div class=\"page-list-ext-item-content\">\r\nSoy un hombre de 26 a\u00f1os. Me llamo Mahesh. Crec\u00ed en el este de Uttar Pradesh. Mi lengua materna es el awadhi. Mis padres son extremadamente religiosos y apoyan a Modi y al BJP. Llegu\u00e9 a Delhi para estudiar en la Universidad Jawaharlal Nehru (JNU) ha...<\/div><\/div>\n<div class=\"page-list-ext-item\"><div class=\"page-list-ext-image\"><a href=\"https:\/\/icwpredflag.org\/wp\/wordpress\/wps\/volumen-11-numero-3\/crisis-de-refugiados-en-siria\/\" title=\"Crisis de Refugiados en Siria\"><img decoding=\"async\" src=\"https:\/\/icwpredflag.org\/wp\/wordpress\/wps\/wp-content\/uploads\/sites\/2\/2020\/03\/lesbosdemo-300x199.jpg\" width=\"150\" alt=\"Crisis de Refugiados en Siria\" \/><\/a><\/div> <strong class=\"page-list-ext-title\"><a class=\"icwp-emph\" href=\"https:\/\/icwpredflag.org\/wp\/wordpress\/wps\/volumen-11-numero-3\/crisis-de-refugiados-en-siria\/\" title=\"Crisis de Refugiados en Siria\">Crisis de Refugiados en Siria<\/a><\/strong><div class=\"page-list-ext-item-content\">Los Refugiados No Tienen Amigos M\u00e1s Que Los Obreros Del Mundo   \r\nA veces escribimos de la guerra como que es algo del futuro pero millones de nuestra familia trabajadora est\u00e1n en estos momentos huyendo por sus vidas debido a la guerra en Siria. Casi u...<\/div><\/div>\n<div class=\"page-list-ext-item\"><div class=\"page-list-ext-image\"><a href=\"https:\/\/icwpredflag.org\/wp\/wordpress\/wps\/volumen-11-numero-3\/jovenes-y-obreros-de-bangladesh-protestan-fascismo-anti-musulman-en-la-india\/\" title=\"J\u00f3venes y Obreros de Bangladesh Protestan Fascismo Anti-Musulman en La India\"><img decoding=\"async\" src=\"https:\/\/icwpredflag.org\/wp\/wordpress\/wps\/wp-content\/uploads\/sites\/2\/2020\/03\/indiashouters-300x172.jpg\" width=\"150\" alt=\"J\u00f3venes y Obreros de Bangladesh Protestan Fascismo Anti-Musulman en La India\" \/><\/a><\/div> <strong class=\"page-list-ext-title\"><a class=\"icwp-emph\" href=\"https:\/\/icwpredflag.org\/wp\/wordpress\/wps\/volumen-11-numero-3\/jovenes-y-obreros-de-bangladesh-protestan-fascismo-anti-musulman-en-la-india\/\" title=\"J\u00f3venes y Obreros de Bangladesh Protestan Fascismo Anti-Musulman en La India\">J\u00f3venes y Obreros de Bangladesh Protestan Fascismo Anti-Musulman en La India<\/a><\/strong><div class=\"page-list-ext-item-content\">\r\nLa visita oficial del primer ministro fascista de la India a Bangladesh fue \u201cpospuesta\u201d. El funcionario dijo que el viaje no fue posible en este momento debido a tres casos del coronavirus. \r\nEsto es una mentira. Aqu\u00ed hay manifestaciones callejeras masi...<\/div><\/div>\n<div class=\"page-list-ext-item\"><div class=\"page-list-ext-image\"><a href=\"https:\/\/icwpredflag.org\/wp\/wordpress\/wps\/volumen-11-numero-3\/las-relaciones-comunistas-de-produccion-crearan-una-economia-mas-resistente\/\" title=\"Las Relaciones Comunistas de Producci\u00f3n Crear\u00e1n una Econom\u00eda M\u00e1s Resistente\"><img decoding=\"async\" src=\"https:\/\/icwpredflag.org\/wp\/wordpress\/wps\/wp-content\/uploads\/sites\/2\/2019\/09\/airplaneopen-300x175.jpg\" width=\"150\" alt=\"Las Relaciones Comunistas de Producci\u00f3n Crear\u00e1n una Econom\u00eda M\u00e1s Resistente\" \/><\/a><\/div> <strong class=\"page-list-ext-title\"><a class=\"icwp-emph\" href=\"https:\/\/icwpredflag.org\/wp\/wordpress\/wps\/volumen-11-numero-3\/las-relaciones-comunistas-de-produccion-crearan-una-economia-mas-resistente\/\" title=\"Las Relaciones Comunistas de Producci\u00f3n Crear\u00e1n una Econom\u00eda M\u00e1s Resistente\">Las Relaciones Comunistas de Producci\u00f3n Crear\u00e1n una Econom\u00eda M\u00e1s Resistente<\/a><\/strong><div class=\"page-list-ext-item-content\">\r\nSEATTLE (EE. UU.) - \u201cEstamos atrapados en el capitalismo\u201d, afirm\u00f3 un amigo en Boeing. \u00bfEs cierto esto? \r\nTodos los d\u00edas, los medios de comunicaci\u00f3n capitalistas nos mienten sobre cu\u00e1n resistente es el capitalismo. Nos dicen que ning\u00fan otro sistema l...<\/div><\/div>\n<div class=\"page-list-ext-item\"><div class=\"page-list-ext-image\"><a href=\"https:\/\/icwpredflag.org\/wp\/wordpress\/wps\/volumen-11-numero-3\/cartas-sobre-construyendo-el-partido\/\" title=\"Cartas Sobre Construyendo el Partido\"><img decoding=\"async\" src=\"https:\/\/icwpredflag.org\/wp\/wordpress\/wps\/wp-content\/uploads\/sites\/2\/2020\/03\/south-africa-May-1-300x169.jpg\" width=\"150\" alt=\"Cartas Sobre Construyendo el Partido\" \/><\/a><\/div> <strong class=\"page-list-ext-title\"><a class=\"icwp-emph\" href=\"https:\/\/icwpredflag.org\/wp\/wordpress\/wps\/volumen-11-numero-3\/cartas-sobre-construyendo-el-partido\/\" title=\"Cartas Sobre Construyendo el Partido\">Cartas Sobre Construyendo el Partido<\/a><\/strong><div class=\"page-list-ext-item-content\">\r\n\u00bfC\u00f3mo Act\u00faa un Partido de Nuevo Tipo en la Lucha de Clases?  \r\nLe\u00edmos el art\u00edculo sobre el PCOI, un Partido Comunista de un nuevo tipo en Bandera Roja   hace dos ediciones. En nuestra opini\u00f3n, plantea algunos puntos realmente interesantes. Y estas son l...<\/div><\/div>\n<div class=\"page-list-ext-item\"><div class=\"page-list-ext-image\"><a href=\"https:\/\/icwpredflag.org\/wp\/wordpress\/wps\/volumen-11-numero-3\/lucha-de-trabajadores-puertorriquenos-por-un-retiro-digno-muestra-necesidad-de-revolucion-comunista\/\" title=\"Lucha de Trabajadores Puertorrique\u00f1os por Un Retiro Digno Muestra Necesidad de Revoluci\u00f3n Comunista\"><img decoding=\"async\" src=\"https:\/\/icwpredflag.org\/wp\/wordpress\/wps\/wp-content\/uploads\/sites\/2\/2020\/03\/villagecircle.jpg\" width=\"150\" alt=\"Lucha de Trabajadores Puertorrique\u00f1os por Un Retiro Digno Muestra Necesidad de Revoluci\u00f3n Comunista\" \/><\/a><\/div> <strong class=\"page-list-ext-title\"><a class=\"icwp-emph\" href=\"https:\/\/icwpredflag.org\/wp\/wordpress\/wps\/volumen-11-numero-3\/lucha-de-trabajadores-puertorriquenos-por-un-retiro-digno-muestra-necesidad-de-revolucion-comunista\/\" title=\"Lucha de Trabajadores Puertorrique\u00f1os por Un Retiro Digno Muestra Necesidad de Revoluci\u00f3n Comunista\">Lucha de Trabajadores Puertorrique\u00f1os por Un Retiro Digno Muestra Necesidad de Revoluci\u00f3n Comunista<\/a><\/strong><div class=\"page-list-ext-item-content\">El pasado 22 de febrero cerca de\u00a0mil trabajadores se reunieron en una Asamblea en San Juan para exigirle al gobierno capitalista colonial y a la\u00a0Junta de Supervisi\u00f3n Fiscal (JSF), que no aprueben los cambios a los sistemas de retiro. Tambi\u00e9n, demandaron que...<\/div><\/div>\n<div class=\"page-list-ext-item\"><div class=\"page-list-ext-image\"><a href=\"https:\/\/icwpredflag.org\/wp\/wordpress\/wps\/volumen-11-numero-3\/cartas-de-las-maquilas-de-el-salvador\/\" title=\"Cartas de las Maquilas de El Salvador\"><img decoding=\"async\" src=\"https:\/\/icwpredflag.org\/wp\/wordpress\/wps\/wp-content\/uploads\/sites\/2\/2020\/03\/May1demo-300x136.jpg\" width=\"150\" alt=\"Cartas de las Maquilas de El Salvador\" \/><\/a><\/div> <strong class=\"page-list-ext-title\"><a class=\"icwp-emph\" href=\"https:\/\/icwpredflag.org\/wp\/wordpress\/wps\/volumen-11-numero-3\/cartas-de-las-maquilas-de-el-salvador\/\" title=\"Cartas de las Maquilas de El Salvador\">Cartas de las Maquilas de El Salvador<\/a><\/strong><div class=\"page-list-ext-item-content\">\r\n\r\nLos Ladrones son los Patrones \r\nEl Salvador. Me siento indignada, hoy he vivido en carne propia, lo que los trabajadores hemos denunciado en Bandera Roja  , constantemente. \r\nMe acusaron injustamente de haber robado unas prendas de la f\u00e1brica donde ...<\/div><\/div>\n<div class=\"page-list-ext-item\"><div class=\"page-list-ext-image\"><a href=\"https:\/\/icwpredflag.org\/wp\/wordpress\/wps\/volumen-11-numero-3\/cartas-sobre-coronavirus\/\" title=\"Cartas Sobre Coronavirus\"><img decoding=\"async\" src=\"https:\/\/icwpredflag.org\/wp\/wordpress\/wps\/wp-content\/uploads\/sites\/2\/2020\/03\/covid-19-300x158.jpg\" width=\"150\" alt=\"Cartas Sobre Coronavirus\" \/><\/a><\/div> <strong class=\"page-list-ext-title\"><a class=\"icwp-emph\" href=\"https:\/\/icwpredflag.org\/wp\/wordpress\/wps\/volumen-11-numero-3\/cartas-sobre-coronavirus\/\" title=\"Cartas Sobre Coronavirus\">Cartas Sobre Coronavirus<\/a><\/strong><div class=\"page-list-ext-item-content\">\r\n\r\n\u201cGuarden sus M\u00e1scaras Quir\u00fargicas y Reh\u00fasenlas\u201d \r\nEsta es la pol\u00edtica no oficial que se transmite en el peque\u00f1o hospital en Texas donde trabajo. A medida que avanza el Coronavirus, los hospitales y cl\u00ednicas en todo el pa\u00eds est\u00e1n teniendo dificultade...<\/div><\/div>\n<div class=\"page-list-ext-item\"><div class=\"page-list-ext-image\"><a href=\"https:\/\/icwpredflag.org\/wp\/wordpress\/wps\/volumen-11-numero-3\/no-soy-el-virus-soy-comunista\/\" title=\"No Soy el Virus, Soy Comunista\"><img decoding=\"async\" src=\"https:\/\/icwpredflag.org\/wp\/wordpress\/wps\/wp-content\/uploads\/sites\/2\/2020\/03\/LAJanitors-300x199.jpg\" width=\"150\" alt=\"No Soy el Virus, Soy Comunista\" \/><\/a><\/div> <strong class=\"page-list-ext-title\"><a class=\"icwp-emph\" href=\"https:\/\/icwpredflag.org\/wp\/wordpress\/wps\/volumen-11-numero-3\/no-soy-el-virus-soy-comunista\/\" title=\"No Soy el Virus, Soy Comunista\">No Soy el Virus, Soy Comunista<\/a><\/strong><div class=\"page-list-ext-item-content\">\r\nTrabajadores, indigenas Mayas, en huelga junto con \u201cJusticia para los Janitors\u201d en Los Angeles, USA  \r\nUn incidente ocurrido durante la semana, me provoc\u00f3 disgusto y alc\u00e9 la voz enojado; dos trabajadores que considero amigos, comenzaron a esconderse cuand...<\/div><\/div>\n<div class=\"page-list-ext-item\"><div class=\"page-list-ext-image\"><a href=\"https:\/\/icwpredflag.org\/wp\/wordpress\/wps\/volumen-11-numero-3\/dia-internacional-de-la-mujer\/\" title=\"Dia Internacional de la Mujer\"><img decoding=\"async\" src=\"https:\/\/icwpredflag.org\/wp\/wordpress\/wps\/wp-content\/uploads\/sites\/2\/2020\/03\/LAantisexism-300x201.jpg\" width=\"150\" alt=\"Dia Internacional de la Mujer\" \/><\/a><\/div> <strong class=\"page-list-ext-title\"><a class=\"icwp-emph\" href=\"https:\/\/icwpredflag.org\/wp\/wordpress\/wps\/volumen-11-numero-3\/dia-internacional-de-la-mujer\/\" title=\"Dia Internacional de la Mujer\">Dia Internacional de la Mujer<\/a><\/strong><div class=\"page-list-ext-item-content\">\r\nLos \u00c1ngeles, USA, 7 de marzo\u2014 \u201c\u00bfUn peri\u00f3dico comunista? quiero uno para mi hermana\u201d, dijo un estudiante de colegio, tomando una copia de Bandera Roja  . La multitud en la marcha del D\u00eda Internacional de la Mujer, en el Sur Centro de Los \u00c1ngeles, fue peque\u00f1...<\/div><\/div>\n<div class=\"page-list-ext-item\"><div class=\"page-list-ext-image\"><a href=\"https:\/\/icwpredflag.org\/wp\/wordpress\/wps\/volumen-11-numero-3\/resena-de-pelicula-parasitos\/\" title=\"Rese\u00f1a de Pel\u00edcula \u201cPar\u00e1sitos\u201d\"><img decoding=\"async\" src=\"https:\/\/icwpredflag.org\/wp\/wordpress\/wps\/wp-content\/uploads\/sites\/2\/2020\/03\/koreafight-300x226.jpg\" width=\"150\" alt=\"Rese\u00f1a de Pel\u00edcula \u201cPar\u00e1sitos\u201d\" \/><\/a><\/div> <strong class=\"page-list-ext-title\"><a class=\"icwp-emph\" href=\"https:\/\/icwpredflag.org\/wp\/wordpress\/wps\/volumen-11-numero-3\/resena-de-pelicula-parasitos\/\" title=\"Rese\u00f1a de Pel\u00edcula \u201cPar\u00e1sitos\u201d\">Rese\u00f1a de Pel\u00edcula \u201cPar\u00e1sitos\u201d<\/a><\/strong><div class=\"page-list-ext-item-content\">\r\nLos trabajadores en Corea del Sur tienen una historia de lucha de clases militantes. En la foto de arriba, en el centro de Seoul, obreros automotrices se enfrentan a polic\u00edas anti-motines durante una protesta en contra del gobierno en 2003.  \r\nLa pel\u00edcula g...<\/div><\/div>\n<div class=\"page-list-ext-item\"><div class=\"page-list-ext-image\"><a href=\"https:\/\/icwpredflag.org\/wp\/wordpress\/wps\/volumen-11-numero-3\/camarada-viaja-a-la-frontera-sur-de-mexico-en-busca-de-los-inmigrantes\/\" title=\"Camarada Viaja a la Frontera Sur de M\u00e9xico en Busca de los Inmigrantes\"><img decoding=\"async\" src=\"https:\/\/icwpredflag.org\/wp\/wordpress\/wps\/wp-content\/uploads\/sites\/2\/2020\/03\/african-migrants-tapachula-300x209.jpg\" width=\"150\" alt=\"Camarada Viaja a la Frontera Sur de M\u00e9xico en Busca de los Inmigrantes\" \/><\/a><\/div> <strong class=\"page-list-ext-title\"><a class=\"icwp-emph\" href=\"https:\/\/icwpredflag.org\/wp\/wordpress\/wps\/volumen-11-numero-3\/camarada-viaja-a-la-frontera-sur-de-mexico-en-busca-de-los-inmigrantes\/\" title=\"Camarada Viaja a la Frontera Sur de M\u00e9xico en Busca de los Inmigrantes\">Camarada Viaja a la Frontera Sur de M\u00e9xico en Busca de los Inmigrantes<\/a><\/strong><div class=\"page-list-ext-item-content\">\r\nViaj\u00e9 a Tapachula, Chiapas, M\u00e9xico, para conocer la situaci\u00f3n de los migrantes en la frontera con Guatemala. No hab\u00eda camaradas cercas con los que pudi\u00e9ramos hacer un plan para poder involucrarnos con las personas migrantes, pero s\u00ed un amigo de la ma...<\/div><\/div>\n\n<\/div>\n<ul>\n<li><a class=\"icwp-emph\" href=\"https:\/\/icwpredflag.org\/wp\/wordpress\/wps\/wp-content\/uploads\/sites\/2\/2020\/03\/BR040120.pdf\">Este n\u00famero en PDF<\/a><\/li>\n<li><a class=\"icwp-emph\" href=\"https:\/\/icwpredflag.org\/wp\/wordpress\/wps\/volumen-11-numero-2\/\">El n\u00famero anterior<\/a><\/li>\n<li><a class=\"icwp-emph\" href=\"http:\/\/icwpredflag.org\/wp\/wordpress\">P\u00e1gina principal<\/a><\/li>\n<\/ul>\n<p><img loading=\"lazy\" decoding=\"async\" class=\"wp-image-5221 aligncenter\" src=\"https:\/\/icwpredflag.org\/wp\/wordpress\/wps\/wp-content\/uploads\/sites\/2\/2020\/02\/marchemosmayday-300x87.jpg\" alt=\"\" width=\"703\" height=\"204\" srcset=\"https:\/\/icwpredflag.org\/wp\/wordpress\/wps\/wp-content\/uploads\/sites\/2\/2020\/02\/marchemosmayday-300x87.jpg 300w, https:\/\/icwpredflag.org\/wp\/wordpress\/wps\/wp-content\/uploads\/sites\/2\/2020\/02\/marchemosmayday-1024x298.jpg 1024w, https:\/\/icwpredflag.org\/wp\/wordpress\/wps\/wp-content\/uploads\/sites\/2\/2020\/02\/marchemosmayday-768x223.jpg 768w, https:\/\/icwpredflag.org\/wp\/wordpress\/wps\/wp-content\/uploads\/sites\/2\/2020\/02\/marchemosmayday-1536x447.jpg 1536w, https:\/\/icwpredflag.org\/wp\/wordpress\/wps\/wp-content\/uploads\/sites\/2\/2020\/02\/marchemosmayday.jpg 2046w\" sizes=\"auto, (max-width: 703px) 100vw, 703px\" \/><\/p>\n<p><img loading=\"lazy\" decoding=\"async\" class=\"wp-image-5119 aligncenter\" src=\"https:\/\/icwpredflag.org\/wp\/wordpress\/wps\/wp-content\/uploads\/sites\/2\/2020\/01\/Smasthead-300x106.jpg\" alt=\"\" width=\"682\" height=\"241\" srcset=\"https:\/\/icwpredflag.org\/wp\/wordpress\/wps\/wp-content\/uploads\/sites\/2\/2020\/01\/Smasthead-300x106.jpg 300w, https:\/\/icwpredflag.org\/wp\/wordpress\/wps\/wp-content\/uploads\/sites\/2\/2020\/01\/Smasthead-768x272.jpg 768w, https:\/\/icwpredflag.org\/wp\/wordpress\/wps\/wp-content\/uploads\/sites\/2\/2020\/01\/Smasthead.jpg 1001w\" sizes=\"auto, (max-width: 682px) 100vw, 682px\" \/><\/p>\n","protected":false},"excerpt":{"rendered":"<p>Febrero,2020. Manifestantes Anti-Fascistas en Delhi, India, Luchan en Contra de la Polic\u00eda Este n\u00famero en PDF El n\u00famero anterior P\u00e1gina principal<\/p>\n","protected":false},"author":1,"featured_media":3638,"parent":0,"menu_order":0,"comment_status":"closed","ping_status":"closed","template":"","meta":{"footnotes":""},"class_list":["post-5386","page","type-page","status-publish","has-post-thumbnail","hentry"],"_links":{"self":[{"href":"https:\/\/icwpredflag.org\/wp\/wordpress\/wps\/wp-json\/wp\/v2\/pages\/5386","targetHints":{"allow":["GET"]}}],"collection":[{"href":"https:\/\/icwpredflag.org\/wp\/wordpress\/wps\/wp-json\/wp\/v2\/pages"}],"about":[{"href":"https:\/\/icwpredflag.org\/wp\/wordpress\/wps\/wp-json\/wp\/v2\/types\/page"}],"author":[{"embeddable":true,"href":"https:\/\/icwpredflag.org\/wp\/wordpress\/wps\/wp-json\/wp\/v2\/users\/1"}],"replies":[{"embeddable":true,"href":"https:\/\/icwpredflag.org\/wp\/wordpress\/wps\/wp-json\/wp\/v2\/comments?post=5386"}],"version-history":[{"count":9,"href":"https:\/\/icwpredflag.org\/wp\/wordpress\/wps\/wp-json\/wp\/v2\/pages\/5386\/revisions"}],"predecessor-version":[{"id":5932,"href":"https:\/\/icwpredflag.org\/wp\/wordpress\/wps\/wp-json\/wp\/v2\/pages\/5386\/revisions\/5932"}],"wp:featuredmedia":[{"embeddable":true,"href":"https:\/\/icwpredflag.org\/wp\/wordpress\/wps\/wp-json\/wp\/v2\/media\/3638"}],"wp:attachment":[{"href":"https:\/\/icwpredflag.org\/wp\/wordpress\/wps\/wp-json\/wp\/v2\/media?parent=5386"}],"curies":[{"name":"wp","href":"https:\/\/api.w.org\/{rel}","templated":true}]}}