{"id":5455,"date":"2020-03-16T00:11:20","date_gmt":"2020-03-16T00:11:20","guid":{"rendered":"https:\/\/icwpredflag.org\/wp\/wordpress\/wps\/?page_id=5455"},"modified":"2020-03-16T00:14:15","modified_gmt":"2020-03-16T00:14:15","slug":"no-soy-el-virus-soy-comunista","status":"publish","type":"page","link":"https:\/\/icwpredflag.org\/wp\/wordpress\/wps\/volumen-11-numero-3\/no-soy-el-virus-soy-comunista\/","title":{"rendered":"No Soy el Virus, Soy Comunista"},"content":{"rendered":"<p><img loading=\"lazy\" decoding=\"async\" class=\"alignnone  wp-image-5394\" src=\"https:\/\/icwpredflag.org\/wp\/wordpress\/wps\/wp-content\/uploads\/sites\/2\/2020\/03\/LAJanitors-300x199.jpg\" alt=\"\" width=\"684\" height=\"454\" srcset=\"https:\/\/icwpredflag.org\/wp\/wordpress\/wps\/wp-content\/uploads\/sites\/2\/2020\/03\/LAJanitors-300x199.jpg 300w, https:\/\/icwpredflag.org\/wp\/wordpress\/wps\/wp-content\/uploads\/sites\/2\/2020\/03\/LAJanitors.jpg 313w\" sizes=\"auto, (max-width: 684px) 100vw, 684px\" \/><\/p>\n<p class=\"p1\" style=\"text-align: center;\"><strong>Trabajadores, indigenas Mayas, en huelga junto con \u201cJusticia para los Janitors\u201d en Los Angeles, USA<\/strong><\/p>\n<p style=\"text-align: justify;\">Un incidente ocurrido durante la semana, me provoc\u00f3 disgusto y alc\u00e9 la voz enojado; dos trabajadores que considero amigos, comenzaron a esconderse cuando me vieron, y a decir, \u201cah\u00ed viene el chino\u201d; y \u2018esc\u00f3ndanse porque trae el virus\u2019. He aguantado otras veces sus bromas sarc\u00e1sticas cuando se refieren al comunismo, pero a la vez ellos algunas veces, han estado de acuerdo con algunas ideas del partido.<\/p>\n<p style=\"text-align: justify;\">Uso cubre bocas porque padezco de alergias, y adem\u00e1s soy ind\u00edgena y tengo los ojos rasgados como muchos mayas. Un poco molesto les expliqu\u00e9 que esas bromas hac\u00edan mucho da\u00f1o a la clase trabajadora, pero uno de ellos, un ind\u00edgena; tambi\u00e9n maya, hizo caso omiso y sigui\u00f3 haci\u00e9ndome bullying.<\/p>\n<p style=\"text-align: justify;\">Contener mi enojo y luchar en contra del racismo me fue dif\u00edcil, pero lo intente. Les explique, que aunque China ahora es capitalista, en su momento lucharon por tener una sociedad m\u00e1s igualitaria durante la Revoluci\u00f3n Cultural Proletaria China, aunque hayan fracasado en su intento.<\/p>\n<p style=\"text-align: justify;\">La lucha en contra del coronavirus que ya ha cobrado miles de infectados y muertos, tambi\u00e9n ha creado p\u00e1nico y sobre todo mas prejuicio racial en contra de chinos y asi\u00e1ticos en general. El racismo creado y promovido por el capitalismo, ha contagiado tambi\u00e9n a la clase trabajadora. Comenzando con bromas, chistes de mal gusto, hasta ataques violentos en contra de asi\u00e1ticos, y otras personas por solo el hecho de tener los ojos rasgados.<\/p>\n<p style=\"text-align: justify;\">En incidentes separados, he o\u00eddo a trabajadores decir: \u201clos chinos son sucios\u201d, y que son los causantes del virus. O, que, \u201c eviten ir a Coreatown y a los restaurantes chinos\u201d para no ser contagiados. Que \u201cel virus va a desaparecer pronto porque viene de China\u201d, dando entender que todo lo que hacen los chinos es malo.<\/p>\n<p style=\"text-align: justify;\">En todos los casos me ha dado la oportunidad de explicar como es el racismo y como trabaja para tener a la clase trabajadora pele\u00e1ndose entre si, para beneficio de los patrones. Tambi\u00e9n me ha dado la oportunidad de presentarme como comunista con algunos que no me conoc\u00edan y mostrarles en el tel\u00e9fono, el sitio de Internet de Bandera Roja.<\/p>\n<p style=\"text-align: justify;\">Eso me ha fortalecido m\u00e1s, he hablado con m\u00e1s trabajadores para saber que piensan y c\u00f3mo est\u00e1n prepar\u00e1ndose para el caso de una eventual cuarentena. Muchos le echan la culpa a Trump de inventar la crisis y acusan a los noticiarios de alarmistas.<\/p>\n<p style=\"text-align: justify;\">He tenido dos reuniones con trabajadores ind\u00edgenas mayas, para hablar del virus: su origen, la prevenci\u00f3n y las consecuencias, y, sobre todo, como podemos pararlo con una revoluci\u00f3n comunista. Les he explicado que, en una sociedad comunista, una crisis de este tipo lo combatir\u00edamos mas eficientemente y con menos fatalidades. Pondr\u00edamos todo nuestro esfuerzo colectivamente para los que estuvieran en la l\u00ednea de frente: trabadores de hospitales, enfermeras m\u00e9dicos etc. Tengan suficiente material necesario para combatir una epidemia. Evitando as\u00ed tambi\u00e9n el contagio en estos trabajadores.<\/p>\n<p style=\"text-align: justify;\">Con un amigo ind\u00edgena kaqchikel estamos planeando tener m\u00e1s reuniones con otros trabajadores ind\u00edgenas que viven en el \u00e1rea del Valle San Gabriel, en el Condado de Los \u00c1ngeles, para informales m\u00e1s sobre el virus y la prevenci\u00f3n.<\/p>\n<p style=\"text-align: justify;\">Muchos ind\u00edgenas llegados de Guatemala, hablan diferentes dialectos, y algunos hablan muy poco espa\u00f1ol. Ser\u00e1 una tarea muy interesante y buena para promover las ideas comunistas.<\/p>\n<p style=\"text-align: justify;\">Debo admitirlo, me cost\u00f3, pero llam\u00e9 por tel\u00e9fono al amigo que hizo bullying y me disculp\u00e9 por haberle gritado. El tambi\u00e9n lo hizo conmigo y tuvimos una buena charla pol\u00edtica. Me hizo sentir mejor.<\/p>\n<p style=\"text-align: justify;\">No soy el virus. Soy ind\u00edgena maya. Soy comunista. y soy miembro del Partido Comunista Obrero Internacional.<\/p>\n<h4><a href=\"https:\/\/icwpredflag.org\/wp\/wordpress\/wps\/volumen-11-numero-3\/\">Primera p\u00e1gina de esta edici\u00f3n<\/a><\/h4>\n","protected":false},"excerpt":{"rendered":"<p>Trabajadores, indigenas Mayas, en huelga junto con \u201cJusticia para los Janitors\u201d en Los Angeles, USA Un incidente ocurrido durante la semana, me provoc\u00f3 disgusto y alc\u00e9 la voz enojado; dos trabajadores que considero amigos, comenzaron a esconderse cuando me vieron, y a decir, \u201cah\u00ed viene el chino\u201d; y \u2018esc\u00f3ndanse porque trae el virus\u2019. He aguantado &hellip; <a href=\"https:\/\/icwpredflag.org\/wp\/wordpress\/wps\/volumen-11-numero-3\/no-soy-el-virus-soy-comunista\/\" class=\"more-link\">Sigue leyendo <span class=\"screen-reader-text\">No Soy el Virus, Soy Comunista<\/span><\/a><\/p>\n","protected":false},"author":1,"featured_media":3638,"parent":5386,"menu_order":0,"comment_status":"closed","ping_status":"closed","template":"","meta":{"footnotes":""},"class_list":["post-5455","page","type-page","status-publish","has-post-thumbnail","hentry"],"_links":{"self":[{"href":"https:\/\/icwpredflag.org\/wp\/wordpress\/wps\/wp-json\/wp\/v2\/pages\/5455","targetHints":{"allow":["GET"]}}],"collection":[{"href":"https:\/\/icwpredflag.org\/wp\/wordpress\/wps\/wp-json\/wp\/v2\/pages"}],"about":[{"href":"https:\/\/icwpredflag.org\/wp\/wordpress\/wps\/wp-json\/wp\/v2\/types\/page"}],"author":[{"embeddable":true,"href":"https:\/\/icwpredflag.org\/wp\/wordpress\/wps\/wp-json\/wp\/v2\/users\/1"}],"replies":[{"embeddable":true,"href":"https:\/\/icwpredflag.org\/wp\/wordpress\/wps\/wp-json\/wp\/v2\/comments?post=5455"}],"version-history":[{"count":3,"href":"https:\/\/icwpredflag.org\/wp\/wordpress\/wps\/wp-json\/wp\/v2\/pages\/5455\/revisions"}],"predecessor-version":[{"id":5458,"href":"https:\/\/icwpredflag.org\/wp\/wordpress\/wps\/wp-json\/wp\/v2\/pages\/5455\/revisions\/5458"}],"up":[{"embeddable":true,"href":"https:\/\/icwpredflag.org\/wp\/wordpress\/wps\/wp-json\/wp\/v2\/pages\/5386"}],"wp:featuredmedia":[{"embeddable":true,"href":"https:\/\/icwpredflag.org\/wp\/wordpress\/wps\/wp-json\/wp\/v2\/media\/3638"}],"wp:attachment":[{"href":"https:\/\/icwpredflag.org\/wp\/wordpress\/wps\/wp-json\/wp\/v2\/media?parent=5455"}],"curies":[{"name":"wp","href":"https:\/\/api.w.org\/{rel}","templated":true}]}}