{"id":5571,"date":"2020-03-27T23:39:10","date_gmt":"2020-03-27T23:39:10","guid":{"rendered":"https:\/\/icwpredflag.org\/wp\/wordpress\/wps\/?page_id=5571"},"modified":"2020-03-28T01:08:40","modified_gmt":"2020-03-28T01:08:40","slug":"ciencia-y-el-capitalismo-coronavirus-crisis-y-el-imperialismo","status":"publish","type":"page","link":"https:\/\/icwpredflag.org\/wp\/wordpress\/wps\/volume-11-especial-sobre-pandemia-de-covid-19\/ciencia-y-el-capitalismo-coronavirus-crisis-y-el-imperialismo\/","title":{"rendered":"Ciencia y el Capitalismo: Coronavirus, Crisis y el Imperialismo"},"content":{"rendered":"<h3><span style=\"color: #ff0000;\">En esta p\u00e1gina:<\/span><\/h3>\n<h4><a href=\"https:\/\/icwpredflag.org\/wp\/wordpress\/wps\/volume-11-especial-sobre-pandemia-de-covid-19\/ciencia-y-el-capitalismo-coronavirus-crisis-y-el-imperialismo\/#contr\">El Coronavirus y las Contradicciones Capitalistas<\/a> \u2666\u00a0<a href=\"https:\/\/icwpredflag.org\/wp\/wordpress\/wps\/volume-11-especial-sobre-pandemia-de-covid-19\/ciencia-y-el-capitalismo-coronavirus-crisis-y-el-imperialismo\/#porque\">Porque el Capitalismo No Puede Ser Reparado <\/a> \u2666\u00a0<a href=\"https:\/\/icwpredflag.org\/wp\/wordpress\/wps\/volume-11-especial-sobre-pandemia-de-covid-19\/ciencia-y-el-capitalismo-coronavirus-crisis-y-el-imperialismo\/#vida\">Las Masas Necesitan el Comunismo para Prevenir y Detener Nuevas Enfermedades que Amenazan la Vida<\/a> \u2666\u00a0<a href=\"https:\/\/icwpredflag.org\/wp\/wordpress\/wps\/volume-11-especial-sobre-pandemia-de-covid-19\/ciencia-y-el-capitalismo-coronavirus-crisis-y-el-imperialismo\/#ideal\">Coronavirus, Idealismo e Imperialismo<\/a> \u2666<\/h4>\n<h3 id=\"contr\" style=\"text-align: center;\"><span style=\"color: #ff0000;\"><strong>El Coronavirus y las Contradicciones Capitalistas<\/strong><\/span><\/h3>\n<p style=\"text-align: justify;\">Ya se culpa al coronavirus por la crisis econ\u00f3mica mundial que est\u00e1 a punto de explotar. No te dejes enga\u00f1ar. Es simplemente el detonante. La crisis es el resultado inevitable de las contradicciones en el sistema capitalista.<\/p>\n<p style=\"text-align: justify;\"><strong>El capitalismo no puede funcionar sin crisis.<\/strong><\/p>\n<p style=\"text-align: justify;\">Para noviembre de 2019, las dos principales econom\u00edas, EE. UU. y China, hab\u00edan producido sin venderse una enorme cantidad de autom\u00f3viles, acero, aluminio y otras mercanc\u00edas. Funcionaban a solo al 75% de su capacidad productiva. Es decir, una cuarta parte del capital invertido en sus econom\u00edas estaba siendo utilizando.<\/p>\n<p style=\"text-align: justify;\">\u00a1Sin ventas no hay ganancias! La producci\u00f3n capitalista solo tiene que ver con las ganancias. Eso est\u00e1 en problemas. Desde la d\u00e9cada de 1970, la tasa de ganancia mundial ha deca\u00eddo desde cerca del 42% a cerca del 17% en la actualidad (ver recuadro).<\/p>\n<p style=\"text-align: justify;\">A los banqueros y otros capitalistas que viven de nuestro sudor se les hace cada vez m\u00e1s dif\u00edcil obtener ganancias de la manufactura. Entonces recurren a pedir prestado, a hacer trucos con sus cuentas y a especular. El London Financial Times (un importante peri\u00f3dico de negocios) estima que la deuda mundial ahora supera $250 billones o sea \u00a1320% de lo que nosotros, los trabajadores del mundo, producimos anualmente!<\/p>\n<p style=\"text-align: justify;\">Los intereses de esa deuda de $250 billones tienen que pagarse todos los meses. Esto reduce las ganancias a\u00fan m\u00e1s. Era insostenible incluso antes de que el coronavirus interrumpiera los fr\u00e1giles mercados.<\/p>\n<p style=\"text-align: justify;\">Ahora hay una crisis generalizada del capitalismo, cuyo tama\u00f1o el mundo no ha enfrentado desde la Revoluci\u00f3n Sovi\u00e9tica (1917) y la Revoluci\u00f3n China (1949) &#8211; es decir, desde la Primera y Segunda Guerras Mundiales.<\/p>\n<p style=\"text-align: justify;\">Crisis no significa colapso. Crisis es un per\u00edodo donde el capitalismo avanza o la revoluci\u00f3n comunista avanza. Es un per\u00edodo de destrucci\u00f3n del valor del capital.<\/p>\n<p style=\"text-align: justify;\"><strong>Destrucci\u00f3n por muchos medios<\/strong><\/p>\n<p style=\"text-align: justify;\">La destrucci\u00f3n puede ser causada por las fuerzas del mercado. Imaginen una empresa que solo saca al a\u00f1o una ganancia de $3 millones de una inversi\u00f3n de $100 millones. Su tasa de ganancia es solo 3%. Cierra, se deval\u00faa y es comprada por un rival por $ 10 millones. Si produce la misma ganancia anual, su tasa de ganancia es ahora 30% y la secci\u00f3n del capitalismo del rival ha aumentado. \u201cUn capitalista\u201d, se\u00f1al\u00f3 Marx, \u201cmata a muchos\u201d.<\/p>\n<p style=\"text-align: justify;\">\u00a1La destrucci\u00f3n puede ser biol\u00f3gica, como el coronavirus! A medida que cierra econom\u00eda tras econom\u00eda, la capacidad de pagar la deuda de $250 billones terminar\u00e1. Los bancos colapsar\u00e1n.<\/p>\n<p style=\"text-align: justify;\">La destrucci\u00f3n ahora es cada vez m\u00e1s por la fuerza militar, como lo fue en los a\u00f1os previos a la Primera y Segunda Guerras Mundiales. La invasi\u00f3n de Irak, el bombardeo de Libia, las sanciones contra Venezuela e Ir\u00e1n, fueron para limitarl o eliminar del mercado a productores de petr\u00f3leo rivales. Esto le permiti\u00f3 al petr\u00f3leo de esquisto bituminoso (shale oil) de EE.UU. inundar los mercados mundiales al precio correcto. La guerra y el poder militar son fuerzas econ\u00f3micas esenciales.<\/p>\n<p style=\"text-align: justify;\">En cada crisis, Estados Unidos pierde poder geopol\u00edtico a su rival, China. Fue el poder industrial de China lo que sac\u00f3 a la econom\u00eda mundial de la crisis del 2008. Ahora conforme la crisis econ\u00f3mica provocada por la pandemia del coronavirus comienza a desarrollarse, es China quien lidera cient\u00edficamente al mundo.<\/p>\n<p style=\"text-align: justify;\">China ha enviado equipos de expertos m\u00e9dicos para ayudar a dos puntos cr\u00edticos del brote, Ir\u00e1n e Italia. Estados Unidos ha sido incapaz de producir una prueba del coronavirus que funcione<\/p>\n<p><strong>Una clase obrera revolucionaria<\/strong><\/p>\n<p style=\"text-align: justify;\">Otra fuerza econ\u00f3mica podr\u00eda ser decisiva: las masas trabajadoras. Estamos entrando en un per\u00edodo prerrevolucionario. La cooperaci\u00f3n, la colectividad y el comunismo son necesarios para vencer el ataque del virus.<\/p>\n<p style=\"text-align: justify;\">Las relaciones de producci\u00f3n capitalistas han producido no solo una crisis econ\u00f3mica mundial, sino tambi\u00e9n una crisis clim\u00e1tica y un futuro de pandemias y plagas. Esta es una crisis existencial. Un capitalismo desesperado se encaminar\u00e1 hacia m\u00e1s guerras y fascismo. Debemos trabajar para ganar a las masas trabajadoras enfurecidas a la revoluci\u00f3n y el comunismo.<\/p>\n<h3 id=\"porque\" style=\"text-align: center;\"><span style=\"color: #ff0000;\">Porgue el Capitalismo No Puede Ser Reparado<\/span><\/h3>\n<p style=\"text-align: justify;\">El sistema capitalista es una monta\u00f1a rusa. Se mueve de crisis econ\u00f3mica a bonanza a crisis a la guerra. Marx descubri\u00f3 c\u00f3mo las leyes del movimiento del capitalismo tienen que producir estas crisis.<\/p>\n<p style=\"text-align: justify;\">La idea principal es que solo el trabajo de los trabajadores crea valor. Cuando los capitalistas contratan trabajadores para hacer algo, tienen que proporcionar las materias primas, m\u00e1quinas y la energ\u00eda. Sin embargo, para obtener ganancias, el negocio debe producir un valor nuevo. Este valor nuevo es creado por el trabajo que hacen los trabajadores. Parte de ese valor nuevo se les devuelve a los trabajadores como su salario. El resto lo guarda el capitalista. Este valor nuevo valor se llama \u201cplusval\u00eda\u201d y es de donde provienen las ganancias.<\/p>\n<p style=\"text-align: justify;\"><strong>El Sistema Salarial Roba Diariamente a los Trabajadores\u00a0<\/strong><\/p>\n<p style=\"text-align: justify;\">Las ganancias provienen de estafar al obrero. Los salarios de los obreros est\u00e1n basados en lo que producen. Est\u00e1n basados solo en la cantidad de horas que trabajan. Digamos que una silla hecha de madera y cuero requiere 8 horas de trabajo y se vende por $400. Digamos que la madera y el cuero cuestan $100. Los trabajadores no reciben $ 300 en salarios. Si el salario de los trabajadores es de $15 por hora, los trabajadores obtienen 15 veces 8 o $120, dej\u00e1ndole al capitalista $180 de plusval\u00eda.<\/p>\n<p style=\"text-align: justify;\">La competencia obliga a los capitalistas a producir lo m\u00e1s barato posible. Esto a menudo lleva al capitalista a reemplazar a algunos trabajadores con maquinaria. El problema con esto es que la plusval\u00eda solo proviene del trabajo que realizan los trabajadores. Cuando los capitalistas compran una nueva m\u00e1quina que reemplaza a obreros, deben invertir m\u00e1s dinero para obtener menos plusval\u00eda. Por lo tanto, su tasa de ganancia decae.<\/p>\n<p style=\"text-align: justify;\"><strong>La Revoluci\u00f3n Abolir\u00e1 los Salarios y las Crisis\u00a0<\/strong><\/p>\n<p style=\"text-align: justify;\">Los capitalistas tienen algunas formas de lidiar con esta situaci\u00f3n. Pueden bajar los salarios de los obreros. Pueden hacer que su gobierno reduzca sus impuestos. Pueden trasladar la producci\u00f3n a un pa\u00eds de bajos salarios, y as\u00ed sucesivamente. Pero el problema b\u00e1sico, tasas de ganancias mas bajas, persiste. Con el tiempo conduce a crisis.<\/p>\n<p style=\"text-align: justify;\">Cuando la tasa de ganancia es baja, los capitalistas no hacen inversiones en la econom\u00eda real que crea servicios, productos y empleos. Entonces, los capitalistas intentan invertir su capital en el extranjero o guardarlo en efectivo, o invertirlo en activos financieros como acciones y bonos, lo que Marx llam\u00f3 \u201ccapital ficticio\u201d. En cualquier caso, las ganancias y la nueva producci\u00f3n cesan y se produce una crisis.<\/p>\n<p style=\"text-align: justify;\">En este momento, con un desempleo masivo y la bolsa de valores en picada, la crisis del COVID-19 seguramente provocar\u00e1 una crisis econ\u00f3mica, retrasada 12 a\u00f1os despu\u00e9s de la crisis de 2008.<\/p>\n<p style=\"text-align: justify;\">Las crisis solo pueden superar temporalmente el problema de la tasa de ganancia destruyendo capital. Esto sucede cuando la bolsa de valores se desploma, o cuando el capital se destruye f\u00edsicamente en una guerra imperialista o porque se oxida por falta de uso en una depresi\u00f3n. Debido a que la tendencia a la ca\u00edda de la tasa de ganancia es una ley del movimiento del sistema capitalista, no hay otra salida de este ciclo que la revoluci\u00f3n comunista.<\/p>\n<p><img loading=\"lazy\" decoding=\"async\" class=\"wp-image-5521 aligncenter\" src=\"https:\/\/icwpredflag.org\/wp\/wordpress\/wps\/wp-content\/uploads\/sites\/2\/2020\/03\/chinmarxtheory-300x132.jpg\" alt=\"\" width=\"691\" height=\"304\" srcset=\"https:\/\/icwpredflag.org\/wp\/wordpress\/wps\/wp-content\/uploads\/sites\/2\/2020\/03\/chinmarxtheory-300x132.jpg 300w, https:\/\/icwpredflag.org\/wp\/wordpress\/wps\/wp-content\/uploads\/sites\/2\/2020\/03\/chinmarxtheory.jpg 403w\" sizes=\"auto, (max-width: 691px) 100vw, 691px\" \/><\/p>\n<p style=\"text-align: center;\"><strong>P\u00f3ster Chino: Creando Tropas Te\u00f3ricas Marxistas al Calor de la Batalla<\/strong><\/p>\n<h3 id=\"vida\" style=\"text-align: center;\"><span style=\"color: #ff0000;\"><strong>Las Masas Necesitan el Comunismo para Prevenir y Detener Nuevas Enfermedades que Amenazan la Vida<\/strong><\/span><\/h3>\n<p style=\"text-align: justify;\">En marzo de 2019, cuatro cient\u00edficos chinos de Wuhan y Beijing publicaron un art\u00edculo cient\u00edfico titulado \u201cMurci\u00e9lago Coronavirus en China\u201d. Analizaron tres grandes epidemias recientes causadas por coronavirus (CoVs). Estas fueron: S\u00edndrome Respiratorio Agudo Severo (SARS, 2003) y S\u00edndrome Respiratorio del Medio Oriente (MERS, 2012), en humanos, y S\u00edndrome de Diarrea Aguda Porcina (SADS, 2018), en cerdos.<\/p>\n<p style=\"text-align: justify;\">El art\u00edculo resumi\u00f3 la evidencia de que estas enfermedades se originaron en murci\u00e9lagos y se transmitieron a personas, camellos y cerdos. Muchos miles de personas murieron en estas epidemias.<\/p>\n<p style=\"text-align: justify;\">Diez meses antes de los primeros casos reportados del COVID-19, el art\u00edculo advirti\u00f3 que es \u201caltamente probable\u201d que futuros brotes de coronavirus se originen en murci\u00e9lagos, y que esto ocurrir\u00eda en China. Report\u00f3: \u201cEn general, se cree que los CoVs nacidos de murci\u00e9lagos volver\u00e1n a surgir para causar el pr\u00f3ximo brote de la enfermedad\u201d.<\/p>\n<p style=\"text-align: justify;\">Hay murci\u00e9lagos en casi todo el mundo. MERS comenz\u00f3 en Arabia Saudita. El \u00c9bola puede provenir de murci\u00e9lagos en la Republica Democr\u00e1tica del Congo.<\/p>\n<p style=\"text-align: justify;\">Las enfermedades tambi\u00e9n provienen de otros animales adem\u00e1s de los murci\u00e9lagos. El virus de la gripe H1N1 provino de aves. Eso no significa que los murci\u00e9lagos y las aves tengan la culpa.<\/p>\n<p style=\"text-align: justify;\">Las actividades capitalistas crean condiciones que estimulan la transmisi\u00f3n de enfermedades animales a los humanos.<\/p>\n<p style=\"text-align: justify;\">El capitalismo es el principal responsable de la destrucci\u00f3n del h\u00e1bitat de los animales salvajes. El agronegocio capitalista incluye grandes explotaciones ganaderas, aumentando la producci\u00f3n con antibi\u00f3ticos. Esto produce enormes desechos los cuales atraen a animales salvajes. Las personas en las zonas rurales a menudo tienen que cazar estos animales para alimentarse, creando otra fuente de riesgo.<\/p>\n<p style=\"text-align: justify;\">La propagaci\u00f3n de nuevas enfermedades potencialmente mortales es una certeza. Las masas no solo necesitamos una buena atenci\u00f3n m\u00e9dica y educaci\u00f3n sanitaria, sino tambi\u00e9n esfuerzos constantes a gran escala para prevenir y detener las epidemias.<\/p>\n<p style=\"text-align: justify;\">Obviamente, el capitalismo no hace esto. Las prioridades de los capitalistas siempre son obtener m\u00e1s ganancias y prepararse para pelear guerras imperialistas con otros capitalistas. Las epidemias solo son importantes para ellos cuando amenazan las ganancias.<\/p>\n<p style=\"text-align: justify;\">Ahora, la fuerte competencia entre los capitalistas y la ca\u00edda en la tasa de ganancias los obligan a reducir todo tipo de atenci\u00f3n m\u00e9dica, incluso encontrar y detener epidemias antes de que maten a millones.<\/p>\n<p style=\"text-align: justify;\">No podemos vivir bajo este sistema. El momento de luchar por el comunismo es ahora.<\/p>\n<p>NOTA: El articulo est\u00e1 en ingl\u00e9s y puede descargarse gratis en <a href=\"https:\/\/www.mdpi.com\/1999-4915\/11\/3\/210\">https:\/\/www.mdpi.com\/1999-4915\/11\/3\/210<\/a><\/p>\n<h3 id=\"ideal\" style=\"text-align: center;\"><span style=\"color: #ff0000;\"><strong>Coronavirus, Idealismo e Imperialismo<\/strong><\/span><\/h3>\n<p style=\"text-align: justify;\">La crisis del COVID-19 expone la posibilidad de que surjan relaciones comunistas a medida que las relaciones de producci\u00f3n capitalistas existentes se vean seriamente socavadas.<\/p>\n<p style=\"text-align: justify;\">Cuando el coronavirus se propag\u00f3 por primera vez en China, los patrones estadounidenses se dedicaron a atacar a China. Acusaron al gobierno chino de suprimir informaci\u00f3n, restringir el movimiento y en general manejar mal la crisis. El mensaje poco sutil era: \u201cLa p\u00e9rdida de China es la ganancia de Estados Unidos\u201d.<\/p>\n<p style=\"text-align: justify;\">Un an\u00e1lisis cient\u00edfico materialista comienza con la comprensi\u00f3n de que todo cambia. En contraste, los patrones estadounidenses promovieron una perspectiva idealista poco cient\u00edfica de que nada cambiar\u00eda. Su respuesta asumi\u00f3 que el coronavirus era un virus \u201cextra\u00f1o\u201d y que el capitalismo estadounidense permanecer\u00eda intacto.<\/p>\n<p style=\"text-align: justify;\">Los imperialistas chinos ya han salido m\u00e1s fuertes de la crisis. Han podido reabrir f\u00e1bricas, mientras que Estados Unidos y Europa probablemente permanecer\u00e1n en cuarentena.<\/p>\n<p style=\"text-align: justify;\">El capitalismo de Estado de China puede organizar a toda su sociedad, que lo cual no pueden hacer las econom\u00edas capitalistas tradicionales de libre mercado. Sin embargo, los trabajadores chinos todav\u00eda son esclavos asalariados y est\u00e1n experimentando dificultades y una posible p\u00e9rdida de empleos. \u00a1Ellos tambi\u00e9n necesitan una verdadera revoluci\u00f3n comunista!<\/p>\n<p style=\"text-align: justify;\">La incapacidad de los capitalistas occidentales de organizarse tan efectivamente como los capitalistas chinos intensificar\u00e1 y agudizar\u00e1 las contradicciones interimperialistas. El COVID-19 le ha permitido a China ensayar y exhibir su preparaci\u00f3n para la guerra. Mientras tanto, los Trumps y los Bolsonaros est\u00e1n estancados en su idealismo anticient\u00edfico.<\/p>\n<p style=\"text-align: justify;\">Las posibilidades de la lucha de clases comunista son infinitas. La clave es alentar a los colectivos y camaradas a usar <strong><em>Bandera Roja<\/em><\/strong> como el arma m\u00e1s poderosa en manos de la clase trabajadora internacional.<\/p>\n<p style=\"text-align: justify;\">Los camaradas en Sud\u00e1frica pueden confrontar a los patrones que requieren que los trabajadores traigan sus propios desinfectantes de manos. En la India, contin\u00faa la indignaci\u00f3n masiva contra las fascistas leyes de ciudadan\u00eda. En algunas \u00e1reas se ha intensificado. Los j\u00f3venes camaradas en\u00e9rgicos est\u00e1n difundiendo <strong><em>Bandera Roja<\/em><\/strong> y dando apoyo, moral y financiero, a los camaradas costureros.<\/p>\n<p style=\"text-align: justify;\">La sociedad comunista se organizar\u00e1 en torno al conocimiento cient\u00edfico. Las masas trabajadoras, capacitadas en el materialismo dial\u00e9ctico, comprender\u00e1n r\u00e1pidamente la ciencia de c\u00f3mo se propagan los virus y c\u00f3mo acabar con ellos.<\/p>\n<p style=\"text-align: justify;\">La ciencia y las relaciones comunistas enterrar\u00e1n situaciones similares al coronavirus en muy poco tiempo. Sin embargo, ahora es tiempo de que organicemos a las masas para enterrar el capitalismo. Hagamos un esfuerzo concertado para reclutar nuevos miembros para el Partido.<\/p>\n<p>Camarada en California, EEUU.<\/p>\n<h4 class=\"p1\" style=\"text-align: center;\"><span style=\"color: #ff0000;\">Otros Recursos en el sitio web sobre el Coronavirus y la Lucha por el Comunismo<\/span><\/h4>\n<p class=\"p3\" style=\"text-align: center;\"><strong><a href=\"https:\/\/icwpredflag.org\/wp\/wordpress\/wps\/wp-content\/uploads\/sites\/2\/2020\/02\/BR031120.pdf\">El Capitalismo Es M\u00e1s Mortal Que Cualquier Virus<\/a><\/strong><\/p>\n<p class=\"p3\" style=\"text-align: center;\"><strong><a href=\"https:\/\/icwpredflag.org\/wp\/wordpress\/wps\/wp-content\/uploads\/sites\/2\/2020\/03\/BR040120.pdf\">Art\u00edculos sobre el Coronavirus de Ir\u00e1n, de un trabajador de la salud en Texas y de los trabajadores aeroespaciales de Boeing<\/a><\/strong><\/p>\n<p class=\"p3\" style=\"text-align: center;\"><strong><a href=\"https:\/\/icwpredflag.org\/wp\/wordpress\/wps\/wp-content\/uploads\/sites\/2\/2020\/03\/SP_COVID_k-revised-lbMM.pdf\">Volante de emergencia Sobre Coronavirus como volante<\/a><\/strong><\/p>\n<p class=\"p5\" style=\"text-align: center;\"><strong><a href=\"https:\/\/icwpredflag.org\/wp\/wordpress\/coronavirus-other-languages\/\">Volante de emergencia Sobre Coronavirus en Espa\u00f1ol, Italiano, Franc\u00e9s, Alem\u00e1n, y Ruso<\/a><\/strong><\/p>\n<h4 style=\"text-align: center;\"><a href=\"https:\/\/icwpredflag.org\/wp\/wordpress\/wps\/volume-11-especial-sobre-pandemia-de-covid-19\/\">Primera p\u00e1gina de esta edici\u00f3n<\/a><\/h4>\n","protected":false},"excerpt":{"rendered":"<p>En esta p\u00e1gina: El Coronavirus y las Contradicciones Capitalistas \u2666\u00a0Porque el Capitalismo No Puede Ser Reparado \u2666\u00a0Las Masas Necesitan el Comunismo para Prevenir y Detener Nuevas Enfermedades que Amenazan la Vida \u2666\u00a0Coronavirus, Idealismo e Imperialismo \u2666 El Coronavirus y las Contradicciones Capitalistas Ya se culpa al coronavirus por la crisis econ\u00f3mica mundial que est\u00e1 a &hellip; <a href=\"https:\/\/icwpredflag.org\/wp\/wordpress\/wps\/volume-11-especial-sobre-pandemia-de-covid-19\/ciencia-y-el-capitalismo-coronavirus-crisis-y-el-imperialismo\/\" class=\"more-link\">Sigue leyendo <span class=\"screen-reader-text\">Ciencia y el Capitalismo: Coronavirus, Crisis y el Imperialismo<\/span><\/a><\/p>\n","protected":false},"author":1,"featured_media":3638,"parent":5520,"menu_order":0,"comment_status":"closed","ping_status":"closed","template":"","meta":{"footnotes":""},"class_list":["post-5571","page","type-page","status-publish","has-post-thumbnail","hentry"],"_links":{"self":[{"href":"https:\/\/icwpredflag.org\/wp\/wordpress\/wps\/wp-json\/wp\/v2\/pages\/5571","targetHints":{"allow":["GET"]}}],"collection":[{"href":"https:\/\/icwpredflag.org\/wp\/wordpress\/wps\/wp-json\/wp\/v2\/pages"}],"about":[{"href":"https:\/\/icwpredflag.org\/wp\/wordpress\/wps\/wp-json\/wp\/v2\/types\/page"}],"author":[{"embeddable":true,"href":"https:\/\/icwpredflag.org\/wp\/wordpress\/wps\/wp-json\/wp\/v2\/users\/1"}],"replies":[{"embeddable":true,"href":"https:\/\/icwpredflag.org\/wp\/wordpress\/wps\/wp-json\/wp\/v2\/comments?post=5571"}],"version-history":[{"count":21,"href":"https:\/\/icwpredflag.org\/wp\/wordpress\/wps\/wp-json\/wp\/v2\/pages\/5571\/revisions"}],"predecessor-version":[{"id":5633,"href":"https:\/\/icwpredflag.org\/wp\/wordpress\/wps\/wp-json\/wp\/v2\/pages\/5571\/revisions\/5633"}],"up":[{"embeddable":true,"href":"https:\/\/icwpredflag.org\/wp\/wordpress\/wps\/wp-json\/wp\/v2\/pages\/5520"}],"wp:featuredmedia":[{"embeddable":true,"href":"https:\/\/icwpredflag.org\/wp\/wordpress\/wps\/wp-json\/wp\/v2\/media\/3638"}],"wp:attachment":[{"href":"https:\/\/icwpredflag.org\/wp\/wordpress\/wps\/wp-json\/wp\/v2\/media?parent=5571"}],"curies":[{"name":"wp","href":"https:\/\/api.w.org\/{rel}","templated":true}]}}