{"id":5587,"date":"2020-03-27T22:58:35","date_gmt":"2020-03-27T22:58:35","guid":{"rendered":"https:\/\/icwpredflag.org\/wp\/wordpress\/wps\/?page_id=5587"},"modified":"2020-03-29T05:22:55","modified_gmt":"2020-03-29T05:22:55","slug":"lucha-contra-el-fascismo-de-los-patrones","status":"publish","type":"page","link":"https:\/\/icwpredflag.org\/wp\/wordpress\/wps\/volume-11-especial-sobre-pandemia-de-covid-19\/lucha-contra-el-fascismo-de-los-patrones\/","title":{"rendered":"Lucha Contra el Fascismo de los Patrones"},"content":{"rendered":"<h3 style=\"text-align: center;\"><span style=\"color: #ff0000;\">Movilizar a las Masas para el Comunismo: India, Los \u00c1ngeles (EE. UU.)<\/span><\/h3>\n<h4><span style=\"color: #ff0000;\">En esta p\u00e1gina:<\/span><\/h4>\n<h4><a href=\"https:\/\/icwpredflag.org\/wp\/wordpress\/wps\/volume-11-especial-sobre-pandemia-de-covid-19\/lucha-contra-el-fascismo-de-los-patrones\/#ahora\">\u00a1Revoluci\u00f3n Comunista Ahora!\u201d Resuena en las Calles de Delhi <\/a> \u2666 <a href=\"https:\/\/icwpredflag.org\/wp\/wordpress\/wps\/volume-11-especial-sobre-pandemia-de-covid-19\/lucha-contra-el-fascismo-de-los-patrones\/#masas\">M\u00e1s Seguro con las Masas Movilizando para el Comunismo Bajo Ordenes de Encerrarse en Casa<\/a> \u2666<\/h4>\n<h3 id=\"ahora\" style=\"text-align: center;\"><span style=\"color: #ff0000;\"><strong>\u00a1Revoluci\u00f3n Comunista Ahora!\u201d Resuena en las Calles de Delhi<\/strong><\/span><\/h3>\n<p style=\"text-align: justify;\">DELHI, INDIA \u2014 El fascista gobierno indio no est\u00e1 preparado para enfrentar la propagaci\u00f3n del corona virus. El primer ministro Modi apareci\u00f3 en la televisi\u00f3n nacional vomitando su fascismo y organizando a las masas a la xenofobia. Le pidi\u00f3 a la gente que observe un \u201ctoque de queda del pueblo\u201d de 14 horas para contener el virus. Luego le pidi\u00f3 a la gente que aplaudieran y golpearan sus ollas y sartenes vac\u00edos a las 5 PM del domingo.<\/p>\n<p style=\"text-align: justify;\">Los miembros del Partido Comunista Obrero Internacional han estado en varios lugares. Tratamos de explicarles a nuestros amigos, vecinos, estudiantes e incluso a algunos soldados que este sistema capitalista de ganancias es la ra\u00edz de la crisis del coronavirus y de muchas otras enfermedades que podr\u00edan prevenirse f\u00e1cilmente en el comunismo. Existen una ira y confusi\u00f3n generalizadas que estamos luchando por transformarlas en una fuerza revolucionaria donde nuestros lectores de <strong>Bandera Roja<\/strong> se sientan motivados a unirse a nuestro Partido<\/p>\n<p style=\"text-align: justify;\">A las 5 PM de la tarde, el tiempo dado por Modi para apoyar su pol\u00edtica fascista aplaudiendo y golpeando las ollas, muchos de nosotros quer\u00edamos aprovechar esta oportunidad para atacar el capitalismo y el fascismo. En muchas \u00e1reas dominadas por musulmanes y dalit, donde tenemos miembros, le pedimos a la gente que golpeara ollas vac\u00edas para exigir alimentos y atenci\u00f3n m\u00e9dica.<\/p>\n<p style=\"text-align: justify;\">Los estudiantes de la Universidad Jawaharal Nehru, la Universidad de Delhi y la Universidad Jamia Millia han estado luchando contra las leyes de ciudadan\u00eda xen\u00f3foba. Muchos comenzaron consignas que dec\u00edan \u201cviva el comunismo\u201d, \u201clas mujeres de Jamia han mostrado el camino para luchar contra la polic\u00eda fascista\u201d. Nosotros no comenzamos esto, pero nos involucramos. En muchas calles resonaban sonidos ensordecedores de \u201c\u00a1Revoluci\u00f3n comunista ahora!\u201d Esto contrastaba fuertemente con los partidarios de RSS y BJP de Modi que bailaban y apoyaban al gobierno.<\/p>\n<p style=\"text-align: justify;\">La indignaci\u00f3n de las masas continu\u00f3. Nos dimos cuenta de que ten\u00edamos que actuar r\u00e1pidamente. Estamos circulando nuestra literatura de muchas maneras diferentes, pero queremos que las masas ingresen al PCOI.<\/p>\n<p style=\"text-align: justify;\">Nos reunimos como colectivos muchas veces. En India, casi el 80% de los trabajadores son esclavos asalariados de manera informal. Son jornaleros. En la India hay alrededor de 300 casos reportados de coronavirus. Pero el cierre completo de ciudades ha dejado literalmente a cientos de millones de personas sin ning\u00fan medio para sobrevivir. Mucho antes de que se mueran de enfermedades relacionadas con el coronavirus, las masas est\u00e1n siendo condenadas a morirse de hambre.<\/p>\n<p style=\"text-align: justify;\">Algunos camaradas recuerdan la crisis alimentaria de 1968 en la India, cuando la guerra de Vietnam estaba en su apogeo y el imperialismo estadounidense estaba en retirada. Vemos la situaci\u00f3n actual como un comienzo de sublevaciones masivas: rebeliones alimentarias.<\/p>\n<p style=\"text-align: justify;\">Solo el comunismo puede traernos azadi (la libertad) a los obreros y las masas empobrecidas de la India.<\/p>\n<p style=\"text-align: justify;\">Colectivo Juvenil del PCOI en la India<\/p>\n<p><img loading=\"lazy\" decoding=\"async\" class=\"wp-image-5527 aligncenter\" src=\"https:\/\/icwpredflag.org\/wp\/wordpress\/wps\/wp-content\/uploads\/sites\/2\/2020\/03\/indiawomen-300x201.jpg\" alt=\"\" width=\"684\" height=\"458\" srcset=\"https:\/\/icwpredflag.org\/wp\/wordpress\/wps\/wp-content\/uploads\/sites\/2\/2020\/03\/indiawomen-300x201.jpg 300w, https:\/\/icwpredflag.org\/wp\/wordpress\/wps\/wp-content\/uploads\/sites\/2\/2020\/03\/indiawomen.jpg 341w\" sizes=\"auto, (max-width: 684px) 100vw, 684px\" \/><\/p>\n<p style=\"text-align: center;\"><strong>India: Las mujeres de Shaheen Bagh toman precauciones mientras protestan contra las fascistas leyes de ciudadan\u00eda de Modi\u00a0<\/strong><\/p>\n<h3 id=\"masas\" style=\"text-align: center;\"><span style=\"color: #ff0000;\"><strong>M\u00e1s Seguro con las Masas Movilizando para el Comunismo Bajo Ordenes de Encerrarse en Casa<\/strong><\/span><\/h3>\n<p style=\"text-align: justify;\">LOS \u00c1NGELES, EE. UU., 20 de marzo &#8211; Ayer, la Junta de Supervisores del Condado de Los \u00c1ngeles emiti\u00f3 la orden \u201cM\u00e1s seguridad en Casa\u201d. Y los camaradas publicaron un volante titulado \u201cPandemia Coronavirus: Necesitamos Acabar con el Capitalismo lo M\u00e1s Pronto Posible. El momento de Movilizar a las Masas para el Comunismo es Ahora\u201d.<\/p>\n<p style=\"text-align: justify;\">La ma\u00f1ana siguiente, un grupo de miembros del Partido decidi\u00f3 ir a un supermercado local a distribuirles literatura a los trabajadores que se abastec\u00edan de alimentos y otras necesidades.<\/p>\n<p style=\"text-align: justify;\">Una camarada mayor imprimi\u00f3 el volante, y tres camaradas m\u00e1s j\u00f3venes y un viejo amigo del Partido (las edades oscilaban de 30 a 50 a\u00f1os) se reunieron en el estacionamiento. Nuestro plan era colocar los folletos en los parabrisas de los autos, para mantener lo m\u00e1s posible seis pies de distancia con las personas.<\/p>\n<p style=\"text-align: justify;\">La mayor\u00eda de las personas fueron receptivas. Distribuimos m\u00e1s de cien volantes y aproximadamente 60 <strong><em>Bandera Roja<\/em><\/strong> en una hora y media. Tuvimos algunas conversaciones largas, incluida una con un compa\u00f1ero de trabajo y vecino de uno de los camaradas.<\/p>\n<p style=\"text-align: justify;\">En lugar de entrar en p\u00e1nico y permitirnos ser callados, estamos organizando para el mundo que imaginamos. Los camaradas hicieron un plan. Los que estaban en menor riesgo salieron y distribuyeron nuestra literatura a las masas. Los que no pod\u00edan ayudaron de otras maneras.<\/p>\n<p style=\"text-align: justify;\">\u201cFue medicinal\u201d, dijo nuestro amigo. \u201cLa gente fue muy acogedora a pesar de tiempos tan tensos. No hab\u00eda hecho este tipo trabajo social en aproximadamente 10 a\u00f1os, as\u00ed que realmente disfrut\u00e9 involucrarme con la comunidad desde un distancia segura como lo hicimos hoy\u201d.<\/p>\n<p style=\"text-align: justify;\">Los camaradas que participaron en esta acci\u00f3n son un\u00e1nimes en que debemos continuar haci\u00e9ndolo mientras sea posible.<\/p>\n<p style=\"text-align: justify;\">\u201cExiste la necesidad de crear grupos de respuesta r\u00e1pida de 3 a 4 personas para movilizar acciones seg\u00fan sea necesario. Todos deber\u00edamos pensar en esto y comenzar a construir estos grupos\u201d, dijo un camarada despu\u00e9s.<\/p>\n<p style=\"text-align: justify;\">\u201cTenemos que seguir haciendo estas cosas mientras podamos salir de nuestras casas\u201d, coment\u00f3 otro camarada.<\/p>\n<p style=\"text-align: justify;\">\u201cCuando no podamos salir de nuestras casas\u201d, respondi\u00f3 el tercer camarada, \u201ctenemos que hacer planes para llegar a los obreros clandestinamente. Las redes sociales son buenas, pero nada se compara con el contacto personal\u201d.<\/p>\n<p style=\"text-align: justify;\">Otros camaradas expresaron dudas sobre la conveniencia de esta acci\u00f3n. Un camarada se\u00f1al\u00f3 que es una ilusi\u00f3n pensar que solo las personas mayores est\u00e1n en peligro con este virus. El 40% de las personas hospitalizadas en los EE. UU. tienen entre 20 y 55 a\u00f1os de edad. Estos camaradas instaron que nos aislemos para no propagar el virus.<\/p>\n<p style=\"text-align: justify;\">Tomamos en serio esta cr\u00edtica y todav\u00eda la estamos sopesando cuidadosamente.<\/p>\n<p style=\"text-align: justify;\">Pero tambi\u00e9n pensamos en nuestros amigos, familiares y camaradas que no tienen la opci\u00f3n de autoaislarse. Los empleados de supermercados y los trabajadores de almacenes, de hospitales, los carteros, conductores de autobuses y mec\u00e1nicos. Pensamos en los costureros\/as en la India, los prisioneros, los migrantes detenidos y en campos de refugiados y los obreros de Boeing. Pensamos en el 47% de la poblaci\u00f3n mundial sin acceso a agua limpia. Y decidimos tomar precauciones, pero continuar haciendo esto e involucrar a otros.<\/p>\n<p style=\"text-align: justify;\">Los volantes y <strong><em>Bandera Roja<\/em><\/strong> son nuestras armas en la guerra contra el capitalismo. En tiempos como este no necesitamos estar inmovilizados sino m\u00e1s bien movilizados. Las masas en todo el mundo est\u00e1n respondiendo al llamado del comunismo. Y nosotros debemos hacer todo lo posible para asegurarnos de que ese llamado resuene fuerte y claramente.<\/p>\n<h4><a href=\"https:\/\/icwpredflag.org\/wp\/wordpress\/wps\/volume-11-especial-sobre-pandemia-de-covid-19\/\">Primera p\u00e1gina de esta edici\u00f3n<\/a><\/h4>\n","protected":false},"excerpt":{"rendered":"<p>Movilizar a las Masas para el Comunismo: India, Los \u00c1ngeles (EE. UU.) En esta p\u00e1gina: \u00a1Revoluci\u00f3n Comunista Ahora!\u201d Resuena en las Calles de Delhi \u2666 M\u00e1s Seguro con las Masas Movilizando para el Comunismo Bajo Ordenes de Encerrarse en Casa \u2666 \u00a1Revoluci\u00f3n Comunista Ahora!\u201d Resuena en las Calles de Delhi DELHI, INDIA \u2014 El fascista &hellip; <a href=\"https:\/\/icwpredflag.org\/wp\/wordpress\/wps\/volume-11-especial-sobre-pandemia-de-covid-19\/lucha-contra-el-fascismo-de-los-patrones\/\" class=\"more-link\">Sigue leyendo <span class=\"screen-reader-text\">Lucha Contra el Fascismo de los Patrones<\/span><\/a><\/p>\n","protected":false},"author":1,"featured_media":3638,"parent":5520,"menu_order":0,"comment_status":"closed","ping_status":"closed","template":"","meta":{"footnotes":""},"class_list":["post-5587","page","type-page","status-publish","has-post-thumbnail","hentry"],"_links":{"self":[{"href":"https:\/\/icwpredflag.org\/wp\/wordpress\/wps\/wp-json\/wp\/v2\/pages\/5587","targetHints":{"allow":["GET"]}}],"collection":[{"href":"https:\/\/icwpredflag.org\/wp\/wordpress\/wps\/wp-json\/wp\/v2\/pages"}],"about":[{"href":"https:\/\/icwpredflag.org\/wp\/wordpress\/wps\/wp-json\/wp\/v2\/types\/page"}],"author":[{"embeddable":true,"href":"https:\/\/icwpredflag.org\/wp\/wordpress\/wps\/wp-json\/wp\/v2\/users\/1"}],"replies":[{"embeddable":true,"href":"https:\/\/icwpredflag.org\/wp\/wordpress\/wps\/wp-json\/wp\/v2\/comments?post=5587"}],"version-history":[{"count":14,"href":"https:\/\/icwpredflag.org\/wp\/wordpress\/wps\/wp-json\/wp\/v2\/pages\/5587\/revisions"}],"predecessor-version":[{"id":5643,"href":"https:\/\/icwpredflag.org\/wp\/wordpress\/wps\/wp-json\/wp\/v2\/pages\/5587\/revisions\/5643"}],"up":[{"embeddable":true,"href":"https:\/\/icwpredflag.org\/wp\/wordpress\/wps\/wp-json\/wp\/v2\/pages\/5520"}],"wp:featuredmedia":[{"embeddable":true,"href":"https:\/\/icwpredflag.org\/wp\/wordpress\/wps\/wp-json\/wp\/v2\/media\/3638"}],"wp:attachment":[{"href":"https:\/\/icwpredflag.org\/wp\/wordpress\/wps\/wp-json\/wp\/v2\/media?parent=5587"}],"curies":[{"name":"wp","href":"https:\/\/api.w.org\/{rel}","templated":true}]}}