{"id":5797,"date":"2020-04-25T17:42:27","date_gmt":"2020-04-25T17:42:27","guid":{"rendered":"https:\/\/icwpredflag.org\/wp\/wordpress\/wps\/?page_id=5797"},"modified":"2020-04-25T17:47:43","modified_gmt":"2020-04-25T17:47:43","slug":"obreros-del-mundo-unios-por-el-comunismo","status":"publish","type":"page","link":"https:\/\/icwpredflag.org\/wp\/wordpress\/wps\/volumen-11-numero-5\/obreros-del-mundo-unios-por-el-comunismo\/","title":{"rendered":"\u00a1Obreros del Mundo Un\u00edos Por el Comunismo!"},"content":{"rendered":"<h3 style=\"text-align: center;\"><span style=\"color: #ff0000;\"><strong>Obreros Industriales En La Antesala del Pat\u00edbulo: <\/strong><strong>El Comunismo Acabar\u00e1 con los Capitalistas Que Nos Tratan Como Conejillos de Indias<\/strong><\/span><\/h3>\n<p style=\"text-align: justify;\">SEATTLE, WASHINGTON (EE. UU.): Veintisiete mil trabajadores de Boeing recibieron la orden de regresar al trabajo la semana del 20 al 27 de abril. Podemos descartar la propaganda de la compa\u00f1\u00eda de c\u00f3mo su primera prioridad es nuestra seguridad. Los ejecutivos de Boeing contin\u00faan burl\u00e1ndose incluso las recomendaciones inadecuadas de los grupos oficiales de asesor\u00eda m\u00e9dica.<\/p>\n<p style=\"text-align: justify;\">Los ejecutivos corporativos citan la ley para justificar arriesgar nuestras vidas y las vidas de aquellos con quienes interactuamos en la comunidad. Las leyes federales y estatales dicen que Boeing puede continuar su \u00abproducci\u00f3n esencial\u00bb.<\/p>\n<p style=\"text-align: justify;\">Una obrera le pregunt\u00f3 a su jefe qu\u00e9 es esencial. El jefe respondi\u00f3: \u00abCualquier cosa que digamos es esencial es esencial\u00bb.<\/p>\n<p style=\"text-align: justify;\">\u00bfEn qu\u00e9 circulo del infierno cabe que hacer aviones es esencial cuando el 62%, como 7 mil, de todos los aviones Boeing est\u00e1n parados?<\/p>\n<p style=\"text-align: justify;\">Las desesperadas aerol\u00edneas ya han solicitado una serie de aplazamientos de entrega de aviones. Cientos de pedidos del MAX han sido cancelados.<\/p>\n<p style=\"text-align: justify;\">Usualmente, Boeing entrega m\u00e1s de 80 aviones al mes. En marzo, \u00abentregaron\u00bb un total de 12 de fuselaje ancho. Diez de esos ahora est\u00e1n almacenados en el estacionamiento de la planta de Everett. Pueda que los pocos asignados a clientes nunca sean recogidos.<\/p>\n<p style=\"text-align: justify;\">Otro amigo resumi\u00f3 la situaci\u00f3n cuando escuch\u00f3 que Boeing nos obligaba a regresar al trabajo. \u00ab\u00bfPara hacer que?\u00bb cuestion\u00f3 con asombro.<\/p>\n<p style=\"text-align: justify;\">Es seguro que habr\u00e1 miles de despidos. La \u00fanica pregunta es cu\u00e1ntas decenas de miles. \u00bfY cu\u00e1ntos millones de obreros de los subcontratistas, un cantidad desproporcionada de los cuales son negros y latinos?<\/p>\n<p style=\"text-align: justify;\">Este c\u00edrculo del infierno se llama capitalismo. La reanudaci\u00f3n prematura de la producci\u00f3n se basa, en parte, en un intento desesperado por lograr que el fatalmente defectuoso 737 MAX vuelva a volar. La compa\u00f1\u00eda necesita que preparemos la f\u00e1brica de Renton para la producci\u00f3n, incluso antes de que la Administraci\u00f3n Federal de Aviones le de el visto bueno al avi\u00f3n.<\/p>\n<p style=\"text-align: justify;\">Adem\u00e1s, un peque\u00f1o n\u00famero de aviones son adaptaciones comerciales utilizadas por los militares. Alrededor de 2,000 trabajadores involucrados en su producci\u00f3n comenzaron a trabajar la semana pasada, junto con cientos asignados para mantener el creciente n\u00famero de aviones comerciales almacenados en los estacionamientos de la compa\u00f1\u00eda.<\/p>\n<p style=\"text-align: justify;\">La competencia capitalista internacional impulsa esta temeraria carrera para producir. Est\u00e1 previsto que China comience el pr\u00f3ximo a\u00f1o la producci\u00f3n comercial de su avi\u00f3n competidor. Incluso la problementada Airbus est\u00e1 en una mejor posici\u00f3n para enfrentar esta nueva competencia.<\/p>\n<p style=\"text-align: justify;\">El mismo escenario sombr\u00edo se est\u00e1 desarrollando entre 2.6 millones de obreros automotrices europeos. Los capitalistas automotrices han ordenado que sus l\u00edneas de ensamblaje comiencen a funcionar. Han admitido abiertamente que este es un experimento &#8211; con los obreros automotrices como conejillos de indias. Mientras tanto, las ventas se han reducido en 85 por ciento. Y esto est\u00e1 pasando en todas partes en este mundo capitalista.<\/p>\n<p style=\"text-align: justify;\"><strong>La Ciencia Capitalista Sirve a los Capitalistas<\/strong><\/p>\n<p style=\"text-align: justify;\">Para Boeing, ganarle a la competencia y asegurar sus ganancias es esencial. Pero esa l\u00f3gica podr\u00eda no ser v\u00e1lida para la mayor\u00eda de obreros. Para ganarse a los obreros, la compa\u00f1\u00eda ha recurrido, en parte, a la ciencia capitalista.<\/p>\n<p style=\"text-align: justify;\">Durante el cierre de 4 semanas, muchos de nosotros obtuvimos nuestra informaci\u00f3n sobre los planes de la compa\u00f1\u00eda de un sitio Web especialmente dise\u00f1ado. El sitio Web presentaba p\u00e1ginas tras p\u00e1ginas alabando al CPE (Centros para el Control y la Prevenci\u00f3n de Enfermedades).<\/p>\n<p style=\"text-align: justify;\">Notamos que el CPE comenz\u00f3 a cambiar sus recomendaciones. Muchos en nuestros grupos de texto y aquellos que vinieron a recoger m\u00e1scaras vieron lo que estaba por venir. La auto-cuarentena y pruebas completadas para COVID-19 fueron exentas. Estos cambios (y otros) fueron dise\u00f1ados para acomodar la necesidad de los capitalistas de preservar su precaria posici\u00f3n en la competencia interimperialista.<\/p>\n<p style=\"text-align: justify;\">Supimos esto con certeza cuando se anunci\u00f3 que el gobierno federal estaba formando un nuevo grupo especial para el coronavirus compuesto por altos ejecutivos financieros y de negocios (incluido el de Boeing, Calhoun). La seguridad, y tal vez nuestras propias vidas, estaba siendo sacrificada en el altar de las ganancias y la competencia.<\/p>\n<p style=\"text-align: justify;\">La \u00fanica salida de este c\u00edrculo infernal es la revoluci\u00f3n comunista. M\u00e1s trabajadores est\u00e1n viendo esto. <strong><em>Bandera Roja<\/em><\/strong> est\u00e1 llena de sus an\u00e9cdotas. Y esto est\u00e1 sucediendo incluso cuando nuestros camaradas est\u00e1n f\u00edsicamente separados de sus compa\u00f1eros de trabajo debido a la pandemia.<\/p>\n<p style=\"text-align: justify;\">Los centros de producci\u00f3n comunistas har\u00e1n lo que sea necesario, especialmente durante una emergencia. Ya no seremos maniatados por la necesidad de proteger las ganancias y ganarle a la competencia. El comunismo desatar\u00e1 la fuerza m\u00e1s poderosa en la tierra: miles de millones de trabajadores dedicados a construir una sociedad comunista. \u00danete al PCOI para acelerar el d\u00eda.<\/p>\n<h4 style=\"text-align: center;\"><span style=\"color: #ff0000;\">Obrero del Transporte: \u201cCuenta conmigo\u2014Yo no le veootra salida a esta situaci\u00f3n\u201d<\/span><\/h4>\n<p style=\"text-align: justify;\">Los \u00c1ngeles, EE.UU. 20 de abril\u2014A nivel de todo el pa\u00eds m\u00e1s de 70 trabajadores del transporte p\u00fablico (MTA) han muerto debido al coronavirus, y cientos m\u00e1s han sido infestados.<\/p>\n<p style=\"text-align: justify;\">A principios de abril choferes en la ciudad de Detroit realizaron un paro de labores protestando la falta de m\u00e1scaras protectoras y otros equipos de seguridad.<\/p>\n<p style=\"text-align: justify;\">Hay mucho enojo en contra de los patrones y el sindicato por la forma tard\u00eda en \u201cproteger\u201d a estos trabajadores llamados \u201cesenciales\u201d para transportar a los que todav\u00eda est\u00e1n trabajando o yendo a los hospitales.<\/p>\n<p style=\"text-align: justify;\">Para los capitalistas TODOS los trabajadores somos desechables. Y muchos han podido ver m\u00e1s claramente ese aspecto, pero lo m\u00e1s importante es que muchos han podido ver m\u00e1s claramente la necesidad de construir una nueva sociedad comunista basada en el bienestar de TODOS los trabajadores y ya no m\u00e1s en las ganancias patronales.<\/p>\n<p style=\"text-align: justify;\">Antes del brote del coronavirus los trabajadores miembros y amigos del PCOI en MTA, de Los \u00c1ngeles, nos est\u00e1bamos reuniendo semanalmente y est\u00e1bamos organizando grupos de estudio en un par de divisiones (talleres).<\/p>\n<p style=\"text-align: justify;\">\u00daltimamente hemos reclutado a nuevos amigos a las reuniones que en ocasiones ya las estamos haciendo afuera del lugar de trabajo, para aprovechar la presencia de miembros y familiares.<\/p>\n<p style=\"text-align: justify;\">Por unos d\u00edas se interrumpieron estas reuniones porque la mayor\u00eda salieron con permisos para ayudar a cuidar a sus hijos o familiares adultos. Por tel\u00e9fono nos mantuvimos en comunicaci\u00f3n. Pero esta semana ya comenzaron a regresar algunos y estamos planeando las reuniones en el lugar de trabajo.<\/p>\n<p style=\"text-align: justify;\">Sin embargo, los que quedaron aun trabajando mantuvieron una lucha ideol\u00f3gica con otros trabajadores, con los cuales ya exist\u00eda una relaci\u00f3n pol\u00edtica. Las respuestas han sido muy positivas y parece que el Partido se solidifica a\u00fan m\u00e1s.<\/p>\n<p style=\"text-align: justify;\">Un mec\u00e1nico, lector de <strong><em>Bandera Roja<\/em><\/strong> nos coment\u00f3, \u201cUstedes tienen raz\u00f3n en lo que dicen, necesitamos organizarnos\u201d.<\/p>\n<p style=\"text-align: justify;\">Otro mec\u00e1nico dijo, \u201cEn las pr\u00f3ximas reuniones cuenta conmigo, porque yo no le veo otra salida a este asunto\u201d.<\/p>\n<p style=\"text-align: justify;\">Un chofer de autobuses que siempre ha colaborado con llevar peri\u00f3dicos <strong><em>Bandera Roja<\/em><\/strong> a la cafeter\u00eda de los choferes nos dijo, \u201cDe hoy en adelante, quiero ayudar a organizar entre los choferes\u201d.<\/p>\n<p style=\"text-align: justify;\">Hay muchos comentarios sobre las sospechas de los planes patronales de asesinar a millones de trabajadores para poder continuar explotando y perpetuar su sistema de ganancias.<\/p>\n<p style=\"text-align: justify;\">Aunque no estamos al punto de tomar acciones m\u00e1s audaces como quisi\u00e9ramos, si es claro que tenemos un campo f\u00e9rtil y un plan para hacer crecer nuestro partido y expandir la lucha por una sociedad comunista.<\/p>\n<p style=\"text-align: justify;\"><img loading=\"lazy\" decoding=\"async\" class=\"alignnone  wp-image-5767\" src=\"https:\/\/icwpredflag.org\/wp\/wordpress\/wps\/wp-content\/uploads\/sites\/2\/2020\/04\/Bangladesh-garment-workers-demand-wages-april-15-2020-1-300x195.jpg\" alt=\"\" width=\"692\" height=\"450\" srcset=\"https:\/\/icwpredflag.org\/wp\/wordpress\/wps\/wp-content\/uploads\/sites\/2\/2020\/04\/Bangladesh-garment-workers-demand-wages-april-15-2020-1-300x195.jpg 300w, https:\/\/icwpredflag.org\/wp\/wordpress\/wps\/wp-content\/uploads\/sites\/2\/2020\/04\/Bangladesh-garment-workers-demand-wages-april-15-2020-1-768x500.jpg 768w, https:\/\/icwpredflag.org\/wp\/wordpress\/wps\/wp-content\/uploads\/sites\/2\/2020\/04\/Bangladesh-garment-workers-demand-wages-april-15-2020-1.jpg 919w\" sizes=\"auto, (max-width: 692px) 100vw, 692px\" \/><\/p>\n<p style=\"text-align: center;\"><strong>Bangladesh, 15 de abril del 2020&#8211;Obreras de la costura demandan sus salarios<\/strong><\/p>\n<h3 style=\"text-align: center;\"><span style=\"color: #ff0000;\"><strong>Costureras y Costureros Deben Combatir el Temor Organizando para el Comunismo<\/strong><\/span><\/h3>\n<p style=\"text-align: justify;\">\u201cTengo miedo a contagiarme, y contagiar a mi familia. Pero tengo necesidad, por eso vengo a trabajar en estas condiciones\u201d, Fueron las palabras de una trabajadora de la costura, expresando su preocupaci\u00f3n y la de cientos de trabajadoras que laboran en la f\u00e1brica Los \u00c1ngeles Apparel.<\/p>\n<p style=\"text-align: justify;\">Esta f\u00e1brica abri\u00f3 una nueva secci\u00f3n, contratando a cientos, para producir millones de cubre bocas, destinadas a la venta por ganancias.<\/p>\n<p style=\"text-align: justify;\">\u201cNos dicen que mantengamos seis pies de distancia del otro compa\u00f1ero, pero es dif\u00edcil. A pesar que tenemos gel y usamos mascarillas, creemos que no es suficiente. Todos tenemos miedo. O nos mata el virus, o nos mata el hambre. Tenemos que seguir trabajando\u201d. Dijo otro obrero. Estas son las condiciones de trabajo en estas f\u00e1bricas de hambre que exponen a los trabajadores al contagio.<\/p>\n<p style=\"text-align: justify;\">Con miedo o no, los obreros, muchos de ellos indocumentados, contin\u00faan laborando en una industria donde si antes las condiciones eran insalubres, ahora con la pandemia son una bomba de tiempo, que pueden contagiar y matar miles de trabajadores.<\/p>\n<p style=\"text-align: justify;\">La alternativa para los trabajadores es solo una: luchar por el Comunismo. Millones de trabajadores alrededor del mundo enfrentan la misma situaci\u00f3n. Los patrones, son los \u00fanicos responsables de esta crisis pand\u00e9mica. Ellos crearon las condiciones para que el virus se expandiera r\u00e1pidamente.<\/p>\n<p style=\"text-align: justify;\">Los patrones sab\u00edan que el virus era s\u00faper contagioso y mortal, y siguieron dejando los hospitales sin insumos que protegieran a sus trabajadores.<\/p>\n<p style=\"text-align: justify;\">A los capitalistas sus ganancias son lo que importan, antes, durante y despu\u00e9s de esta crisis. A los trabajadores lo que nos debe importar es acabarlos a ellos ahora mismo. Son tiempos dif\u00edciles para los trabajadores, pero no es el fin del mundo, como andan pregonando algunos.<\/p>\n<p style=\"text-align: justify;\">La clase trabajadora tenemos un futuro promisorio. Estamos en una crisis, pero tambi\u00e9n tenemos la oportunidad de aplastar al sistema capitalista, construyendo el Partido Comunista Obrero Internacional.<\/p>\n<p style=\"text-align: justify;\">Estamos organizando en todo el mundo, a trav\u00e9s de nuestro peri\u00f3dico <strong><em>Bandera Roja.<\/em><\/strong> Tenemos camaradas en La India, El Salvador que trabajan en f\u00e1bricas de costura, que sufren las mismas necesidades que los trabajadores de la costura de Los \u00c1ngeles.<\/p>\n<p style=\"text-align: justify;\">Ellas y ellos all\u00e1 tambi\u00e9n se est\u00e1n organizando por construir una sociedad Comunista. Organicemos el PCOI en la f\u00e1brica, en el hospital, en el campo, etc. El Comunismo es nuestra soluci\u00f3n.<\/p>\n<h4><a href=\"https:\/\/icwpredflag.org\/wp\/wordpress\/wps\/volumen-11-numero-5\/\">Primera p\u00e1gina de esta edici\u00f3n<\/a><\/h4>\n","protected":false},"excerpt":{"rendered":"<p>Obreros Industriales En La Antesala del Pat\u00edbulo: El Comunismo Acabar\u00e1 con los Capitalistas Que Nos Tratan Como Conejillos de Indias SEATTLE, WASHINGTON (EE. UU.): Veintisiete mil trabajadores de Boeing recibieron la orden de regresar al trabajo la semana del 20 al 27 de abril. Podemos descartar la propaganda de la compa\u00f1\u00eda de c\u00f3mo su primera &hellip; <a href=\"https:\/\/icwpredflag.org\/wp\/wordpress\/wps\/volumen-11-numero-5\/obreros-del-mundo-unios-por-el-comunismo\/\" class=\"more-link\">Sigue leyendo <span class=\"screen-reader-text\">\u00a1Obreros del Mundo Un\u00edos Por el Comunismo!<\/span><\/a><\/p>\n","protected":false},"author":1,"featured_media":5655,"parent":5756,"menu_order":0,"comment_status":"closed","ping_status":"closed","template":"","meta":{"footnotes":""},"class_list":["post-5797","page","type-page","status-publish","has-post-thumbnail","hentry"],"_links":{"self":[{"href":"https:\/\/icwpredflag.org\/wp\/wordpress\/wps\/wp-json\/wp\/v2\/pages\/5797","targetHints":{"allow":["GET"]}}],"collection":[{"href":"https:\/\/icwpredflag.org\/wp\/wordpress\/wps\/wp-json\/wp\/v2\/pages"}],"about":[{"href":"https:\/\/icwpredflag.org\/wp\/wordpress\/wps\/wp-json\/wp\/v2\/types\/page"}],"author":[{"embeddable":true,"href":"https:\/\/icwpredflag.org\/wp\/wordpress\/wps\/wp-json\/wp\/v2\/users\/1"}],"replies":[{"embeddable":true,"href":"https:\/\/icwpredflag.org\/wp\/wordpress\/wps\/wp-json\/wp\/v2\/comments?post=5797"}],"version-history":[{"count":3,"href":"https:\/\/icwpredflag.org\/wp\/wordpress\/wps\/wp-json\/wp\/v2\/pages\/5797\/revisions"}],"predecessor-version":[{"id":5800,"href":"https:\/\/icwpredflag.org\/wp\/wordpress\/wps\/wp-json\/wp\/v2\/pages\/5797\/revisions\/5800"}],"up":[{"embeddable":true,"href":"https:\/\/icwpredflag.org\/wp\/wordpress\/wps\/wp-json\/wp\/v2\/pages\/5756"}],"wp:featuredmedia":[{"embeddable":true,"href":"https:\/\/icwpredflag.org\/wp\/wordpress\/wps\/wp-json\/wp\/v2\/media\/5655"}],"wp:attachment":[{"href":"https:\/\/icwpredflag.org\/wp\/wordpress\/wps\/wp-json\/wp\/v2\/media?parent=5797"}],"curies":[{"name":"wp","href":"https:\/\/api.w.org\/{rel}","templated":true}]}}