{"id":5967,"date":"2020-05-22T17:43:54","date_gmt":"2020-05-22T17:43:54","guid":{"rendered":"https:\/\/icwpredflag.org\/wp\/wordpress\/wps\/?page_id=5967"},"modified":"2020-05-22T17:55:23","modified_gmt":"2020-05-22T17:55:23","slug":"comunismo-acabara-con-el-racismo-y-el-desamparo","status":"publish","type":"page","link":"https:\/\/icwpredflag.org\/wp\/wordpress\/wps\/volumen-11-numero-6\/comunismo-acabara-con-el-racismo-y-el-desamparo\/","title":{"rendered":"Comunismo Acabar\u00e1 con el Racismo y el Desamparo"},"content":{"rendered":"<h3 style=\"text-align: center;\"><span style=\"color: #ff0000;\"><strong>Racismo, Covid-19 y la Crisis de la Vivienda del Capitalismo: <\/strong><strong>\u00a1El Comunismo es la Orden del D\u00eda\u00a1<\/strong><\/span><\/h3>\n<p style=\"text-align: justify;\">No te puedes \u00abencuarentenar en tu casa\u00bb si no tienes casa. Esa es la situaci\u00f3n por lo menos de millones de miembros de nuestra familia de la clase obrera en todo el mundo.<\/p>\n<p style=\"text-align: justify;\">No puedes \u00abencuarentenarte en tu casa\u00bb de manera segura si estas entre los mil 800 millones de personas con viviendas extremadamente inadecuadas. En las barriadas urbanas o en la miseria rural desde la India a China, desde Brasil y a EE.UU. Desde Ciudad del Cabo a Madrid a Yakarta. Incluso en las ciudades m\u00e1s ricas del mundo.<\/p>\n<p style=\"text-align: justify;\">Rico, pero abarrotado de gente, Manhattan, Nueva York, tiene 73,000 personas por milla cuadrada. El barrio pobre de Dharavi en Mumbai tiene casi diez veces m\u00e1s.<\/p>\n<p style=\"text-align: justify;\">Unas 800,000 viviendas estadounidenses carecen de agua potable. La Organizaci\u00f3n Mundial de la Salud estim\u00f3 el a\u00f1o pasado que 3 mil millones de personas en todo el mundo carecen de instalaciones b\u00e1sicas para lavarse las manos. Covid-19 devasta sus comunidades mientras que las empresas privadas que venden agua se lucran.<\/p>\n<p style=\"text-align: justify;\">Las religiones pueden declarar que \u00abla dignidad de la persona humana es la base de una visi\u00f3n moral para la sociedad\u00bb. Pero el capitalismo no nos permite vivir as\u00ed. No puede. Su sistema monetario &#8211; salarios, mercados y m\u00e1ximas ganancias) no se lo permite.<\/p>\n<p style=\"text-align: justify;\">Solo el comunismo puede reconocer y activar las habilidades de todos. Solo el comunismo proveer\u00e1 a cada uno seg\u00fan su necesidad.<\/p>\n<p style=\"text-align: justify;\"><strong>La Propiedad Privada es Robo y Asesinato<\/strong><\/p>\n<p style=\"text-align: justify;\">Individuos o peque\u00f1as empresas poseen tres cuartas partes de las unidades de alquiler en EE.UU.. Al igual que la mayor\u00eda de los \u00abpropietarios\u00bb de casas, est\u00e1n enjaranados con los verdaderos propietarios, los bancos. Estos bancos est\u00e1n desbord\u00e1ndose de ganancias chupadas del sudor y la sangre de los trabajadores.<\/p>\n<p style=\"text-align: justify;\">No podr\u00e1s \u00abencuarantenarte en tu casa\u00bb si eres desalojado por no poder pagar la renta o eres despose\u00eddo por poder pagar la hipoteca. Solamente en EE.UU., el Covid-19 ha llevado a este lobo a la puerta de decenas de millones de trabajadores.<\/p>\n<p style=\"text-align: justify;\">Por eso, las organizaciones de inquilinos convocaron una huelga de alquileres este 1\u00ba de Mayo. Algunas ciudades y Estados de EE.UU. est\u00e1n congelando los desalojos. Pero los cobros siempre quedan pendientes. Las leyes que protegen la propiedad privada son mucho m\u00e1s fuertes que cualquier protecci\u00f3n para los miembros m\u00e1s vulnerables de nuestra familia obrera.<\/p>\n<p style=\"text-align: justify;\">Y luego, el n\u00famero de personas que son desalojadas, o que se van a vivir con familiares, se disparar\u00e1. Tambi\u00e9n lo har\u00e1n las muertes por Covid-19, el estr\u00e9s y otras causas.<\/p>\n<p style=\"text-align: justify;\">No tiene que ser as\u00ed. Las huelgas de alquileres muestran el potencial de la solidaridad y la acci\u00f3n de masas. Pero necesitamos abolir la propiedad privada. Eso requerir\u00e1 una movilizaci\u00f3n masiva para la revoluci\u00f3n comunista. Expropiaremos viviendas y mansiones vac\u00edas y las pondr\u00edamos a buen uso. Planificaremos, construiremos y ocuparemos colectivamente las clases de viviendas (viejas y nuevas) que satisfagan nuestras necesidades.<\/p>\n<p style=\"text-align: justify;\">Los habitantes de barrios marginales en todas partes son muy ingeniosos, y a menudo colectivos, en proveerse un techo. \u00a1El comunismo liberar\u00e1 su creatividad y poder\u00edo!<\/p>\n<p style=\"text-align: justify;\">Para que eso suceda, m\u00e1s lectores de <strong><em>Bandera Roja<\/em><\/strong> deben ingresar al Partido Comunista Obrero Internacional. Los miembros actuales deben ayudar a los camaradas m\u00e1s nuevos a construir colectivos entre sus compa\u00f1eros de trabajo, amigos, familiares y vecinos.<\/p>\n<p style=\"text-align: justify;\"><strong>La Vivienda es Cuesti\u00f3n de Clases &#8211; Tambi\u00e9n lo es el Racismo<\/strong><\/p>\n<p style=\"text-align: justify;\">Dentro de la clase trabajadora, la vivienda refleja el racismo. Veamos el quinto ingreso m\u00e1s bajo de la poblaci\u00f3n de EE.UU. o el quinto ingreso m\u00e1s alto o cualquier grupo intermedio. Siempre, un porcentaje mucho menor de familias negras son due\u00f1as de sus casas que familias blancas. No importa cu\u00e1l sea su g\u00e9nero, estado civil, edad, ubicaci\u00f3n o nivel de escolaridad.<\/p>\n<p style=\"text-align: justify;\">Los bancos rechazan las solicitudes de hipotecas de personas negras y latinas a tasas dram\u00e1ticamente m\u00e1s altas que las solicitudes de personas blancas, incluso con las mismas calificaciones crediticias.<\/p>\n<p style=\"text-align: justify;\">Los programas de subsidios est\u00e1n supuestos a ayudar a los m\u00e1s vulnerables. Pero en Nueva Orleans, donde el 99% de los receptores de estos subsidios son afroamericanos, cuatro de cada cinco casatenientes se niegan a aceptar los cupones.<\/p>\n<p style=\"text-align: justify;\">Antes del Covid-19, la mitad de todos los hogares estadounidenses viv\u00edan de cheque en cheque, incluido el 80% de los trabajadores. La mitad de todos los hogares negros y latinos ten\u00edan menos de $ 1,500 en el banco &#8211; si ten\u00edan una cuenta bancaria. \u00a1Ni siquiera un mes de reserva! La mitad de los hogares blancos con cuentas de ahorro ten\u00edan menos de $ 9700. Si escatimaban, eso podr\u00eda durar unos cuantos meses.<\/p>\n<p style=\"text-align: justify;\">Despu\u00e9s de la Segunda Guerra Mundial, el imperialismo estadounidense promovi\u00f3 la propiedad de viviendas como el \u00abSue\u00f1o Americano\u00bb. Esta fue una respuesta a la ola de huelga masiva de 1946-47. Era parte de su estrategia anticomunista.<\/p>\n<p style=\"text-align: justify;\">Crearon vecindarios \u201csolo para blancos\u201d prohibi\u00e9ndoles a negros, latinos y asi\u00e1ticos comprar casas en ciertos lugares. La pol\u00edtica de viviendas de EE.UU. era segregar los complejos de vivienda p\u00fablica.<\/p>\n<p style=\"text-align: justify;\">Los veteranos de guerra blancos (pero no los negros) obtuvieron pr\u00e9stamos gubernamentales sin enganche alguno. El mensaje para los trabajadores blancos, en medio de un creciente movimiento antirracista internacional, era que su seguridad econ\u00f3mica depend\u00eda de la segregaci\u00f3n racial. Los trabajadores negros recibieron el mensaje de que no pod\u00edan confiar en los trabajadores blancos.<\/p>\n<p style=\"text-align: justify;\">La clase dominante de Estados Unidos se ha beneficiado enormemente de esta estrategia de divide y vencer\u00e1s. Consecuentemente, el nivel de vida de los trabajadores ha disminuido constantemente durante 50 a\u00f1os.<\/p>\n<p style=\"text-align: justify;\">Los trabajadores pagan con sus vidas. Los hombres en el 1% m\u00e1s rico viven, en promedio, 15 a\u00f1os m\u00e1s que el 1% m\u00e1s pobre. Para las mujeres, la diferencia es de 10 a\u00f1os.<\/p>\n<p style=\"text-align: justify;\">Todos los trabajadores avanzar\u00e1n luchando por unificar a nuestra clase para destruir este sistema mortal. Los comunistas construyen esta unidad revolucionaria ahora para construir un mundo sin propiedad privada, salarios y explotaci\u00f3n que conforman la base material del racismo.<\/p>\n<p style=\"text-align: justify;\">La pandemia Covid-19 hace esto m\u00e1s urgente que nunca.<\/p>\n<div class=\"grey\">\n<p style=\"text-align: justify;\">\u201cCuando los capitalistas colocan a los trabajadores en una posici\u00f3n tal que inevitablemente enfrentan una muerte prematura y antinatural, cuando privan a miles de las necesidades de la vida, los colocan en condiciones en las que no pueden vivir; saben que estas miles de v\u00edctimas deben perecer, y, sin embargo, permiten que estas condiciones se mantengan, su acto es un asesinato tan seguro como el hecho de un solo individuo; asesinato encubierto y malicioso contra el cual nadie puede defenderse, que no parece ser lo que es, porque nadie ve al asesino, porque la muerte de la v\u00edctima parece natural, ya que el delito es m\u00e1s de omisi\u00f3n que de comisi\u00f3n. Pero sigue siendo asesinato\u201d. F. Engels, 1845, <em>Condici\u00f3n de la clase obrera en Inglaterra.<\/em><\/p>\n<\/div>\n<p><img loading=\"lazy\" decoding=\"async\" class=\"wp-image-5950 aligncenter\" src=\"https:\/\/icwpredflag.org\/wp\/wordpress\/wps\/wp-content\/uploads\/sites\/2\/2020\/05\/brazilrent.jpg\" alt=\"\" width=\"667\" height=\"616\" \/><\/p>\n<p class=\"p1\" style=\"text-align: center;\"><strong>Brasil: Rehusamos Pagar&#8211;La Renta, El Agua, La Luz, El Gas<\/strong><\/p>\n<h4><a href=\"https:\/\/icwpredflag.org\/wp\/wordpress\/wps\/volumen-11-numero-6\/\">Primera p\u00e1gina de esta edici\u00f3n<\/a><\/h4>\n<div id=\"gtx-trans\" style=\"position: absolute; left: 498px; top: 4436.45px;\">\n<div class=\"gtx-trans-icon\"><\/div>\n<\/div>\n","protected":false},"excerpt":{"rendered":"<p>Racismo, Covid-19 y la Crisis de la Vivienda del Capitalismo: \u00a1El Comunismo es la Orden del D\u00eda\u00a1 No te puedes \u00abencuarentenar en tu casa\u00bb si no tienes casa. Esa es la situaci\u00f3n por lo menos de millones de miembros de nuestra familia de la clase obrera en todo el mundo. No puedes \u00abencuarentenarte en tu &hellip; <a href=\"https:\/\/icwpredflag.org\/wp\/wordpress\/wps\/volumen-11-numero-6\/comunismo-acabara-con-el-racismo-y-el-desamparo\/\" class=\"more-link\">Sigue leyendo <span class=\"screen-reader-text\">Comunismo Acabar\u00e1 con el Racismo y el Desamparo<\/span><\/a><\/p>\n","protected":false},"author":1,"featured_media":5655,"parent":5951,"menu_order":0,"comment_status":"closed","ping_status":"closed","template":"","meta":{"footnotes":""},"class_list":["post-5967","page","type-page","status-publish","has-post-thumbnail","hentry"],"_links":{"self":[{"href":"https:\/\/icwpredflag.org\/wp\/wordpress\/wps\/wp-json\/wp\/v2\/pages\/5967","targetHints":{"allow":["GET"]}}],"collection":[{"href":"https:\/\/icwpredflag.org\/wp\/wordpress\/wps\/wp-json\/wp\/v2\/pages"}],"about":[{"href":"https:\/\/icwpredflag.org\/wp\/wordpress\/wps\/wp-json\/wp\/v2\/types\/page"}],"author":[{"embeddable":true,"href":"https:\/\/icwpredflag.org\/wp\/wordpress\/wps\/wp-json\/wp\/v2\/users\/1"}],"replies":[{"embeddable":true,"href":"https:\/\/icwpredflag.org\/wp\/wordpress\/wps\/wp-json\/wp\/v2\/comments?post=5967"}],"version-history":[{"count":5,"href":"https:\/\/icwpredflag.org\/wp\/wordpress\/wps\/wp-json\/wp\/v2\/pages\/5967\/revisions"}],"predecessor-version":[{"id":5972,"href":"https:\/\/icwpredflag.org\/wp\/wordpress\/wps\/wp-json\/wp\/v2\/pages\/5967\/revisions\/5972"}],"up":[{"embeddable":true,"href":"https:\/\/icwpredflag.org\/wp\/wordpress\/wps\/wp-json\/wp\/v2\/pages\/5951"}],"wp:featuredmedia":[{"embeddable":true,"href":"https:\/\/icwpredflag.org\/wp\/wordpress\/wps\/wp-json\/wp\/v2\/media\/5655"}],"wp:attachment":[{"href":"https:\/\/icwpredflag.org\/wp\/wordpress\/wps\/wp-json\/wp\/v2\/media?parent=5967"}],"curies":[{"name":"wp","href":"https:\/\/api.w.org\/{rel}","templated":true}]}}