{"id":5980,"date":"2020-05-22T18:09:34","date_gmt":"2020-05-22T18:09:34","guid":{"rendered":"https:\/\/icwpredflag.org\/wp\/wordpress\/wps\/?page_id=5980"},"modified":"2020-05-22T18:14:20","modified_gmt":"2020-05-22T18:14:20","slug":"todos-los-capitalistas-imperialistas-son-tigres-de-papel","status":"publish","type":"page","link":"https:\/\/icwpredflag.org\/wp\/wordpress\/wps\/volumen-11-numero-6\/todos-los-capitalistas-imperialistas-son-tigres-de-papel\/","title":{"rendered":"Todos los Capitalistas-Imperialistas son \u00abTigres de Papel\u00bb"},"content":{"rendered":"<h3 style=\"text-align: center;\"><span style=\"color: #ff0000;\"><strong>Las Masas Movilizadas Mundialmente para el Comunismo los Haremos Trizas<\/strong><\/span><\/h3>\n<p style=\"text-align: justify;\"><em>\u00abAhora, el imperialismo estadounidense\u2026 en apariencia es muy poderoso, pero en realidad .. es un tigre de papel\u00bb. Mao Zedong, l\u00edder comunista chino, 14 de julio de 1956.<\/em><\/p>\n<p style=\"text-align: justify;\">Esto es cierto para todos los capitalistas-imperialistas. Aunque peligrosos y genocidas, pueden ser destruidos. Esto aplica a los imperialistas chinos con mayor ferocidad. El historial revolucionario de la clase obrera china se impondr\u00e1.<\/p>\n<p style=\"text-align: justify;\"><strong>Las Apariencias Los Hacen Parecer Todos Poderosos<\/strong><\/p>\n<p style=\"text-align: justify;\">Su ascenso sin precedentes de los gobernantes chinos como potencia imperial les da un aura de invencibilidad. En 1978, su econom\u00eda era 1\/16 de la de EE.UU.. Para 2013, medida por la paridad del poder adquisitivo, esta super\u00f3 a la de EE. UU. para coronarse como la m\u00e1s grande del mundo.<\/p>\n<p style=\"text-align: justify;\">Son los mayores fabricantes, comerciantes de mercanc\u00edas y tenedores de reservas de divisas del mundo. Su influencia econ\u00f3mica, pol\u00edtica y militar se ha expandido mundialmente, convirti\u00e9ndolos en los principales desafiantes al dominio mundial de EE.UU.<\/p>\n<p style=\"text-align: justify;\">Esto inevitablemente conduce a la guerra. Por lo tanto, se est\u00e1n preparando para ello a un ritmo impresionante, modernizando sus fuerzas armadas, centr\u00e1ndose en su armada, ya la m\u00e1s grande del mundo.<\/p>\n<p style=\"text-align: justify;\">\u201cLa Armada China Est\u00e1 Construyendo un Incre\u00edble N\u00famero de Buques de Guerra\u201d, escribi\u00f3 la revista Forbes, 15 de diciembre de 2019. Seg\u00fan este reporte, para 2030 China tendr\u00e1 450 buques de guerra, incluidos 6 a 10 portaaviones, y 110 submarinos.<\/p>\n<p style=\"text-align: justify;\">Entonces podr\u00e1 proyectar su poder\u00edo mundialmente y disputarle a EE.UU. el dominio de los mares. Pero EE.UU. no renunciar\u00e1 a esa posici\u00f3n pac\u00edficamente, porque como escribiera el estratega naval estadounidense Mahan en 1890, \u00abQuien gobierna las olas gobierna el mundo\u00bb. Escribi\u00f3 eso cuando EE.UU. lanzaba su imperio anexando a Haw\u00e1i y derrotando a Espa\u00f1a para quedarse con las Filipinas, Guam, Puerto Rico y Cuba.<\/p>\n<p><img loading=\"lazy\" decoding=\"async\" class=\"wp-image-5947 aligncenter\" src=\"https:\/\/icwpredflag.org\/wp\/wordpress\/wps\/wp-content\/uploads\/sites\/2\/2020\/05\/chinastrike-300x200.jpg\" alt=\"\" width=\"684\" height=\"456\" srcset=\"https:\/\/icwpredflag.org\/wp\/wordpress\/wps\/wp-content\/uploads\/sites\/2\/2020\/05\/chinastrike-300x200.jpg 300w, https:\/\/icwpredflag.org\/wp\/wordpress\/wps\/wp-content\/uploads\/sites\/2\/2020\/05\/chinastrike.jpg 319w\" sizes=\"auto, (max-width: 684px) 100vw, 684px\" \/><\/p>\n<p class=\"p1\" style=\"text-align: center;\"><strong>Shenzhen, 2018: J\u00f3venes comunistas chinos demandan la libertad de obreros arrestados y castigo a polic\u00edas corruptos.<\/strong><\/p>\n<p style=\"text-align: justify;\"><strong>La Esencia Muestra Que Son D\u00e9biles<\/strong><\/p>\n<p style=\"text-align: justify;\">El materialismo dial\u00e9ctico nos ense\u00f1a que la apariencia y la esencia son aspectos de un proceso, determinadas por las contradicciones internas del proceso. La apariencia define lo externo y es secundaria. La esencia define lo interno, el car\u00e1cter del proceso, y es primaria.<\/p>\n<p style=\"text-align: justify;\">Al capitalismo-imperialismo lo define sus contradicciones internas: la clase obrera y la capitalista unidas en lucha constante. Esta lucha determina la esencia de ambas clases. Muestra que la clase obrera es toda poderosa, y todas las clases dominantes son tigres de papel.<\/p>\n<p style=\"text-align: justify;\">Hist\u00f3ricamente, la clase capitalista es la clase dominante m\u00e1s d\u00e9bil. Su poder econ\u00f3mico, militar y existencia f\u00edsica misma dependen completamente de nosotros, sus esclavos asalariados, cuya tarea hist\u00f3rica es ser sus sepultureros.<\/p>\n<p style=\"text-align: justify;\">Si nuestra clase para de trabajar &#8211; como lo demostr\u00f3 la pandemia Covid-19 &#8211; su imperio econ\u00f3mico se desmorona. Cuando los marineros y soldados voltean sus armas contra ellos, seria el fin de estos asesinos tigres de papel.<\/p>\n<p style=\"text-align: justify;\"><strong>La Apariencia Muestra a Nuestra Clase Como D\u00e9bil: La Esencia Muestra lo Opuesto<\/strong><\/p>\n<p style=\"text-align: justify;\">Somos la fuerza revolucionaria m\u00e1s poderosa de la historia debido a nuestro tama\u00f1o y nuestro papel econ\u00f3mico y militar en la sociedad. Pero, aun m\u00e1s importante, porque solo nuestra clase puede construir un mundo comunista sin clases, dinero, fronteras ni naciones.<\/p>\n<p style=\"text-align: justify;\">Si, sin nosotros, los capitalistas no son nada, y sin ellos nosotros lo somos todo, \u00bfPor qu\u00e9 ellos nos gobiernan? La respuesta es doble: carecemos de organizaci\u00f3n y de claridad ideol\u00f3gica.<\/p>\n<p style=\"text-align: justify;\">Organizacionalmente, necesitamos forjar el Partido Comunistas Obrero Internacional en un Partido masivo mundial que unifique a nuestra clase como un ej\u00e9rcito bajo la Bandera Roja de la revoluci\u00f3n comunista.<\/p>\n<p style=\"text-align: justify;\">Ideol\u00f3gicamente, debemos luchar por el comunismo y nada menos. Esto requerir\u00e1 que destruyamos todas las ideolog\u00edas venenosas que las sociedades de clases desarrollaron para dividirnos y esclavizarnos.<\/p>\n<p style=\"text-align: justify;\"><strong>El Viejo Movimiento Comunista Internacional Fracas\u00f3 en Esto<\/strong><\/p>\n<p style=\"text-align: justify;\">Para 1956, la Uni\u00f3n Sovi\u00e9tica era un pa\u00eds imperialista. China se convirti\u00f3 entonces en el centro del movimiento comunista internacional. Sin embargo, China sufr\u00eda de las mismas debilidades que socavaron a la Rusia revolucionaria. Ambos establecieron estados socialistas: Rusia en 1917, China en 1949.<\/p>\n<p style=\"text-align: justify;\">Para los 1940s, el socialismo &#8211; una forma de capitalismo de estado &#8211; hab\u00eda convertido a los gobernantes comunistas rusos en capitalistas. Para principios de los 1960s, el socialismo chino hab\u00eda producido tambi\u00e9n una burgues\u00eda roja.<\/p>\n<p style=\"text-align: justify;\">Sin embargo, a mediados de la d\u00e9cada de 1960, millones de trabajadores rurales y urbanos liderados por j\u00f3venes comunistas lanzaron la Gran Revoluci\u00f3n Cultural Proletaria (GRCP) buscando derrocar a estos capitalistas y pasar directamente al comunismo. Organizaron grandes comunas donde se aboli\u00f3 el dinero. Aunque, derrotados por sus debilidades internas, su lucha heroica inspir\u00f3 a revolucionarios de todo el mundo y ayud\u00f3 a desarrollar nuestra l\u00ednea: \u00a1Movilizar a las Masas para el Comunismo!<\/p>\n<p style=\"text-align: justify;\"><strong>Esa Historia A\u00fan Atormenta a los Imperialistas Chinos<\/strong><\/p>\n<p style=\"text-align: justify;\">Millones que participaron y vivieron durante esos eventos hist\u00f3ricos todav\u00eda est\u00e1n vivos. El capitalismo, no importa como lo llamen, no podr\u00e1 nunca satisfacer las necesidades de las masas. La lucha de clases ruge siempre implacable e imparable. Solo puede acabarse con la victoria mundial del comunismo<\/p>\n<p style=\"text-align: justify;\">Las condiciones objetivas est\u00e1n cambiando. Nuestra clase no puede vivir como antes. Las masas est\u00e1n en movimiento en todo el mundo. Muchos est\u00e1n abiertos al llamado de nuestro Partido de movilizar a las masas para el comunismo. Algunos se nos unen ahora: millones se unir\u00e1n m\u00e1s tarde.<\/p>\n<p style=\"text-align: justify;\">Como dijo Lenin: \u00abA veces no pasa nada en d\u00e9cadas, y a veces d\u00e9cadas pasan en semanas\u00bb. Estamos entrando en esos tiempos. La clase obrera china se levantar\u00e1 nuevamente para reclamar su tradici\u00f3n revolucionaria y tomar su lugar en las primeras filas de la guerra de clases revolucionaria: esta vez para el comunismo y nada menos.<\/p>\n<h4><a href=\"https:\/\/icwpredflag.org\/wp\/wordpress\/wps\/volumen-11-numero-6\/\">Primera p\u00e1gina de esta edici\u00f3n<\/a><\/h4>\n","protected":false},"excerpt":{"rendered":"<p>Las Masas Movilizadas Mundialmente para el Comunismo los Haremos Trizas \u00abAhora, el imperialismo estadounidense\u2026 en apariencia es muy poderoso, pero en realidad .. es un tigre de papel\u00bb. Mao Zedong, l\u00edder comunista chino, 14 de julio de 1956. Esto es cierto para todos los capitalistas-imperialistas. Aunque peligrosos y genocidas, pueden ser destruidos. Esto aplica a &hellip; <a href=\"https:\/\/icwpredflag.org\/wp\/wordpress\/wps\/volumen-11-numero-6\/todos-los-capitalistas-imperialistas-son-tigres-de-papel\/\" class=\"more-link\">Sigue leyendo <span class=\"screen-reader-text\">Todos los Capitalistas-Imperialistas son \u00abTigres de Papel\u00bb<\/span><\/a><\/p>\n","protected":false},"author":1,"featured_media":5655,"parent":5951,"menu_order":0,"comment_status":"closed","ping_status":"closed","template":"","meta":{"footnotes":""},"class_list":["post-5980","page","type-page","status-publish","has-post-thumbnail","hentry"],"_links":{"self":[{"href":"https:\/\/icwpredflag.org\/wp\/wordpress\/wps\/wp-json\/wp\/v2\/pages\/5980","targetHints":{"allow":["GET"]}}],"collection":[{"href":"https:\/\/icwpredflag.org\/wp\/wordpress\/wps\/wp-json\/wp\/v2\/pages"}],"about":[{"href":"https:\/\/icwpredflag.org\/wp\/wordpress\/wps\/wp-json\/wp\/v2\/types\/page"}],"author":[{"embeddable":true,"href":"https:\/\/icwpredflag.org\/wp\/wordpress\/wps\/wp-json\/wp\/v2\/users\/1"}],"replies":[{"embeddable":true,"href":"https:\/\/icwpredflag.org\/wp\/wordpress\/wps\/wp-json\/wp\/v2\/comments?post=5980"}],"version-history":[{"count":4,"href":"https:\/\/icwpredflag.org\/wp\/wordpress\/wps\/wp-json\/wp\/v2\/pages\/5980\/revisions"}],"predecessor-version":[{"id":5984,"href":"https:\/\/icwpredflag.org\/wp\/wordpress\/wps\/wp-json\/wp\/v2\/pages\/5980\/revisions\/5984"}],"up":[{"embeddable":true,"href":"https:\/\/icwpredflag.org\/wp\/wordpress\/wps\/wp-json\/wp\/v2\/pages\/5951"}],"wp:featuredmedia":[{"embeddable":true,"href":"https:\/\/icwpredflag.org\/wp\/wordpress\/wps\/wp-json\/wp\/v2\/media\/5655"}],"wp:attachment":[{"href":"https:\/\/icwpredflag.org\/wp\/wordpress\/wps\/wp-json\/wp\/v2\/media?parent=5980"}],"curies":[{"name":"wp","href":"https:\/\/api.w.org\/{rel}","templated":true}]}}