{"id":6174,"date":"2020-07-03T22:00:06","date_gmt":"2020-07-03T22:00:06","guid":{"rendered":"https:\/\/icwpredflag.org\/wp\/wordpress\/wps\/?page_id=6174"},"modified":"2020-07-03T22:27:34","modified_gmt":"2020-07-03T22:27:34","slug":"las-reparaciones-no-son-una-solucion-a-los-horrores-del-capitalismo-racista","status":"publish","type":"page","link":"https:\/\/icwpredflag.org\/wp\/wordpress\/wps\/volumen-11-numero-8\/las-reparaciones-no-son-una-solucion-a-los-horrores-del-capitalismo-racista\/","title":{"rendered":"Las \u00abReparaciones\u00bb No Son Una Soluci\u00f3n a los Horrores del Capitalismo Racista"},"content":{"rendered":"<h3 style=\"text-align: center;\"><span style=\"color: #ff0000;\"><strong>El dolor y la Ira Exigen la Transformaci\u00f3n Revolucionaria Comunista, No Un Pago en Efectivo<\/strong><\/span><\/h3>\n<p style=\"text-align: justify;\">30 de junio: \u00ab\u00a1Ya basta!\u00bb Millones de personas en todo el mundo han salido a las calles el mes pasado en grandes ciudades y peque\u00f1os pueblos, en todos los continentes.<\/p>\n<p style=\"text-align: justify;\">Esta respuesta masiva al asesinato policial de George Floyd, a plena luz del d\u00eda en medio de una pandemia y un colapso econ\u00f3mico, ha creado un momento hist\u00f3rico. La pandemia expuso la vulnerabilidad de los trabajadores m\u00e1s oprimidos y m\u00e1s esenciales. El asesinato de Floyd expuso el terror policial racista que sostiene al sistema de opresi\u00f3n y explotaci\u00f3n.<\/p>\n<p style=\"text-align: justify;\">Y la respuesta masiva ha expuesto la vulnerabilidad de los patrones capitalistas. M\u00e1s de la mitad de todos los j\u00f3venes estadounidenses, y un mont\u00f3n de personas mayores de todas las \u00abrazas\u00bb, han marchado. Enfrentaron balas de goma, porras policiales y gases lacrim\u00f3genos en noventa y nueve ciudades de EE.UU. &#8211; y siguieron marchando.<\/p>\n<p style=\"text-align: justify;\">La polic\u00eda est\u00e1 entrenada para responder violentamente a todos los trabajadores, pero especialmente a j\u00f3venes negros, ind\u00edgenas y latinos. Por lo tanto los asesinatos contin\u00faan &#8211; y tambi\u00e9n las protestas.<\/p>\n<p style=\"text-align: justify;\">Una encuesta reciente revel\u00f3 que los j\u00f3venes negros ven la revoluci\u00f3n como una estrategia m\u00e1s plausible para el cambio social que el voto. Y los manifestantes de todas las edades y \u00abrazas\u00bb han acogido con benepl\u00e1cito las ideas comunistas y este peri\u00f3dico.<\/p>\n<p style=\"text-align: justify;\">La clase dominante ve y teme el potencial revolucionario en la situaci\u00f3n actual. Por eso est\u00e1n impulsando una gama de reformas. Los capitalistas est\u00e1n renombrando edificios y jarabes de panqueques. Est\u00e1n promoviendo negocios propiedad de negros y clubes de libros para \u201cconcientizar\u00bb solo para blancos.<\/p>\n<p style=\"text-align: justify;\">Las ciudades y los distritos escolares votan para distanciarse de las agencias policiales. Est\u00e1n planeando formas m\u00e1s agradables de control social. Las campa\u00f1as \u00abSacar el voto\u00bb tienen nuevos temas de discusi\u00f3n.<\/p>\n<p style=\"text-align: justify;\">Y los medios de comunicaci\u00f3n de los patrones ahora est\u00e1n promoviendo reparaciones para los afroamericanos.<\/p>\n<p style=\"text-align: justify;\"><strong>Reparaciones: la apariencia de justicia pero la realidad es la continua explotaci\u00f3n racista<\/strong><\/p>\n<p style=\"text-align: justify;\">Las reparaciones pueden costar a los gobernantes alg\u00fan dinero &#8211; dinero robado de la clase obrera. Pero los capitalistas estadounidenses est\u00e1n lo suficientemente asustados como para considerar esto como un mal menor.<\/p>\n<p style=\"text-align: justify;\">El proyecto de ley # 40 de la C\u00e1mara de Representantes, que pide un estudio de reparaciones, ha estado estancado en el Congreso desde 1989. Pero esta primavera, el New York Times, Forbes, Brookings y la revista The Atlantic han presentado propuestas aceleradas que exigen aumentar los impuestos a los estadounidenses m\u00e1s ricos para financiar los pagos en efectivo a afroamericanos descendientes de esclavos.<\/p>\n<p><img loading=\"lazy\" decoding=\"async\" class=\"wp-image-6151 aligncenter\" src=\"https:\/\/icwpredflag.org\/wp\/wordpress\/wps\/wp-content\/uploads\/sites\/2\/2020\/07\/haitirev.jpg\" alt=\"\" width=\"685\" height=\"480\" \/><\/p>\n<p style=\"text-align: justify;\"><strong>En la revoluci\u00f3n haitiana<\/strong> <strong>(1791-1803), los esclavos lucharon con \u00e9xito para abolir la esclavitud y tomaron el poder en esa antigua colonia francesa. M\u00e1s tarde, los buques de guerra francesas impusieron pagos de \u00abcompensaci\u00f3n\u00bb, empobreciendo a las masas haitianas. La pr\u00f3xima revoluci\u00f3n haitiana debe ser por el comunismo.<\/strong><\/p>\n<p style=\"text-align: justify;\">La clase dominante est\u00e1 tratando desesperadamente de ganar tiempo, para sofocar el levantamiento masivo contra el capitalismo racista. Esperan desviar un movimiento potencialmente revolucionario hacia una campa\u00f1a de servicios sociales y control social: grandes subsidios para los capitalistas negros y centavos para las familias negras obreras.<\/p>\n<p style=\"text-align: justify;\">El capitalismo est\u00e1 basado en la violencia racista desde su principio hasta su fin. El genocidio de los nativos americanos y el secuestro y la tortura de africanos fueron la base del capitalismo estadounidense en particular y del capitalismo en general.<\/p>\n<p style=\"text-align: justify;\">Los trabajadores negros han jugado un papel crucial en la acumulaci\u00f3n de la riqueza capitalista. Han sido excluidos de sus frutos por siglos de esclavitud, discriminaci\u00f3n legal, encarcelamiento, explotaci\u00f3n y violencia racistas.<\/p>\n<p style=\"text-align: justify;\">El terror y las mentiras racistas han mantenido dividida a la clase obrera. Le han permitido a la clase capitalista continuar en el poder aun cuando es cada vez m\u00e1s evidente que su sistema est\u00e1 moribundo.<\/p>\n<p style=\"text-align: justify;\">Ning\u00fan pago monetario puede compensar por la vida de un ser querido o los secuestros de la esclavitud y la separaci\u00f3n familiar. El dolor y la ira de la esclavitud y del racismo exigen una transformaci\u00f3n revolucionaria, no un pago monetario.<\/p>\n<h4 style=\"text-align: justify;\"><strong>Las reparaciones no cambiar\u00e1n la naturaleza del capitalismo. Sus pilares gemelos son la explotaci\u00f3n y la desigualdad. No puede ser reformado. Tiene que ser destruido<\/strong>.<\/h4>\n<p style=\"text-align: justify;\">Tenemos que destruir las divisiones creadas por el racismo, sexismo, xenofobia, islamofobia y homofobia que han mantenido a nuestra clase obrera sujeta a las demandas del capital. Tenemos que movilizar a las masas, especialmente a los obreros industriales y soldados, en un ej\u00e9rcito revolucionario que pueda quitarle el poder a nuestros opresores de siglos.<\/p>\n<p style=\"text-align: justify;\">Y cuando tomemos el poder, debemos desmantelar todos los sistemas de opresi\u00f3n. Luchamos por el comunismo y nada menos. Aboliremos al opresivo estado capitalista con sus polic\u00edas, tribunales, prisiones y c\u00e1rceles. Aboliremos las instituciones que han perpetuado las ideas racistas: los medios de comunicaci\u00f3n capitalistas y su sistema educativo.<\/p>\n<p style=\"text-align: justify;\">Pero m\u00e1s importante: aboliremos la base econ\u00f3mica de nuestra opresi\u00f3n. Eso incluye la propiedad privada de la riqueza que hemos producido colectivamente, los bancos y las bolsas de valores, la esclavitud salarial y el dinero mismo. Tomaremos los campos, las f\u00e1bricas, las minas, las armas y los hospitales y la infraestructura de transporte y comunicaci\u00f3n que la clase obrera ha construido. Los usaremos para satisfacer las necesidades de las masas.<\/p>\n<p style=\"text-align: justify;\">Finalmente podremos trabajar juntos por el bien de todos. Finalmente repararemos el da\u00f1o causado por el capitalismo racista. La sociedad tendr\u00e1 su base en el principio comunista, \u00abde cual seg\u00fan su compromiso, a cual seg\u00fan su necesidad\u00bb.<\/p>\n<p style=\"text-align: justify;\">La sociedad comunista har\u00e1 verdaderas reparaciones por los ataques racistas del capitalismo. Dar\u00e1 alas a la resistencia y dedicaci\u00f3n que el racismo le ha ense\u00f1ado a la clase obrera negra.<\/p>\n<p><img loading=\"lazy\" decoding=\"async\" class=\"alignnone wp-image-6160\" src=\"https:\/\/icwpredflag.org\/wp\/wordpress\/wps\/wp-content\/uploads\/sites\/2\/2020\/07\/shipfight.jpg\" alt=\"\" width=\"684\" height=\"559\" \/><\/p>\n<p style=\"text-align: justify;\"><strong>Rebeli\u00f3n de la Costa Alemana<\/strong>, <strong>1811, la m\u00e1s grande rebeli\u00f3n de esclavos en la historia de Estados Unidos. Quinientos esclavos, liderados por Charles DesLondes de 22 a\u00f1os de edad (antes esclavo en Hait\u00ed) marcharon sobre Nueva Orleans con<\/strong><\/p>\n<h4 style=\"text-align: center;\">Reparaciones: Temas de Conversaci\u00f3n de Mucho Tiempo del Nacionalismo Burgu\u00e9s<\/h4>\n<p style=\"text-align: justify;\">Los nacionalistas burgueses, de todo el mundo, han exigido por d\u00e9cadas reparaciones por el colonialismo, el apartheid y la esclavitud.<\/p>\n<p style=\"text-align: justify;\">Un punto de partida es el revolucionario marxista-leninista y panafricanista Thomas Sankara. Fue presidente de Burkina Faso desde 1983 hasta su asesinato en 1987.<\/p>\n<p style=\"text-align: justify;\">Sankara inst\u00f3 a otros l\u00edderes africanos a cancelar las deudas externas de sus pa\u00edses. \u00abLos or\u00edgenes de la deuda provienen de los or\u00edgenes del colonialismo\u00bb, declar\u00f3. \u00abNo podemos pagar, pero los dem\u00e1s nos deben lo que la mas grande riqueza nunca podr\u00eda pagar, esa es la deuda de sangre\u00bb.<\/p>\n<p style=\"text-align: justify;\">Sankara influy\u00f3 en el movimiento de \u00abconciencia negra\u00bb en Sud\u00e1frica.<\/p>\n<p style=\"text-align: justify;\">En 2003, el gobierno sudafricano dijo que har\u00eda reparaciones simb\u00f3licas por el Apartheid. Estas fueron solo para unas 19,000 personas que testificaron ante la Comisi\u00f3n de la Verdad y la Reconciliaci\u00f3n. Hoy, los Luchadores por la Libertad Econ\u00f3mica de Julius Malema han transformado la demanda de reparaciones por el apartheid. Exigen la nacionalizaci\u00f3n de todas las tierras rurales sin compensaci\u00f3n.<\/p>\n<p style=\"text-align: justify;\">El politiquero indio Shashi Tharoor ha creado un p\u00fablico popular que lo sigue, exigiendo que el gobierno brit\u00e1nico pague al gobierno indio reparaciones simb\u00f3licas por el colonialismo. Estos equivaldr\u00edan a solo una libra esterlina por a\u00f1o durante doscientos a\u00f1os.<\/p>\n<p style=\"text-align: justify;\">Existen grupos con demandas similares en Hait\u00ed y las antiguas colonias brit\u00e1nicas del Caribe.<\/p>\n<p style=\"text-align: justify;\">Los grupos en Brasil, donde llegaron la mayor parte de las personas secuestradas de \u00c1frica durante el comercio transatl\u00e1ntico de esclavos, tambi\u00e9n piden reparaciones.<\/p>\n<p style=\"text-align: justify;\">Todos estos grupos aceptan el capitalismo para enmarcar las reparaciones. Ninguno aborda la \u00abdeuda de sangre\u00bb de siglos de explotaci\u00f3n racista. Pedimos a los lectores que ayuden a producir art\u00edculos que aborden estas corrientes con mayor profundidad.<\/p>\n<h4 style=\"text-align: center;\">Por favor lean nuestro\u00a0Folleto:<br \/>\n<a href=\"https:\/\/icwpredflag.org\/RP\/rps.pdf\">icwpredflag.org\/RP\/rps.pdf<\/a><\/h4>\n<h4><a href=\"https:\/\/icwpredflag.org\/wp\/wordpress\/wps\/volumen-11-numero-8\/\">Primera p\u00e1gina de esta edici\u00f3n<\/a><\/h4>\n<p style=\"text-align: justify;\"><strong>\u00a0<\/strong><\/p>\n","protected":false},"excerpt":{"rendered":"<p>El dolor y la Ira Exigen la Transformaci\u00f3n Revolucionaria Comunista, No Un Pago en Efectivo 30 de junio: \u00ab\u00a1Ya basta!\u00bb Millones de personas en todo el mundo han salido a las calles el mes pasado en grandes ciudades y peque\u00f1os pueblos, en todos los continentes. Esta respuesta masiva al asesinato policial de George Floyd, a &hellip; <a href=\"https:\/\/icwpredflag.org\/wp\/wordpress\/wps\/volumen-11-numero-8\/las-reparaciones-no-son-una-solucion-a-los-horrores-del-capitalismo-racista\/\" class=\"more-link\">Sigue leyendo <span class=\"screen-reader-text\">Las \u00abReparaciones\u00bb No Son Una Soluci\u00f3n a los Horrores del Capitalismo Racista<\/span><\/a><\/p>\n","protected":false},"author":1,"featured_media":5655,"parent":6163,"menu_order":0,"comment_status":"closed","ping_status":"closed","template":"","meta":{"footnotes":""},"class_list":["post-6174","page","type-page","status-publish","has-post-thumbnail","hentry"],"_links":{"self":[{"href":"https:\/\/icwpredflag.org\/wp\/wordpress\/wps\/wp-json\/wp\/v2\/pages\/6174","targetHints":{"allow":["GET"]}}],"collection":[{"href":"https:\/\/icwpredflag.org\/wp\/wordpress\/wps\/wp-json\/wp\/v2\/pages"}],"about":[{"href":"https:\/\/icwpredflag.org\/wp\/wordpress\/wps\/wp-json\/wp\/v2\/types\/page"}],"author":[{"embeddable":true,"href":"https:\/\/icwpredflag.org\/wp\/wordpress\/wps\/wp-json\/wp\/v2\/users\/1"}],"replies":[{"embeddable":true,"href":"https:\/\/icwpredflag.org\/wp\/wordpress\/wps\/wp-json\/wp\/v2\/comments?post=6174"}],"version-history":[{"count":8,"href":"https:\/\/icwpredflag.org\/wp\/wordpress\/wps\/wp-json\/wp\/v2\/pages\/6174\/revisions"}],"predecessor-version":[{"id":6182,"href":"https:\/\/icwpredflag.org\/wp\/wordpress\/wps\/wp-json\/wp\/v2\/pages\/6174\/revisions\/6182"}],"up":[{"embeddable":true,"href":"https:\/\/icwpredflag.org\/wp\/wordpress\/wps\/wp-json\/wp\/v2\/pages\/6163"}],"wp:featuredmedia":[{"embeddable":true,"href":"https:\/\/icwpredflag.org\/wp\/wordpress\/wps\/wp-json\/wp\/v2\/media\/5655"}],"wp:attachment":[{"href":"https:\/\/icwpredflag.org\/wp\/wordpress\/wps\/wp-json\/wp\/v2\/media?parent=6174"}],"curies":[{"name":"wp","href":"https:\/\/api.w.org\/{rel}","templated":true}]}}