{"id":6199,"date":"2020-07-03T22:57:24","date_gmt":"2020-07-03T22:57:24","guid":{"rendered":"https:\/\/icwpredflag.org\/wp\/wordpress\/wps\/?page_id=6199"},"modified":"2020-07-03T23:00:01","modified_gmt":"2020-07-03T23:00:01","slug":"trabjadores-del-transporte-publico-organizan-para-difundir-las-ideas-comunistas","status":"publish","type":"page","link":"https:\/\/icwpredflag.org\/wp\/wordpress\/wps\/volumen-11-numero-8\/trabjadores-del-transporte-publico-organizan-para-difundir-las-ideas-comunistas\/","title":{"rendered":"Trabjadores del Transporte  Publico Organizan para Difundir las Ideas Comunistas"},"content":{"rendered":"<p><img loading=\"lazy\" decoding=\"async\" class=\"wp-image-6147 aligncenter\" src=\"https:\/\/icwpredflag.org\/wp\/wordpress\/wps\/wp-content\/uploads\/sites\/2\/2020\/07\/bilingualstickerMTA-195x300.jpg\" alt=\"\" width=\"482\" height=\"742\" srcset=\"https:\/\/icwpredflag.org\/wp\/wordpress\/wps\/wp-content\/uploads\/sites\/2\/2020\/07\/bilingualstickerMTA-195x300.jpg 195w, https:\/\/icwpredflag.org\/wp\/wordpress\/wps\/wp-content\/uploads\/sites\/2\/2020\/07\/bilingualstickerMTA.jpg 386w\" sizes=\"auto, (max-width: 482px) 100vw, 482px\" \/><\/p>\n<h3 style=\"text-align: center;\"><span style=\"color: #ff0000;\"><strong>Trabajadores del Transporte Publico y Sus Familias Se Ense\u00f1an Mutuamente el Comunismo<\/strong><\/span><\/h3>\n<p style=\"text-align: justify;\">LOS \u00c1NGELES, 28 de junio &#8211; \u201cEn una familia, los j\u00f3venes trabajan, los ni\u00f1os estudian y los abuelos contribuyen con lo que pueden. Pero cuando es hora de cenar, todos comen en la mesa. Y si alguien est\u00e1 enfermo, la familia coopera para cuidarlo\u201d.<\/p>\n<p style=\"text-align: justify;\">As\u00ed fue como un joven camarada trabajador de MTA explic\u00f3 c\u00f3mo funcionar\u00e1 el comunismo.<\/p>\n<p style=\"text-align: justify;\">Cinco trabajadores de la MTA, m\u00e1s tres de sus c\u00f3nyuges, y otros cuatro camaradas del PCOI, asistieron a una barbacoa en el patio del joven camarada. Nos reunimos para ver c\u00f3mo podr\u00edamos seguir organizando e inspirando la lucha por el comunismo durante la pandemia. \u00c9ramos negros, latinx y blancos.<\/p>\n<p style=\"text-align: justify;\">Es una contradicci\u00f3n. Sabemos que debemos detener la propagaci\u00f3n del COVID-19 y proteger a los m\u00e1s vulnerables entre nosotros. Pero sentimos que, en este caso, necesit\u00e1bamos reunirnos en persona para aprender los unos de los otros como luchar contra el virus m\u00e1s mortal: el capitalismo. Por lo tanto, usamos m\u00e1scaras, tratamos de mantener cierta distancia f\u00edsica y tuvimos buenas discusiones sobre el comunismo.<\/p>\n<p style=\"text-align: justify;\">Un trabajador pregunt\u00f3 c\u00f3mo lidiar\u00e1 el comunismo con el desempleo y la falta de vivienda. Los camaradas explicaron que el comunismo no tendr\u00e1 esos problemas porque la sociedad cuidar\u00e1 de todos. Nadie necesitar\u00e1 dinero.<\/p>\n<p style=\"text-align: justify;\">Su esposa, tambi\u00e9n trabajadora de MTA, pregunt\u00f3 c\u00f3mo lidiar\u00e1 el comunismo con el saqueo. Los camaradas explicaron que en el comunismo el saqueo, como el comportamiento sexista y racista, se tratar\u00e1 de manera masiva en todos los lugares donde trabajamos, aprendemos y vivimos. Tuvimos una animada discusi\u00f3n sobre el individualismo y la necesidad del colectivismo.<\/p>\n<p style=\"text-align: justify;\">La reuni\u00f3n fue muy relajada y camaraderil. Les preguntamos a otras mujeres qu\u00e9 piensan sobre el comunismo. La esposa del joven camarada de MTA respondi\u00f3: \u201cMe gusta y me gustar\u00eda aprender m\u00e1s\u201d.<\/p>\n<p style=\"text-align: justify;\">Les distribuimos <strong><em>Bandera Roja<\/em><\/strong> a todos. Nuestro peri\u00f3dico <strong><em>Bandera Roja<\/em><\/strong> es muy importante para el continuo crecimiento del PCOI. Nuestros miembros lo leen y lo distribuyen. Es parte de la lucha hacia un mundo comunista.<\/p>\n<p style=\"text-align: justify;\">Los esfuerzos interminables de cada miembro para comprender mejor y ayudar a otros a comprender las formas racistas, sexistas, discriminatorias, codiciosas e impulsivas del sistema fallido del capitalismo es parte de la lucha. Invitamos a todos a ayudar con esto.<\/p>\n<p style=\"text-align: justify;\">El trabajador que hab\u00eda preguntado sobre la falta de vivienda vio la foto de la protesta de George Floyd en Siria en la portada. \u201c\u00a1Incre\u00edble!\u201d dijo. \u201c\u00bfQu\u00e9 tan grande es el Partido?\u201d<\/p>\n<p style=\"text-align: justify;\">\u201cTodav\u00eda somos relativamente peque\u00f1os\u201d, respondi\u00f3 un camarada. \u201cPero tenemos un gran potencial para crecer, y ya estamos organizando en M\u00e9xico, El Salvador, Sud\u00e1frica, India, Espa\u00f1a y otros lugares. <strong><em>Bandera Roja<\/em><\/strong> refleja esas luchas\u201d.<\/p>\n<p style=\"text-align: justify;\">La trabajadora que hab\u00eda preguntado acerca del saqueo estaba muy interesada en el art\u00edculo en <strong><em>Bandera Roja<\/em><\/strong> sobre eso. \u201cQuiero aprender m\u00e1s sobre el comunismo\u201d, dijo. \u201cQuiero estar en el pr\u00f3ximo grupo de estudio de zoom del que est\u00e1s hablando\u201d. Planeamos invitar a muchos m\u00e1s trabajadores a estas reuniones de zoom.<\/p>\n<p style=\"text-align: justify;\">Su esposo estuvo de acuerdo con nosotros en que las manifestaciones masivas necesitan organizaci\u00f3n. Dijimos: \u201cPor eso necesitamos un Partido y t\u00fa deber\u00edas ser parte de ello\u201d. Ambos sonrieron.<\/p>\n<p style=\"text-align: justify;\">El capitalismo solo beneficia a la \u00e9lite que es menos del 1% de la poblaci\u00f3n mundial. No beneficia a la mayor\u00eda que es principalmente la clase obrera. El prop\u00f3sito del crecimiento del Partido no es solo en nuestros trabajos, comunidades o familias, sino tambi\u00e9n para impactar a las masas mundialmente.<\/p>\n<p style=\"text-align: justify;\">La historia nos ha ayudado a comprender lo qu\u00e9 es una revoluci\u00f3n, y en este momento dado, podr\u00eda estar muy cerca. Necesitamos continuar la cultura, estar organizados y estar muy bien estructurados para continuar la lucha hacia el comunismo.<\/p>\n<h4><a href=\"https:\/\/icwpredflag.org\/wp\/wordpress\/wps\/volumen-11-numero-8\/\">Primera p\u00e1gina de esta edici\u00f3n<\/a><\/h4>\n","protected":false},"excerpt":{"rendered":"<p>Trabajadores del Transporte Publico y Sus Familias Se Ense\u00f1an Mutuamente el Comunismo LOS \u00c1NGELES, 28 de junio &#8211; \u201cEn una familia, los j\u00f3venes trabajan, los ni\u00f1os estudian y los abuelos contribuyen con lo que pueden. Pero cuando es hora de cenar, todos comen en la mesa. Y si alguien est\u00e1 enfermo, la familia coopera para &hellip; <a href=\"https:\/\/icwpredflag.org\/wp\/wordpress\/wps\/volumen-11-numero-8\/trabjadores-del-transporte-publico-organizan-para-difundir-las-ideas-comunistas\/\" class=\"more-link\">Sigue leyendo <span class=\"screen-reader-text\">Trabjadores del Transporte  Publico Organizan para Difundir las Ideas Comunistas<\/span><\/a><\/p>\n","protected":false},"author":1,"featured_media":5655,"parent":6163,"menu_order":0,"comment_status":"closed","ping_status":"closed","template":"","meta":{"footnotes":""},"class_list":["post-6199","page","type-page","status-publish","has-post-thumbnail","hentry"],"_links":{"self":[{"href":"https:\/\/icwpredflag.org\/wp\/wordpress\/wps\/wp-json\/wp\/v2\/pages\/6199","targetHints":{"allow":["GET"]}}],"collection":[{"href":"https:\/\/icwpredflag.org\/wp\/wordpress\/wps\/wp-json\/wp\/v2\/pages"}],"about":[{"href":"https:\/\/icwpredflag.org\/wp\/wordpress\/wps\/wp-json\/wp\/v2\/types\/page"}],"author":[{"embeddable":true,"href":"https:\/\/icwpredflag.org\/wp\/wordpress\/wps\/wp-json\/wp\/v2\/users\/1"}],"replies":[{"embeddable":true,"href":"https:\/\/icwpredflag.org\/wp\/wordpress\/wps\/wp-json\/wp\/v2\/comments?post=6199"}],"version-history":[{"count":3,"href":"https:\/\/icwpredflag.org\/wp\/wordpress\/wps\/wp-json\/wp\/v2\/pages\/6199\/revisions"}],"predecessor-version":[{"id":6202,"href":"https:\/\/icwpredflag.org\/wp\/wordpress\/wps\/wp-json\/wp\/v2\/pages\/6199\/revisions\/6202"}],"up":[{"embeddable":true,"href":"https:\/\/icwpredflag.org\/wp\/wordpress\/wps\/wp-json\/wp\/v2\/pages\/6163"}],"wp:featuredmedia":[{"embeddable":true,"href":"https:\/\/icwpredflag.org\/wp\/wordpress\/wps\/wp-json\/wp\/v2\/media\/5655"}],"wp:attachment":[{"href":"https:\/\/icwpredflag.org\/wp\/wordpress\/wps\/wp-json\/wp\/v2\/media?parent=6199"}],"curies":[{"name":"wp","href":"https:\/\/api.w.org\/{rel}","templated":true}]}}