{"id":6299,"date":"2020-07-24T22:22:01","date_gmt":"2020-07-24T22:22:01","guid":{"rendered":"https:\/\/icwpredflag.org\/wp\/wordpress\/wps\/?page_id=6299"},"modified":"2020-07-24T22:26:05","modified_gmt":"2020-07-24T22:26:05","slug":"racismo-y-la-opresion-de-clases","status":"publish","type":"page","link":"https:\/\/icwpredflag.org\/wp\/wordpress\/wps\/volumen-11-numero-9\/racismo-y-la-opresion-de-clases\/","title":{"rendered":"Racismo y la Opresi\u00f3n de Clases"},"content":{"rendered":"<h3 style=\"text-align: center;\"><span style=\"color: #ff0000;\"><strong>Brutalidad Policial: Necesitamos Organizar para el Comunismo<\/strong><\/span><\/h3>\n<p style=\"text-align: justify;\">SUD\u00c1FRICA, 9 de julio &#8211; Desde que la pandemia de COVID-19 azot\u00f3 el mundo, el ca\u00f3tico e inhumano sistema capitalista ha quedado al descubierto para que todos lo vean. El \u00abfracaso\u00bb del sistema capitalista en responder a la amenaza planteada por la pandemia es realmente un resultado esperado. Es el resultado natural del capitalismo mundial atrapado en una profunda crisis econ\u00f3mica de sobreproducci\u00f3n y dr\u00e1stica disminuci\u00f3n en la tasa de ganancia. Su salida es el fascismo y la guerra.<\/p>\n<p style=\"text-align: justify;\">El capitalismo, impulsado por el inter\u00e9s propio y la explotaci\u00f3n, mata diariamente a muchas de las masas pobres de todo el mundo.<\/p>\n<p style=\"text-align: justify;\">Han pasado tres meses desde el confinamiento obligatorios aqu\u00ed en Sud\u00e1frica. La fuerza capitalista ha estado en pleno flujo destruyendo vidas, ya sea por p\u00e9rdida de empleos o por la polic\u00eda y los soldados matando ciudadanos. La brutalidad policial es utilizada por los capitalistas para intimidar y proteger sus intereses.<\/p>\n<p style=\"text-align: justify;\">Desde el brutal asesinato de George Floyd, muchas personas en todo el mundo han salido a las calles para protestar contra la brutalidad policial. Estos movimientos, err\u00f3nea o conscientemente, se han centrado solo en los elementos racistas de la brutalidad policial capitalista.<\/p>\n<p style=\"text-align: justify;\">El \u00e9nfasis principal en el aspecto racial de la brutalidad policial solo se centra en los s\u00edntomas del capitalismo. La brutalidad policial no es un problema \u00abracista\u00bb en s\u00ed mismo; m\u00e1s bien, el racismo y la brutalidad policial son el resultado del sistema capitalista inmoral. El capitalismo cre\u00f3 el racismo y, a mediante el imperialismo, lo esparci\u00f3 por todo el mundo. Esto ha creado una mentalidad racista en las fuerzas policiales de todo el mundo.<\/p>\n<p style=\"text-align: justify;\">La brutalidad policial se encuentra en todos los pa\u00edses: la polic\u00eda negra lo desata contra las masas negras, la polic\u00eda india contra los indios, etc. El capitalismo utiliza la polic\u00eda para proteger la riqueza de los capitalistas mientras intimidan y matan a los pobres.<\/p>\n<p style=\"text-align: justify;\">Recientemente en Sud\u00e1frica, un hombre fue brutalmente golpeado por la polic\u00eda y se arrodillaron sobre \u00e9l mientras estaba desnudo. La polic\u00eda estaba actuando seg\u00fan las instrucciones que recibi\u00f3 del alcalde de Ciudad del Cabo que, a su vez, estaba tratando de proteger la \u00abtierra \/ propiedad privada\u00bb de los capitalistas. La casa (choza) de este hombre fue destruida.<\/p>\n<p style=\"text-align: justify;\">Los capitalistas en Ciudad del Cabo quieren que las masas sean desalojadas porque no pagaron por la tierra en la que construyeron sus hogares. El capitalismo, en su b\u00fasqueda de ganancias, provoca que muchos hermanos\/as de la clase obrera se mueran de hambre, pobres sin hogares ni refugios. Destruye vidas y usando a la polic\u00eda mata brutalmente y golpea a los trabajadores para intimidarlos.<\/p>\n<p style=\"text-align: justify;\">Para enfrentar el racismo y la brutalidad policial, necesitamos destruir el capitalismo. Necesitamos una revoluci\u00f3n comunista. Los trabajadores de todo el mundo deben construir y luchar por el comunismo para destruir el sistema capitalista.<\/p>\n<p style=\"text-align: justify;\">Sobre las cenizas del capitalismo, necesitamos construir una sociedad que est\u00e9 impulsada por el esfuerzo colectivo de cuidarnos mutuamente, que produzca cosas para satisfacer las necesidades de las masas. Necesidades tales como vivienda, alimentaci\u00f3n y seguridad.<\/p>\n<p style=\"text-align: justify;\">Las contradicciones del capitalismo amplificaron la pandemia, y han sido amplificadas por ella, han ocasionado que muchas personas desilusionadas tengan quejas y enojos con el sistema. Estos agravios brindan a los trabajadores la oportunidad de convertirlos en una ira organizada destinada a deshacerse del capitalismo y marcar el comienzo de un nuevo mundo comunista.<\/p>\n<p style=\"text-align: justify;\">La creciente brutalidad policial hacia las masas muestra una debilidad del sistema capitalista. Necesitamos darnos cuenta y aprovechar estas oportunidades. Necesitamos intensificar nuestra lucha, organizarnos como una clase trabajadora internacional para luchar contra este sistema de explotaci\u00f3n. Para hacerlo, necesitamos un partido comunista (PCOI), para unificar los colectivos, profundizar nuestra comprensi\u00f3n y aplicaci\u00f3n de la filosof\u00eda del cambio: el materialismo dial\u00e9ctico. Es nuestro mundo que ganar.<\/p>\n<p style=\"text-align: justify;\"><img loading=\"lazy\" decoding=\"async\" class=\"wp-image-6257 alignnone\" src=\"https:\/\/icwpredflag.org\/wp\/wordpress\/wps\/wp-content\/uploads\/sites\/2\/2020\/07\/kenya1-300x180.jpg\" alt=\"\" width=\"658\" height=\"395\" srcset=\"https:\/\/icwpredflag.org\/wp\/wordpress\/wps\/wp-content\/uploads\/sites\/2\/2020\/07\/kenya1-300x180.jpg 300w, https:\/\/icwpredflag.org\/wp\/wordpress\/wps\/wp-content\/uploads\/sites\/2\/2020\/07\/kenya1.jpg 336w\" sizes=\"auto, (max-width: 658px) 100vw, 658px\" \/><\/p>\n<p style=\"text-align: center;\"><strong>Nairobi, Kenia, 8 de junio, 2020<\/strong><\/p>\n<h3 style=\"text-align: center;\"><span style=\"color: #ff0000;\"><strong>Los Comunistas Luchamos para Destruir el Racismo<\/strong><\/span><\/h3>\n<p style=\"text-align: justify;\">Es ch\u00e9vere que tantas personas en todo el mundo est\u00e9n teniendo conversaciones sobre el racismo sist\u00e9mico. \u00bfDe d\u00f3nde viene? \u00bfSon las personas naturalmente racistas? \u00bfQu\u00e9 hacemos al respecto?<\/p>\n<p style=\"text-align: justify;\">Muchas personas que no tienen un an\u00e1lisis comunista de la fuente del racismo tratan de encontrar soluciones individuales a un problema que en realidad es causado por el sistema bajo el cual trabajamos. Muchos liberales blancos (y gente negra al referirse a ellos) usan la terminolog\u00eda \u00abprivilegio blanco\u00bb. He estado tratando de entender mi propia incomodidad con esa frase.<\/p>\n<p style=\"text-align: justify;\">En mi opini\u00f3n, las cosas denominadas privilegios: NO ser asesinado por la polic\u00eda; NO estar desamparado, hambriento, o sin atenci\u00f3n m\u00e9dica; NO temer ataques racistas o xen\u00f3fobos; no son privilegios, son lo que todos los humanos merecemos.<\/p>\n<p style=\"text-align: justify;\">Discutimos mi carta en el club y llegu\u00e9 a una mejor comprensi\u00f3n del uso de esa frase. Una camarada me cont\u00f3 de una conversaci\u00f3n que tuvo con algunos antiguos vecinos, que son negros. Le dijeron que su hijo menor y todos sus amigos ahora llevan un arma con ellos a donde quiera que vayan, incluso a acampar.<\/p>\n<p style=\"text-align: justify;\">La camarada conoc\u00eda al hijo como un ni\u00f1o bueno y muy apreciado. Pero \u00e9l y todo su grupo tienen un miedo mortal de ser asaltados en cualquier lugar. Obviamente no pueden depender de polic\u00edas, etc. para salvarlos. La mayor\u00eda de los blancos que no son comunistas asumen que siempre pueden llamar a la polic\u00eda para salvarlos.<\/p>\n<p style=\"text-align: justify;\">La gente no blanca tiene que pensar en el racismo todo el tiempo. No hay manera de escapar de ello, cerrando los ojos y los o\u00eddos, tomar un \u00abdescanso\u00bb. Una persona blanca, incluso una persona de buen coraz\u00f3n que odia el racismo, tiene la oportunidad de no pensar en eso por un tiempo: en la escuela, el trabajo, caminando en la calle, yendo de compras, donde sea. Para la gente no blanca, el racismo es una realidad potencialmente mortal, TODO el tiempo.<\/p>\n<p style=\"text-align: justify;\">Como comunistas, debemos tener la misma vigilancia sobre el racismo sin importar nuestro color. La clase trabajadora en todo el mundo est\u00e1 en una lucha de vida o muerte con la clase dominante y solo los comunistas tienen las herramientas y la comprensi\u00f3n hist\u00f3rica para proporcionar el liderazgo necesario para movilizar a las masas para derrocar este sistema putrefacto.<\/p>\n<p style=\"text-align: justify;\">Y esencial para esta movilizaci\u00f3n es la lucha contra el racismo. A menos que estemos a la vanguardia de esta lucha, a menos que estemos luchando todos los d\u00edas de la mejor manera posible para aplastar la ideolog\u00eda racista, no hay manera alguna que el comunismo triunfe.<\/p>\n<p style=\"text-align: justify;\">Por lo tanto, ser un luchador antirracista est\u00e1 en el coraz\u00f3n mismo de ser comunista. Queremos asegurarnos de que nuestros amigos, familiares y compa\u00f1eros de trabajo entiendan que esto es clave. Luchamos contra el racismo no porque seamos buenas personas, sino porque somos comunistas y entendemos que la \u00fanica forma en que realmente podemos romper nuestras cadenas es uniendo y movilizando a grandes sectores de la clase trabajadora. \u00a1Realmente tenemos un mundo que ganar!<\/p>\n<p style=\"text-align: justify;\">Camarada en Estados Unidos<\/p>\n<h4><a href=\"https:\/\/icwpredflag.org\/wp\/wordpress\/wps\/volumen-11-numero-9\/\">Primera p\u00e1gina de esta edici\u00f3n<\/a><\/h4>\n<p style=\"text-align: justify;\">\n","protected":false},"excerpt":{"rendered":"<p>Brutalidad Policial: Necesitamos Organizar para el Comunismo SUD\u00c1FRICA, 9 de julio &#8211; Desde que la pandemia de COVID-19 azot\u00f3 el mundo, el ca\u00f3tico e inhumano sistema capitalista ha quedado al descubierto para que todos lo vean. El \u00abfracaso\u00bb del sistema capitalista en responder a la amenaza planteada por la pandemia es realmente un resultado esperado. &hellip; <a href=\"https:\/\/icwpredflag.org\/wp\/wordpress\/wps\/volumen-11-numero-9\/racismo-y-la-opresion-de-clases\/\" class=\"more-link\">Sigue leyendo <span class=\"screen-reader-text\">Racismo y la Opresi\u00f3n de Clases<\/span><\/a><\/p>\n","protected":false},"author":1,"featured_media":5655,"parent":6248,"menu_order":0,"comment_status":"closed","ping_status":"closed","template":"","meta":{"footnotes":""},"class_list":["post-6299","page","type-page","status-publish","has-post-thumbnail","hentry"],"_links":{"self":[{"href":"https:\/\/icwpredflag.org\/wp\/wordpress\/wps\/wp-json\/wp\/v2\/pages\/6299","targetHints":{"allow":["GET"]}}],"collection":[{"href":"https:\/\/icwpredflag.org\/wp\/wordpress\/wps\/wp-json\/wp\/v2\/pages"}],"about":[{"href":"https:\/\/icwpredflag.org\/wp\/wordpress\/wps\/wp-json\/wp\/v2\/types\/page"}],"author":[{"embeddable":true,"href":"https:\/\/icwpredflag.org\/wp\/wordpress\/wps\/wp-json\/wp\/v2\/users\/1"}],"replies":[{"embeddable":true,"href":"https:\/\/icwpredflag.org\/wp\/wordpress\/wps\/wp-json\/wp\/v2\/comments?post=6299"}],"version-history":[{"count":4,"href":"https:\/\/icwpredflag.org\/wp\/wordpress\/wps\/wp-json\/wp\/v2\/pages\/6299\/revisions"}],"predecessor-version":[{"id":6303,"href":"https:\/\/icwpredflag.org\/wp\/wordpress\/wps\/wp-json\/wp\/v2\/pages\/6299\/revisions\/6303"}],"up":[{"embeddable":true,"href":"https:\/\/icwpredflag.org\/wp\/wordpress\/wps\/wp-json\/wp\/v2\/pages\/6248"}],"wp:featuredmedia":[{"embeddable":true,"href":"https:\/\/icwpredflag.org\/wp\/wordpress\/wps\/wp-json\/wp\/v2\/media\/5655"}],"wp:attachment":[{"href":"https:\/\/icwpredflag.org\/wp\/wordpress\/wps\/wp-json\/wp\/v2\/media?parent=6299"}],"curies":[{"name":"wp","href":"https:\/\/api.w.org\/{rel}","templated":true}]}}