{"id":6308,"date":"2020-07-24T22:34:32","date_gmt":"2020-07-24T22:34:32","guid":{"rendered":"https:\/\/icwpredflag.org\/wp\/wordpress\/wps\/?page_id=6308"},"modified":"2020-07-24T22:39:53","modified_gmt":"2020-07-24T22:39:53","slug":"ciencia-y-salud-par-alas-masas","status":"publish","type":"page","link":"https:\/\/icwpredflag.org\/wp\/wordpress\/wps\/volumen-11-numero-9\/ciencia-y-salud-par-alas-masas\/","title":{"rendered":"Ciencia y Salud par alas Masas"},"content":{"rendered":"<h3 style=\"text-align: center;\"><span style=\"color: #ff0000;\"><strong>COVID-19: \u00bfC\u00f3mo Sabemos Qu\u00e9 Creer?<\/strong><\/span><\/h3>\n<p style=\"text-align: justify;\">\u00bfEs seguro para m\u00ed distribuir <strong><em>Bandera Roja<\/em><\/strong> en una protesta de Black Lives Matter? \u00bfEs seguro reunirme con mi clan familiar? \u00bfEs seguro enviar a mis hijos a la escuela? Cuando hay una vacuna disponible, \u00bfdebo pon\u00e9rmela?<\/p>\n<p style=\"text-align: justify;\">Las respuestas dependen de muchas cosas. Para sacar conclusiones de un conjunto particular de hechos, necesitamos la mejor informaci\u00f3n general disponible.<\/p>\n<p style=\"text-align: justify;\">\u00bfDe d\u00f3nde proviene esta informaci\u00f3n? No de un texto religioso. No de nuestros deseos o esperanzas. Proviene de la pr\u00e1ctica colectiva. De analizar experiencias en el mundo material utilizando la filosof\u00eda comunista (materialismo dial\u00e9ctico).<\/p>\n<p style=\"text-align: justify;\">COVID-19 es nuevo, por lo que nuestras mejores generalizaciones son provisionales. Revisamos estas \u00abhip\u00f3tesis\u00bb a medida que hay nuevos datos disponibles. La naturaleza tentativa del proceso cient\u00edfico puede ser frustrante y aterradora en momentos como estos. Pero es necesario.<\/p>\n<p style=\"text-align: justify;\">Originalmente parec\u00eda que lo principal era lavarnos las manos mucho y desinfectar las superficies para evitar grandes gotas que contengan virus. Ahora sabemos que el virus puede propagarse por el aire en peque\u00f1as part\u00edculas cuando tosemos, cantamos o hablamos.<\/p>\n<p><img loading=\"lazy\" decoding=\"async\" class=\"wp-image-6263 aligncenter\" src=\"https:\/\/icwpredflag.org\/wp\/wordpress\/wps\/wp-content\/uploads\/sites\/2\/2020\/07\/nyc62020-300x197.jpg\" alt=\"\" width=\"685\" height=\"450\" srcset=\"https:\/\/icwpredflag.org\/wp\/wordpress\/wps\/wp-content\/uploads\/sites\/2\/2020\/07\/nyc62020-300x197.jpg 300w, https:\/\/icwpredflag.org\/wp\/wordpress\/wps\/wp-content\/uploads\/sites\/2\/2020\/07\/nyc62020.jpg 369w\" sizes=\"auto, (max-width: 685px) 100vw, 685px\" \/><\/p>\n<p style=\"text-align: justify;\"><strong>Trabajadores de la salud de la ciudad de Nueva York se unen protestan contra el racismo, junio 2020<\/strong><\/p>\n<p style=\"text-align: justify;\">Sabemos que las personas pueden transmitir el virus antes de que presenten s\u00edntomas, e incluso aunque nunca se enfermen. As\u00ed es como sabemos ahora que las m\u00e1scaras y el distanciamiento f\u00edsico son importantes.<\/p>\n<p style=\"text-align: justify;\">Una vez que (colectivamente) podemos explicar la mayor\u00eda de nuestras observaciones, hacemos predicciones. Las probamos con experimentos. Si todo sale como se esperaba, tenemos una teor\u00eda.<\/p>\n<p style=\"text-align: justify;\">Una teor\u00eda cient\u00edfica no es un \u00abqu\u00e9 pasar\u00eda si tal vez\u00bb. Es la mejor explicaci\u00f3n que tenemos. Por supuesto, las teor\u00edas cient\u00edficas son revisadas y algunas veces reemplazadas por mejores teor\u00edas, basadas en una mayor pr\u00e1ctica.<\/p>\n<p style=\"text-align: justify;\">\u00bfQui\u00e9n hace este trabajo cient\u00edfico? La sociedad capitalista lo delega a especialistas: generalmente a cient\u00edficos., a instituciones cient\u00edficas como laboratorios y centros de investigaci\u00f3n.<\/p>\n<p style=\"text-align: justify;\">Como todas las empresas capitalistas, estas instituciones tienen una jerarqu\u00eda empinada (y racista, sexista). Los trabajadores \u00abmanuales\u00bb (como los conserjes y los que atienden a los animales) est\u00e1n en la parte inferior. Los trabajadores \u00abmentales\u00bb (administradores y cient\u00edficos superiores) est\u00e1n en la cima. T\u00e9cnicos y trabajadores de oficina est\u00e1n en el medio.<\/p>\n<p style=\"text-align: justify;\">Esta es una contradicci\u00f3n dentro de la ciencia capitalista. Su proceso de obtener un mejor conocimiento depende de la unidad de teor\u00eda y pr\u00e1ctica, trabajo \u00abmental\u00bb y \u00abmanual\u00bb. Sin embargo, sus relaciones sociales de producci\u00f3n los separan.<\/p>\n<p style=\"text-align: justify;\">\u00abUno obtiene una visi\u00f3n \u00fanica de la enfermedad cuando realmente interact\u00faa f\u00edsicamente con los pacientes\u00bb, dijo el destacado experto en salud p\u00fablica de EE.UU., Anthony Fauci, cuando se prepar\u00f3 para tratar a los pacientes con \u00e9bola en 1974.<\/p>\n<p style=\"text-align: justify;\">El hecho que el capitalismo pone el trabajo \u00abmental\u00bb en un pedestal alienta a los cient\u00edficos a ser arrogantes. Eso puede dificultarles comunicar que sus conclusiones siempre est\u00e1n sujetas a nuevas evidencias. Alienta a los trabajadores a asociar a los cient\u00edficos con los patrones capitalistas (cuando la mayor\u00eda no lo es) y desconfiar de ellos.<\/p>\n<p style=\"text-align: justify;\">La sociedad comunista resolver\u00e1 esta contradicci\u00f3n eliminando la divisi\u00f3n del trabajo en mental y manual. Muchas m\u00e1s personas ayudar\u00e1n a decidir qu\u00e9 estudiar y c\u00f3mo, c\u00f3mo interpretar y usar los resultados. M\u00e1s participar\u00e1n en trabajos cient\u00edficos. Aprenderemos m\u00e1s y difundiremos el conocimiento entre las masas.<\/p>\n<p style=\"text-align: justify;\">En este momento, nuestros colectivos necesitan encontrar la mejor informaci\u00f3n sobre COVID-19 que podamos. Esto proviene principalmente de la ciencia organizada, no de los presentadores de programas de entrevistas o Twister o el primo segundo de alguien o de hacerse ilusiones.<\/p>\n<p style=\"text-align: justify;\">Los patrones no nos facilitan obtener la mejor informaci\u00f3n. Las escuelas no preparan a la mayor\u00eda de nosotros para entenderla f\u00e1cilmente. Tenemos que luchar por ello. Eso es parte de nuestra lucha para construir un movimiento comunista revolucionario.<\/p>\n<p style=\"text-align: justify;\"><strong>\u00bfEn Qui\u00e9n Podemos Confiar?<\/strong><\/p>\n<p style=\"text-align: justify;\">\u00abPara derrotar al [COVID-19]\u00bb, dijo la politiquera estadounidense Nancy Pelosi, \u00abhay que creer en la ciencia y en el gobierno\u201d. \u00a1La mayor\u00eda de nosotros desconf\u00eda correctamente del gobierno capitalista! Las encuestas muestran que m\u00e1s personas en EE. UU. (87%) conf\u00edan en los cient\u00edficos m\u00e9dicos que en la religi\u00f3n (57%) o en los funcionarios electos (35%).<\/p>\n<p style=\"text-align: justify;\">Eso es bueno, pero a\u00fan as\u00ed&#8230; El capitalismo corrompe todo, incluida la ciencia.<\/p>\n<p style=\"text-align: justify;\">Se han escrito libros enteros que relatan solo una minima parte del racismo en la ciencia. Por ejemplo, el Estudio de S\u00edfilis del Servicio de Salud P\u00fablica de EE. UU. en Tuskegee en las d\u00e9cadas de 1930 y 1940 dej\u00f3 a hombres negros sufrir y morir de de s\u00edfilis aunque exist\u00eda la penicilina que la curaba efectivamente.<\/p>\n<p style=\"text-align: justify;\">Las corporaciones privadas ahora dominan la investigaci\u00f3n cient\u00edfica de EE.UU. El gobierno no est\u00e1 muy lejos. Se dice que \u00abel que paga manda\u00bb. \u00bfQui\u00e9n puede confiar en la investigaci\u00f3n proveniente de la industria tabacalera o de los combustibles f\u00f3siles, Monsanto, Farmac\u00e9utica?<\/p>\n<p style=\"text-align: justify;\">La ciencia capitalista produce resultados para los capitalistas. Los trabajadores no necesitan armas nucleares ni agricultura dependiente de productos qu\u00edmicos. Incluso cuando existen beneficios potenciales para los trabajadores, como la tecnolog\u00eda m\u00e9dica que salva vidas, las masas a menudo no los obtienen.<\/p>\n<p style=\"text-align: justify;\">Los comunistas prometen liberar a la ciencia de sus cadenas capitalistas. \u00a1Entre mas pronto mejor! Pero eso comienza ahora. Los colectivos del Partido, con compa\u00f1eros de trabajo, amigos y familiares, deben comenzar a aprender a ser cient\u00edficos ahora.<\/p>\n<p style=\"text-align: justify;\">Usando materialismo dial\u00e9ctico y pr\u00e1ctica, pr\u00e1ctica y m\u00e1s pr\u00e1ctica, mejoramos nuestra comprensi\u00f3n de la sociedad y c\u00f3mo transformarla. Y, colectivamente, encontramos y actuamos sobre la mejor informaci\u00f3n posible sobre lo que es seguro y lo que es necesario en medio de la pandemia de COVID-19.<\/p>\n<h3 style=\"text-align: center;\"><span style=\"color: #ff0000;\"><strong>Ciencia Dial\u00e9ctica Comunista Versus Ciencia Capitalista Orientada para Producir Ganancias<\/strong><\/span><\/h3>\n<p style=\"text-align: justify;\">Cuando los capitalistas revolucionarios destruyeron las restricciones de la sociedad feudal, fue la ciencia la que abri\u00f3 el camino hacia el mundo nuevo valiente. Hoy en d\u00eda, cuando su mundo no es nuevo ni valiente, atacan o distorsionan esa ciencia.<\/p>\n<p style=\"text-align: justify;\">El creciente ala fascista la ataca neg\u00e1ndola o usando el fundamentalismo religioso. Rechazan lo que sus ojos ven: \u00a1No hay calentamiento global, no hay contaminaci\u00f3n, no a las vacunas, no a las m\u00e1scaras! Construyen muros. Entregan pasaportes: \u00a1un virus Covid 19 se convierte en chino!<\/p>\n<p style=\"text-align: justify;\">El ala liberal, por otro el lado, usa la ciencia descaradamente. Obtiene ganancias para Microsoft o Huawei, para Monsanto o Toyota. Ven lo que es rentable pero est\u00e1n tan ciegos como un murci\u00e9lago a lo que no lo es.<\/p>\n<p style=\"text-align: justify;\">Un reporte del gobierno 2017 mostr\u00f3 que EE. UU., por ejemplo, estaba completamente no preparado para enfrentar el brote de una nueva pandemia viral. Esto no fue visto como un nuevo campo cient\u00edfico que explorar, sino como un gasto no rentable que evitar. Los capitalistas liberales pueden burlarse de dar pasaportes a los virus, pero ciertamente saben c\u00f3mo ponerlos en las columnas de p\u00e9rdidas y ganancias del contador. Esto es especialmente cierto cuando la anticipaci\u00f3n de ganancias futuras hace latir m\u00e1s r\u00e1pido sus corazones. Los pasaportes no son nada; las patentes m\u00e9dicas sobre curas y derechos de propiedad intelectual (privados) lo son todo. Seg\u00fan la Organizaci\u00f3n Mundial de la Salud (OMS), se estima que 37 millones de personas siguen infectadas con el VIH-SIDA, \u00a1pero solo 14 millones est\u00e1n siendo tratadas! La ciencia controlada por el capitalismo, atada a las ganancias y los derechos de propiedad, no libera a las masas. Las mata. Mientras las alas liberales y fascistas del capitalismo se disputan las aplicaciones de la ciencia, los comunistas abogan por una visi\u00f3n dial\u00e9ctica del mundo. La ciencia capitalista invierte millones de d\u00f3lares para examinar el virus. Su misi\u00f3n es desarrollar una vacuna para salvar el mundo para Microsoft, Huawei, Monsanto, etc. El experto examinar\u00e1 el virus, lo comprender\u00e1, lo neutralizar\u00e1 y gestionar\u00e1 la cura.<\/p>\n<p style=\"text-align: justify;\">El cient\u00edfico comunista aporta una visi\u00f3n dial\u00e9ctica a la pandemia. Covid 19 no es solo un virus como ning\u00fan otro. \u00a1Es al mismo tiempo un virus como todos los dem\u00e1s! Lo particular y lo general est\u00e1n interrelacionados. Al igual que la desnutrici\u00f3n, las enfermedades infecciosas, la diabetes, las enfermedades cardiovasculares y la mayor\u00eda de los c\u00e1nceres, Covid-19 est\u00e1 directamente relacionado con el racismo y el sexismo, la explotaci\u00f3n y la opresi\u00f3n, la pobreza y la contaminaci\u00f3n.<\/p>\n<p style=\"text-align: justify;\">Quitemos las condiciones sociales de la mesa y el resultado es el determinismo biol\u00f3gico de la medicina moderna. El cient\u00edfico comunista sabe que las mayores mejoras en la salud provienen de elevar el nivel de vida.<\/p>\n<p style=\"text-align: justify;\">Aunque existen estudios que reconocen eso, la ciencia capitalista nunca invertir\u00e1 miles de millones de d\u00f3lares en promover esa investigaci\u00f3n. Al salir del consultorio o la cl\u00ednica de un m\u00e9dico y uno sale preocupado por el ejercicio, la dieta o si el seguro pagar\u00e1 las prescripciones, pero lo m\u00e1s probable es que uno no haya tenido una discusi\u00f3n sobre la desigualdad social como la mayor causa de todas las enfermedades. Comenzar esas discusiones, plantear la necesidad de una revoluci\u00f3n comunista y luchar por la salud de las masas es la misi\u00f3n del PCOI. \u00a1\u00danete a nosotros!<\/p>\n<p style=\"text-align: justify;\">Camarada del \u00c1rea de la Bah\u00eda, San Francisco (EE. UU.)<\/p>\n<h4><a href=\"https:\/\/icwpredflag.org\/wp\/wordpress\/wps\/volumen-11-numero-9\/\">Primera p\u00e1gina de esta edici\u00f3n<\/a><\/h4>\n","protected":false},"excerpt":{"rendered":"<p>COVID-19: \u00bfC\u00f3mo Sabemos Qu\u00e9 Creer? \u00bfEs seguro para m\u00ed distribuir Bandera Roja en una protesta de Black Lives Matter? \u00bfEs seguro reunirme con mi clan familiar? \u00bfEs seguro enviar a mis hijos a la escuela? Cuando hay una vacuna disponible, \u00bfdebo pon\u00e9rmela? Las respuestas dependen de muchas cosas. Para sacar conclusiones de un conjunto particular &hellip; <a href=\"https:\/\/icwpredflag.org\/wp\/wordpress\/wps\/volumen-11-numero-9\/ciencia-y-salud-par-alas-masas\/\" class=\"more-link\">Sigue leyendo <span class=\"screen-reader-text\">Ciencia y Salud par alas Masas<\/span><\/a><\/p>\n","protected":false},"author":1,"featured_media":5655,"parent":6248,"menu_order":0,"comment_status":"closed","ping_status":"closed","template":"","meta":{"footnotes":""},"class_list":["post-6308","page","type-page","status-publish","has-post-thumbnail","hentry"],"_links":{"self":[{"href":"https:\/\/icwpredflag.org\/wp\/wordpress\/wps\/wp-json\/wp\/v2\/pages\/6308","targetHints":{"allow":["GET"]}}],"collection":[{"href":"https:\/\/icwpredflag.org\/wp\/wordpress\/wps\/wp-json\/wp\/v2\/pages"}],"about":[{"href":"https:\/\/icwpredflag.org\/wp\/wordpress\/wps\/wp-json\/wp\/v2\/types\/page"}],"author":[{"embeddable":true,"href":"https:\/\/icwpredflag.org\/wp\/wordpress\/wps\/wp-json\/wp\/v2\/users\/1"}],"replies":[{"embeddable":true,"href":"https:\/\/icwpredflag.org\/wp\/wordpress\/wps\/wp-json\/wp\/v2\/comments?post=6308"}],"version-history":[{"count":5,"href":"https:\/\/icwpredflag.org\/wp\/wordpress\/wps\/wp-json\/wp\/v2\/pages\/6308\/revisions"}],"predecessor-version":[{"id":6313,"href":"https:\/\/icwpredflag.org\/wp\/wordpress\/wps\/wp-json\/wp\/v2\/pages\/6308\/revisions\/6313"}],"up":[{"embeddable":true,"href":"https:\/\/icwpredflag.org\/wp\/wordpress\/wps\/wp-json\/wp\/v2\/pages\/6248"}],"wp:featuredmedia":[{"embeddable":true,"href":"https:\/\/icwpredflag.org\/wp\/wordpress\/wps\/wp-json\/wp\/v2\/media\/5655"}],"wp:attachment":[{"href":"https:\/\/icwpredflag.org\/wp\/wordpress\/wps\/wp-json\/wp\/v2\/media?parent=6308"}],"curies":[{"name":"wp","href":"https:\/\/api.w.org\/{rel}","templated":true}]}}