{"id":6396,"date":"2020-08-15T01:06:49","date_gmt":"2020-08-15T01:06:49","guid":{"rendered":"https:\/\/icwpredflag.org\/wp\/wordpress\/wps\/?page_id=6396"},"modified":"2020-08-15T01:19:41","modified_gmt":"2020-08-15T01:19:41","slug":"mas-cartas-para-bandera-roja","status":"publish","type":"page","link":"https:\/\/icwpredflag.org\/wp\/wordpress\/wps\/volumen-11-numero-10\/mas-cartas-para-bandera-roja\/","title":{"rendered":"Mas Cartas Para Bandera Roja"},"content":{"rendered":"<p><strong>Cartas en esta p\u00e1gina: Participamos en Luchas Reformistas <a class=\"icwp-emph\" href=\"#1\">aqu\u00ed \u2666<\/a> Peterloo Masacre <a class=\"icwp-emph\" href=\"#2\">aqu\u00ed \u2666<\/a><\/strong><\/p>\n<h4 id=\"1\" style=\"text-align: center;\"><strong>Participamos en Luchas Reformistas para Propagar el Comunismo<\/strong><\/h4>\n<p style=\"text-align: justify;\">Despu\u00e9s de leer el art\u00edculo de <strong>\u201cReflexiones Sobre Como Luchar por el Comunismo y Nada Menos\u201d<\/strong> p\u00e1gina 7, en nuestro peri\u00f3dico <strong><em>Bandera Roja<\/em><\/strong>, (Vol. 11 #8), me hizo pensar mucho en como avanzamos las luchas en nuestras c\u00e9lulas del Partido Comunista Obrero Internacional y con nuestra lucha interna por construirlo en cantidad y calidad.<\/p>\n<p style=\"text-align: justify;\">\u201cEsta noche he puesto en el grupo de WhatsApp un documental, llamado \u201cObreras sin patr\u00f3n\u201d, \u00bfcrees que sea muy reformista?\u201d le pregunt\u00e9 a mi compa\u00f1era. \u201cYo creo que s\u00ed, pero es que ha habido muchas discusiones en el Partido sobre como nosotros, ac\u00e1 en el pa\u00eds, hemos participado en luchas por reformas en la f\u00e1brica\u201d me termin\u00f3 diciendo.<\/p>\n<p style=\"text-align: justify;\">Muchos camaradas de las f\u00e1bricas, donde tenemos c\u00e9lulas del PCOI eran organizadores sindicales cuando los conocimos. Sin embargo, cuando vieron como nos hac\u00edamos participes de su lucha, y la elev\u00e1bamos a otro nivel en las reuniones ampliadas, fueron analizando que hab\u00eda un mundo m\u00e1s all\u00e1 del sindicato.<\/p>\n<p style=\"text-align: justify;\">Hubo una gran discusi\u00f3n interna, cuando una camarada de las lideresas del Partido particip\u00f3 en una lucha por mejorar la calidad del agua dentro de una de las f\u00e1bricas. \u201cPorque el Partido no nos apoya en estos momentos\u201d nos dijo, y se tuvo todo el Comit\u00e9 Central que reunir y tratar de dar una explicaci\u00f3n comunista del porque las luchas por reformas no hacen avanzar las luchas de nuestra clase.<\/p>\n<p style=\"text-align: justify;\">Al final llegamos a la conclusi\u00f3n con la ayuda de lideres internacionalista del PCOI de que deb\u00edamos apoyar ese tipo de luchas, pero sin ser nosotros los que dirigi\u00e9ramos esas luchas por reformas, sino m\u00e1s bien con el fin de conocer mas obreros y obreras y compartir con ellos nuestra l\u00ednea comunista.<\/p>\n<p style=\"text-align: justify;\">\u201cYo nunca hab\u00eda escuchado nada de que se trataba lo del Comunismo, pero ve\u00eda que los compa\u00f1eros de <strong><em>Bandera Roja<\/em><\/strong>, dentro de la f\u00e1brica son bien solidarios y hacen excursiones a la playa y a la monta\u00f1a\u201d \u201cVarias veces me hab\u00edan invitado a estas reuniones, pero me daba miedo el comunismo, por todo lo que me han dicho los del sindicato\u201d estas son expresiones de algunas obreras y obreros.<\/p>\n<p style=\"text-align: justify;\">Hemos socializado con estos obreros, que nunca en su vida hab\u00edan escuchado hablar del Marxismo-Leninismo, mucho menos del Materialismo Dial\u00e9ctico, y en el sindicato hab\u00edan sido muy militantes. Muchas se han quedado con nosotros y nuestra l\u00ednea comunista. Muchos de ellos piden apoyo a nuestros camaradas dentro de la f\u00e1brica cuando se dan enfrentamientos con la patronal.<\/p>\n<p style=\"text-align: justify;\">Hemos repartido en varias ocasiones en las f\u00e1bricas el volante \u201cQuien roba a quien\u201d y ha sido muy bien acogido por los y las obreras, algunos l\u00edderes sindicales frente a su militancia les dicen que no se re\u00fanan con los de <strong><em>Bandera Roja<\/em><\/strong>, pero cuando necesitan llegan a pedir apoyo ideol\u00f3gico a nuestros camaradas. Porque ya los ven m\u00e1s avanzados pol\u00edticamente y eso hace que m\u00e1s obreros se nos acerquen.<\/p>\n<p style=\"text-align: justify;\">En las reuniones del Comit\u00e9 Central hemos discutido sobre Reforma y Revoluci\u00f3n, y como debemos estar presentes en las luchas de los trabajadores de las f\u00e1bricas, pero que no nos absorba la reforma, sino que esa lucha por mejores salarios, menores metas de producci\u00f3n nos sirvan para darle a conocer a la base obrera que hay la posibilidad de un mundo sin dinero, sin fronteras, que el internacionalismo proletario es posible y que deben unirse al Partido Comunista Obrero Internacional.<\/p>\n<p style=\"text-align: justify;\">Camarada en El Salvador<\/p>\n<p style=\"text-align: justify;\"><img loading=\"lazy\" decoding=\"async\" class=\"wp-image-6399 aligncenter\" src=\"https:\/\/icwpredflag.org\/wp\/wordpress\/wps\/wp-content\/uploads\/sites\/2\/2020\/08\/Peterloo_Massacre-edit-300x200.png\" alt=\"\" width=\"710\" height=\"473\" srcset=\"https:\/\/icwpredflag.org\/wp\/wordpress\/wps\/wp-content\/uploads\/sites\/2\/2020\/08\/Peterloo_Massacre-edit-300x200.png 300w, https:\/\/icwpredflag.org\/wp\/wordpress\/wps\/wp-content\/uploads\/sites\/2\/2020\/08\/Peterloo_Massacre-edit-1024x682.png 1024w, https:\/\/icwpredflag.org\/wp\/wordpress\/wps\/wp-content\/uploads\/sites\/2\/2020\/08\/Peterloo_Massacre-edit-768x512.png 768w, https:\/\/icwpredflag.org\/wp\/wordpress\/wps\/wp-content\/uploads\/sites\/2\/2020\/08\/Peterloo_Massacre-edit.png 1280w\" sizes=\"auto, (max-width: 710px) 100vw, 710px\" \/><\/p>\n<p class=\"p1\" style=\"text-align: center;\"><strong>Masacre de Peterloo<\/strong><\/p>\n<h4 id=\"2\" style=\"text-align: justify;\"><strong>La Pel\u00edcula \u00abLa Tragedia de Peterloo\u00bb Genera Confianza en la Clase Obrera<\/strong><\/h4>\n<p style=\"text-align: justify;\">Una pel\u00edcula sobre una brutal masacre de familias de la clase obrera en un mitin de protesta suena derrotista. La pel\u00edcula \u00abPeterloo\u00bb, sin embargo, te llena tanto de ira como de confianza en la clase.<\/p>\n<p style=\"text-align: justify;\">Peterloo es el nombre que la historia le ha dado a la masacre de obreros en un mitin en Manchester, Inglaterra, en 1819, pocos a\u00f1os despu\u00e9s de que los ingleses derrotaran a Napole\u00f3n en la batalla de Waterloo.<\/p>\n<p style=\"text-align: justify;\">La pel\u00edcula fomenta nuestra ira de de clase mediante una serie de escenas contrastantes. El elogio p\u00fablico y las ricas recompensas monetarias y ascensos a los oficiales del Ej\u00e9rcito se contraponen al despido silencioso de los soldados de infanter\u00eda. De tres escenas breves en la corte de magistrados de Manchester, vislumbramos la brutalidad del gobierno de clases. Y de las conversaciones en diferentes escenarios comprendemos el miedo de la \u00e9lite a la Revoluci\u00f3n Francesa y al apoyo que la clase obrera le diera.<\/p>\n<p style=\"text-align: justify;\">Y construye nuestra confianza de clase en escenas que muestran la amplitud y variedad de organizaci\u00f3n que construy\u00f3 el movimiento de protesta. Grupos de mujeres reunidos en salones deteriorados, grupos pol\u00edticos en bares, grupos m\u00e1s peque\u00f1os escribiendo un volante, grupos armados que se entrenan en secreto y discusiones familiares en la cocina. En todos ellos hay conflictos ya que conviven la unidad y el desacuerdo.<\/p>\n<p style=\"text-align: justify;\">De hecho, aunque la pel\u00edcula presenta la masacre de Peterloo, no se trata de la masacre. Se trata de la construcci\u00f3n de un movimiento obrero de masas.<\/p>\n<p style=\"text-align: justify;\">Y la pel\u00edcula no trata sobre las debilidades de ese movimiento. Trata de los errores de este al ceder el liderazgo en el \u00faltimo momento a un rico orador pacifista de \u00abrenombre\u00bb. Nos deja esta pel\u00edcula con una sensaci\u00f3n de derrota. Lo dejas con el sentir que capt\u00f3 Mao en sus d\u00edas revolucionarios: \u00ab\u00a1Luchar, fracasar, volver a luchar, fracasar de nuevo, y as\u00ed hasta la victoria!\u201d<\/p>\n<p style=\"text-align: justify;\">Camarada de California (EE. UU.)<\/p>\n<h4><a href=\"https:\/\/icwpredflag.org\/wp\/wordpress\/wps\/volumen-11-numero-10\/\">Primera p\u00e1gina de esta edici\u00f3n<\/a><\/h4>\n<div id=\"gtx-trans\" style=\"position: absolute; left: 159px; top: 76px;\">\n<div class=\"gtx-trans-icon\"><\/div>\n<\/div>\n","protected":false},"excerpt":{"rendered":"<p>Cartas en esta p\u00e1gina: Participamos en Luchas Reformistas aqu\u00ed \u2666 Peterloo Masacre aqu\u00ed \u2666 Participamos en Luchas Reformistas para Propagar el Comunismo Despu\u00e9s de leer el art\u00edculo de \u201cReflexiones Sobre Como Luchar por el Comunismo y Nada Menos\u201d p\u00e1gina 7, en nuestro peri\u00f3dico Bandera Roja, (Vol. 11 #8), me hizo pensar mucho en como avanzamos &hellip; <a href=\"https:\/\/icwpredflag.org\/wp\/wordpress\/wps\/volumen-11-numero-10\/mas-cartas-para-bandera-roja\/\" class=\"more-link\">Sigue leyendo <span class=\"screen-reader-text\">Mas Cartas Para Bandera Roja<\/span><\/a><\/p>\n","protected":false},"author":1,"featured_media":5655,"parent":6328,"menu_order":0,"comment_status":"closed","ping_status":"closed","template":"","meta":{"footnotes":""},"class_list":["post-6396","page","type-page","status-publish","has-post-thumbnail","hentry"],"_links":{"self":[{"href":"https:\/\/icwpredflag.org\/wp\/wordpress\/wps\/wp-json\/wp\/v2\/pages\/6396","targetHints":{"allow":["GET"]}}],"collection":[{"href":"https:\/\/icwpredflag.org\/wp\/wordpress\/wps\/wp-json\/wp\/v2\/pages"}],"about":[{"href":"https:\/\/icwpredflag.org\/wp\/wordpress\/wps\/wp-json\/wp\/v2\/types\/page"}],"author":[{"embeddable":true,"href":"https:\/\/icwpredflag.org\/wp\/wordpress\/wps\/wp-json\/wp\/v2\/users\/1"}],"replies":[{"embeddable":true,"href":"https:\/\/icwpredflag.org\/wp\/wordpress\/wps\/wp-json\/wp\/v2\/comments?post=6396"}],"version-history":[{"count":4,"href":"https:\/\/icwpredflag.org\/wp\/wordpress\/wps\/wp-json\/wp\/v2\/pages\/6396\/revisions"}],"predecessor-version":[{"id":6401,"href":"https:\/\/icwpredflag.org\/wp\/wordpress\/wps\/wp-json\/wp\/v2\/pages\/6396\/revisions\/6401"}],"up":[{"embeddable":true,"href":"https:\/\/icwpredflag.org\/wp\/wordpress\/wps\/wp-json\/wp\/v2\/pages\/6328"}],"wp:featuredmedia":[{"embeddable":true,"href":"https:\/\/icwpredflag.org\/wp\/wordpress\/wps\/wp-json\/wp\/v2\/media\/5655"}],"wp:attachment":[{"href":"https:\/\/icwpredflag.org\/wp\/wordpress\/wps\/wp-json\/wp\/v2\/media?parent=6396"}],"curies":[{"name":"wp","href":"https:\/\/api.w.org\/{rel}","templated":true}]}}