{"id":6628,"date":"2020-09-26T20:39:53","date_gmt":"2020-09-26T20:39:53","guid":{"rendered":"https:\/\/icwpredflag.org\/wp\/wordpress\/wps\/?page_id=6628"},"modified":"2020-09-27T00:33:09","modified_gmt":"2020-09-27T00:33:09","slug":"mas-cartas","status":"publish","type":"page","link":"https:\/\/icwpredflag.org\/wp\/wordpress\/wps\/volumen-11-numero-12\/mas-cartas\/","title":{"rendered":"M\u00e1s Cartas"},"content":{"rendered":"<p style=\"text-align: left;\"><img loading=\"lazy\" decoding=\"async\" class=\"size-full wp-image-6630 alignleft\" src=\"https:\/\/icwpredflag.org\/wp\/wordpress\/wps\/wp-content\/uploads\/sites\/2\/2020\/09\/RFhand.jpg\" alt=\"\" width=\"230\" height=\"288\" \/><\/p>\n<p style=\"text-align: left;\"><strong>Cartas en esta p\u00e1gina: Preparemos Futuros Lideres <a class=\"icwp-emph\" href=\"#1\">aqu\u00ed \u2666<\/a> <\/strong><strong>Mis Experiencias desde que Ingrese al PCOI <a class=\"icwp-emph\" href=\"#2\">aqu\u00ed \u2666<\/a> Negaci\u00f3n Dial\u00e9ctica versus Negaci\u00f3n Mec\u00e1nica <a class=\"icwp-emph\" href=\"#3\">aqu\u00ed \u2666<\/a> Pueda que la Elecci\u00f3n Presidencial de EE.UU. Sea Disputada, <a class=\"icwp-emph\" href=\"#4\">aqu\u00ed \u2666<\/a> Guerra Imperialista y Revoluci\u00f3n Comunista <a class=\"icwp-emph\" href=\"#5\">aqu\u00ed \u2666<\/a><\/strong><\/p>\n<h4><span id=\"1\" style=\"color: #ff0000;\"><strong>Preparemos a Nuestros Futuros L\u00edderes<\/strong><\/span><\/h4>\n<p style=\"text-align: justify;\">Todas las ma\u00f1anas me despierto pensando en la juventud que se est\u00e1 ahogando en Mzantsi, Sud\u00e1frica. Nuestros l\u00edderes, por quienes votamos, est\u00e1n ocupados llen\u00e1ndose los bolsillos de dinero Los politiquearos est\u00e1n rob\u00e1ndose millones de rands (moneda sudafricana). Es incre\u00edble.<\/p>\n<p style=\"text-align: justify;\">Miremos a nuestra juventud en Sud\u00e1frica, a los de entre 18 a 35 a\u00f1os de edad. La mayor\u00eda de ellos no trabaja y muchos terminan en el alcohol y las drogas.<\/p>\n<p style=\"text-align: justify;\">\u00bfQui\u00e9n tiene la culpa? La respuesta es obvia. Es el sistema que usan los politiqueros para gobernar sus pa\u00edses. Tenemos una gran responsabilidad como miembros del PCOI. La lucha contin\u00faa para ense\u00f1arles a los j\u00f3venes del mundo sobre la revoluci\u00f3n comunista.<\/p>\n<p>Nuevo miembro del PCOI<\/p>\n<h4><span id=\"2\" style=\"color: #ff0000;\"><strong>Mis Experiencias Desde que Ingres\u00e9 al PCOI<\/strong><\/span><\/h4>\n<p style=\"text-align: justify;\">Ingres\u00e9 al PCOI hace 3 a\u00f1os. Luego fui con mis camaradas a Marikana para movilizar a las masas para el comunismo. Fue una experiencia inolvidable, aunque hubo obst\u00e1culos. Aprendimos que hay mucho por hacer.<\/p>\n<p style=\"text-align: justify;\">Todas las noches discut\u00edamos la dial\u00e9ctica y todo lo que est\u00e1bamos discutiendo. Encontramos algunas de las cosas a la ma\u00f1ana siguiente, y eso fue alentador.<\/p>\n<p style=\"text-align: justify;\">Necesitamos ver crecimiento en el Movimiento. Necesitamos practicar los principios del movimiento, no solo tratar de complacer a familiares y amigos.<\/p>\n<p style=\"text-align: justify;\">Puede que no tengamos suficientes recursos para hacer eso, pero planificando todos los d\u00edas nos ayudar\u00e1 a querer hacer m\u00e1s de lo que pensamos. Como yo, por ejemplo. No necesito llevar 100 ejemplares de <strong><em>Bandera Roja<\/em><\/strong> para movilizara las masas. Dondequiera que voy, llevo de 2 a 4 <strong><em>Bandera Roja<\/em><\/strong> y empiezo a explicar lo que es el Movimiento y sus objetivos.<\/p>\n<p style=\"text-align: justify;\">Si alguien tiene ideas sobre como movilizar, por favor comp\u00e1rtanlas en <strong><em>Bandera Roja<\/em><\/strong>.<\/p>\n<p style=\"text-align: justify;\">Camarada en Sud\u00e1frica<\/p>\n<h4 id=\"3\" style=\"text-align: justify;\"><span style=\"color: #ff0000;\"><strong>Negaci\u00f3n dial\u00e9ctica versus Negaci\u00f3n Mec\u00e1nica<\/strong><\/span><\/h4>\n<p style=\"text-align: justify;\">\u201cEl colectivismo rein\u00f3 en la sociedad humana durante cientos y miles de a\u00f1os antes de la sociedad de clases. \u00a1La estando trayendo de nuevo! \u00a1La negaci\u00f3n de la negaci\u00f3n! \u201cExclam\u00f3 Rafael.<\/p>\n<p style=\"text-align: justify;\">\u201c\u00bfComprenden todos esta idea de la \u2018negaci\u00f3n de la negaci\u00f3n\u2019?\u201d pregunt\u00f3 Marcia<\/p>\n<p style=\"text-align: justify;\">\u201cLo estoy busc\u00e1ndolo en Google ahora\u201d, dijo Vilma. \u201cSin embargo, expl\u00edcalo\u201d.<\/p>\n<p style=\"text-align: justify;\">\u201cLa negaci\u00f3n en la l\u00f3gica formal es \u2018no&#8217;\u201d, respondi\u00f3 Marcia. \u201cEsta lloviendo. Negaci\u00f3n: No est\u00e1 lloviendo. Negaci\u00f3n de negaci\u00f3n: NO no est\u00e1 lloviendo (es decir, est\u00e1 lloviendo). Negaci\u00f3n mec\u00e1nica.<\/p>\n<p style=\"text-align: justify;\">\u201cPero en el mundo material, la negaci\u00f3n de la negaci\u00f3n a menudo NO te lleva al punto de partida. Ginny es un beb\u00e9. Mira a Ginny, ya no es un beb\u00e9, es una ni\u00f1a. Mira a Ginny ahora, no es una ni\u00f1a [es decir, NO no un beb\u00e9], ha crecido. Obviamente, ella no es un beb\u00e9 de nuevo. Negaci\u00f3n dial\u00e9ctica.<\/p>\n<p style=\"text-align: justify;\">\u201cLa sociedad de clases neg\u00f3 las sociedades anteriores a la clase. Nuestro trabajo es negar el capitalismo (y con \u00e9l, toda la sociedad de clases) de una manera que permita un mayor desarrollo (comunismo). \u00a1No \u201cnegar el capitalismo\u201d bombardeando el planeta haci\u00e9ndolo a\u00f1icos! Eso pondr\u00eda grandes obst\u00e1culos en el camino de un mayor desarrollo social humano.<\/p>\n<p style=\"text-align: justify;\">\u201cLa sociedad comunista sin clases (negaci\u00f3n de la negaci\u00f3n de la sociedad pre-clases) no ser\u00e1 la misma que las antiguas sociedades pre-clases porque estar\u00e1 informada y moldeada por todo lo que ha sucedido desde entonces\u201d.<\/p>\n<p style=\"text-align: justify;\">Vilma tenia su propio ejemplo: \u201ctRump no es amoral\u201d. Ella pregunt\u00f3: \u201cY est\u00e1s diciendo que una nueva visi\u00f3n y una sociedad sin clases se basar\u00e1n en las experiencias y el conocimiento de los \u00e9xitos\/fracasos pasados. \u00bfSi?\u201d<\/p>\n<p style=\"text-align: justify;\">\u201cS\u00ed\u201d, respondi\u00f3 Marcia. \u201cEs por eso que tenemos que aprender mucho de los \u00e9xitos\/fracasos pasados\u201d. Y tienes raz\u00f3n: no es amoral. Es amoral. Negaci\u00f3n mec\u00e1nica. O negaci\u00f3n dial\u00e9ctica: \u00c9l est\u00e1 m\u00e1s all\u00e1 de lo amoral\u201d.<\/p>\n<p style=\"text-align: justify;\">Camaradas de Los \u00c1ngeles<\/p>\n<h4 id=\"4\" style=\"text-align: justify;\"><span style=\"color: #ff0000;\">\u00bfQu\u00e9 Pasar\u00e1 Si los Resultados de las Elecciones Presidenciales de EE. UU. Son Disputadas?<\/span><\/h4>\n<p style=\"text-align: justify;\"><strong><em>Bandera Roja<\/em><\/strong> public\u00f3 un buen art\u00edculo sobre estas elecciones, pero este ten\u00eda una seria debilidad: por lo general asum\u00eda que Biden o Trump ganar\u00eda. Argument\u00f3 que de cualquier manera no veremos mucha diferencia.<\/p>\n<p style=\"text-align: justify;\">Mencion\u00f3 la posibilidad de que el que \u00abdeclarado perdedor\u00bb no aceptar\u00eda su derrota. De hecho, hay una buena posibilidad de que esto suceda, e incluso que no se declare perdedor alguno.<\/p>\n<p style=\"text-align: justify;\">Creo que es muy probable que en la noche de las elecciones y por alg\u00fan tiempo no haya acuerdo con el resultado de las elecciones. Como dijo un comentarista, no pensemos en t\u00e9rminos de una \u00abnoche de elecciones\u00bb, \u00a1pensemos en un \u00abmes de elecciones\u00bb!<\/p>\n<p style=\"text-align: justify;\">He hablado de esto con muchos amigos, familiares, partidarios del PCOI, etc. y est\u00e1n acuerdo un\u00e1nimemente. Entre ellos, la opini\u00f3n es que esto es inevitable que el resultado sea disputado, dada lo re\u00f1ido de la contienda y lo que est\u00e1 en juego. Predicen grandes manifestaciones y contramanifestaciones, con polic\u00edas y fascistas armados luchando contra los antirracistas.<\/p>\n<p style=\"text-align: justify;\">Que rumbo tomar\u00e1 de all\u00ed es dif\u00edcil ver. Trump ha amenazado con usar una fuerza masiva contra las personas que se manifiestan contra su (declarada) victoria y su compinche , Roger Stone, est\u00e1 pidiendo un golpe militar. \u00bfY que si el ej\u00e9rcito est\u00e1 dividido?<\/p>\n<p style=\"text-align: justify;\">Desafortunadamente, mis amigos tambi\u00e9n son (casi) un\u00e1nimemente de la mentalidad que no podemos hacer algo. Sostengo que tenemos una opci\u00f3n: Acabar este infierno con una revoluci\u00f3n comunista.<\/p>\n<p style=\"text-align: justify;\">Admito que por el momento no somos lo suficientemente fuertes para aprovechar la oportunidad. Pero eso significa que es vital que ustedes ingresen al PCOI para garantizar que la pr\u00f3xima crisis, o la siguiente, sea la \u00faltima del capitalismo.<\/p>\n<p style=\"text-align: justify;\">Camarada preocupado<\/p>\n<h4 id=\"5\" style=\"text-align: justify;\"><span style=\"color: #ff0000;\"><strong>Guerras Imperialistas y Revoluciones Comunistas<\/strong><\/span><\/h4>\n<p style=\"text-align: justify;\">En marzo de 1871, durante la guerra entre Francia y Alemania, la clase obrera francesa \u201casalto los cielos\u201d (Marx). Por primera vez en la historia, la clase obrera tomaba el poder estatal, manteni\u00e9ndolo durante 72 d\u00edas.<\/p>\n<p style=\"text-align: justify;\">Los imperialistas franceses y los capitalistas alemanes detuvieron su guerra y se unieron para atacar a las masas revolucionarias en Par\u00eds.<\/p>\n<p style=\"text-align: justify;\">Esta fue una otra \u201cprimera vez\u201d: la heroica clase obrera francesa cambi\u00f3 temporalmente la principal contradicci\u00f3n del mundo de ser la rivalidad entre las grandes potencias a ser la clase obrera contra la clase capitalista.<\/p>\n<p style=\"text-align: justify;\">Los capitalistas alemanes liberaron entonces 250,000 soldados franceses capturados. Los gobernantes franceses los usaron para ahogar en sangre lo que se llam\u00f3 como la Comuna de Par\u00eds.<\/p>\n<p style=\"text-align: justify;\">Sin embargo, fueron incapaces de detener la inspiraci\u00f3n que la Comuna diera al movimiento comunista internacional. Cuarenta y seis a\u00f1os despu\u00e9s, en el cuarto a\u00f1o de la Primera Guerra Mundial, el Partido Bolchevique comunista llev\u00f3 a las masas obreras rusas al poder.<\/p>\n<p style=\"text-align: justify;\">Esta segunda vez que la clase obrera tomaba el poder, liber\u00f3 temporalmente a una sexta parte del mundo del yugo del capitalismo-imperialismo. Esto repercuti\u00f3 en las sufridas masas del mundo, incluidos millones de soldados siendo masacrados por las ganancias e imperios de los imperialistas.<\/p>\n<p style=\"text-align: justify;\">Tambi\u00e9n hizo temblar de p\u00e1nico a los capitalistas-imperialistas guerreadores del mundo. Aterrorizados de que \u201csus\u201d trabajadores y soldados pudieran seguir el ejemplo ruso, terminaron apresuradamente su guerra e invadieron Rusia. El primer ministro brit\u00e1nico, Winston Churchill, declar\u00f3 abiertamente su objetivo: \u201cestrangular al bolchevismo en su cuna\u201d.<\/p>\n<p style=\"text-align: justify;\">Una vez m\u00e1s, la clase obrera cambi\u00f3 la principal contradicci\u00f3n en el mundo, de ser la rivalidad interimperialista, a ser clase obrera dirigida por comunistas versus el capitalismo.<\/p>\n<p style=\"text-align: justify;\">Catorce ej\u00e9rcitos imperialistas invadieron Rusia, uniendo fuerzas con el contrarrevolucionario Ej\u00e9rcito Blanco Ruso. La clase obrera rusa los derrot\u00f3 a todos despu\u00e9s de cinco a\u00f1os de guerra sangrienta.<\/p>\n<p style=\"text-align: justify;\">Millones de personas se inspiraron mundialmente. Muchos partidos comunistas fueron organizados siguiendo el modelo ruso. Muchos de ellos organizaron insurrecciones armadas. Aunque todas fracasaron debido a sus debilidades internas, durante d\u00e9cadas el aspecto principal de la lucha de clases en el mundo era la clase obrera internacional contra los capitalistas-imperialistas.<\/p>\n<p style=\"text-align: justify;\">Esto impidi\u00f3 temporalmente que los carniceros imperialistas comenzaran otra guerra mundial. Pero el S\u00e9ptimo Congreso de la Tercera Internacional Comunista (1935) adopt\u00f3 la l\u00ednea del Frente Unido con los capitalistas-imperialistas liberales para derrotar al fascismo. Entonces, los imperialistas se sintieron libres para comenzar su guerra mundial en 1939.<\/p>\n<p style=\"text-align: justify;\">A pesar de la alianza, los imperialistas occidentales segu\u00edan empe\u00f1ados en destruir la Uni\u00f3n Sovi\u00e9tica socialista, que todav\u00eda se manten\u00eda era vista como un faro de esperanza por las masas oprimidas del mundo. Ellos financiaron el gigantesco desarrollo militar de Alemania, esperando que las hordas fascistas de Hitler destruyeran la Uni\u00f3n Sovi\u00e9tica. No lo lograron. Al contrario, el Ej\u00e9rcito Rojo Ruso cambi\u00f3 el rumbo de la guerra a su favor, derrotando al Sexto Ej\u00e9rcito Alem\u00e1n en Stalingrado a principios de 1943.<\/p>\n<p style=\"text-align: justify;\">Fue el comienzo del fin del \u201cReinado de mil a\u00f1os\u201d de Hitler. El prestigio de la Uni\u00f3n Sovi\u00e9tica dirigida por comunistas se elev\u00f3 a nuevas alturas. Temerosos de que las masas inspiradas pudieran iniciar insurrecciones revolucionarias a nivel internacional, los \u201caliados\u201d de Rusia (Estados Unidos y Gran Breta\u00f1a) exigieron la disoluci\u00f3n de la Tercera Internacional Comunista. Stalin lo hizo en mayo de 1943.<\/p>\n<p style=\"text-align: justify;\">Basado en esta historia: \u00bfPuede la clase obrera hoy d\u00eda cambiar la principal contradicci\u00f3n en el mundo como lo hizo la clase trabajadora rusa en 1917? Esta vez a comunismo versus el capitalismo, \u00bfantes de que estalle la Tercera Guerra Mundial?<\/p>\n<p style=\"text-align: justify;\">Explicaremos por qu\u00e9 creemos que esto puede suceder en los EE. UU. Y cu\u00e1l deber\u00eda ser el papel del PCOI. Alentamos a los colectivos del Partido y a los lectores de <em><strong>Bandera Roja<\/strong><\/em> en el mundo a escribir sobre posibilidades similares donde viven y su papel en ellas.<\/p>\n<p style=\"text-align: justify;\">Camaradas en los Estados Unidos<\/p>\n<p><a style=\"font-size: 20px; font-weight: bold;\" href=\"https:\/\/icwpredflag.org\/wp\/wordpress\/wps\/volumen-11-numero-12\/\">Primera p\u00e1gina de esta edici\u00f3n<\/a><\/p>\n","protected":false},"excerpt":{"rendered":"<p>Cartas en esta p\u00e1gina: Preparemos Futuros Lideres aqu\u00ed \u2666 Mis Experiencias desde que Ingrese al PCOI aqu\u00ed \u2666 Negaci\u00f3n Dial\u00e9ctica versus Negaci\u00f3n Mec\u00e1nica aqu\u00ed \u2666 Pueda que la Elecci\u00f3n Presidencial de EE.UU. Sea Disputada, aqu\u00ed \u2666 Guerra Imperialista y Revoluci\u00f3n Comunista aqu\u00ed \u2666 Preparemos a Nuestros Futuros L\u00edderes Todas las ma\u00f1anas me despierto pensando en &hellip; <a href=\"https:\/\/icwpredflag.org\/wp\/wordpress\/wps\/volumen-11-numero-12\/mas-cartas\/\" class=\"more-link\">Sigue leyendo <span class=\"screen-reader-text\">M\u00e1s Cartas<\/span><\/a><\/p>\n","protected":false},"author":1,"featured_media":5655,"parent":6567,"menu_order":0,"comment_status":"closed","ping_status":"closed","template":"","meta":{"footnotes":""},"class_list":["post-6628","page","type-page","status-publish","has-post-thumbnail","hentry"],"_links":{"self":[{"href":"https:\/\/icwpredflag.org\/wp\/wordpress\/wps\/wp-json\/wp\/v2\/pages\/6628","targetHints":{"allow":["GET"]}}],"collection":[{"href":"https:\/\/icwpredflag.org\/wp\/wordpress\/wps\/wp-json\/wp\/v2\/pages"}],"about":[{"href":"https:\/\/icwpredflag.org\/wp\/wordpress\/wps\/wp-json\/wp\/v2\/types\/page"}],"author":[{"embeddable":true,"href":"https:\/\/icwpredflag.org\/wp\/wordpress\/wps\/wp-json\/wp\/v2\/users\/1"}],"replies":[{"embeddable":true,"href":"https:\/\/icwpredflag.org\/wp\/wordpress\/wps\/wp-json\/wp\/v2\/comments?post=6628"}],"version-history":[{"count":7,"href":"https:\/\/icwpredflag.org\/wp\/wordpress\/wps\/wp-json\/wp\/v2\/pages\/6628\/revisions"}],"predecessor-version":[{"id":6663,"href":"https:\/\/icwpredflag.org\/wp\/wordpress\/wps\/wp-json\/wp\/v2\/pages\/6628\/revisions\/6663"}],"up":[{"embeddable":true,"href":"https:\/\/icwpredflag.org\/wp\/wordpress\/wps\/wp-json\/wp\/v2\/pages\/6567"}],"wp:featuredmedia":[{"embeddable":true,"href":"https:\/\/icwpredflag.org\/wp\/wordpress\/wps\/wp-json\/wp\/v2\/media\/5655"}],"wp:attachment":[{"href":"https:\/\/icwpredflag.org\/wp\/wordpress\/wps\/wp-json\/wp\/v2\/media?parent=6628"}],"curies":[{"name":"wp","href":"https:\/\/api.w.org\/{rel}","templated":true}]}}