{"id":6792,"date":"2020-11-07T03:54:19","date_gmt":"2020-11-07T03:54:19","guid":{"rendered":"https:\/\/icwpredflag.org\/wp\/wordpress\/wps\/?page_id=6792"},"modified":"2020-11-08T07:50:29","modified_gmt":"2020-11-08T07:50:29","slug":"bandera-roja-voz-de-los-obreros-y-jovenes","status":"publish","type":"page","link":"https:\/\/icwpredflag.org\/wp\/wordpress\/wps\/volumen-11-numero-14\/bandera-roja-voz-de-los-obreros-y-jovenes\/","title":{"rendered":"Bandera Roja: Voz de los Obreros y J\u00f3venes"},"content":{"rendered":"<p><strong><em>En esta p\u00e1gina: Bandera Roja<\/em> es tu voz <a class=\"icwp-emph\" href=\"#1\">aqu\u00ed \u2666<\/a> A J\u00f3venes les gustan las ideas Comunistas <a class=\"icwp-emph\" href=\"#2\">aqu\u00ed \u2666<\/a> Preguntas de nuevo miembro <a class=\"icwp-emph\" href=\"#3\">aqu\u00ed \u2666<\/a> Amigo quiere un mundo comunista <a class=\"icwp-emph\" href=\"#4\">aqu\u00ed \u2666<\/a> Nunca te rindas <a class=\"icwp-emph\" href=\"#5\">aqu\u00ed \u2666<\/a> Polonia <a class=\"icwp-emph\" href=\"#6\">aqu\u00ed \u2666<\/a><\/strong><\/p>\n<h3 id=\"1\" style=\"text-align: center;\"><span style=\"color: #ff0000;\"><strong>Obreros y J\u00f3venes: <em>Bandera Roja<\/em> es Su Voz<\/strong><\/span><\/h3>\n<p style=\"text-align: justify;\">\u201cUstedes son parte de un experimento muy emocionante para comenzar a movilizar para una revoluci\u00f3n comunista y un mundo comunista\u201d, dijo un camarada al inaugurar una reciente reuni\u00f3n internacional sobre <strong><em>Bandera Roja<\/em><\/strong>. \u201c\u00bfC\u00f3mo producimos un peri\u00f3dico apoy\u00e1ndonos en trabajadores y j\u00f3venes como ustedes, no en periodistas profesionales? \u00bfC\u00f3mo unimos teor\u00eda y pr\u00e1ctica? \u00bfC\u00f3mo nos ayudamos a nosotros mismos y a los dem\u00e1s a ver nuestro futuro comunista en el trabajo que hacemos hoy? \u00bfC\u00f3mo podemos animar a m\u00e1s amigos y camaradas a contribuir con los art\u00edculos que necesitamos?\u201d<\/p>\n<p style=\"text-align: justify;\">Los trabajadores y los j\u00f3venes, especialmente aquellos que son el blanco del racismo, sexismo o comunalismo, est\u00e1n acostumbrados a escuchar que sus ideas no importan. \u00a1Nosotros sabemos que si! Las ideas de ellos, adem\u00e1s de su pasi\u00f3n al igual que su compromiso, son vitales para desarrollar la comprensi\u00f3n de todos del comunismo y especialmente de c\u00f3mo luchar por \u00e9l.<\/p>\n<p style=\"text-align: justify;\">Es por eso que <strong><em>Bandera Roja<\/em><\/strong> necesita m\u00e1s art\u00edculos que describan conversaciones sobre el Partido, el comunismo y m\u00e1s con compa\u00f1eros de trabajo, familiares y amigos. Es por eso que necesitamos encontrar y usar m\u00e9todos creativos para hacer que las voces de muchos m\u00e1s trabajadores y j\u00f3venes est\u00e9n en <strong><em>Bandera Roja<\/em><\/strong>.<\/p>\n<p style=\"text-align: justify;\">Algunos camaradas ya env\u00edan contribuciones en cintas de audio. Algunos los escriben en sus tel\u00e9fonos como mensajes de texto. Necesitamos m\u00e1s de esto. Un camarada trabajador escribe sus ideas en tiras de papel de su trabajo, y otros camaradas ayudan a ponerlas juntas. Podemos hacer m\u00e1s entrevistas.<\/p>\n<p style=\"text-align: justify;\">Las contribuciones mejoran cuando se escriben, se debaten y se editan de manera m\u00e1s colectiva. Aquellas que llegan antes (el viernes antes de que salga el nuevo <strong><em>Bandera Roja<\/em><\/strong>) reciben m\u00e1s comentarios del colectivo editorial.<\/p>\n<p style=\"text-align: justify;\">Un camarada de la India inform\u00f3 sobre un nuevo plan emocionante para una serie de podcasts que explicar\u00e1n la l\u00ednea del Partido. El colectivo que los producir\u00e1 ha pedido por m\u00e1s voluntarios. Si puedes ayudar, dile a la persona que te da <strong><em>Bandera Roja<\/em><\/strong> o comun\u00edcate aqu\u00ed: icwpredflag@anonymousspeech.com.<\/p>\n<p style=\"text-align: justify;\">Mirando hacia el futuro, necesitamos construir m\u00e1s colectivos locales que vean la producci\u00f3n de <strong><em>Bandera Roja<\/em><\/strong> como una parte crucial de su trabajo. Esto es clave para aumentar nuestra capacidad y desarrollar nuevos l\u00edderes.<\/p>\n<p style=\"text-align: justify;\">Este encuentro internacional demostr\u00f3 que ya estamos en ese camino. Nueve camaradas ayudaron a liderar diferentes partes de la reuni\u00f3n. Varios explicaron c\u00f3mo se hab\u00edan involucrado m\u00e1s en la producci\u00f3n de <strong><em>Bandera Roja<\/em><\/strong>. Uno al terminar la reuni\u00f3n inmediatamente le pidi\u00f3 a un familiar m\u00e1s joven que escribiera una carta para la pr\u00f3xima edici\u00f3n.<\/p>\n<p style=\"text-align: justify;\">Dos j\u00f3venes camaradas y un camarada m\u00e1s nuevo tomaron mas responsabilidad ayudando con la traducci\u00f3n simult\u00e1nea. Una joven l\u00edder hizo su parte despu\u00e9s de estar despierta toda la noche con un ni\u00f1o enfermo. Otro particip\u00f3 despu\u00e9s de trabajar toda la noche. Sus contribuciones marcan la diferencia y su compromiso es inspirador.<\/p>\n<p style=\"text-align: justify;\"><strong><em>Bandera Roja<\/em><\/strong> se esfuerza por convertirse en la voz de los trabajadores y j\u00f3venes comunistas de todo el mundo. \u00danase a nosotros en esa lucha.<\/p>\n<h3 id=\"2\" style=\"text-align: center;\"><span style=\"color: #ff0000;\"><strong>Las Ideas Comunistas son Nuevas Oportunidades para Los J\u00f3venes<\/strong><\/span><\/h3>\n<p style=\"text-align: justify;\">Hola camaradas. Un saludo muy especial a todas y todos los lectores de diferentes partes, soy una joven estudiante de noveno grado y en estos d\u00edas he comenzado a leer <strong><em>Bandera Roja<\/em><\/strong> y me ha gustado las ideas que tiene el Partido Comunista Obrero Internacional. He le\u00eddo los art\u00edculos de trabajadores de la maquila, me he dado cuenta como la clase dominante ha tratado a los trabajadores en estos tiempos de crisis, pero para m\u00ed creo que es una oportunidad de ver la realidad de la vida actual.<\/p>\n<p style=\"text-align: justify;\">Convers\u00e1bamos con la persona que reparte el peri\u00f3dico que en el capitalismo la juventud actual no tiene oportunidades de una mejor vida para un futuro. Los pobres como que estamos destinados a vivir siempre as\u00ed. Me llama mucho la atenci\u00f3n cuando leo el peri\u00f3dico y encuentro ideas de una vida donde no existir\u00e1n patrones y los obreros ya no ser\u00e1n esclavizados.<\/p>\n<p style=\"text-align: justify;\">De veras, me llama mucho la atenci\u00f3n porque a mi edad he escuchado el abuso y maltrato que hay dentro de las f\u00e1bricas por parte de los empresarios, donde el patr\u00f3n exige al trabajador trabajar de m\u00e1s por un salario m\u00ednimo y pues esa vida no quisiera ya vivirla. Por eso las ideas comunistas creo que es una oportunidad nueva para la juventud de lo poco que he le\u00eddo que el comunismo har\u00e1 un cambio mejor para cada trabajador donde todo ser\u00e1 diferente porque ya no tendremos m\u00e1s miserias.<\/p>\n<p style=\"text-align: justify;\">Creo que cuando comunismo con su impulso mueva a las masas del capitalismo para el comunismo tendremos que permanecer unidos, no ser\u00e1 f\u00e1cil pero tampoco imposible, la fuerza de la juventud tambi\u00e9n es un reto para luchar por un mundo mejor, el trabajo de construir el partido no es f\u00e1cil para poder derrotar el capitalismo y tener una victoria, pero no ser\u00e1 imposible todo ser\u00e1 a su tiempo. \u00c1nimo a todos los miembros del partido a seguir adelante luchando contra el enemigo que es el capitalismo.<\/p>\n<p style=\"text-align: justify;\">Camarada estudiante hija de obreros industriales<\/p>\n<h3 id=\"3\" style=\"text-align: center;\"><span style=\"color: #ff0000;\"><strong>\u00a1Saludos Bolcheviques, Camarada!<\/strong><\/span><\/h3>\n<p style=\"text-align: justify;\">Espero que todo est\u00e9 bien all\u00ed. Camarada, le\u00ed el manifiesto Movilizar a las Masas para el Comunismo, pero hice algunas preguntas sobre VICTORIAS. Mencionaste tres victorias: la Comuna de Par\u00eds, la Gran Revoluci\u00f3n Socialista de Octubre y la Revoluci\u00f3n China. \u00bfNo cree que el establecimiento de las democracias populares en Europa central y oriental fue tambi\u00e9n una gran victoria que socav\u00f3 el imperialismo occidental?<\/p>\n<p style=\"text-align: justify;\">Dijiste que \u201cla derrota de los nazis en 1945 sent\u00f3 las bases no para el comunismo mundial sino para un nuevo imperio sovi\u00e9tico que se autonombraba socialista pero que renunciaba a la revoluci\u00f3n mundial\u201d. \u00bfC\u00f3mo puedes decir eso? Admites que la Revoluci\u00f3n China fue la tercera gran victoria. Entonces, \u00bfpor qu\u00e9 olvidas el papel decisivo en la victoria de la Revoluci\u00f3n China que jug\u00f3 la Uni\u00f3n Sovi\u00e9tica bajo el liderazgo del Partido Comunista de la Uni\u00f3n Sovi\u00e9tica (Bolchevique)?<\/p>\n<p style=\"text-align: justify;\">\u00bfNo crees que la victoria de la Revoluci\u00f3n China y el establecimiento de las democracias populares fueron un gran avance para la revoluci\u00f3n mundial? \u00bfPor qu\u00e9 no est\u00e1s preparado para diferenciar la Uni\u00f3n Sovi\u00e9tica antes y despu\u00e9s de Stalin? Fue la camarilla revisionista renegada de Khrushchev la que traicion\u00f3 la gran y poderosa causa del socialismo.<\/p>\n<p style=\"text-align: justify;\">Sin embargo, camarada, quiero unirme a ti en el PCOI. \u00bfEs posible comenzar a reclutar en Pakist\u00e1n? Tenemos una oportunidad magnifica. Tengo algunas diferencias con mi comprensi\u00f3n del comunismo, pero ahora podemos avanzar.<\/p>\n<p style=\"text-align: justify;\">Camarada en Pakist\u00e1n<\/p>\n<p style=\"text-align: justify;\"><strong><em>Bandera Roja<\/em><\/strong> responde: Gracias, camarada. \u00a1Te damos la bienvenida al PCOI! Invitamos a otros camaradas a que escriban cartas respondiendo a las diferentes preguntas que planteas.<\/p>\n<h3 id=\"4\" style=\"text-align: center;\"><span style=\"color: #ff0000;\"><strong>Quiere un Mundo Comunista<\/strong><\/span><\/h3>\n<p style=\"text-align: justify;\"><strong>Gracias, camarada. Fue un placer<\/strong> conocerte tambi\u00e9n. Estamos aqu\u00ed por la misma causa. Luchamos por el comunismo. Y espero que el mundo entero se convierta a este sistema muy pronto y nuestra lucha tenga \u00e9xito. Gracias una vez m\u00e1s.<\/p>\n<p style=\"text-align: justify;\">Amigo en Pakist\u00e1n<\/p>\n<h3 id=\"5\" style=\"text-align: center;\"><span style=\"color: #ff0000;\"><strong>\u00a1Nunca Te Rindas<\/strong>!<\/span><\/h3>\n<p style=\"text-align: justify;\">Quer\u00eda compartir una experiencia maravillosa con una amiga de toda la vida. Ella y yo trabajamos juntos en la d\u00e9cada de 1980 y nos hicimos amigas r\u00e1pidamente. Incluso cuando dej\u00e9 ese trabajo, seguimos vi\u00e9ndonos, hablando por tel\u00e9fono, etc. Estuvimos de acuerdo en muchas cosas, pero la pol\u00edtica no era una de ellas. Ella se considera liberal; yo soy comunista desde hace mucho tiempo. Sol\u00edamos tener muchas luchas sobre los acontecimientos mundiales y siempre est\u00e1bamos muy en desacuerdo en la \u00e9poca de elecciones, ya que yo creo que votar es solo un enga\u00f1o capitalista.<\/p>\n<p style=\"text-align: justify;\">Ella es c\u00ednica en cuanto al potencial de una revoluci\u00f3n comunista. Creo que su cinismo proviene de haber sido criada en una religi\u00f3n que enfatiza el pecado original. Hace mucho que dej\u00f3 la religi\u00f3n, pero esa idea permanece en su mente.<\/p>\n<p style=\"text-align: justify;\">Nuestra fuerte amistad contin\u00faa, acordando ser amigas a pesar de los desacuerdos. Yo intento enfatizar el aspecto combativo del se humano, c\u00f3mo las personas intentan ayudarse entre s\u00ed en todo el mundo. Lee y escucha demasiados medios de comunicaci\u00f3n de los patrones y me cuenta historias horribles.<\/p>\n<p style=\"text-align: justify;\">La semana pasada recib\u00ed un correo electr\u00f3nico dici\u00e9ndome que su nieto, ahora universitario, la hab\u00eda entrevistado para un art\u00edculo que est\u00e1 escribiendo para su clase Estudios de la Mujer. Quer\u00eda su perspectiva \u00abhist\u00f3rica\u00bb, ya que ella ha vivido mucho.<\/p>\n<p style=\"text-align: justify;\">Esto fue lo que me dijo de su respuesta: \u201cTe habr\u00edas sentido orgulloso de m\u00ed. Inesperadamente segu\u00ed volviendo al tema del capitalismo. Y c\u00f3mo afect\u00f3 los derechos de las mujeres para aquellas en los grupos socioecon\u00f3micos m\u00e1s bajos\u201d.<\/p>\n<p style=\"text-align: justify;\">Estaba tan feliz y se lo dije. Todos esos a\u00f1os de construcci\u00f3n de bases y lucha finalmente tuvieron un efecto. Ahora necesito convencerla de que la respuesta al capitalismo es construir una base para el comunismo. Es hora de volver a intentar que lea uno o dos art\u00edculos de <strong><em>Bandera Roja<\/em><\/strong>.<\/p>\n<p style=\"text-align: justify;\">\u00a1La lucha contin\u00faa!<\/p>\n<p style=\"text-align: justify;\">Camarada de Seattle<\/p>\n<p style=\"text-align: justify;\"><img loading=\"lazy\" decoding=\"async\" id=\"6\" class=\"wp-image-6772 aligncenter\" src=\"https:\/\/icwpredflag.org\/wp\/wordpress\/wps\/wp-content\/uploads\/sites\/2\/2020\/11\/Poland1-300x169.jpg\" alt=\"\" width=\"713\" height=\"402\" srcset=\"https:\/\/icwpredflag.org\/wp\/wordpress\/wps\/wp-content\/uploads\/sites\/2\/2020\/11\/Poland1-300x169.jpg 300w, https:\/\/icwpredflag.org\/wp\/wordpress\/wps\/wp-content\/uploads\/sites\/2\/2020\/11\/Poland1-1024x576.jpg 1024w, https:\/\/icwpredflag.org\/wp\/wordpress\/wps\/wp-content\/uploads\/sites\/2\/2020\/11\/Poland1-768x432.jpg 768w, https:\/\/icwpredflag.org\/wp\/wordpress\/wps\/wp-content\/uploads\/sites\/2\/2020\/11\/Poland1.jpg 1280w\" sizes=\"auto, (max-width: 713px) 100vw, 713px\" \/><\/p>\n<p style=\"text-align: justify;\"><strong>Polonia, 31 de octubre\u2014400,000 mujeres y hombres salieron a las calles de Polonia por 9 d\u00edas para denunciar la decisi\u00f3n del tribunal superior de declarar ilegal el aborto\u2014 incluso en el caso de defectos de nacimiento graves. Al momento que vamos a la imprenta, la decisi\u00f3n no ha sido formalmente publicada\u2014 mostrando el miedo que tienen los gobernantes de esta clase de ira masiva. Todav\u00eda no est\u00e1 claro qu\u00e9 pasar\u00e1 con esta decisi\u00f3n.<\/strong><\/p>\n<p style=\"text-align: justify;\"><strong>Lo que s\u00ed est\u00e1 claro, sin embargo, es que la lucha contra el sexismo requerir\u00e1 abolir su base en la sociedad de clases, y construyendo un nuevo mundo comunista, donde podamos trabajar y jugar juntos como hermanos de clase trabajadora.<\/strong><\/p>\n<p><img loading=\"lazy\" decoding=\"async\" class=\"wp-image-6797 aligncenter\" src=\"https:\/\/icwpredflag.org\/wp\/wordpress\/wps\/wp-content\/uploads\/sites\/2\/2020\/11\/WomanChains-300x287.jpg\" alt=\"\" width=\"485\" height=\"464\" srcset=\"https:\/\/icwpredflag.org\/wp\/wordpress\/wps\/wp-content\/uploads\/sites\/2\/2020\/11\/WomanChains-300x287.jpg 300w, https:\/\/icwpredflag.org\/wp\/wordpress\/wps\/wp-content\/uploads\/sites\/2\/2020\/11\/WomanChains-768x734.jpg 768w, https:\/\/icwpredflag.org\/wp\/wordpress\/wps\/wp-content\/uploads\/sites\/2\/2020\/11\/WomanChains.jpg 798w\" sizes=\"auto, (max-width: 485px) 100vw, 485px\" \/><\/p>\n<p class=\"p1\" style=\"text-align: center;\"><span style=\"color: #ff0000;\"><b>LEE NUESTRO FOLLETO: <\/b><\/span><\/p>\n<p class=\"p2\" style=\"text-align: center;\"><span style=\"color: #ff0000;\"><b>LA LUCHA COMUNISTA CONTRA EL SEXISMO <\/b><\/span><\/p>\n<p class=\"p3\" style=\"text-align: center;\"><strong><span style=\"color: #ff0000;\">Disponible <a class=\"icwp-emph\" href=\"https:\/\/icwpredflag.org\/sxss.pdf\">aqu\u00ed <\/a><\/span><\/strong><\/p>\n<h4>\u00a0<a href=\"https:\/\/icwpredflag.org\/wp\/wordpress\/wps\/volumen-11-numero-14\/\">Primera p\u00e1gina de esta edici\u00f3n<\/a><\/h4>\n","protected":false},"excerpt":{"rendered":"<p>En esta p\u00e1gina: Bandera Roja es tu voz aqu\u00ed \u2666 A J\u00f3venes les gustan las ideas Comunistas aqu\u00ed \u2666 Preguntas de nuevo miembro aqu\u00ed \u2666 Amigo quiere un mundo comunista aqu\u00ed \u2666 Nunca te rindas aqu\u00ed \u2666 Polonia aqu\u00ed \u2666 Obreros y J\u00f3venes: Bandera Roja es Su Voz \u201cUstedes son parte de un experimento muy &hellip; <a href=\"https:\/\/icwpredflag.org\/wp\/wordpress\/wps\/volumen-11-numero-14\/bandera-roja-voz-de-los-obreros-y-jovenes\/\" class=\"more-link\">Sigue leyendo <span class=\"screen-reader-text\">Bandera Roja: Voz de los Obreros y J\u00f3venes<\/span><\/a><\/p>\n","protected":false},"author":1,"featured_media":5655,"parent":6782,"menu_order":0,"comment_status":"closed","ping_status":"closed","template":"","meta":{"footnotes":""},"class_list":["post-6792","page","type-page","status-publish","has-post-thumbnail","hentry"],"_links":{"self":[{"href":"https:\/\/icwpredflag.org\/wp\/wordpress\/wps\/wp-json\/wp\/v2\/pages\/6792","targetHints":{"allow":["GET"]}}],"collection":[{"href":"https:\/\/icwpredflag.org\/wp\/wordpress\/wps\/wp-json\/wp\/v2\/pages"}],"about":[{"href":"https:\/\/icwpredflag.org\/wp\/wordpress\/wps\/wp-json\/wp\/v2\/types\/page"}],"author":[{"embeddable":true,"href":"https:\/\/icwpredflag.org\/wp\/wordpress\/wps\/wp-json\/wp\/v2\/users\/1"}],"replies":[{"embeddable":true,"href":"https:\/\/icwpredflag.org\/wp\/wordpress\/wps\/wp-json\/wp\/v2\/comments?post=6792"}],"version-history":[{"count":9,"href":"https:\/\/icwpredflag.org\/wp\/wordpress\/wps\/wp-json\/wp\/v2\/pages\/6792\/revisions"}],"predecessor-version":[{"id":6849,"href":"https:\/\/icwpredflag.org\/wp\/wordpress\/wps\/wp-json\/wp\/v2\/pages\/6792\/revisions\/6849"}],"up":[{"embeddable":true,"href":"https:\/\/icwpredflag.org\/wp\/wordpress\/wps\/wp-json\/wp\/v2\/pages\/6782"}],"wp:featuredmedia":[{"embeddable":true,"href":"https:\/\/icwpredflag.org\/wp\/wordpress\/wps\/wp-json\/wp\/v2\/media\/5655"}],"wp:attachment":[{"href":"https:\/\/icwpredflag.org\/wp\/wordpress\/wps\/wp-json\/wp\/v2\/media?parent=6792"}],"curies":[{"name":"wp","href":"https:\/\/api.w.org\/{rel}","templated":true}]}}