{"id":681,"date":"2017-04-27T22:00:24","date_gmt":"2017-04-27T22:00:24","guid":{"rendered":"http:\/\/icwpredflag.org\/wp\/wordpress\/wps\/?page_id=681"},"modified":"2017-04-27T22:04:05","modified_gmt":"2017-04-27T22:04:05","slug":"las-fronteras-que-son-y-para-quien","status":"publish","type":"page","link":"https:\/\/icwpredflag.org\/wp\/wordpress\/wps\/volumen-8-numero-4\/las-fronteras-que-son-y-para-quien\/","title":{"rendered":"Las Fronteras: \u00bfQu\u00e9 son y para Quien?"},"content":{"rendered":"<p style=\"text-align: justify;\"><img loading=\"lazy\" decoding=\"async\" class=\" wp-image-685 aligncenter\" src=\"http:\/\/icwpredflag.org\/wp\/wordpress\/wps\/wp-content\/uploads\/sites\/2\/2017\/04\/nofrontas-300x217.jpg\" alt=\"\" width=\"552\" height=\"399\" srcset=\"https:\/\/icwpredflag.org\/wp\/wordpress\/wps\/wp-content\/uploads\/sites\/2\/2017\/04\/nofrontas-300x217.jpg 300w, https:\/\/icwpredflag.org\/wp\/wordpress\/wps\/wp-content\/uploads\/sites\/2\/2017\/04\/nofrontas.jpg 356w\" sizes=\"auto, (max-width: 552px) 100vw, 552px\" \/>Para la clase obrera, las fronteras no son m\u00e1s que monumentos a las vidas obreras desperdiciadas por todo el mundo. Fue la guerra de trincheras en Europa durante la Primera Guerra Mundial que barri\u00f3 de la faz de la tierra a millones de soldados j\u00f3venes para erigir las fronteras de hoy d\u00eda en \u00c1frica y la regi\u00f3n del Golfo P\u00e9rsico: Siria, L\u00edbano, Jordania, Irak, Palestina \/ Israel. Para los capitalistas-imperialistas esas fronteras crearon sus naciones y sus imperios.<\/p>\n<p style=\"text-align: justify;\">Cuatro millones de obreros murieron y 35 millones fueron hechos refugiados cuando la frontera entre la India y Pakist\u00e1n fue creada poco despu\u00e9s de la 2\u00aa Guerra Mundial.<\/p>\n<p style=\"text-align: justify;\">El genocidio de cerca de 90 millones de ind\u00edgenas americanos, desde Argentina a Canad\u00e1, estableci\u00f3 las condiciones para que los imperialistas de EEUU y Europa establecieran sus fronteras en todas las Am\u00e9ricas.<\/p>\n<p style=\"text-align: justify;\">Si las tumbas de estos obreros, soldados y pobladores ind\u00edgenas tuvieran voces, estas tambi\u00e9n seguramente gritar\u00edan como los activistas hoy, \u201c\u00a1Queremos un mundo sin fronteras!\u201d y \u201c\u00a1Ning\u00fan ser humano es ilegal!\u201d<\/p>\n<p style=\"text-align: justify;\">Masas obreras en todo el mundo empiezan a adoptar esas consignas. Expresan sus aspiraciones por un mundo sin naciones, fronteras o leyes de inmigraci\u00f3n.<\/p>\n<p style=\"text-align: justify;\">Solamente una revoluci\u00f3n comunista a nivel mundial puede hacer realidad esas aspiraciones. El comunismo eliminar\u00e1 todas estas barreras artificiales, incluyendo los cercos y la propiedad privada, creadas por los gobernantes de las sociedades clasistas para explotarnos y gobernarnos.<\/p>\n<p style=\"text-align: justify;\">En el comunismo ning\u00fan ser humano jam\u00e1s explotar\u00e1 a otro. La explotaci\u00f3n fue la base material para el desarrollo de las sociedades de clase: esclavitud, feudalismo y capitalismo.<\/p>\n<p style=\"text-align: justify;\">El comunismo destruir\u00e1 al capitalismo, su esclavitud salarial, dinero y mercados. Nada ser\u00e1 comprado o vendido, sobre todo nuestra fuerza laboral. Colectivamente planificaremos, produciremos y distribuiremos los frutos de nuestro trabajo de acuerdo a las necesidades de cada cual.<\/p>\n<p style=\"text-align: justify;\"><strong>Racismo: un producto exclusivo del capitalismo.<\/strong><\/p>\n<p style=\"text-align: justify;\">Sin el racismo, los capitalistas no podr\u00edan explotarnos y oprimirnos. Son la clase dominante m\u00e1s d\u00e9bil y peque\u00f1a de la historia. Sin embargo, deben explotar y gobernar a cada vez m\u00e1s miles de millones de nosotros. Nuestra tarea hist\u00f3rica, sin embargo, es ser sus sepultureros.<\/p>\n<p style=\"text-align: justify;\">Esto los pone en una situaci\u00f3n muy precaria. Manejamos su complejo industrial. Nos entrenan y nos arman para defenderlos de otros capitalistas, para aplastar rebeliones y revoluciones obreras, y para pelear sus guerras por imperios y ganancias.<\/p>\n<p style=\"text-align: justify;\">Nosotros podemos ganar a nuestros hermanos\/as soldados, como fueron ganados los soldados rusos hace cien a\u00f1os, a voltear las armas contra los capitalistas y hacer una revoluci\u00f3n \u2013esta vez por el comunismo, no el socialismo.<\/p>\n<p style=\"text-align: justify;\">El papel principal del racismo es dividirnos y debilitarnos, y especialmente para impedirnos organizar exitosamente una revoluci\u00f3n comunista.<\/p>\n<p style=\"text-align: justify;\">Por lo tanto, hay aspectos racistas en todas las leyes y pol\u00edticas capitalistas. Las leyes de inmigraci\u00f3n no son una excepci\u00f3n. Desde el principio fueron creadas racistas y anti-obreras hasta la m\u00e9dula.<\/p>\n<p style=\"text-align: justify;\">La primera ley de inmigraci\u00f3n fue adoptada por el imperialismo de EE.UU. Fue la Ley de Exclusi\u00f3n de Chinos de 1882 la cual prohib\u00eda la inmigraci\u00f3n de obreros chinos a EE.UU. En 1901 Australia aprob\u00f3 su primera ley de inmigraci\u00f3n llamada \u201cla pol\u00edtica de Australia blanca\u201d. Luego vino la Ley de Cuotas Migratorias de 1924 en EEUU que restringi\u00f3 la inmigraci\u00f3n del sur y oriente de Europa, y pr\u00e1cticamente la prohibi\u00f3 de Asia, Am\u00e9rica Latina y \u00c1frica.<\/p>\n<p style=\"text-align: justify;\"><strong>El patriotismo: un producto de la creaci\u00f3n de fronteras y naciones<\/strong><\/p>\n<p style=\"text-align: justify;\">El patriotismo eleva la patria o naci\u00f3n por encima de todo. El patriotismo nos ciega a apoyar a los capitalistas, nuestros enemigos de clase, contra nuestros hermanos y hermanas de clase obrera a nivel nacional e internacional.<\/p>\n<p style=\"text-align: justify;\">Nacionalmente, nos lleva a aplastar cualquier intento revolucionario por derrocar a los amos capitalistas. Internacionalmente, nos lleva a pelear y morir por los intereses de un grupo de capitalistas-imperialistas pele\u00e1ndose con otro grupo.<\/p>\n<p style=\"text-align: justify;\">El patriotismo tambi\u00e9n engendra la xenofobia, que convierte a nuestros hermanos\/as inmigrantes en enemigos. Los culpa por el desempleo, la falta de beneficios, y las malas condiciones de trabajo que los capitalistas nos imponen para explotarnos a todos.<\/p>\n<p style=\"text-align: justify;\"><strong>La lucha por el comunismo es cada vez m\u00e1s urgente<\/strong><\/p>\n<p style=\"text-align: justify;\">Conforme la crisis de sobreproducci\u00f3n capitalista se intensifique, empuj\u00e1ndolos a guerras cada vez m\u00e1s grandes, incluyendo la guerra mundial, los capitalistas no escatimar\u00e1n esfuerzos para ganarnos rabiosamente a su racismo, xenofobia y patriotismo.<\/p>\n<p style=\"text-align: justify;\">Nosotros tampoco debemos escatimar esfuerzos en organizar para el comunismo: distribuyendo Randera Roja y reclutando a nuestro Partido. Esto nos permitir\u00e1 responder como clase a todos los ataques anti inmigrantes organizando huelgas pol\u00edticas contra el capitalismo y por el comunismo.<\/p>\n<p style=\"text-align: justify;\">Nuestra meta debe ser ponerle fin al capitalismo-imperialismo &#8211; que necesita leyes racistas de inmigraci\u00f3n, fronteras y naciones &#8211; y construir un mundo comunista.<\/p>\n<p style=\"text-align: justify;\">Estamos movilizando a las masas para construir un mundo donde todo trabajador\/a sea bienvenido\/a en todas partes, donde en lugar de competir por empleos esclavizantes cooperemos, como hermanos y hermanas, trabajando colectivamente para satisfacer las necesidades de todos en todo el mundo.<\/p>\n<p style=\"text-align: justify;\">Necesitamos un mundo donde podamos aprender de la experiencia de todos para crear lo mejor para nuestra clase, sin dinero ni ganancias. Un mundo donde todos los trabajadores puedan viajar a cualquier lugar para compartir con otros trabajadores, pero donde nadie se vea obligado a abandonar su hogar y su familia para sobrevivir.<\/p>\n<p style=\"text-align: justify;\">\u00a1Ingresa al PCOI para luchar por este mundo comunista!<\/p>\n<p><a class=\"icwp-emph\" href=\"http:\/\/icwpredflag.org\/wp\/wordpress\/wps\/volumen-8-numero-4\/\">Primera P\u00e1gina<\/a><\/p>\n","protected":false},"excerpt":{"rendered":"<p>Para la clase obrera, las fronteras no son m\u00e1s que monumentos a las vidas obreras desperdiciadas por todo el mundo. Fue la guerra de trincheras en Europa durante la Primera Guerra Mundial que barri\u00f3 de la faz de la tierra a millones de soldados j\u00f3venes para erigir las fronteras de hoy d\u00eda en \u00c1frica y &hellip; <a href=\"https:\/\/icwpredflag.org\/wp\/wordpress\/wps\/volumen-8-numero-4\/las-fronteras-que-son-y-para-quien\/\" class=\"more-link\">Sigue leyendo <span class=\"screen-reader-text\">Las Fronteras: \u00bfQu\u00e9 son y para Quien?<\/span><\/a><\/p>\n","protected":false},"author":1,"featured_media":282,"parent":631,"menu_order":0,"comment_status":"closed","ping_status":"closed","template":"","meta":{"footnotes":""},"class_list":["post-681","page","type-page","status-publish","has-post-thumbnail","hentry"],"_links":{"self":[{"href":"https:\/\/icwpredflag.org\/wp\/wordpress\/wps\/wp-json\/wp\/v2\/pages\/681","targetHints":{"allow":["GET"]}}],"collection":[{"href":"https:\/\/icwpredflag.org\/wp\/wordpress\/wps\/wp-json\/wp\/v2\/pages"}],"about":[{"href":"https:\/\/icwpredflag.org\/wp\/wordpress\/wps\/wp-json\/wp\/v2\/types\/page"}],"author":[{"embeddable":true,"href":"https:\/\/icwpredflag.org\/wp\/wordpress\/wps\/wp-json\/wp\/v2\/users\/1"}],"replies":[{"embeddable":true,"href":"https:\/\/icwpredflag.org\/wp\/wordpress\/wps\/wp-json\/wp\/v2\/comments?post=681"}],"version-history":[{"count":4,"href":"https:\/\/icwpredflag.org\/wp\/wordpress\/wps\/wp-json\/wp\/v2\/pages\/681\/revisions"}],"predecessor-version":[{"id":686,"href":"https:\/\/icwpredflag.org\/wp\/wordpress\/wps\/wp-json\/wp\/v2\/pages\/681\/revisions\/686"}],"up":[{"embeddable":true,"href":"https:\/\/icwpredflag.org\/wp\/wordpress\/wps\/wp-json\/wp\/v2\/pages\/631"}],"wp:featuredmedia":[{"embeddable":true,"href":"https:\/\/icwpredflag.org\/wp\/wordpress\/wps\/wp-json\/wp\/v2\/media\/282"}],"wp:attachment":[{"href":"https:\/\/icwpredflag.org\/wp\/wordpress\/wps\/wp-json\/wp\/v2\/media?parent=681"}],"curies":[{"name":"wp","href":"https:\/\/api.w.org\/{rel}","templated":true}]}}