{"id":6883,"date":"2020-11-28T23:50:58","date_gmt":"2020-11-28T23:50:58","guid":{"rendered":"https:\/\/icwpredflag.org\/wp\/wordpress\/wps\/?page_id=6883"},"modified":"2020-11-29T00:23:45","modified_gmt":"2020-11-29T00:23:45","slug":"sudafrica-recordando-al-camarada-zipho","status":"publish","type":"page","link":"https:\/\/icwpredflag.org\/wp\/wordpress\/wps\/volumen-11-numero-15\/sudafrica-recordando-al-camarada-zipho\/","title":{"rendered":"Sud\u00e1frica \u2014 Recordando al Camarada Zipho"},"content":{"rendered":"<p><strong>Camarada Zipho <a class=\"icwp-emph\" href=\"#1\">aqu\u00ed \u2666<\/a> Mensajes de Camaradas <a class=\"icwp-emph\" href=\"#2\">aqu\u00ed \u2666<\/a> A los Padres de Nuestro Querido Camarada <a class=\"icwp-emph\" href=\"#3\">aqu\u00ed \u2666<\/a><\/strong><\/p>\n<h3 style=\"text-align: center;\"><span style=\"color: #ff0000;\"><strong>Por los Muertos \u2013 Nuestros Muertos \u2013 Juramos Vencer <\/strong><\/span><\/h3>\n<p><img loading=\"lazy\" decoding=\"async\" id=\"1\" class=\"alignnone wp-image-6861\" src=\"https:\/\/icwpredflag.org\/wp\/wordpress\/wps\/wp-content\/uploads\/sites\/2\/2020\/11\/zipho-distributing-rf-300x271.jpeg\" alt=\"\" width=\"692\" height=\"625\" srcset=\"https:\/\/icwpredflag.org\/wp\/wordpress\/wps\/wp-content\/uploads\/sites\/2\/2020\/11\/zipho-distributing-rf-300x271.jpeg 300w, https:\/\/icwpredflag.org\/wp\/wordpress\/wps\/wp-content\/uploads\/sites\/2\/2020\/11\/zipho-distributing-rf-768x695.jpeg 768w, https:\/\/icwpredflag.org\/wp\/wordpress\/wps\/wp-content\/uploads\/sites\/2\/2020\/11\/zipho-distributing-rf.jpeg 789w\" sizes=\"auto, (max-width: 692px) 100vw, 692px\" \/><\/p>\n<p style=\"text-align: justify;\">Puerto Elizabeth, Sud\u00e1frica, 3 de noviembre. El camarada Zipho trabajaba en una f\u00e1brica de autom\u00f3viles. Antes de eso, trabaj\u00f3 en instalaciones de almacenamiento en fr\u00edo donde tuvo que trabajar en temperaturas bajo cero manipulando carne y verduras. Fue entonces cuando conoci\u00f3 al PCOI. Al instante se sinti\u00f3 atra\u00eddo por el comunismo. Durante horas, describ\u00eda c\u00f3mo odiaba a los patrones. El comunismo le dio la visi\u00f3n de cambiar el sistema.<\/p>\n<p style=\"text-align: justify;\">La violencia capitalista le quit\u00f3 la vida al camarada Zipho cuando solo ten\u00eda 25 a\u00f1os. Dej\u00f3 atr\u00e1s a cientos de amigos y familiares. El torrente de mensajes en las redes sociales atestigua que miles de simpatizantes recuerdan con cari\u00f1o al camarada que siempre permanecer\u00e1 con nosotros. El era comunista. Sigui\u00f3 siendo un comunista decidido hasta el final.<\/p>\n<p style=\"text-align: justify;\">Cientos de personas asistieron al memorial del camarada Zipho en George Botha Hall. Lo recordamos como un hombre sonriente de esp\u00edritu libre y como un comunista que dedic\u00f3 su vida a la emancipaci\u00f3n de nuestra familia de la clase obrera de todo el mundo.<\/p>\n<p style=\"text-align: justify;\">Era el mismo sal\u00f3n donde el PCOI celebr\u00f3 un evento del Primero de Mayo hace unos a\u00f1os. El camarada Zipho era conocido por llegar tarde a las reuniones. Ese Primero de Mayo no fue diferente. Pero una vez que se uni\u00f3 a las reuniones, su sonrisa, entusiasmo y voz alentadora atra\u00edan naturalmente la atenci\u00f3n de la gente. Nadie pudo impedir que distribuyera las \u00faltimas copias de la <strong><em>Bandera Roja<\/em><\/strong>.<\/p>\n<p style=\"text-align: justify;\">Cuando era joven en la escuela secundaria, conoci\u00f3 a un mentor que lo introdujo al Nacionalismo Negro militante. Formaba parte de un n\u00facleo de amigos que hablaba de cambiar el sistema. Unos a\u00f1os m\u00e1s tarde, uno de los amigos cercanos de este n\u00facleo ingres\u00f3 al PCOI. El camarada Zipho tambi\u00e9n ingres\u00f3. Los dos camaradas reclutaron a todo el grupo, y muchos de ellos ahora son l\u00edderes del Partido.<\/p>\n<p style=\"text-align: justify;\">El Partido le present\u00f3 al camarada Zipho la filosof\u00eda comunista, el materialismo dial\u00e9ctico. La entendi\u00f3 porque, como explicar\u00eda m\u00e1s tarde, es la \u00fanica filosof\u00eda que cambia el mundo. El camarada Zipho quer\u00eda cambiar el mundo.<\/p>\n<p style=\"text-align: justify;\">Despu\u00e9s de a\u00f1os de trabajar en la f\u00e1brica de autom\u00f3viles, el camarada Zipho quer\u00eda trabajar en Marikana, cerca de Rustenburg, en la industria minera. Visit\u00f3 Rustenburg con un grupo de miembros del PCOI. Su lengua materna era el xhosa, pero hab\u00eda aprendido algo de sotho y zul\u00fa. Los camaradas distribuyeron cientos de <strong><em>Bandera Roja<\/em><\/strong> y el camarada Zipho siempre quiso probar sus nuevas habilidades ling\u00fc\u00edsticas con entusiasmo. Amigos en Rustenburg enviaron sinceros mensajes de apoyo y solidaridad para sus servicios conmemorativos.<\/p>\n<p style=\"text-align: justify;\">El camarada Zipho se reuni\u00f3 con otros camaradas del PCOI de Estados Unidos, M\u00e9xico, El Salvador y Espa\u00f1a en Port Elizabeth hace unos a\u00f1os. Los salud\u00f3 calurosamente. Despu\u00e9s de que se fueran, recordar\u00eda a cada uno de ellos y preguntar\u00eda c\u00f3mo estaban.<\/p>\n<p style=\"text-align: justify;\">Nuestro joven le\u00f3n ha ca\u00eddo, su vida truncada por el capitalismo brutal. Su muerte prematura nos deja con una profunda tristeza y angustia. El nos dio una visi\u00f3n del comunismo, una sociedad sin dinero ni explotaci\u00f3n. Su vasta red de amigos se levantar\u00e1 para cumplir esta visi\u00f3n. \u00a1Adelante! \u00a1Viva el comunismo!<\/p>\n<h3 id=\"2\" style=\"text-align: center;\"><span style=\"color: #ff0000;\"><strong>Mensajes de Camaradas Alrededor del Mundo\u00a0<\/strong><\/span><\/h3>\n<p style=\"text-align: justify;\">Estos son solo algunos de los muchos mensajes de condolencia y solidaridad de amigos y camaradas de todo el mundo.<\/p>\n<p style=\"text-align: justify;\"><strong>Desde Pakist\u00e1n:<\/strong> Esta es una gran p\u00e9rdida para la clase obrera internacional\u2026 Los camaradas de Pakist\u00e1n comparten su solidaridad. Camaradas de todas partes del mundo est\u00e1n adoloridos por el asesinato de nuestro camarada.<\/p>\n<p style=\"text-align: justify;\"><strong>Desde Espa\u00f1a:<\/strong> Camarada Zipho: \u00a1Presente!<\/p>\n<p style=\"text-align: justify;\"><strong>Desde M\u00e9xico<\/strong>: \u00a1Esto es devastador!<\/p>\n<p style=\"text-align: justify;\"><strong>Desde El Salvador<\/strong>: Esta noticia nos duele profundamente. Solidaridad con los camaradas y familiares\u2026 Los que mueren por la vida no pueden llamarse muertos. \u00a1\u00a1\u00a1Camarada Zipho\u2026 Hasta La Victoria Siempre!!!<\/p>\n<p style=\"text-align: justify;\"><strong>Desde Canad\u00e1:<\/strong> Citando a Joe Hill: \u201c\u00a1Desde Rustenburg hasta Seattle, en cada mina y fabrica, donde los obreros luchan y se organizan, ah\u00ed es donde encontrar\u00e1s al camarada Zipho!\u201d<\/p>\n<p style=\"text-align: justify;\"><strong>De un camarada de Etiop\u00eda en Estados Unidos:<\/strong> \u00a1Marcharemos hacia la victoria con la antorcha de nuestro camarada ca\u00eddo!<\/p>\n<p style=\"text-align: justify;\"><strong>De un camarada de M\u00e9xico en Estados Unidos:<\/strong> \u00a1Bella Ciao, camarada! \u201c\u00a1Soy comunista toda la vida y comunista he de morir!\u201d \u00a1Hasta siempre camarada!<\/p>\n<p style=\"text-align: justify;\"><strong>De un camarada internacionalista en Estados Unidos:<\/strong>. Dediqu\u00e9monos a toda una vida de lucha comunista. \u00a1Viva el comunismo! \u00a1Poder a las masas obreras comunistas!<\/p>\n<h3 id=\"3\" style=\"text-align: center;\"><span style=\"color: #ff0000;\"><strong>A los Padres de Nuestro Querido Camarada Zipho:<\/strong><\/span><\/h3>\n<p style=\"text-align: justify;\">En nombre de los camaradas de Zipho en el Partido Comunista Obrero Internacional en todo el mundo, expresamos nuestro m\u00e1s sentido p\u00e9same a ustedes, sus padres y a toda su familia. Las palabras no pueden expresar el dolor de padres que han perdido a un hijo tan bueno en la flor de su juventud. Vuestro dolor es nuestro dolor. Vuestra p\u00e9rdida es nuestra p\u00e9rdida. Y vuestro orgullo es nuestro orgullo.<\/p>\n<p style=\"text-align: justify;\">Zipho era nuestro camarada. Dedic\u00f3 su vida a la lucha por un mundo sin explotaci\u00f3n, racismo y xenofobia. \u00c9l, como nosotros, luch\u00f3 por un mundo sin dinero, donde el crimen de la explotaci\u00f3n y todas las formas de robo no ser\u00e1n m\u00e1s que un doloroso y lejano recuerdo. \u00c9l, con nosotros, pas\u00f3 sus d\u00edas trabajando para construir un mundo en el que no seamos presas los unos de los otros, sino que nos unamos como una sola familia humana para producir lo que necesitamos y compartir lo que tenemos.<\/p>\n<p style=\"text-align: justify;\">Zipho siempre estar\u00e1 con nosotros. \u00c9l vive en nuestros corazones y en nuestros recuerdos, y en nuestro renovado compromiso con una vida de lucha. Por \u00e9l, y por todos los camaradas ca\u00eddos, nos rededicamos m\u00e1s firmemente a la lucha por un mundo comunista. A \u00e9l y a cada camarada ca\u00eddo, \u00a1Juramos Vencer!<\/p>\n<p style=\"text-align: justify;\">\u00a1A luta continua!<\/p>\n<h4><a href=\"https:\/\/icwpredflag.org\/wp\/wordpress\/wps\/volumen-11-numero-15\/\">Primera p\u00e1gina de esta edici\u00f3n<\/a><\/h4>\n","protected":false},"excerpt":{"rendered":"<p>Camarada Zipho aqu\u00ed \u2666 Mensajes de Camaradas aqu\u00ed \u2666 A los Padres de Nuestro Querido Camarada aqu\u00ed \u2666 Por los Muertos \u2013 Nuestros Muertos \u2013 Juramos Vencer Puerto Elizabeth, Sud\u00e1frica, 3 de noviembre. El camarada Zipho trabajaba en una f\u00e1brica de autom\u00f3viles. Antes de eso, trabaj\u00f3 en instalaciones de almacenamiento en fr\u00edo donde tuvo que &hellip; <a href=\"https:\/\/icwpredflag.org\/wp\/wordpress\/wps\/volumen-11-numero-15\/sudafrica-recordando-al-camarada-zipho\/\" class=\"more-link\">Sigue leyendo <span class=\"screen-reader-text\">Sud\u00e1frica \u2014 Recordando al Camarada Zipho<\/span><\/a><\/p>\n","protected":false},"author":1,"featured_media":5655,"parent":6867,"menu_order":0,"comment_status":"closed","ping_status":"closed","template":"","meta":{"footnotes":""},"class_list":["post-6883","page","type-page","status-publish","has-post-thumbnail","hentry"],"_links":{"self":[{"href":"https:\/\/icwpredflag.org\/wp\/wordpress\/wps\/wp-json\/wp\/v2\/pages\/6883","targetHints":{"allow":["GET"]}}],"collection":[{"href":"https:\/\/icwpredflag.org\/wp\/wordpress\/wps\/wp-json\/wp\/v2\/pages"}],"about":[{"href":"https:\/\/icwpredflag.org\/wp\/wordpress\/wps\/wp-json\/wp\/v2\/types\/page"}],"author":[{"embeddable":true,"href":"https:\/\/icwpredflag.org\/wp\/wordpress\/wps\/wp-json\/wp\/v2\/users\/1"}],"replies":[{"embeddable":true,"href":"https:\/\/icwpredflag.org\/wp\/wordpress\/wps\/wp-json\/wp\/v2\/comments?post=6883"}],"version-history":[{"count":7,"href":"https:\/\/icwpredflag.org\/wp\/wordpress\/wps\/wp-json\/wp\/v2\/pages\/6883\/revisions"}],"predecessor-version":[{"id":6895,"href":"https:\/\/icwpredflag.org\/wp\/wordpress\/wps\/wp-json\/wp\/v2\/pages\/6883\/revisions\/6895"}],"up":[{"embeddable":true,"href":"https:\/\/icwpredflag.org\/wp\/wordpress\/wps\/wp-json\/wp\/v2\/pages\/6867"}],"wp:featuredmedia":[{"embeddable":true,"href":"https:\/\/icwpredflag.org\/wp\/wordpress\/wps\/wp-json\/wp\/v2\/media\/5655"}],"wp:attachment":[{"href":"https:\/\/icwpredflag.org\/wp\/wordpress\/wps\/wp-json\/wp\/v2\/media?parent=6883"}],"curies":[{"name":"wp","href":"https:\/\/api.w.org\/{rel}","templated":true}]}}