{"id":6890,"date":"2020-11-29T00:02:39","date_gmt":"2020-11-29T00:02:39","guid":{"rendered":"https:\/\/icwpredflag.org\/wp\/wordpress\/wps\/?page_id=6890"},"modified":"2020-11-29T00:35:19","modified_gmt":"2020-11-29T00:35:19","slug":"las-masas-necesitan-el-comunismo-no-democracia","status":"publish","type":"page","link":"https:\/\/icwpredflag.org\/wp\/wordpress\/wps\/volumen-11-numero-15\/las-masas-necesitan-el-comunismo-no-democracia\/","title":{"rendered":"Las Masas Necesitan el Comunismo, No Democracia"},"content":{"rendered":"<h3 style=\"text-align: center;\"><span style=\"color: #ff0000;\"><strong>No Defiendas la Democracia &#8211;Moviliza a las Masas <\/strong><strong>para el Comunismo<\/strong><\/span><\/h3>\n<p><img loading=\"lazy\" decoding=\"async\" class=\"wp-image-6860 aligncenter\" src=\"https:\/\/icwpredflag.org\/wp\/wordpress\/wps\/wp-content\/uploads\/sites\/2\/2020\/11\/DTLA-nov-7-2020-294x300.jpg\" alt=\"\" width=\"621\" height=\"634\" srcset=\"https:\/\/icwpredflag.org\/wp\/wordpress\/wps\/wp-content\/uploads\/sites\/2\/2020\/11\/DTLA-nov-7-2020-294x300.jpg 294w, https:\/\/icwpredflag.org\/wp\/wordpress\/wps\/wp-content\/uploads\/sites\/2\/2020\/11\/DTLA-nov-7-2020-768x784.jpg 768w, https:\/\/icwpredflag.org\/wp\/wordpress\/wps\/wp-content\/uploads\/sites\/2\/2020\/11\/DTLA-nov-7-2020.jpg 827w\" sizes=\"auto, (max-width: 621px) 100vw, 621px\" \/><\/p>\n<p style=\"text-align: center;\"><strong>Nov. 7, Los \u00c1ngeles, EE. UU., \u00ab\u00a1La revoluci\u00f3n, no las elecciones, acabar\u00e1 con la esclavitud asalariada racista con el poder obrero comunista!\u00bb<\/strong><\/p>\n<p style=\"text-align: justify;\">Estados Unidos, 23 de noviembre &#8211; \u201c\u00a1Defendamos la democracia!\u201d exigieron el 7 de noviembre amplias marchas de coalici\u00f3n en todo Estados Unidos. \u201c\u00a1La democracia en peligro!\u201d gritaban los impresos y otros titulares.<\/p>\n<p style=\"text-align: justify;\">El intento de golpe abiertamente racista de Trump es un fracaso. La transferencia de poder tomara lugar. Pero los principales capitalistas industriales y financieros de EE.UU. se preocupan por los partidarios de Trump que desconf\u00edan del sistema electoral.<\/p>\n<p style=\"text-align: justify;\">Sin embargo, se preocupan m\u00e1s por los trabajadores j\u00f3venes y los estudiantes que pudieron haber votado por Biden pero tampoco conf\u00edan en \u201cel sistema\u201d. Los gobernantes necesitan encadenar a las masas a las elecciones &#8211; o quiz\u00e1s a la \u201cprotesta civil no violenta\u201d &#8211; para mantenerlas alejadas del comunismo y la lucha armada para conquistarlo.<\/p>\n<p style=\"text-align: justify;\">\u201c\u00bfQu\u00e9 es la democracia?\u201d pregunt\u00f3 un camarada a un grupo de amigos liberales antirracistas. \u201c\u00bfA qu\u00e9 aspiran ustedes realmente?\u201d<\/p>\n<p style=\"text-align: justify;\">\u201cEsa es una buena pregunta\u201d, respondi\u00f3 uno. \u201cNunca lo hab\u00eda pensado realmente\u201d, admiti\u00f3 otro.<\/p>\n<p style=\"text-align: justify;\">Los libros de texto dicen que la democracia es \u201cgobierno del pueblo\u201d o \u201cgobierno de la mayor\u00eda\u201d. En este mundo imaginario, la econom\u00eda est\u00e1 separada de la pol\u00edtica. Las relaciones sociales de producci\u00f3n no tienen relaci\u00f3n con el \u201cpoder\u201d.<\/p>\n<p style=\"text-align: justify;\">Todos pueden ver que eso no es cierto en EE.UU. o El Salvador o Bielorrusia o Per\u00fa o en cualquier otro lugar. Los capitalistas m\u00e1s ricos lo saben y les encanta. Las masas lo ven como \u201ccorrupci\u00f3n\u201d y quieren \u201csacar el dinero de la pol\u00edtica\u201d.<\/p>\n<p style=\"text-align: justify;\">\u201c\u00a1DEMOCRACIA = COMUNISMO!\u201d public\u00f3 el camarada T en un Chat en l\u00ednea.<\/p>\n<p style=\"text-align: justify;\">\u201cNo estoy de acuerdo con eso\u201d, respondi\u00f3 el camarada H. \u201cLa democracia, iniciada por los esclavistas griegos, fue una forma de intentar que sus s\u00fabditos que no eran esclavos se sintieran parte de su sistema. El comunismo es donde las masas deciden todo concerniente a nuestras vidas y lo llevan a cabo juntas. Es la \u00fanica forma en que las masas controlar\u00e1n nuestro futuro. Porque se basar\u00e1 en la producci\u00f3n colectiva para satisfacer nuestras necesidades sin capitalistas ni esclavitud asalariada\u201d.<\/p>\n<p style=\"text-align: justify;\">\u201cSi el comunismo no es democracia, \u00bfpor qu\u00e9 luchamos por \u00e9l?\u201d pregunt\u00f3 T. \u201cLa forma de sociedad m\u00e1s democr\u00e1tica es la comunista, siempre lo he pensado. \u00bfC\u00f3mo puede eso ser err\u00f3neo?\u201d<\/p>\n<p style=\"text-align: justify;\">\u201cEn una sociedad comunista no hay ninguna clase de explotadores u opresores\u201d, respondi\u00f3 H. \u201cPor lo tanto, no estamos usando la hoja de parra de la democracia para enga\u00f1ar a las masas. Dirigiremos la sociedad con relaciones mutuas, no basadas en el lucro, para ayudarnos unos a otros como una sola raza humana\u201d.<\/p>\n<p style=\"text-align: justify;\">Comunismo: \u00bfC\u00f3mo Decidir\u00e1n las Masas?<\/p>\n<p style=\"text-align: justify;\">La clave es construir un Partido comunista masivo. Entendemos que la clase obrera internacional tiene un inter\u00e9s com\u00fan. Como dijo un nuevo amigo, \u201c\u00a1Ocho mil millones de personas trabajando juntas pueden hacer cualquier cosa!\u201d<\/p>\n<p style=\"text-align: justify;\">No siempre es f\u00e1cil ver qu\u00e9 sirve mejor a la clase obrera internacional en cualquier momento dado. Todos los que est\u00e1n de acuerdo con los principios comunistas y quieren luchar por un mundo comunista deben resolverlo mediante los colectivos del Partido.<\/p>\n<p style=\"text-align: justify;\">A diferencia de los partidos comunistas del pasado, queremos que todos estos camaradas sean miembros del Partido. No solo unos pocos privilegiados. No solo aquellos que pueden estar disponibles 24 horas al d\u00eda, 7 d\u00edas a la semana. No solo aquellos que han le\u00eddo mucho o tienen mucha experiencia.<\/p>\n<p style=\"text-align: justify;\">Si quieres ayudar a construir un futuro comunista, necesitamos que acerques una silla y te sientes a la mesa. Necesitamos que hables.<\/p>\n<p style=\"text-align: justify;\">Te invitamos a ingresar a un colectivo (c\u00e9lula) del Partido. Juntos, todos llegamos a comprender mejor el comunismo. Luchamos por ello m\u00e1s eficazmente. Reclutamos m\u00e1s miembros, construimos relaciones comunistas m\u00e1s fuertes, expandimos nuestra influencia, construimos nuestro poder.<\/p>\n<p style=\"text-align: justify;\">Los colectivos locales del Partido est\u00e1n vinculados globalmente a trav\u00e9s de una estructura unificada de participaci\u00f3n directa. Luchamos para que todos los miembros y amigos ayuden a tomar las decisiones. Luchamos para que todos ayuden a implementarlas, evaluarlas y seguir adelante. <strong><em>Bandera Roja<\/em><\/strong> ayuda en estas luchas.<\/p>\n<p style=\"text-align: justify;\">Todos tenemos la responsabilidad de pensar y construir la nueva sociedad. El capitalismo no entrena a la gente para hacer eso, pero el comunismo s\u00ed.<\/p>\n<p style=\"text-align: justify;\">Cuando y adonde el Partido logre movilizar a las masas para establecer el poder obrero comunista, es as\u00ed como funcionar\u00e1n nuestras \u201czonas liberadas\u201d. Nos deshaceremos de las urnas y las elecciones junto con el dinero y los mercados. Nos esforzaremos por lograr un consenso (o casi un consenso) en un Partido comunista de masas en crecimiento cuyos miembros influyen en c\u00edrculos a\u00fan m\u00e1s amplios entre las masas.<\/p>\n<p style=\"text-align: justify;\">\u00bfPor qu\u00e9 no llamamos a esto \u201cla forma de sociedad m\u00e1s democr\u00e1tica\u201d?<\/p>\n<p style=\"text-align: justify;\">Primero, porque el comunismo une a la clase obrera para liderar a las masas oprimidas &#8211; no al \u201cpueblo\u201d &#8211; para gobernar. Mientras haya clases, incluso remanentes de clases capitalistas anteriormente dominantes, es enga\u00f1oso hablar de \u201cgobierno del pueblo\u201d. No damos la bienvenida a enemigos de clase en nuestro gobierno. Organizamos a las masas para reprimirlos.<\/p>\n<p style=\"text-align: justify;\">En segundo lugar, porque la idea de democracia implica que cada persona vota por lo que quiere (como individuo) en lugar de resolver colectivamente lo que necesita la clase obrera. internacional. Tenemos que escuchar y considerar la opini\u00f3n de todos. La \u201cmayor\u00eda manda\u201d cierra la discusi\u00f3n. A menudo impide que el colectivo tome la mejor decisi\u00f3n.<\/p>\n<p style=\"text-align: justify;\">Por eso no \u201cdefendemos la democracia\u201d. En cambio, movilizamos a las masas para el comunismo.<\/p>\n<h4><a href=\"https:\/\/icwpredflag.org\/wp\/wordpress\/wps\/volumen-11-numero-15\/\">Primera p\u00e1gina de esta edici\u00f3n<\/a><\/h4>\n","protected":false},"excerpt":{"rendered":"<p>No Defiendas la Democracia &#8211;Moviliza a las Masas para el Comunismo Nov. 7, Los \u00c1ngeles, EE. UU., \u00ab\u00a1La revoluci\u00f3n, no las elecciones, acabar\u00e1 con la esclavitud asalariada racista con el poder obrero comunista!\u00bb Estados Unidos, 23 de noviembre &#8211; \u201c\u00a1Defendamos la democracia!\u201d exigieron el 7 de noviembre amplias marchas de coalici\u00f3n en todo Estados Unidos. &hellip; <a href=\"https:\/\/icwpredflag.org\/wp\/wordpress\/wps\/volumen-11-numero-15\/las-masas-necesitan-el-comunismo-no-democracia\/\" class=\"more-link\">Sigue leyendo <span class=\"screen-reader-text\">Las Masas Necesitan el Comunismo, No Democracia<\/span><\/a><\/p>\n","protected":false},"author":1,"featured_media":5655,"parent":6867,"menu_order":0,"comment_status":"closed","ping_status":"closed","template":"","meta":{"footnotes":""},"class_list":["post-6890","page","type-page","status-publish","has-post-thumbnail","hentry"],"_links":{"self":[{"href":"https:\/\/icwpredflag.org\/wp\/wordpress\/wps\/wp-json\/wp\/v2\/pages\/6890","targetHints":{"allow":["GET"]}}],"collection":[{"href":"https:\/\/icwpredflag.org\/wp\/wordpress\/wps\/wp-json\/wp\/v2\/pages"}],"about":[{"href":"https:\/\/icwpredflag.org\/wp\/wordpress\/wps\/wp-json\/wp\/v2\/types\/page"}],"author":[{"embeddable":true,"href":"https:\/\/icwpredflag.org\/wp\/wordpress\/wps\/wp-json\/wp\/v2\/users\/1"}],"replies":[{"embeddable":true,"href":"https:\/\/icwpredflag.org\/wp\/wordpress\/wps\/wp-json\/wp\/v2\/comments?post=6890"}],"version-history":[{"count":5,"href":"https:\/\/icwpredflag.org\/wp\/wordpress\/wps\/wp-json\/wp\/v2\/pages\/6890\/revisions"}],"predecessor-version":[{"id":6901,"href":"https:\/\/icwpredflag.org\/wp\/wordpress\/wps\/wp-json\/wp\/v2\/pages\/6890\/revisions\/6901"}],"up":[{"embeddable":true,"href":"https:\/\/icwpredflag.org\/wp\/wordpress\/wps\/wp-json\/wp\/v2\/pages\/6867"}],"wp:featuredmedia":[{"embeddable":true,"href":"https:\/\/icwpredflag.org\/wp\/wordpress\/wps\/wp-json\/wp\/v2\/media\/5655"}],"wp:attachment":[{"href":"https:\/\/icwpredflag.org\/wp\/wordpress\/wps\/wp-json\/wp\/v2\/media?parent=6890"}],"curies":[{"name":"wp","href":"https:\/\/api.w.org\/{rel}","templated":true}]}}