{"id":6917,"date":"2020-11-29T01:28:16","date_gmt":"2020-11-29T01:28:16","guid":{"rendered":"https:\/\/icwpredflag.org\/wp\/wordpress\/wps\/?page_id=6917"},"modified":"2020-11-29T01:46:52","modified_gmt":"2020-11-29T01:46:52","slug":"conversaciones-sobre-comunismo-forjan-nuevos-lideres","status":"publish","type":"page","link":"https:\/\/icwpredflag.org\/wp\/wordpress\/wps\/volumen-11-numero-15\/conversaciones-sobre-comunismo-forjan-nuevos-lideres\/","title":{"rendered":"Conversaciones Sobre Comunismo Forjan Nuevos Lideres"},"content":{"rendered":"<p><strong>Para Forjar Nuevos Lideres, Discute <em>Bandera Roja<\/em> <a class=\"icwp-emph\" href=\"#1\">aqu\u00ed \u2666<\/a> Trabajadores de la Salud Airados, Listos para el Comunismo <a class=\"icwp-emph\" href=\"#2\">aqu\u00ed \u2666<\/a><\/strong> <\/p>\n<h3 style=\"text-align: center;\" id=\"1\"><span style=\"color: #ff0000;\"><strong>Para Construir Un Nuevo Liderazgo Comunista: \u00a1Discute <em>Bandera Roja<\/em>!<\/strong><\/span><\/h3>\n<p style=\"text-align: justify;\">SEATTLE (EE. UU.), 22 de noviembre \u2014 Desde las elecciones presidenciales de EE. UU., muchos de nosotros en el PCOI y en su entorno hemos hablado con amigos acerca de votar. Estas discusiones a veces se acaloran, ya que muchos de nuestros amigos est\u00e1n convencidos de que sacando a Trump de la Casa Blanca evitar\u00e1 el fascismo y que la vida volver\u00e1 a la \u201cnormalidad\u201d. No obstante, estas discusiones han abierto oportunidades para promover las ideas comunistas y construir el liderazgo del Partido.<\/p>\n<p style=\"text-align: justify;\">Un trabajador social dijo: \u201cVotar es una gran p\u00e9rdida de tiempo y energ\u00eda. Muchos de nosotros sabemos en el fondo que el emperador no tiene ropa. El movimiento Black Lives Matter realmente atrajo a los j\u00f3venes. No dir\u00eda que soy comunista, pero dir\u00eda que soy anticapitalista\u201d.<\/p>\n<p style=\"text-align: justify;\">Los miembros de mi familia multirracial se sintieron muy motivados cuando uno de ellos tuvo una carta concerniente a votar impresa en <strong><em>Bandera Roja<\/em><\/strong>. Estaba dispuesto a cambiar su voto por una conversaci\u00f3n sobre movilizar para el comunismo. Durante la pandemia, mi familia se ha hecho parte de una red de <strong><em>Bandera Roj<\/em><\/strong>a. He aqu\u00ed algunas de nuestras discusiones:<\/p>\n<p style=\"text-align: justify;\">Una joven dijo: \u201cS\u00e9 que bajo el comunismo no existir\u00e1n ninguno de estos problemas [racismo, sexismo, etc.], pero como puede pasar cierto tiempo para que lleguemos all\u00ed, mientras tanto quiero tratar de ayudar a aquellos que puedan ser seriamente afectados por algunas de las leyes aprobadas\u201d.<\/p>\n<p style=\"text-align: justify;\">Su t\u00edo respondi\u00f3: \u201cEsta porquer\u00eda presidencial es realmente solo un espect\u00e1culo. Estas conversaciones se necesitan en todo el pa\u00eds\u201d.<\/p>\n<p style=\"text-align: justify;\">De un maestro: \u201cTambi\u00e9n estoy de acuerdo en que, si bien debemos luchar para cambiar nuestro sistema actual, tambi\u00e9n debemos saber c\u00f3mo funcionar dentro de ello, hasta que llegue el cambio\u201d.<\/p>\n<p style=\"text-align: justify;\">De otro pariente joven que se ha involucrado m\u00e1s: \u201cNo importa qui\u00e9n est\u00e9 en la presidencia el capitalismo seguir\u00e1 existiendo mientras el sistema actual est\u00e9 vivo. Como persona \u2018joven\u2019 que no ha recibido educado acerca del comunismo a lo largo de mi vida y que ha vivido para conocer este sistema actual (democracia), es dif\u00edcil comprender c\u00f3mo ser\u00eda un mundo bajo el comunismo, o c\u00f3mo ser\u00eda, incluso, posible.<\/p>\n<p style=\"text-align: justify;\">\u201cA gran parte de la sociedad se le ha lavado el cerebro para que piense que el comunismo es una cosa\u201d, continuo, \u201ccuando claramente no lo es. Para m\u00ed, aqu\u00ed es donde debe comenzar la lucha, borrando el estigma asociado con el comunismo. Es necesario centrarse m\u00e1s en los aspectos positivos del comunismo que en los aspectos negativos de nuestros sistemas sociales actuales\u201d.<\/p>\n<p style=\"text-align: justify;\">\u00bfY qu\u00e9 mejor manera de comenzar la lucha desarrollando m\u00e1s redes de lectores y distribuidores de <strong><em>Bandera Roja<\/em><\/strong>, que, como mi familia y amigos, debatan los art\u00edculos del peri\u00f3dico?<\/p>\n<p style=\"text-align: justify;\">Inspirado por esta conversaci\u00f3n colectiva, me puse en contacto con otros amigos.<\/p>\n<p style=\"text-align: justify;\">Un trabajador de la salud dijo: \u201cMuchas personas que conozco pensaron que ten\u00edan que votar porque ven a Trump como una amenaza. El racismo y el anticomunismo descarados que promueven simplemente enojaron a muchos. Quiero ponerle fin al sistema, pero no estoy seguro que crea yo que sea posible. Seguir\u00e9 leyendo<\/p>\n<p style=\"text-align: justify;\"><strong><em>Bandera Roja<\/em><\/strong>&#8230; siempre hablar\u00e9 con mis amigos con un an\u00e1lisis de clase&#8230; sigan ustedes su trabajo\u201d.<\/p>\n<p style=\"text-align: justify;\">Cuando la gente que nos rodea lee <strong><em>Bandera Roja<\/em><\/strong> y luchamos con ellos para movilizar a las masas para el comunismo, ganamos a otros al PCOI y construimos nuevo liderato comunista. Amigos que leen BR y lo comparten con otros pueden discutir las conversaciones que tienen y escribir de ellas para el peri\u00f3dico. Estas discusiones generar\u00e1n nuevas ideas sobre que art\u00edculos escribir para el peri\u00f3dico.<\/p>\n<p style=\"text-align: justify;\">De esta manera fortaleceremos nuestros lazos con nuestra base, mejoraremos nuestro trabajo, construiremos nuevo liderato y aceleraremos el fin del letal sistema capitalista.<\/p>\n<h3 style=\"text-align: center;\" id=\"2\"><span style=\"color: #ff0000;\">Trabajadores de la Salud: <strong>Agotados, Enojados y Listos Para el Comunismo<\/strong><\/span><\/h3>\n<p><img loading=\"lazy\" decoding=\"async\" class=\"wp-image-6857 aligncenter\" src=\"https:\/\/icwpredflag.org\/wp\/wordpress\/wps\/wp-content\/uploads\/sites\/2\/2020\/11\/nurses1-300x200.jpeg\" alt=\"\" width=\"699\" height=\"466\" srcset=\"https:\/\/icwpredflag.org\/wp\/wordpress\/wps\/wp-content\/uploads\/sites\/2\/2020\/11\/nurses1-300x200.jpeg 300w, https:\/\/icwpredflag.org\/wp\/wordpress\/wps\/wp-content\/uploads\/sites\/2\/2020\/11\/nurses1-768x511.jpeg 768w, https:\/\/icwpredflag.org\/wp\/wordpress\/wps\/wp-content\/uploads\/sites\/2\/2020\/11\/nurses1.jpeg 880w\" sizes=\"auto, (max-width: 699px) 100vw, 699px\" \/><\/p>\n<p style=\"text-align: center;\"><strong>Lancaster, PA (USA) Noviembre 21:<\/strong>\u00a0<strong> Enfermeras en Huelga Exigiendo Mas Personal<\/strong><\/p>\n<p class=\"p1\" style=\"text-align: justify;\">EE.UU., 22 de noviembre: \u201cVolv\u00ed a trabajar a tiempo parcial\u201d, dijo un trabajador de la salud de Nueva Jersey recientemente jubilado, \u201cporque mi departamento no tiene suficiente personal. La gente est\u00e1 de baja m\u00e9dica y el hospital se niega a contratar a nadie m\u00e1s. Sent\u00ed que ten\u00eda que ayudar y puedo usar el poco dinero extra para ayudar con la comida de la familia de mi hija\u201d. Les hab\u00edan reducido sus horas de trabajo.<\/p>\n<p class=\"p1\" style=\"text-align: justify;\">\u201cEl problema es que todos estos hospitales son negocios. Incluso los hospitales sin fines lucrativos funcionan como un negocio capitalista. \u00a1Que chiste!\u201d<\/p>\n<p class=\"p1\" style=\"text-align: justify;\">Un camarada que trabaja en la atenci\u00f3n m\u00e9dica en Texas estuvo de acuerdo. Texas tiene la regla de que una vez que el porcentaje de pacientes con COVID supera el 15%, el hospital tiene que cerrar la cirug\u00eda electiva y otras operaciones no esenciales.<\/p>\n<p class=\"p1\" style=\"text-align: justify;\">\u201cCuriosamente, ese porcentaje siempre se mantiene justo por debajo del 15%\u201d, dijo \u00e9l.<\/p>\n<p class=\"p1\" style=\"text-align: justify;\">Todos los que trabajan all\u00ed saben que el hospital est\u00e1 enviando pacientes con COVID fuera de la regi\u00f3n para mantener el conteo bajo. El hospital gana mucho m\u00e1s dinero de las cirug\u00edas electivas.<\/p>\n<p class=\"p1\" style=\"text-align: justify;\">Incluso aqu\u00ed, el hospital se niega a contratar personal suficiente. Los administradores negociaron recientemente contratos que tienen trabajadores de guardia casi todo el tiempo. El estado de guardia a menudo requiere que el personal esencial permanezca en el hospital. Los cirujanos no quieren esperar 20 minutos m\u00e1s o menos para que llegue el personal necesario desde su casa. Se trata de ganar tanto dinero como sea posible de la cirug\u00eda electiva.<\/p>\n<p class=\"p1\" style=\"text-align: justify;\">Los medios capitalistas admiten que no hay suficientes camas para atender el aumento de pacientes con COVID, y mucho menos para otros cuidados de urgencia. Pero como estos trabajadores de la salud r\u00e1pidamente se\u00f1alaron, no se trata de camas. Es la asistencia sanitaria capitalista.<\/p>\n<p class=\"p1\" style=\"text-align: justify;\">El modelo de salud capitalista no puede prepararse adecuadamente para las pandemias. Y es lamentablemente inadecuado en lo que respecta a la salud p\u00fablica.<\/p>\n<p class=\"p1\" style=\"text-align: justify;\">Como cualquier negocio, el cuidado de salud se basa en arregl\u00e1rselas con el menor n\u00famero de trabajadores. Los patrones se jactan de esto alegando \u201ceficiencia capitalista\u201d.<\/p>\n<p class=\"p1\" style=\"text-align: justify;\">La atenci\u00f3n m\u00e9dica comunista se basa no solo en la ciencia, sino tambi\u00e9n en movilizar a las masas.<\/p>\n<p class=\"p1\" style=\"text-align: justify;\">\u201cEl uso de m\u00e1scaras es un buen ejemplo\u201d, dijo el camarada de Texas. Aunque los patrones quieren que la gente use m\u00e1scaras, cientos de a\u00f1os de impulsar el individualismo se les dificulta movilizar a la poblaci\u00f3n para que lo haga. Por otro lado, la estrategia de la salud p\u00fablica de usar m\u00e1scaras encaja perfectamente con la colectividad comunista.<\/p>\n<p class=\"p1\" style=\"text-align: justify;\">El papel de movilizar masas se vuelve a\u00fan m\u00e1s claro cuando empezamos a hablar de vacunas.<\/p>\n<p class=\"p1\" style=\"text-align: justify;\">A. David Paltiel, de la Escuela de Salud P\u00fablica de Yale, fue muy claro. \u201cLas vacunas no salvan vidas\u201d, dijo, \u201clos programas de vacunaci\u00f3n salvan vidas\u201d.<\/p>\n<p class=\"p1\" style=\"text-align: justify;\">\u00c9l y sus colegas publicaron un estudio en la revista Health Affairs que hace un simulacro del pr\u00f3ximo lanzamiento de vacunas contra el coronavirus. Descubrieron que cuando se trata de infecciones, hospitalizaciones y muertes, la movilizaci\u00f3n internacional para llevar las vacunas a las masas importa tanto como la eficacia de cualquier vacuna en particular.<\/p>\n<p class=\"p1\" style=\"text-align: justify;\">La pandemia lo ha dejado claro: la revoluci\u00f3n comunista es una cuesti\u00f3n de vida o muerte para decenas de millones de personas en todo el mundo.<\/p>\n<h4><a href=\"https:\/\/icwpredflag.org\/wp\/wordpress\/wps\/volumen-11-numero-15\/\"> Primera p\u00e1gina de esta edici\u00f3n<\/a><\/h4>\n","protected":false},"excerpt":{"rendered":"<p>Para Forjar Nuevos Lideres, Discute Bandera Roja aqu\u00ed \u2666 Trabajadores de la Salud Airados, Listos para el Comunismo aqu\u00ed \u2666 Para Construir Un Nuevo Liderazgo Comunista: \u00a1Discute Bandera Roja! SEATTLE (EE. UU.), 22 de noviembre \u2014 Desde las elecciones presidenciales de EE. UU., muchos de nosotros en el PCOI y en su entorno hemos hablado &hellip; <a href=\"https:\/\/icwpredflag.org\/wp\/wordpress\/wps\/volumen-11-numero-15\/conversaciones-sobre-comunismo-forjan-nuevos-lideres\/\" class=\"more-link\">Sigue leyendo <span class=\"screen-reader-text\">Conversaciones Sobre Comunismo Forjan Nuevos Lideres<\/span><\/a><\/p>\n","protected":false},"author":1,"featured_media":5655,"parent":6867,"menu_order":0,"comment_status":"closed","ping_status":"closed","template":"","meta":{"footnotes":""},"class_list":["post-6917","page","type-page","status-publish","has-post-thumbnail","hentry"],"_links":{"self":[{"href":"https:\/\/icwpredflag.org\/wp\/wordpress\/wps\/wp-json\/wp\/v2\/pages\/6917","targetHints":{"allow":["GET"]}}],"collection":[{"href":"https:\/\/icwpredflag.org\/wp\/wordpress\/wps\/wp-json\/wp\/v2\/pages"}],"about":[{"href":"https:\/\/icwpredflag.org\/wp\/wordpress\/wps\/wp-json\/wp\/v2\/types\/page"}],"author":[{"embeddable":true,"href":"https:\/\/icwpredflag.org\/wp\/wordpress\/wps\/wp-json\/wp\/v2\/users\/1"}],"replies":[{"embeddable":true,"href":"https:\/\/icwpredflag.org\/wp\/wordpress\/wps\/wp-json\/wp\/v2\/comments?post=6917"}],"version-history":[{"count":8,"href":"https:\/\/icwpredflag.org\/wp\/wordpress\/wps\/wp-json\/wp\/v2\/pages\/6917\/revisions"}],"predecessor-version":[{"id":6925,"href":"https:\/\/icwpredflag.org\/wp\/wordpress\/wps\/wp-json\/wp\/v2\/pages\/6917\/revisions\/6925"}],"up":[{"embeddable":true,"href":"https:\/\/icwpredflag.org\/wp\/wordpress\/wps\/wp-json\/wp\/v2\/pages\/6867"}],"wp:featuredmedia":[{"embeddable":true,"href":"https:\/\/icwpredflag.org\/wp\/wordpress\/wps\/wp-json\/wp\/v2\/media\/5655"}],"wp:attachment":[{"href":"https:\/\/icwpredflag.org\/wp\/wordpress\/wps\/wp-json\/wp\/v2\/media?parent=6917"}],"curies":[{"name":"wp","href":"https:\/\/api.w.org\/{rel}","templated":true}]}}