{"id":7186,"date":"2021-01-29T20:18:55","date_gmt":"2021-01-29T20:18:55","guid":{"rendered":"https:\/\/icwpredflag.org\/wp\/wordpress\/wps\/?page_id=7186"},"modified":"2021-01-30T18:26:56","modified_gmt":"2021-01-30T18:26:56","slug":"volumen-12-numero-1","status":"publish","type":"page","link":"https:\/\/icwpredflag.org\/wp\/wordpress\/wps\/volumen-12-numero-1\/","title":{"rendered":"Volumen 12, Num\u00e9ro 1"},"content":{"rendered":"<p class=\"p2\" style=\"text-align: justify;\"><img loading=\"lazy\" decoding=\"async\" class=\"alignnone wp-image-7178\" src=\"https:\/\/icwpredflag.org\/wp\/wordpress\/wps\/wp-content\/uploads\/sites\/2\/2021\/01\/IndiaSmoke-300x176.jpg\" alt=\"\" width=\"750\" height=\"440\" srcset=\"https:\/\/icwpredflag.org\/wp\/wordpress\/wps\/wp-content\/uploads\/sites\/2\/2021\/01\/IndiaSmoke-300x176.jpg 300w, https:\/\/icwpredflag.org\/wp\/wordpress\/wps\/wp-content\/uploads\/sites\/2\/2021\/01\/IndiaSmoke.jpg 381w\" sizes=\"auto, (max-width: 750px) 100vw, 750px\" \/><\/p>\n<p style=\"text-align: center;\"><strong>26 de enero de 2021: Protestas Masivas en la India de Granjeros y Obreros \u00a0Muestran la Posibilidad del Comunismo<\/strong><\/p>\n<p style=\"text-align: center;\">\n<!-- Page-list plugin v.5.22 wordpress.org\/plugins\/page-list\/ -->\n<div class=\"page-list page-list-ext \">\n<div class=\"page-list-ext-item\"><div class=\"page-list-ext-image\"><a href=\"https:\/\/icwpredflag.org\/wp\/wordpress\/wps\/volumen-12-numero-1\/india-granjeros-prenden-la-furia-del-futuro\/\" title=\"India: Granjeros Prenden la Furia del Futuro\"><img decoding=\"async\" src=\"https:\/\/icwpredflag.org\/wp\/wordpress\/wps\/wp-content\/uploads\/sites\/2\/2021\/01\/IndiaFist-300x144.jpg\" width=\"150\" alt=\"India: Granjeros Prenden la Furia del Futuro\" \/><\/a><\/div> <strong class=\"page-list-ext-title\"><a class=\"icwp-emph\" href=\"https:\/\/icwpredflag.org\/wp\/wordpress\/wps\/volumen-12-numero-1\/india-granjeros-prenden-la-furia-del-futuro\/\" title=\"India: Granjeros Prenden la Furia del Futuro\">India: Granjeros Prenden la Furia del Futuro<\/a><\/strong><div class=\"page-list-ext-item-content\">Combatiendo el Fascismo \u2666  Porqu\u00e9 Necesitamos el Comunismo \u2666  \u00daltimo Reporte de la India aqu\u00ed    \r\n\r\nCombatiendo el Fascismo desde la India a EE.UU.   \r\nINDIA, 26 de enero: Los granjeros marchan ...<\/div><\/div>\n<div class=\"page-list-ext-item\"><div class=\"page-list-ext-image\"><a href=\"https:\/\/icwpredflag.org\/wp\/wordpress\/wps\/volumen-12-numero-1\/obreros-enardecidos-para-luchar-usando-el-comunismo-contra-el-fascismo-racista\/\" title=\"Obreros Enardecidos para Luchar Usando el Comunismo Contra el Fascismo Racista\"><img decoding=\"async\" src=\"https:\/\/icwpredflag.org\/wp\/wordpress\/wps\/wp-content\/uploads\/sites\/2\/2021\/01\/facesRF-279x300.jpg\" width=\"150\" alt=\"Obreros Enardecidos para Luchar Usando el Comunismo Contra el Fascismo Racista\" \/><\/a><\/div> <strong class=\"page-list-ext-title\"><a class=\"icwp-emph\" href=\"https:\/\/icwpredflag.org\/wp\/wordpress\/wps\/volumen-12-numero-1\/obreros-enardecidos-para-luchar-usando-el-comunismo-contra-el-fascismo-racista\/\" title=\"Obreros Enardecidos para Luchar Usando el Comunismo Contra el Fascismo Racista\">Obreros Enardecidos para Luchar Usando el Comunismo Contra el Fascismo Racista<\/a><\/strong><div class=\"page-list-ext-item-content\">Discusiones Comunistas Sobre el Racismo y Fascismo Enardecen a Obreros \u2666  Discusiones Colectivas Construyen el PCOI \u2666  Partido Dem\u00f3crata Principal Peligro \u2666   \r\n\r\nM\u00e1s Potencial para el Cr...<\/div><\/div>\n<div class=\"page-list-ext-item\"><div class=\"page-list-ext-image\"><a href=\"https:\/\/icwpredflag.org\/wp\/wordpress\/wps\/volumen-12-numero-1\/caravana-de-migrantes-luchemos-por-el-comunismo-adonde-vayamos\/\" title=\"Caravana de Migrantes: Luchemos por el Comunismo Adonde Vayamos\"><img decoding=\"async\" src=\"https:\/\/icwpredflag.org\/wp\/wordpress\/wps\/wp-content\/uploads\/sites\/2\/2021\/01\/HonCarav-300x154.jpg\" width=\"150\" alt=\"Caravana de Migrantes: Luchemos por el Comunismo Adonde Vayamos\" \/><\/a><\/div> <strong class=\"page-list-ext-title\"><a class=\"icwp-emph\" href=\"https:\/\/icwpredflag.org\/wp\/wordpress\/wps\/volumen-12-numero-1\/caravana-de-migrantes-luchemos-por-el-comunismo-adonde-vayamos\/\" title=\"Caravana de Migrantes: Luchemos por el Comunismo Adonde Vayamos\">Caravana de Migrantes: Luchemos por el Comunismo Adonde Vayamos<\/a><\/strong><div class=\"page-list-ext-item-content\">&nbsp;\r\n\r\n\r\nNueve mil hombres, mujeres y ni\u00f1os caminan hacia el norte en una caravana desde Honduras porque la crisis capitalista los ha obligado a dejar sus hogares para sobrevivir. Esperan llegar a ...<\/div><\/div>\n<div class=\"page-list-ext-item\"><div class=\"page-list-ext-image\"><a href=\"https:\/\/icwpredflag.org\/wp\/wordpress\/wps\/volumen-12-numero-1\/el-salvador-obreros-comunistas-en-solidaridad-con-costureras-en-lucha\/\" title=\"El Salvador: Obreros Comunistas en Solidaridad con Costureras en Lucha\"><img decoding=\"async\" src=\"https:\/\/icwpredflag.org\/wp\/wordpress\/wps\/wp-content\/uploads\/sites\/2\/2021\/01\/Florenzi.jpg\" width=\"150\" alt=\"El Salvador: Obreros Comunistas en Solidaridad con Costureras en Lucha\" \/><\/a><\/div> <strong class=\"page-list-ext-title\"><a class=\"icwp-emph\" href=\"https:\/\/icwpredflag.org\/wp\/wordpress\/wps\/volumen-12-numero-1\/el-salvador-obreros-comunistas-en-solidaridad-con-costureras-en-lucha\/\" title=\"El Salvador: Obreros Comunistas en Solidaridad con Costureras en Lucha\">El Salvador: Obreros Comunistas en Solidaridad con Costureras en Lucha<\/a><\/strong><div class=\"page-list-ext-item-content\">Solidaridad Comunista con Costureras que Se Tomaron la F\u00e1brica \u2666  Obreras en Lucha Aprecian Solidaridad Comunista \u2666  Los Obreros Necesitan la Revoluci\u00f3n, No Elecciones \u2666   \r\n\r\nSolidaridad Comunista ...<\/div><\/div>\n<div class=\"page-list-ext-item\"><div class=\"page-list-ext-image\"><a href=\"https:\/\/icwpredflag.org\/wp\/wordpress\/wps\/volumen-12-numero-1\/obreros-comunistas-del-transito-en-movimiento\/\" title=\"Obreros Comunistas del Transito en Movimiento\"><img decoding=\"async\" src=\"https:\/\/icwpredflag.org\/wp\/wordpress\/wps\/wp-content\/uploads\/sites\/2\/2021\/01\/SmallBus-300x249.jpg\" width=\"150\" alt=\"Obreros Comunistas del Transito en Movimiento\" \/><\/a><\/div> <strong class=\"page-list-ext-title\"><a class=\"icwp-emph\" href=\"https:\/\/icwpredflag.org\/wp\/wordpress\/wps\/volumen-12-numero-1\/obreros-comunistas-del-transito-en-movimiento\/\" title=\"Obreros Comunistas del Transito en Movimiento\">Obreros Comunistas del Transito en Movimiento<\/a><\/strong><div class=\"page-list-ext-item-content\">\r\nObreros del Transporte Cultivan Colectivos Comunistas   \r\nLOS ANGELES, EE.UU.\u2014El trabajo pol\u00edtico de organizar el PCOI en MTA es un mar de oportunidades para difundir las ideas comunistas entre este se...<\/div><\/div>\n<div class=\"page-list-ext-item\"><div class=\"page-list-ext-image\"><a href=\"https:\/\/icwpredflag.org\/wp\/wordpress\/wps\/volumen-12-numero-1\/comuna-de-paris-1871-2021\/\" title=\"Comuna de Paris: 1871-2021\"><img decoding=\"async\" src=\"https:\/\/icwpredflag.org\/wp\/wordpress\/wps\/wp-content\/uploads\/sites\/2\/2021\/01\/CommuneFlags-300x125.jpg\" width=\"150\" alt=\"Comuna de Paris: 1871-2021\" \/><\/a><\/div> <strong class=\"page-list-ext-title\"><a class=\"icwp-emph\" href=\"https:\/\/icwpredflag.org\/wp\/wordpress\/wps\/volumen-12-numero-1\/comuna-de-paris-1871-2021\/\" title=\"Comuna de Paris: 1871-2021\">Comuna de Paris: 1871-2021<\/a><\/strong><div class=\"page-list-ext-item-content\">\r\nConmemorando la Comuna de Par\u00eds de 1871 Movilizando a las Masas para el Comunismo Ahora   \r\n\u201c\u00bfVas a dispararnos? \u00bfSobre tus hermanos? \u00bfSobre nuestros maridos? \u00bfSobre nuestros hijos? Una mujer parisi...<\/div><\/div>\n<div class=\"page-list-ext-item\"><div class=\"page-list-ext-image\"><a href=\"https:\/\/icwpredflag.org\/wp\/wordpress\/wps\/volumen-12-numero-1\/el-nuevo-gabinete-del-presidente-de-ee-uu-biden\/\" title=\"El Nuevo Gabinete del Presidente de EE.UU. Biden\"><img decoding=\"async\" src=\"https:\/\/icwpredflag.org\/wp\/wordpress\/wps\/wp-content\/uploads\/sites\/2\/2020\/12\/USChinfight-300x209.jpeg\" width=\"150\" alt=\"El Nuevo Gabinete del Presidente de EE.UU. Biden\" \/><\/a><\/div> <strong class=\"page-list-ext-title\"><a class=\"icwp-emph\" href=\"https:\/\/icwpredflag.org\/wp\/wordpress\/wps\/volumen-12-numero-1\/el-nuevo-gabinete-del-presidente-de-ee-uu-biden\/\" title=\"El Nuevo Gabinete del Presidente de EE.UU. Biden\">El Nuevo Gabinete del Presidente de EE.UU. Biden<\/a><\/strong><div class=\"page-list-ext-item-content\">La Administraci\u00f3n de Biden-Harris Se Prepara para Confrontar a China    \r\n \r\nMovilic\u00e9monos para el Comunismo, No por un Imperialismo \u201cDiverso\u201d   \r\n26 de enero: Una amiga tuite\u00f3: \u201c\u00a1Feliz d\u00eda de la inau...<\/div><\/div>\n<div class=\"page-list-ext-item\"><div class=\"page-list-ext-image\"><a href=\"https:\/\/icwpredflag.org\/wp\/wordpress\/wps\/volumen-12-numero-1\/libertad-de-expresion-medios-sociales-y-la-clase-obrera\/\" title=\"\u201cLibertad de Expresi\u00f3n\u201d: Medios Sociales y la Clase Obrera\"><img decoding=\"async\" src=\"https:\/\/icwpredflag.org\/wp\/wordpress\/wps\/wp-content\/uploads\/sites\/2\/2021\/01\/RevNotTwitt.jpeg\" width=\"150\" alt=\"\u201cLibertad de Expresi\u00f3n\u201d: Medios Sociales y la Clase Obrera\" \/><\/a><\/div> <strong class=\"page-list-ext-title\"><a class=\"icwp-emph\" href=\"https:\/\/icwpredflag.org\/wp\/wordpress\/wps\/volumen-12-numero-1\/libertad-de-expresion-medios-sociales-y-la-clase-obrera\/\" title=\"\u201cLibertad de Expresi\u00f3n\u201d: Medios Sociales y la Clase Obrera\">\u201cLibertad de Expresi\u00f3n\u201d: Medios Sociales y la Clase Obrera<\/a><\/strong><div class=\"page-list-ext-item-content\"> \r\nTrump, la Libertad de Expresi\u00f3n y el Futuro de las Redes Sociales para la Clase Obrera   \r\nLOS \u00c1NGELES (EE. UU.) - \u201cOye, \u00bfescuchaste que Donald Trump fue bloqueado de las redes sociales?\u201d pregunt\u00f3 un comp...<\/div><\/div>\n<div class=\"page-list-ext-item\"><div class=\"page-list-ext-image\"><a href=\"https:\/\/icwpredflag.org\/wp\/wordpress\/wps\/volumen-12-numero-1\/cartas-a-bandera-roja\/\" title=\"Cartas a Bandera Roja\"><img decoding=\"async\" src=\"https:\/\/icwpredflag.org\/wp\/wordpress\/wps\/wp-content\/uploads\/sites\/2\/2021\/01\/NYPDBikes-300x156.jpg\" width=\"150\" alt=\"Cartas a Bandera Roja\" \/><\/a><\/div> <strong class=\"page-list-ext-title\"><a class=\"icwp-emph\" href=\"https:\/\/icwpredflag.org\/wp\/wordpress\/wps\/volumen-12-numero-1\/cartas-a-bandera-roja\/\" title=\"Cartas a Bandera Roja\">Cartas a Bandera Roja<\/a><\/strong><div class=\"page-list-ext-item-content\">Polic\u00eda Racista de Nueva York Ataca en MLK \u2666  Experiencias de Camarada en El Salvador en el ejercito guerrillero \u2666  Colectivos del Partido claves para el trabajo comunista aqu\u00ed   \r\n\r\n\r\nLa Polic\u00eda...<\/div><\/div>\n\n<\/div><\/p>\n<ul>\n<li><a class=\"icwp-emph\" href=\"https:\/\/icwpredflag.org\/wp\/wordpress\/wps\/volumen-12-numero-1\/india-granjeros-prenden-la-furia-del-futuro\/#3\">NOTICIAS DE \u00daLTIMA HORA: Reporte Sobre la Participaci\u00f3n del PCOI en la Lucha de Clases Masiva en la India<\/a><\/li>\n<li><a class=\"icwp-emph\" href=\"https:\/\/icwpredflag.org\/wp\/wordpress\/wps\/otros-folletos-y-series-de-articulos\/fascismo-y-revolucion-comunista-discusion\/\">Intento de Golpe en EE. UU. : Discusi\u00f3n del Fascismo y la Revoluci\u00f3n Comunista<\/a><\/li>\n<li><a class=\"icwp-emph\" href=\"https:\/\/icwpredflag.org\/wp\/wordpress\/wps\/wp-content\/uploads\/sites\/2\/2021\/01\/BR021721.pdf\">Esta edici\u00f3n en PDF<\/a><\/li>\n<li><a class=\"icwp-emph\" href=\"https:\/\/icwpredflag.org\/wp\/wordpress\/wps\/volumen-11-numero-17\/\">La edici\u00f3n anterior<\/a><\/li>\n<li><a class=\"icwp-emph\" href=\"https:\/\/icwpredflag.org\/wp\/wordpress\/wps\/india-potencial-enorme-para-la-revolucion-comunista\/\">India: potencial enorme para la revoluci\u00f3n comunista<\/a><\/li>\n<li><a class=\"icwp-emph\" href=\"http:\/\/icwpredflag.org\/wp\/wordpress\/wps\">P\u00e1gina principal<\/a><\/li>\n<\/ul>\n<p class=\"p1\" style=\"text-align: center;\"><strong>\u00danete al Partido Comunista Obrero Internacional (PCOI)<br \/>\nE-mail: icwp@anonymousspeech.com<br \/>\nTwitter @RedFlagBandera Instagram: @icwprf<br \/>\nEscribir a: PMB 362 3006 S. Vermont Ave., Los Angeles, CA 90007, USA<\/strong><\/p>\n<div id=\"gtx-trans\" style=\"position: absolute; left: 57px; top: 409.188px;\">\n<div class=\"gtx-trans-icon\"><\/div>\n<\/div>\n","protected":false},"excerpt":{"rendered":"<p>26 de enero de 2021: Protestas Masivas en la India de Granjeros y Obreros \u00a0Muestran la Posibilidad del Comunismo NOTICIAS DE \u00daLTIMA HORA: Reporte Sobre la Participaci\u00f3n del PCOI en la Lucha de Clases Masiva en la India Intento de Golpe en EE. UU. : Discusi\u00f3n del Fascismo y la Revoluci\u00f3n Comunista Esta edici\u00f3n en &hellip; <a href=\"https:\/\/icwpredflag.org\/wp\/wordpress\/wps\/volumen-12-numero-1\/\" class=\"more-link\">Sigue leyendo <span class=\"screen-reader-text\">Volumen 12, Num\u00e9ro 1<\/span><\/a><\/p>\n","protected":false},"author":1,"featured_media":5655,"parent":0,"menu_order":0,"comment_status":"closed","ping_status":"closed","template":"","meta":{"footnotes":""},"class_list":["post-7186","page","type-page","status-publish","has-post-thumbnail","hentry"],"_links":{"self":[{"href":"https:\/\/icwpredflag.org\/wp\/wordpress\/wps\/wp-json\/wp\/v2\/pages\/7186","targetHints":{"allow":["GET"]}}],"collection":[{"href":"https:\/\/icwpredflag.org\/wp\/wordpress\/wps\/wp-json\/wp\/v2\/pages"}],"about":[{"href":"https:\/\/icwpredflag.org\/wp\/wordpress\/wps\/wp-json\/wp\/v2\/types\/page"}],"author":[{"embeddable":true,"href":"https:\/\/icwpredflag.org\/wp\/wordpress\/wps\/wp-json\/wp\/v2\/users\/1"}],"replies":[{"embeddable":true,"href":"https:\/\/icwpredflag.org\/wp\/wordpress\/wps\/wp-json\/wp\/v2\/comments?post=7186"}],"version-history":[{"count":10,"href":"https:\/\/icwpredflag.org\/wp\/wordpress\/wps\/wp-json\/wp\/v2\/pages\/7186\/revisions"}],"predecessor-version":[{"id":7243,"href":"https:\/\/icwpredflag.org\/wp\/wordpress\/wps\/wp-json\/wp\/v2\/pages\/7186\/revisions\/7243"}],"wp:featuredmedia":[{"embeddable":true,"href":"https:\/\/icwpredflag.org\/wp\/wordpress\/wps\/wp-json\/wp\/v2\/media\/5655"}],"wp:attachment":[{"href":"https:\/\/icwpredflag.org\/wp\/wordpress\/wps\/wp-json\/wp\/v2\/media?parent=7186"}],"curies":[{"name":"wp","href":"https:\/\/api.w.org\/{rel}","templated":true}]}}