{"id":7206,"date":"2021-01-30T02:12:28","date_gmt":"2021-01-30T02:12:28","guid":{"rendered":"https:\/\/icwpredflag.org\/wp\/wordpress\/wps\/?page_id=7206"},"modified":"2021-01-30T02:15:14","modified_gmt":"2021-01-30T02:15:14","slug":"obreros-comunistas-del-transito-en-movimiento","status":"publish","type":"page","link":"https:\/\/icwpredflag.org\/wp\/wordpress\/wps\/volumen-12-numero-1\/obreros-comunistas-del-transito-en-movimiento\/","title":{"rendered":"Obreros Comunistas del Transito en Movimiento"},"content":{"rendered":"<p><img loading=\"lazy\" decoding=\"async\" class=\"wp-image-7185 aligncenter\" src=\"https:\/\/icwpredflag.org\/wp\/wordpress\/wps\/wp-content\/uploads\/sites\/2\/2021\/01\/SmallBus-300x249.jpg\" alt=\"\" width=\"589\" height=\"489\" srcset=\"https:\/\/icwpredflag.org\/wp\/wordpress\/wps\/wp-content\/uploads\/sites\/2\/2021\/01\/SmallBus-300x249.jpg 300w, https:\/\/icwpredflag.org\/wp\/wordpress\/wps\/wp-content\/uploads\/sites\/2\/2021\/01\/SmallBus-1024x849.jpg 1024w, https:\/\/icwpredflag.org\/wp\/wordpress\/wps\/wp-content\/uploads\/sites\/2\/2021\/01\/SmallBus-768x637.jpg 768w, https:\/\/icwpredflag.org\/wp\/wordpress\/wps\/wp-content\/uploads\/sites\/2\/2021\/01\/SmallBus-1536x1274.jpg 1536w, https:\/\/icwpredflag.org\/wp\/wordpress\/wps\/wp-content\/uploads\/sites\/2\/2021\/01\/SmallBus-2048x1699.jpg 2048w\" sizes=\"auto, (max-width: 589px) 100vw, 589px\" \/><\/p>\n<h3 style=\"text-align: center;\"><span style=\"color: #ff0000;\"><strong>Obreros del Transporte Cultivan Colectivos Comunistas<\/strong><\/span><\/h3>\n<p style=\"text-align: justify;\">LOS ANGELES, EE.UU.\u2014El trabajo pol\u00edtico de organizar el PCOI en MTA es un mar de oportunidades para difundir las ideas comunistas entre este sector obrero. Hace tiempo que trabajamos para ello. Mediante la distribuci\u00f3n de <strong><em>Bandera Roja<\/em><\/strong> y d\u00e1ndole seguimiento a los trabajadores interesados, hemos consolidado un colectivo del Partido que est\u00e1 distribuido en tres localidades distintas. Hemos podido realizar grupos de estudio y otras actividades dentro y fuera de nuestro lugar de trabajo.<\/p>\n<p style=\"text-align: justify;\">Algunos miembros nuevos est\u00e1n dando un liderazgo sobresaliente y otros est\u00e1n en ese camino. Estamos planeando usar Zoom, video llamadas, etc., para continuar aprendiendo m\u00e1s sobre las ideas comunistas y su historia.<\/p>\n<p style=\"text-align: justify;\"><strong>Grandes Desacuerdos Pol\u00edticos en el Trabajo<\/strong><\/p>\n<p style=\"text-align: justify;\">El ataque fascista que tuvo lugar el 6 de enero de 2020 en el Capitolio de EE.UU. abri\u00f3 algunas conversaciones con diferentes compa\u00f1eros de trabajo y miembros del PCOI. Tenemos muchos compa\u00f1eros de trabajo que apoyan los ataques fascistas y sab\u00edamos que todos fueron planeados porque fueron muy discutidos en las plataformas de redes sociales. Lo que me sorprendi\u00f3 fue lo vocales que eran algunas personas. Sent\u00ed que quer\u00edan intimidar a otros con sus creencias odiosas.<\/p>\n<p style=\"text-align: justify;\">Pero m\u00e1s tarde ese d\u00eda, un compa\u00f1ero de trabajo mencion\u00f3 que le gustaba que tuvi\u00e9ramos ideas afines y pudi\u00e9ramos discutir estas cosas y, a veces, estar en desacuerdo, pero seguir siendo respetuosos entre nosotros. Estas discusiones ayudar\u00e1n a cambiar el estado de \u00e1nimo en el taller y nos ayudar\u00e1n a avanzar en nuestro trabajo<\/p>\n<p style=\"text-align: justify;\">En el \u00faltimo encuentro, a nivel internacional, de obreros industriales del Partido participaron cuatro trabajadores de MTA. Fue muy positivo porque esto est\u00e1 consolidando cada vez m\u00e1s el grupo.<\/p>\n<p style=\"text-align: justify;\">La reuni\u00f3n me ayud\u00f3 a darme cuenta de algunos factores importantes del desarrollo del PCOI aqu\u00ed en MTA y en el mundo. Ver las caras de algunos compa\u00f1eros de trabajo que asistieron, lo positivos que fueron, me motiv\u00f3 a hacer m\u00e1s por el PCOI.<\/p>\n<p style=\"text-align: justify;\">Estaba tratando de analizar por qu\u00e9 el crecimiento de nuestro partido se ha ralentizado debido a la pandemia de Covid-19. Me pregunt\u00e9, \u00bfqu\u00e9 puedo hacer ahora para mejorarme y ser m\u00e1s efectivo en las luchas de d\u00eda a d\u00eda hacia un mundo comunista? Parec\u00eda que lo mejor que pod\u00eda hacer era concentrarme en la calidad de mi trabajo y no tanto en la cantidad. Por ejemplo, ampliar mis conocimientos sobre el vocabulario b\u00e1sico y el significado de las cosas. Por ejemplo, la diferencia entre un mundo comunista y un mundo capitalista en el que vivimos hoy. Otras palabras incluir\u00edan: fascismo, socialismo, imperialismo, nacionalismo, solo por nombrar algunas. Hay mucha informaci\u00f3n en el Internet. A veces puede ser un poco intimidante para m\u00ed, pero es un comienzo. Realmente me ayud\u00f3, as\u00ed que lo puedo entender mejor cuando particip\u00e9 en una reuni\u00f3n virtual del PCOI.<\/p>\n<p style=\"text-align: justify;\"><strong>Nutriendo el Crecimiento del Partido<\/strong><\/p>\n<p style=\"text-align: justify;\">Soy de primera generaci\u00f3n. Nac\u00ed en Los \u00c1ngeles. Mi familia emigr\u00f3 de M\u00e9xico a principios de la d\u00e9cada de 1970. Mis padres vinieron de dos pueblos peque\u00f1os diferentes de M\u00e9xico y se conocieron aqu\u00ed en Los \u00c1ngeles. Mi pap\u00e1 es de una familia pobre y mi madre de una familia de rancheros. La influencia ranchera de parte de mi madre siempre ha jugado un papel importante en mi vida. Pronto me di cuenta de que mis luchas y la crianza de mi familia en un rancho son similares. Nuestro trabajo es como cultivar una planta que eventualmente nos dar\u00e1 alimento. Pero la cosa es que pronto descubr\u00ed que no soy un buen ranchero.<\/p>\n<p style=\"text-align: justify;\">Para poder producir una planta sana, necesito experiencia y conocimientos sobre c\u00f3mo cultivar. La proporci\u00f3n correcta de nutrientes, agua y sol necesaria para cultivar esta planta. Si no se atiende, la planta ya no puede ser \u00fatil. Pero si se atiende adecuadamente, puede producir una gran cantidad de alimentos. Con esa comparaci\u00f3n, nuestros colectivos son nuestras plantas. Nuestros esfuerzos colectivos, la plataforma de conocimiento fundamental y los actos genuinos de compasi\u00f3n entre nosotros son los nutrientes para el crecimiento del PCOI hacia un mundo comunista.<\/p>\n<h4><a href=\"https:\/\/icwpredflag.org\/wp\/wordpress\/wps\/volumen-12-numero-1\/\">Primera p\u00e1gina de esta edici\u00f3n<\/a><\/h4>\n","protected":false},"excerpt":{"rendered":"<p>Obreros del Transporte Cultivan Colectivos Comunistas LOS ANGELES, EE.UU.\u2014El trabajo pol\u00edtico de organizar el PCOI en MTA es un mar de oportunidades para difundir las ideas comunistas entre este sector obrero. Hace tiempo que trabajamos para ello. Mediante la distribuci\u00f3n de Bandera Roja y d\u00e1ndole seguimiento a los trabajadores interesados, hemos consolidado un colectivo del &hellip; <a href=\"https:\/\/icwpredflag.org\/wp\/wordpress\/wps\/volumen-12-numero-1\/obreros-comunistas-del-transito-en-movimiento\/\" class=\"more-link\">Sigue leyendo <span class=\"screen-reader-text\">Obreros Comunistas del Transito en Movimiento<\/span><\/a><\/p>\n","protected":false},"author":1,"featured_media":5655,"parent":7186,"menu_order":0,"comment_status":"closed","ping_status":"closed","template":"","meta":{"footnotes":""},"class_list":["post-7206","page","type-page","status-publish","has-post-thumbnail","hentry"],"_links":{"self":[{"href":"https:\/\/icwpredflag.org\/wp\/wordpress\/wps\/wp-json\/wp\/v2\/pages\/7206","targetHints":{"allow":["GET"]}}],"collection":[{"href":"https:\/\/icwpredflag.org\/wp\/wordpress\/wps\/wp-json\/wp\/v2\/pages"}],"about":[{"href":"https:\/\/icwpredflag.org\/wp\/wordpress\/wps\/wp-json\/wp\/v2\/types\/page"}],"author":[{"embeddable":true,"href":"https:\/\/icwpredflag.org\/wp\/wordpress\/wps\/wp-json\/wp\/v2\/users\/1"}],"replies":[{"embeddable":true,"href":"https:\/\/icwpredflag.org\/wp\/wordpress\/wps\/wp-json\/wp\/v2\/comments?post=7206"}],"version-history":[{"count":3,"href":"https:\/\/icwpredflag.org\/wp\/wordpress\/wps\/wp-json\/wp\/v2\/pages\/7206\/revisions"}],"predecessor-version":[{"id":7209,"href":"https:\/\/icwpredflag.org\/wp\/wordpress\/wps\/wp-json\/wp\/v2\/pages\/7206\/revisions\/7209"}],"up":[{"embeddable":true,"href":"https:\/\/icwpredflag.org\/wp\/wordpress\/wps\/wp-json\/wp\/v2\/pages\/7186"}],"wp:featuredmedia":[{"embeddable":true,"href":"https:\/\/icwpredflag.org\/wp\/wordpress\/wps\/wp-json\/wp\/v2\/media\/5655"}],"wp:attachment":[{"href":"https:\/\/icwpredflag.org\/wp\/wordpress\/wps\/wp-json\/wp\/v2\/media?parent=7206"}],"curies":[{"name":"wp","href":"https:\/\/api.w.org\/{rel}","templated":true}]}}