{"id":7221,"date":"2021-01-30T02:40:26","date_gmt":"2021-01-30T02:40:26","guid":{"rendered":"https:\/\/icwpredflag.org\/wp\/wordpress\/wps\/?page_id=7221"},"modified":"2021-01-30T02:43:52","modified_gmt":"2021-01-30T02:43:52","slug":"libertad-de-expresion-medios-sociales-y-la-clase-obrera","status":"publish","type":"page","link":"https:\/\/icwpredflag.org\/wp\/wordpress\/wps\/volumen-12-numero-1\/libertad-de-expresion-medios-sociales-y-la-clase-obrera\/","title":{"rendered":"\u201cLibertad de Expresi\u00f3n\u201d: Medios Sociales y la Clase Obrera"},"content":{"rendered":"<h3><img loading=\"lazy\" decoding=\"async\" class=\"wp-image-7174 aligncenter\" src=\"https:\/\/icwpredflag.org\/wp\/wordpress\/wps\/wp-content\/uploads\/sites\/2\/2021\/01\/RevNotTwitt.jpeg\" alt=\"\" width=\"450\" height=\"570\" \/><\/h3>\n<h3 style=\"text-align: center;\"><span style=\"color: #ff0000;\"><strong>Trump, la Libertad de Expresi\u00f3n y el Futuro de las Redes Sociales para la Clase Obrera<\/strong><\/span><\/h3>\n<p style=\"text-align: justify;\">LOS \u00c1NGELES (EE. UU.) &#8211; \u201cOye, \u00bfescuchaste que Donald Trump fue bloqueado de las redes sociales?\u201d pregunt\u00f3 un compa\u00f1ero de trabajo a un camarada durante el almuerzo. \u201cLe est\u00e1n quitando la libertad de expresi\u00f3n a alguien. No me gusta Trump, pero prohibirle completamente en las redes sociales no es correcto\u201d.<\/p>\n<p style=\"text-align: justify;\">\u201cHe tenido conversaciones similares desde el ataque al Capitolio de Estados Unidos el 6 de enero\u201d, report\u00f3 el camarada. \u201cLos medios capitalistas y las grandes corporaciones tecnol\u00f3gicas como Apple, Facebook y Twitter han decidido que el hecho que Trump incitara a la violencia en la capital es suficiente para expulsarlo de sus plataformas. Las personas con las que he hablado ten\u00edan sentimientos contradictorios al respecto\u201d.<\/p>\n<p style=\"text-align: justify;\">Lo que se est\u00e1 utilizando en nombre de la protecci\u00f3n del p\u00fablico, se utilizar\u00e1 en nuestra contra en el futuro. Esa es la naturaleza del capitalismo. Si las empresas de tecnolog\u00eda realmente se preocuparan por la ret\u00f3rica racista de Trump, lo habr\u00edan bloqueado hace a\u00f1os. Han ayudado a crear la atm\u00f3sfera para que m\u00e1s fascistas sean propaguen abiertamente sus ideolog\u00edas.<\/p>\n<p style=\"text-align: justify;\">Las redes sociales est\u00e1n profundamente arraigadas en la sociedad capitalista, en gran parte debido a que los trabajadores no pueden socializar de manera m\u00e1s significativa. A medida que se intensifica la crisis capitalista, tambi\u00e9n lo har\u00e1 la necesidad de los trabajadores de sobrevivir. Esto significa pasar menos tiempo en persona con amigos y familiares y m\u00e1s dependencia de las redes sociales para la interacci\u00f3n. Covid-19 ha intensificado esto.<\/p>\n<p style=\"text-align: justify;\">La expulsi\u00f3n de Donald Trump de las redes sociales muestra que las empresas de tecnolog\u00eda pueden eliminar a cualquiera de sus servicios cuando lo deseen. El problema con los liberales es que quieren la apariencia de igualdad para todos y mantener al mismo tiempo el status quo y el estado de derecho. Nosotros queremos abolir todos estos sistemas capitalistas.<\/p>\n<p style=\"text-align: justify;\">La lucha contra las pr\u00e1cticas e ideolog\u00edas racistas es fundamental para crear conciencia de clase entre los estudiantes y otras personas infectadas con la larga historia del racismo y segregaci\u00f3n institucional. Las universidades se han utilizado con frecuencia como semilleros para cultivar ideolog\u00edas racistas, sexistas y xen\u00f3fobas. En esta d\u00e9cada, Milo Yiannopoulos (ahora tambi\u00e9n prohibido en Twitter) recorri\u00f3 los campus bajo los auspicios de la \u201clibertad de expresi\u00f3n\u201d para atacar a negros, mujeres y musulmanes. Hemos luchado duro contra las teor\u00edas y los te\u00f3ricos racistas, mostrando c\u00f3mo sirven al capitalismo. Incluso hemos ayudado a expulsar a estos racistas de los campus bajo el lema \u201c\u00a1No libertad de expresi\u00f3n para los racistas!<\/p>\n<p style=\"text-align: justify;\">Debido a la naturaleza de nuestro trabajo, tambi\u00e9n nosotros alg\u00fan d\u00eda seremos el blanco de los capitalistas. Ser excluido de las redes sociales ser\u00e1 la menor de nuestras preocupaciones. Estamos organizando una revoluci\u00f3n y una sociedad comunista donde tendremos m\u00e1s tiempo para conectarnos en la vida real con personas de todos los or\u00edgenes mientras trabajamos para satisfacer las necesidades de los trabajadores en lugar de para producirles ganancias de los pocos que ganan miles de millones de nuestro trabajo.<\/p>\n<p style=\"text-align: justify;\">\u00bfQu\u00e9 podemos hacer ahora con toda esta informaci\u00f3n?<\/p>\n<p style=\"text-align: justify;\">Gil Scott Heron dijo una vez: \u201cLa revoluci\u00f3n no ser\u00e1 televisada\u201d, hoy decimos que \u201cLa revoluci\u00f3n no ser\u00e1 tuiteada\u201d. La revoluci\u00f3n no se llevar\u00e1 a cabo en Internet a pesar de lo que digan los medios capitalistas, pero podemos usarla a nuestro favor mientras la tengamos. Siempre debemos trabajar para construir conexiones personales para que cuando ya no podamos usar el Internet, todav\u00eda tengamos acceso a <strong><em>Bandera Roja<\/em><\/strong> y conectarnos nosotros mismos.<\/p>\n<p style=\"text-align: justify;\">Visita nuestro sitio Web, escr\u00edbenos, ayuda a distribuir <strong><em>Bandera Roja<\/em><\/strong> y moviliza para una sociedad comunista, donde las ideolog\u00edas racistas y fascistas no ser\u00e1n bienvenidos.<\/p>\n<h4><a href=\"https:\/\/icwpredflag.org\/wp\/wordpress\/wps\/volumen-12-numero-1\/\">Primera p\u00e1gina de esta edici\u00f3n<\/a><\/h4>\n","protected":false},"excerpt":{"rendered":"<p>Trump, la Libertad de Expresi\u00f3n y el Futuro de las Redes Sociales para la Clase Obrera LOS \u00c1NGELES (EE. UU.) &#8211; \u201cOye, \u00bfescuchaste que Donald Trump fue bloqueado de las redes sociales?\u201d pregunt\u00f3 un compa\u00f1ero de trabajo a un camarada durante el almuerzo. \u201cLe est\u00e1n quitando la libertad de expresi\u00f3n a alguien. No me gusta &hellip; <a href=\"https:\/\/icwpredflag.org\/wp\/wordpress\/wps\/volumen-12-numero-1\/libertad-de-expresion-medios-sociales-y-la-clase-obrera\/\" class=\"more-link\">Sigue leyendo <span class=\"screen-reader-text\">\u201cLibertad de Expresi\u00f3n\u201d: Medios Sociales y la Clase Obrera<\/span><\/a><\/p>\n","protected":false},"author":1,"featured_media":5655,"parent":7186,"menu_order":0,"comment_status":"closed","ping_status":"closed","template":"","meta":{"footnotes":""},"class_list":["post-7221","page","type-page","status-publish","has-post-thumbnail","hentry"],"_links":{"self":[{"href":"https:\/\/icwpredflag.org\/wp\/wordpress\/wps\/wp-json\/wp\/v2\/pages\/7221","targetHints":{"allow":["GET"]}}],"collection":[{"href":"https:\/\/icwpredflag.org\/wp\/wordpress\/wps\/wp-json\/wp\/v2\/pages"}],"about":[{"href":"https:\/\/icwpredflag.org\/wp\/wordpress\/wps\/wp-json\/wp\/v2\/types\/page"}],"author":[{"embeddable":true,"href":"https:\/\/icwpredflag.org\/wp\/wordpress\/wps\/wp-json\/wp\/v2\/users\/1"}],"replies":[{"embeddable":true,"href":"https:\/\/icwpredflag.org\/wp\/wordpress\/wps\/wp-json\/wp\/v2\/comments?post=7221"}],"version-history":[{"count":3,"href":"https:\/\/icwpredflag.org\/wp\/wordpress\/wps\/wp-json\/wp\/v2\/pages\/7221\/revisions"}],"predecessor-version":[{"id":7224,"href":"https:\/\/icwpredflag.org\/wp\/wordpress\/wps\/wp-json\/wp\/v2\/pages\/7221\/revisions\/7224"}],"up":[{"embeddable":true,"href":"https:\/\/icwpredflag.org\/wp\/wordpress\/wps\/wp-json\/wp\/v2\/pages\/7186"}],"wp:featuredmedia":[{"embeddable":true,"href":"https:\/\/icwpredflag.org\/wp\/wordpress\/wps\/wp-json\/wp\/v2\/media\/5655"}],"wp:attachment":[{"href":"https:\/\/icwpredflag.org\/wp\/wordpress\/wps\/wp-json\/wp\/v2\/media?parent=7221"}],"curies":[{"name":"wp","href":"https:\/\/api.w.org\/{rel}","templated":true}]}}