{"id":7288,"date":"2021-02-20T01:52:34","date_gmt":"2021-02-20T01:52:34","guid":{"rendered":"https:\/\/icwpredflag.org\/wp\/wordpress\/wps\/?page_id=7288"},"modified":"2021-02-20T05:13:19","modified_gmt":"2021-02-20T05:13:19","slug":"colectivos-del-partido-pilares-del-comunismo","status":"publish","type":"page","link":"https:\/\/icwpredflag.org\/wp\/wordpress\/wps\/volumen-12-numero-2\/colectivos-del-partido-pilares-del-comunismo\/","title":{"rendered":"Colectivos del Partido\u2014 Pilares del Comunismo"},"content":{"rendered":"<p><strong>Reuni\u00f3n del Liderato Se Centra en Colectivos del Partido <a class=\"icwp-emph\" href=\"#1\">aqu\u00ed \u2666<\/a> Cultivando Colectivos del Partido <a class=\"icwp-emph\" href=\"#2\">aqu\u00ed \u2666<\/a><\/strong><\/p>\n<p><img loading=\"lazy\" decoding=\"async\" class=\"wp-image-7257 aligncenter\" src=\"https:\/\/icwpredflag.org\/wp\/wordpress\/wps\/wp-content\/uploads\/sites\/2\/2021\/02\/SAMeet-300x169.jpg\" alt=\"\" width=\"655\" height=\"369\" srcset=\"https:\/\/icwpredflag.org\/wp\/wordpress\/wps\/wp-content\/uploads\/sites\/2\/2021\/02\/SAMeet-300x169.jpg 300w, https:\/\/icwpredflag.org\/wp\/wordpress\/wps\/wp-content\/uploads\/sites\/2\/2021\/02\/SAMeet.jpg 336w\" sizes=\"auto, (max-width: 655px) 100vw, 655px\" \/><\/p>\n<p style=\"text-align: center;\"><strong>Reuni\u00f3n del PCOI en Sud\u00e1frica<\/strong><\/p>\n<h3 id=\"1\" style=\"text-align: center;\"><span style=\"color: #ff0000;\"><strong>La Reuni\u00f3n del Liderato del PCOI Se Centra en: Colectivos del Partido, los Pilares del Comunismo<\/strong><\/span><\/h3>\n<p style=\"text-align: justify;\">\u201cConocemos m\u00e1s gente que est\u00e1 m\u00e1s abierta al comunismo de lo que probablemente suponemos\u201d, coment\u00f3 una nueva miembro del Partido en su colectivo de Los \u00c1ngeles (Estados Unidos). Si su afirmaci\u00f3n es cierta, \u00bfqu\u00e9 sigue?<\/p>\n<p style=\"text-align: justify;\">Desde la fundaci\u00f3n del Partido Comunista Obrero Internacional (PCOI) hace once a\u00f1os, las condiciones en las que luchamos para lograr una revoluci\u00f3n comunista han cambiado notablemente. A pesar de la pandemia y los confinamientos, decenas de millones de personas en todo el mundo han salido a las calles para luchar contra el racismo y la brutalidad policial. Nuestros camaradas en la India est\u00e1n luchando juntamente con millones m\u00e1s durante la revuelta de los granjeros. La respuesta fascista patronal ya no es una posibilidad, sino una realidad.<\/p>\n<p style=\"text-align: justify;\">Pero si pensamos que estas condiciones cambiantes de hoy en d\u00eda, construir\u00e1n nuestro Partido y nos llevaran a la revoluci\u00f3n comunista, estaremos profundamente decepcionados.<\/p>\n<p style=\"text-align: justify;\">El reporte de un colectivo de Los \u00c1ngeles (EE.UU.) dio inicio a la reuni\u00f3n de liderato del Partido Comunista Obrero Internacional (PCOI) en febrero. Su reporte enfatiz\u00f3 que el colectivo es la unidad b\u00e1sica del Partido. Es el lugar donde podemos llevar a cabo las luchas clave sobre nuestras relaciones con masas m\u00e1s amplias.<\/p>\n<p style=\"text-align: justify;\">Debemos enfocarnos en el tipo de relaciones que tenemos con aquellos que est\u00e1n \u201cm\u00e1s abiertos al comunismo de lo que pensamos\u201d.<\/p>\n<p style=\"text-align: justify;\">La lucha por formar relaciones sociales comunistas puede comenzar con un camarada y su base, pero no puede terminar ah\u00ed. Esto, como todo lo dem\u00e1s en el comunismo, debe progresar hacia una lucha colectiva.<\/p>\n<p style=\"text-align: justify;\">La base construida por cada miembro del Partido debe ser responsabilidad colectiva del colectivo local y, en \u00faltima instancia, de todo el Partido. Un miembro del Partido desde hace mucho tiempo se\u00f1al\u00f3 con entusiasmo que \u201ceste era el punto principal del reporte de Los \u00c1ngeles y es clave para construir el Partido a nivel internacional\u201d.<\/p>\n<p style=\"text-align: justify;\">Cada miembro del Partido debe ser parte de un colectivo del Partido. Todo colectivo debe construir colectivos m\u00e1s amplios, como grupos de estudio y acci\u00f3n.<\/p>\n<p style=\"text-align: justify;\">El reporte de Los \u00c1ngeles propuso que volvamos a centrarnos en c\u00f3mo funcionan los colectivos. Cada colectivo, especialmente los de una concentraci\u00f3n, debe redactar un reporte y enviarlo a Bandera Roja. Estos reportes deben contener planes para expandir las relaciones sociales comunistas que el colectivo tiene con las personas que lo rodean.<\/p>\n<p style=\"text-align: justify;\">Otros colectivos hablaron sobre los cambios que han realizado para mejorar y solidificar las relaciones comunistas. Por ejemplo, el colectivo de El Salvador resolvi\u00f3 c\u00f3mo organizar sus horarios para reunirse con los obreros\/as de las maquilas en cada turno. Cada miembro tiene dificultades para reunirse con obreras\/os fuera de la f\u00e1brica.<\/p>\n<p style=\"text-align: justify;\"><strong>Colectivos Internacionales: Oportunidad para Expandir el Trabajo Comunista en Todas Partes<\/strong><\/p>\n<p style=\"text-align: justify;\">El reporte de la India comenz\u00f3 con una presentaci\u00f3n detallada de las condiciones de la lucha de clases en las \u00faltimas semanas. Conforme continuaba la discusi\u00f3n, los camaradas abogaron por solidificar y expandir un colectivo de camaradas y amigos del \u00c1rea de San Francisco (EE. UU.).<\/p>\n<p style=\"text-align: justify;\">Varios de los posibles participantes son dalits de la India que han vivido y trabajado en los EE.UU. durante los \u00faltimos 5 a 10 a\u00f1os. Ellos, al igual que los camaradas del Partido, tienen v\u00ednculos con los obreros indios en la industria automotriz y de la costura.<\/p>\n<p style=\"text-align: justify;\">Muchos han asistido a los m\u00edtines Las Vidas Negras Importan. Se identifican con los obreros negros y latinos en EE.UU., habiendo experimentado la opresi\u00f3n del sistema de castas de los patrones indios.<\/p>\n<p style=\"text-align: justify;\">El siguiente paso es que este colectivo establezca relaciones cercanas con trabajadores en EE.UU., incluso cuando los miembros y amigos de este colectivo ayudan al trabajo en la India.<\/p>\n<p style=\"text-align: justify;\">Las discusiones que siguieron ayudaron a aclarar que es lo que los comunistas entienden por colectivos internacionales. Vamos m\u00e1s all\u00e1 de la designaci\u00f3n liberal de aliados. Somos una clase obrera internacional con un objetivo en todas partes: la revoluci\u00f3n comunista.<\/p>\n<p style=\"text-align: justify;\">Se est\u00e1 fortaleciendo un colectivo internacional similar para promover el trabajo en Sud\u00e1frica.<\/p>\n<p style=\"text-align: justify;\"><strong>Los Colectivos Ayudan a Determinar la Forma del Futuro<\/strong><\/p>\n<p style=\"text-align: justify;\">La reuni\u00f3n termin\u00f3 con planes para un foro Zoom para celebrar el 150 aniversario de la Comuna de Par\u00eds (s\u00e1bado 20 de marzo &#8211; ver \u00faltima p\u00e1gina).<\/p>\n<p style=\"text-align: justify;\">Una camarada relat\u00f3 que la toma de Par\u00eds en 1871 no sali\u00f3 de la nada. Los colectivos pol\u00edticos de los barrios, la Guardia Nacional y la Uni\u00f3n de Mujeres hab\u00edan estado activos en los a\u00f1os posteriores a la fallida revoluci\u00f3n de 1848. Comenzaron peque\u00f1os como nuestros colectivos de hoy, pero crecieron r\u00e1pidamente a medida que los comuneros se apoderaban de la ciudad.<\/p>\n<p style=\"text-align: justify;\">Debatieron ferozmente lo que significaba el nuevo movimiento comunista, incluidas las ideas de El Manifiesto Comunista (1848) de Marx y Engels. Estas d\u00e9cadas de lucha pol\u00edtica ayudaron a moldear las fortalezas y debilidades de la Comuna.<\/p>\n<p style=\"text-align: justify;\">El PCOI tiene como objetivo movilizar a las masas por el comunismo y nada menos. Hoy, esto significa que cada colectivo de Partido debe concentrarse en construir relaciones sociales comunistas con quienes lo rodean. Esta lucha nos llevar\u00e1 a la revoluci\u00f3n comunista as\u00ed como al \u00e9xito de nuestra futura sociedad comunista.<\/p>\n<h3 id=\"2\" style=\"text-align: center;\"><span style=\"color: #ff0000;\"><strong>Cultivando Colectivos del Partido: Clave para el Trabajo Comunista<\/strong><\/span><\/h3>\n<p style=\"text-align: justify;\">El d\u00eda despu\u00e9s de los disturbios en el Capitolio de Estados Unidos, nuestro colectivo del Partido dio la bienvenida a una nueva camarada. Se hab\u00eda unido a nuestro grupo de discusi\u00f3n semanal de Zoom, a los chats en l\u00ednea y a los foros internacionales de Zoom durante casi cinco meses. Ella estaba asumiendo la responsabilidad de ciertas tareas.<\/p>\n<p style=\"text-align: justify;\">Luego le pregunt\u00f3 a un camarada: \u201c\u00bfC\u00f3mo puede alguien convertirse oficialmente en miembra del PCOI? \u00bfYa soy miembra? \u201c<\/p>\n<p style=\"text-align: justify;\">\u201cClaro que si, te consideramos miembra\u201d, respondi\u00f3. \u201cNo hay protocolo. Solo la decisi\u00f3n de que quieres luchar por una sociedad comunista y contribuir como puedas. No importa si todav\u00eda hay desacuerdos o el deseo de entender mejor algunas cosas. Las cosas se aclaran a medida que avanzamos\u201d.<\/p>\n<p style=\"text-align: justify;\">Antes de sumergirnos en lo del intento de golpe fascista, intentamos aclarar lo que significa pertenecer a un colectivo de Partido.<\/p>\n<p style=\"text-align: justify;\">Entendemos que el trabajo del Partido depende de \u201credes\u201d de amigos, familiares, compa\u00f1eros de trabajo. Les animamos a leer Bandera Roja y otra literatura. Discutimos ideas comunistas con ellos y les pedimos que hagan circular Bandera Roja en sus propias redes. Nuestro nuevo miembro acababa de enviarlo a 40 personas.<\/p>\n<p style=\"text-align: justify;\">Acordamos que el Partido necesita \u201cconcentraciones\u201d estrat\u00e9gicamente claves para movilizar para el comunismo.<\/p>\n<p style=\"text-align: justify;\">Pero todav\u00eda estamos luchando por tener claridad sobre los grupos que organiza el Partido. Una idea, presentada en un foro internacional, es que los \u201ccolectivos del Partido\u201d deber\u00edan ser principalmente grupos de discusi\u00f3n donde nos conectamos con personas reci\u00e9n interesadas. Esta idea ve a los \u201cgrupos de estudio-acci\u00f3n\u201d, en contraste, como compuestos por \u201ctodas las personas que llevan el trabajo al mundo\u201d.<\/p>\n<p style=\"text-align: justify;\">La l\u00edder de nuestro colectivo present\u00f3 una idea diferente y contradictoria. Ella dijo que los colectivos del Partido (a veces llamados c\u00e9lulas o clubes) son tanto para discutir como para realizar el trabajo. Estos est\u00e1n interrelacionados. Los miembros de los colectivos del Partido se comprometen a discutir temas de actualidad, teor\u00eda y pr\u00e1ctica. De estas discusiones surgen planes de acci\u00f3n concretos.<\/p>\n<p style=\"text-align: justify;\">Los diferentes miembros contribuyen de diferentes maneras, seg\u00fan su voluntad y capacidad, a implementar estos planes. Nos comprometemos a evaluar este trabajo de la manera m\u00e1s franca y objetiva posible, a trav\u00e9s de la cr\u00edtica y la autocr\u00edtica. Mejoramos nuestros planes y nuestro trabajo.<\/p>\n<p style=\"text-align: justify;\">Estos planes a menudo incluyen grupos de discusi\u00f3n o de estudio que satisfacen las necesidades de los miembros y amigos en un momento determinado. El grupo Zoom semanal de nuestro colectivo fue un ejemplo. Adem\u00e1s, solemos invitar a algunos amigos (que a\u00fan no son miembros) a participar en las reuniones del colectivo del Partido.<\/p>\n<p style=\"text-align: justify;\">El colectivo, no el miembro individual, es la unidad b\u00e1sica del Partido. Cada colectivo debe tener responsabilidades espec\u00edficas relacionadas con una o m\u00e1s concentraciones. Los miembros de nuestro colectivo han ayudado \u201cdesde el exterior\u201d con la concentraci\u00f3n de tr\u00e1nsito. La mayor\u00eda de nosotros tenemos responsabilidades en la producci\u00f3n de Bandera Roja. Pero todav\u00eda estamos buscando un lugar de trabajo, una organizaci\u00f3n comunitaria u otra concentraci\u00f3n donde podamos trabajar juntos para construir el Partido.<\/p>\n<p style=\"text-align: justify;\">Nuestro colectivo generalmente est\u00e1 de acuerdo con esta (segunda) opini\u00f3n. Se volver\u00e1 m\u00e1s clara en la pr\u00e1ctica. Hablamos de lo que estamos y no estamos dispuestos o podemos hacer. Planeamos que tres miembros comenzaran un nuevo club de lectura de \u201cLiberaci\u00f3n Colectiva\u201d, y que el grupo de discusi\u00f3n continuara cada dos semanas.<\/p>\n<p style=\"text-align: justify;\">Vivimos en tiempos cr\u00edticos. Necesitamos conseguir que m\u00e1s j\u00f3venes trabajen con nosotros en lugar de ELLOS depender del Partido Dem\u00f3crata.<\/p>\n<p style=\"text-align: justify;\">Las agudizantes contradicciones del capitalismo, incluida la lucha pol\u00edtica en EE. UU., hacen que sea cada vez m\u00e1s importante que cada miembro del Partido participe activamente en un colectivo del Partido que construye el Partido y expande nuestro trabajo. Damos la bienvenida a m\u00e1s discusiones sobre lo que esto significa y requiere.<\/p>\n<p style=\"text-align: justify;\">Colectivo del PCOI en Los \u00c1ngeles- EE. UU.<\/p>\n<h4><a href=\"https:\/\/icwpredflag.org\/wp\/wordpress\/wps\/volumen-12-numero-2\/\">Primera p\u00e1gina de esta edici\u00f3n<\/a><\/h4>\n<p>&nbsp;<\/p>\n","protected":false},"excerpt":{"rendered":"<p>Reuni\u00f3n del Liderato Se Centra en Colectivos del Partido aqu\u00ed \u2666 Cultivando Colectivos del Partido aqu\u00ed \u2666 Reuni\u00f3n del PCOI en Sud\u00e1frica La Reuni\u00f3n del Liderato del PCOI Se Centra en: Colectivos del Partido, los Pilares del Comunismo \u201cConocemos m\u00e1s gente que est\u00e1 m\u00e1s abierta al comunismo de lo que probablemente suponemos\u201d, coment\u00f3 una nueva &hellip; <a href=\"https:\/\/icwpredflag.org\/wp\/wordpress\/wps\/volumen-12-numero-2\/colectivos-del-partido-pilares-del-comunismo\/\" class=\"more-link\">Sigue leyendo <span class=\"screen-reader-text\">Colectivos del Partido\u2014 Pilares del Comunismo<\/span><\/a><\/p>\n","protected":false},"author":1,"featured_media":5655,"parent":7271,"menu_order":0,"comment_status":"closed","ping_status":"closed","template":"","meta":{"footnotes":""},"class_list":["post-7288","page","type-page","status-publish","has-post-thumbnail","hentry"],"_links":{"self":[{"href":"https:\/\/icwpredflag.org\/wp\/wordpress\/wps\/wp-json\/wp\/v2\/pages\/7288","targetHints":{"allow":["GET"]}}],"collection":[{"href":"https:\/\/icwpredflag.org\/wp\/wordpress\/wps\/wp-json\/wp\/v2\/pages"}],"about":[{"href":"https:\/\/icwpredflag.org\/wp\/wordpress\/wps\/wp-json\/wp\/v2\/types\/page"}],"author":[{"embeddable":true,"href":"https:\/\/icwpredflag.org\/wp\/wordpress\/wps\/wp-json\/wp\/v2\/users\/1"}],"replies":[{"embeddable":true,"href":"https:\/\/icwpredflag.org\/wp\/wordpress\/wps\/wp-json\/wp\/v2\/comments?post=7288"}],"version-history":[{"count":6,"href":"https:\/\/icwpredflag.org\/wp\/wordpress\/wps\/wp-json\/wp\/v2\/pages\/7288\/revisions"}],"predecessor-version":[{"id":7331,"href":"https:\/\/icwpredflag.org\/wp\/wordpress\/wps\/wp-json\/wp\/v2\/pages\/7288\/revisions\/7331"}],"up":[{"embeddable":true,"href":"https:\/\/icwpredflag.org\/wp\/wordpress\/wps\/wp-json\/wp\/v2\/pages\/7271"}],"wp:featuredmedia":[{"embeddable":true,"href":"https:\/\/icwpredflag.org\/wp\/wordpress\/wps\/wp-json\/wp\/v2\/media\/5655"}],"wp:attachment":[{"href":"https:\/\/icwpredflag.org\/wp\/wordpress\/wps\/wp-json\/wp\/v2\/media?parent=7288"}],"curies":[{"name":"wp","href":"https:\/\/api.w.org\/{rel}","templated":true}]}}