{"id":7404,"date":"2021-03-13T05:18:27","date_gmt":"2021-03-13T05:18:27","guid":{"rendered":"https:\/\/icwpredflag.org\/wp\/wordpress\/wps\/?page_id=7404"},"modified":"2021-03-13T05:28:06","modified_gmt":"2021-03-13T05:28:06","slug":"carta-sexismo-y-la-sociedad-de-clases","status":"publish","type":"page","link":"https:\/\/icwpredflag.org\/wp\/wordpress\/wps\/volumen-12-numero-3\/carta-sexismo-y-la-sociedad-de-clases\/","title":{"rendered":"Carta: Sexismo y la Sociedad de Clases"},"content":{"rendered":"<h3 style=\"text-align: center;\"><span style=\"color: #ff0000;\"><strong>Abolir la Propiedad Privada: El Comunismo Ser\u00e1 la Verdadera \u201cComunidad Amada\u201d<\/strong><\/span><\/h3>\n<p style=\"text-align: justify;\">\u201c\u00bfQu\u00e9 es la \u2018comunidad amada\u2019?\u201d Algunos miembros de la iglesia discutieron c\u00f3mo una comunidad puede realmente dar la bienvenida a todos, por \u201cdif\u00edciles que estos\u201d sean. Y reconocer que cada uno de nosotros puede ser \u201cdif\u00edcil\u201d para otra persona.<\/p>\n<p style=\"text-align: justify;\">Una pregunta fue: \u201c\u00bfCu\u00e1les son los obst\u00e1culos para crear una comunidad amada?\u201d Acababa de leer el art\u00edculo del D\u00eda Internacional de la Mujer en Bandera Roja, as\u00ed que le dije que un gran obst\u00e1culo es el capitalismo. Resum\u00ed el art\u00edculo. Otros estaban intrigados y lo relacionaron con la iglesia, no exactamente la direcci\u00f3n que yo hab\u00eda planeado.<\/p>\n<p style=\"text-align: justify;\">Este excelente art\u00edculo cubri\u00f3 mucho terreno y no pudo entrar en detalles sobre todo. Creo que algunas cosas necesitan aclaraci\u00f3n.<\/p>\n<p style=\"text-align: justify;\">La divisi\u00f3n del trabajo por g\u00e9nero exist\u00eda incluso antes de que surgieran las primeras sociedades de clases. Hab\u00eda una base material para esto en la biolog\u00eda de la reproducci\u00f3n, aunque las mujeres eran (en todo caso) m\u00e1s respetadas por su capacidad para tener hijos y amamantarlos. Las comunidades valoraban el trabajo de todos los g\u00e9neros.<\/p>\n<p style=\"text-align: justify;\">Como explica el art\u00edculo, en muchas sociedades agr\u00edcolas, los miembros de m\u00e1s de dos generaciones normalmente viv\u00edan y trabajaban juntos. Tal familia \u201cera una unidad econ\u00f3mica de producci\u00f3n, reproducci\u00f3n y consumo\u201d.<\/p>\n<p style=\"text-align: justify;\">Esto es importante porque a muchos de nosotros se nos ense\u00f1\u00f3 que \u201cla familia\u201d consiste en un esposo, una esposa y sus hijos, y que cualquier otra cosa es deficiente o antinatural. Como dec\u00eda el art\u00edculo, imaginar el comunismo requiere que pensemos de manera mucho m\u00e1s amplia.<\/p>\n<p style=\"text-align: justify;\">Pero incluso antes del capitalismo, mucha gente trabajadora fue separada de los medios de producci\u00f3n y obligada a trabajar para mantener una clase dominante propietaria. Las antiguas Mesopotamia y Egipto, China, Grecia y Roma depend\u00edan del trabajo esclavo. Las formas de la esclavitud variaban, pero la mayor\u00eda de los esclavos no eran parte de su propia unidad familiar.<\/p>\n<p style=\"text-align: justify;\">Las sociedades agr\u00edcolas mencionadas en el art\u00edculo son (o fueron) sociedades clasistas. El surgimiento de la sociedad de clases institucionaliz\u00f3 un cambio cualitativo peor en el estatus de la mujer. Dentro de las unidades familiares de las aldeas, a menudo se consideraba que los hombres eran los due\u00f1os de sus esposas e hijos. Sus madres pod\u00edan tratar a la esposa (o esposas) como sirvientas o algo peor.<\/p>\n<p style=\"text-align: justify;\">En algunas sociedades, la divisi\u00f3n del trabajo por g\u00e9nero se extendi\u00f3 a los consejos de mujeres con poder real. En otros lugares, especialmente bajo la cobertura ideol\u00f3gica del confucianismo o el monote\u00edsmo, las mujeres de familias oprimidas fueron doblemente oprimidas.<\/p>\n<p style=\"text-align: justify;\">Por eso es tan importante, como dice el art\u00edculo, que \u201cestamos construyendo un futuro comunista, no tratando de replicar el pasado\u201d.<\/p>\n<p style=\"text-align: justify;\">\u00bfC\u00f3mo ser\u00e1n nuestros hogares? \u00bfQu\u00e9 trabajo haremos en y como hogar, y qu\u00e9 trabajo nos sacar\u00e1 de nuestro hogar? \u00bfSe basar\u00e1n los colectivos del Partido en hogares, otros lugares de trabajo, vecindarios (o aldeas), alguna otra cosa o una combinaci\u00f3n?<\/p>\n<p style=\"text-align: justify;\">\u00bfSer\u00e1n las respuestas a estas preguntas las mismas en todas partes o diferir\u00e1n seg\u00fan la regi\u00f3n? \u00bfY c\u00f3mo uniremos estos colectivos en un Partido en el cual todos trabajamos por el bien de todos, en todas partes?<\/p>\n<p style=\"text-align: justify;\">Nuestra pr\u00e1ctica actual &#8211; especialmente el trabajo de construir colectivos del Partido &#8211; debe permitirnos a todos comenzar a pensar en estas preguntas y muchas m\u00e1s.<\/p>\n<p style=\"text-align: justify;\">Roja que asiste a la iglesia<\/p>\n<p style=\"text-align: justify;\"><img loading=\"lazy\" decoding=\"async\" class=\"wp-image-7351 aligncenter\" src=\"https:\/\/icwpredflag.org\/wp\/wordpress\/wps\/wp-content\/uploads\/sites\/2\/2021\/03\/MexIWD.jpg\" alt=\"\" width=\"670\" height=\"497\" \/><\/p>\n<p style=\"text-align: justify;\"><strong>CIUDAD DE M\u00c9XICO, 8 de marzo \u2014 Miles de mujeres en todo M\u00e9xico salieron a las calles en el D\u00eda Internacional de la Mujer a pesar de la pandemia y la historia de represi\u00f3n de estas manifestaciones. Hicieron visible su ira y conmoci\u00f3n en un pa\u00eds donde cada d\u00eda once mujeres son asesinadas.<\/strong><\/p>\n<p style=\"text-align: justify;\">Las protestas eran contra el presidente Andr\u00e9s Manuel L\u00f3pez Obrador, quien ha demostrado ser incapaz de abordar los problemas de las mujeres. Sus partidarios dentro del fragmentado movimiento feminista no pueden obligarlo a cumplir con las demandas de las mujeres organizadas. Tampoco ning\u00fan grupo de oposici\u00f3n ha podido catalizar el enfado de millones de mujeres que enfrentan a diario la opresi\u00f3n sexista que genera el capitalismo. El comunismo debe convertirse en la alternativa.<\/p>\n<h4 style=\"text-align: center;\"><strong>Ver nuestro folleto:<\/strong><\/h4>\n<h4 style=\"text-align: center;\"><span style=\"color: #ff0000;\"><strong> La Lucha Comunista Contra el Sexismo <\/strong><\/span><\/h4>\n<h4 style=\"text-align: center;\"><strong>disponible <a class=\"icwp-emph\" href=\"https:\/\/icwpredflag.org\/wp\/wordpress\/wps\/wp-content\/uploads\/sites\/2\/2018\/12\/sexism_pam_final.pdf\">aqu\u00ed<\/a><\/strong><\/h4>\n<h4><a href=\"https:\/\/icwpredflag.org\/wp\/wordpress\/wps\/volumen-12-numero-3\/\">Primera p\u00e1gina de esta edici\u00f3n<\/a><\/h4>\n<h4 style=\"text-align: center;\"><\/h4>\n<div id=\"gtx-trans\" style=\"position: absolute; left: 6px; top: 2617.22px;\">\n<div class=\"gtx-trans-icon\"><\/div>\n<\/div>\n","protected":false},"excerpt":{"rendered":"<p>Abolir la Propiedad Privada: El Comunismo Ser\u00e1 la Verdadera \u201cComunidad Amada\u201d \u201c\u00bfQu\u00e9 es la \u2018comunidad amada\u2019?\u201d Algunos miembros de la iglesia discutieron c\u00f3mo una comunidad puede realmente dar la bienvenida a todos, por \u201cdif\u00edciles que estos\u201d sean. Y reconocer que cada uno de nosotros puede ser \u201cdif\u00edcil\u201d para otra persona. Una pregunta fue: \u201c\u00bfCu\u00e1les son &hellip; <a href=\"https:\/\/icwpredflag.org\/wp\/wordpress\/wps\/volumen-12-numero-3\/carta-sexismo-y-la-sociedad-de-clases\/\" class=\"more-link\">Sigue leyendo <span class=\"screen-reader-text\">Carta: Sexismo y la Sociedad de Clases<\/span><\/a><\/p>\n","protected":false},"author":1,"featured_media":5655,"parent":7338,"menu_order":0,"comment_status":"closed","ping_status":"closed","template":"","meta":{"footnotes":""},"class_list":["post-7404","page","type-page","status-publish","has-post-thumbnail","hentry"],"_links":{"self":[{"href":"https:\/\/icwpredflag.org\/wp\/wordpress\/wps\/wp-json\/wp\/v2\/pages\/7404","targetHints":{"allow":["GET"]}}],"collection":[{"href":"https:\/\/icwpredflag.org\/wp\/wordpress\/wps\/wp-json\/wp\/v2\/pages"}],"about":[{"href":"https:\/\/icwpredflag.org\/wp\/wordpress\/wps\/wp-json\/wp\/v2\/types\/page"}],"author":[{"embeddable":true,"href":"https:\/\/icwpredflag.org\/wp\/wordpress\/wps\/wp-json\/wp\/v2\/users\/1"}],"replies":[{"embeddable":true,"href":"https:\/\/icwpredflag.org\/wp\/wordpress\/wps\/wp-json\/wp\/v2\/comments?post=7404"}],"version-history":[{"count":7,"href":"https:\/\/icwpredflag.org\/wp\/wordpress\/wps\/wp-json\/wp\/v2\/pages\/7404\/revisions"}],"predecessor-version":[{"id":7411,"href":"https:\/\/icwpredflag.org\/wp\/wordpress\/wps\/wp-json\/wp\/v2\/pages\/7404\/revisions\/7411"}],"up":[{"embeddable":true,"href":"https:\/\/icwpredflag.org\/wp\/wordpress\/wps\/wp-json\/wp\/v2\/pages\/7338"}],"wp:featuredmedia":[{"embeddable":true,"href":"https:\/\/icwpredflag.org\/wp\/wordpress\/wps\/wp-json\/wp\/v2\/media\/5655"}],"wp:attachment":[{"href":"https:\/\/icwpredflag.org\/wp\/wordpress\/wps\/wp-json\/wp\/v2\/media?parent=7404"}],"curies":[{"name":"wp","href":"https:\/\/api.w.org\/{rel}","templated":true}]}}