{"id":7462,"date":"2021-04-03T04:01:13","date_gmt":"2021-04-03T04:01:13","guid":{"rendered":"https:\/\/icwpredflag.org\/wp\/wordpress\/wps\/?page_id=7462"},"modified":"2021-04-03T04:09:54","modified_gmt":"2021-04-03T04:09:54","slug":"desde-sudafrica-a-el-salvador-organizando-obreros-y-jovenes","status":"publish","type":"page","link":"https:\/\/icwpredflag.org\/wp\/wordpress\/wps\/volumen-12-numero-4\/desde-sudafrica-a-el-salvador-organizando-obreros-y-jovenes\/","title":{"rendered":"Desde Sud\u00e1frica a El Salvador: Organizando Obreros y J\u00f3venes"},"content":{"rendered":"<p style=\"text-align: justify;\"><strong>Construyendo Colectivos Comunista Entre la Juventud <a class=\"icwp-emph\" href=\"#1\">aqu\u00ed \u2666<\/a> Compartiendo Art\u00edculos de <em>Bandera Roja<\/em> <a class=\"icwp-emph\" href=\"#2\">aqu\u00ed \u2666<\/a> Obreras\/os de la Salud Sirviendo a los Trabajadores <a class=\"icwp-emph\" href=\"#3\">aqu\u00ed \u2666<\/a> Cambio de Perspectiva Despu\u00e9s de Unirme al PCOI <a class=\"icwp-emph\" href=\"#4\">aqu\u00ed \u2666<\/a><\/strong><\/p>\n<p><img loading=\"lazy\" decoding=\"async\" class=\"wp-image-7447 aligncenter\" src=\"https:\/\/icwpredflag.org\/wp\/wordpress\/wps\/wp-content\/uploads\/sites\/2\/2021\/04\/Marakan-300x272.jpg\" alt=\"\" width=\"692\" height=\"627\" srcset=\"https:\/\/icwpredflag.org\/wp\/wordpress\/wps\/wp-content\/uploads\/sites\/2\/2021\/04\/Marakan-300x272.jpg 300w, https:\/\/icwpredflag.org\/wp\/wordpress\/wps\/wp-content\/uploads\/sites\/2\/2021\/04\/Marakan.jpg 590w\" sizes=\"auto, (max-width: 692px) 100vw, 692px\" \/><\/p>\n<h3 style=\"text-align: center;\" id=\"1\"><span style=\"color: #ff0000;\"><strong>Necesidad de Crear Nuevas C\u00e9lulas Comunistas en El Salvador<\/strong><\/span><\/h3>\n<p style=\"text-align: justify;\">El Salvador. &#8211; Durante a\u00f1os he mantenido el deseo de ver crecer a\u00fan m\u00e1s El Partido Comunista Obrero Internacional. En los \u00faltimos a\u00f1os, inici\u00e9 un plan para ganar m\u00e1s j\u00f3venes a las ideas comunistas, por lo cual compart\u00ed <strong><em>Bandera Roja<\/em><\/strong><em> entre estudiantes del Instituto Nacional, les ayudaba a las tareas y aprovech\u00e9 el momento p<\/em>ara hablarles de las ideas comunistas; tres j\u00f3venes se entusiasmaron, pero, cuando comentaron a un docente quien les ayudaba con sus tareas y les hablaba sobre el comunismo inici\u00f3 una lucha para hacerlos desistir. Dejaron de visitarme y luego me contaron lo que el maestro les dec\u00eda, que \u00e9l cre\u00eda que el comunismo era malo. Yo les expliqu\u00e9 el error en que estaban, pero solamente sigui\u00f3 uno que al final perd\u00ed todo contacto con \u00e9l, en la medida que se traslad\u00f3 a otro centro de estudios.<\/p>\n<p style=\"text-align: justify;\">Con esta experiencia inicie otra lucha, en la escuela donde trabajo, con j\u00f3venes de tercer ciclo, cuando faltaba alg\u00fan docente yo cubr\u00eda las clases, siempre estaba pendiente de los temas que estudiaban en la asignatura de Estudios Sociales y cuando un maestro no llegaba aprovechaba para introducir las ideas comunistas, logre tener un grupo de cinco j\u00f3venes y estaban bastante interesados, el problema con algunos fue cuando se fueron al bachillerato, perd\u00eda el contacto porque se retiraban de la instituci\u00f3n.<\/p>\n<p style=\"text-align: justify;\">Para el 2020, me plantee la meta de retomar esta estrategia para ganar j\u00f3venes al partido comunista, est\u00e1bamos en el proceso de \u00a0ganar la confianza para que ellos aceptaran mi orientaci\u00f3n en sus tareas y aprovechar para hablarles de las ideas comunistas, pero todo qued\u00f3 paralizado cuando se vino lo de la pandemia por COVID 19 sin embargo todas estas experiencias me han servido para darme cuenta que si se puede ganar j\u00f3venes al comunismo, no he desistido ni lo har\u00e9 en realizar nuevos proyectos para reclutar m\u00e1s personas.<\/p>\n<p style=\"text-align: justify;\">Ahora estoy en otro proyecto, y lo estoy iniciando desde el grupo familiar, tengo cuatro lectores y puedo hablar directamente con ellos de que solo una revoluci\u00f3n comunista puede ayudarnos a derrotar al capitalismo. Seguir\u00e9 luchando por ganar m\u00e1s personas el comunismo.<\/p>\n<p style=\"text-align: justify;\">Toda esta experiencia que he desarrollado, me han ayudado para ir aprendiendo m\u00e1s, sobre como ir haciendo la lucha para ganar m\u00e1s j\u00f3venes al comunismo y organizarlos en el Partido Comunista Obrero Internacional.<\/p>\n<h3 style=\"text-align: center;\" id=\"2\"><span style=\"color: #ff0000;\"><strong>Compartiendo Art\u00edculos de <em>Bandera Roja<\/em> Ayuda<\/strong><\/span><\/h3>\n<p style=\"text-align: justify;\">Recientemente, est\u00e1bamos sentados mi amigo y yo, con el cual he estado luchando para que ingrese al Partido, cuando recibimos la ultima edici\u00f3n de Bandera Roja. Compartimos uno con \u00e9l. Mientras le\u00edamos, vio un art\u00edculo de otro camarada sobre religi\u00f3n.<\/p>\n<p style=\"text-align: justify;\">Lo inspir\u00f3 a compartir su sentir. Dijo: \u201cEste es un buen art\u00edculo. Al final de cuentas, la tierra prometida es una sociedad donde la gente vivir\u00e1 sin las cosas malas que vemos ahora\u201d.<\/p>\n<p style=\"text-align: justify;\">\u00c9l siempre crey\u00f3 que mi negativa\/escepticismo de ir a la iglesia con \u00e9l se deb\u00eda a que, de alguna manera, no soy la persona adecuada o era debido al Partido o algo por el estilo. Hablamos m\u00e1s y m\u00e1s profundamente despu\u00e9s de eso. Nos cont\u00f3 mucho m\u00e1s sobre su trabajo. Trabaja en una panader\u00eda<\/p>\n<p style=\"text-align: justify;\">Dijo: \u201cRealmente puedo ver c\u00f3mo los patrones exprimir\u00e1n todo de nosotros los obreros hasta dejarnos secos sin vida. Trabajamos en la f\u00e1brica de ocho a diez horas diarias y nos pagan solamente de 9 a 12 Rands por hora (70 a 90 centavos de d\u00f3lar)\u201d.<\/p>\n<p style=\"text-align: justify;\">El dinero que reciben no puede ni siquiera comprar una barra del pan que hacen. Mientras que ellos producen miles por hora para los patrones.<\/p>\n<p style=\"text-align: justify;\">Continu\u00f3 diciendo: \u201cHombre, este trabajo ha consumido una gran parte de mi vida. Entro a trabajar a las 6 de la ma\u00f1ana, vuelvo m\u00e1s tarde. Estoy cansado. Ni siquiera puedo hacer algo m\u00e1s que irme directamente a dormir y luego despertarme la ma\u00f1ana siguiente. \u00a1Es lo mismo otra vez!<\/p>\n<p style=\"text-align: justify;\">\u201cEl dinero que me dan m\u00e1s adentrada la semana va a pagar por el transporte. \u00a1Me quedo literalmente con nada, nada! Estoy de mal humor, hombre. Todo lo que veo es la f\u00e1brica y mi cuarto. No tengo vida social. De hecho, puedo sentir que el trabajo me agota f\u00edsica y emocionalmente\u201d.<\/p>\n<p style=\"text-align: justify;\">En el comunismo no tendremos que trabajar largas horas porque produciremos para las necesidades de nuestra clase, no para producir ganancias y habr\u00e1 trabajo \u00fatil para todos. Todos podr\u00e1n contribuir algo.<\/p>\n<p style=\"text-align: justify;\">La raz\u00f3n por la que los obreros del mundo trabajan muchas horas es porque los patrones capitalistas quieren obtener m\u00e1ximas ganancias reduciendo el n\u00famero de obreros para pagar menos en salarios. Al mismo tiempo, aumentan los horarios para que los pocos que quedan puedan sacar la producci\u00f3n con el reducido n\u00famero de obreros.<\/p>\n<p style=\"text-align: justify;\">Mi amigo tom\u00f3 algunas copias de la <strong><em>Bandera Roja<\/em><\/strong> y dijo que se las iba a dar a algunos trabajadores en su lugar de trabajo. Dijo que debemos ir all\u00ed y distribuir <strong><em>Bandera Roja <\/em><\/strong>porque los obreros no est\u00e1n contentos. Est\u00e1n enojados<\/p>\n<p style=\"text-align: justify;\">Los obreros tienen toda la raz\u00f3n de estar enojados. Pero lo m\u00e1s importante es que los obreros tienen una raz\u00f3n para luchar contra los patrones capitalistas, destruir su sistema con una revoluci\u00f3n comunista y establecer una sociedad en la que no trabajen por dinero ni para patrones individuales, sino para satisfacer sus necesidades.<\/p>\n<p style=\"text-align: justify;\">Camarada en Sud\u00e1frica<\/p>\n<h3 style=\"text-align: center;\" id=\"3\"><span style=\"color: #ff0000;\"><strong>Obrera de la Salud: <\/strong><strong>Sirviendo a la Clase Obrera Bajo Ataques Patronales<\/strong><\/span><\/h3>\n<p style=\"text-align: justify;\">El Salvador. &#8211; \u201cMe discriminan d\u00eda a d\u00eda y aunque en mi trabajo como parte del Seguro Social lo haga muy bien, para la patronal dentro de la f\u00e1brica sigo siendo una piedra en el zapato\u201d.<\/p>\n<p style=\"text-align: justify;\">En una de las c\u00e9lulas donde entregamos <strong><em>Bandera Roja<\/em><\/strong> se abri\u00f3 la discusi\u00f3n con una camarada lectora que trabaja en la salud dentro de la f\u00e1brica, despu\u00e9s de recibir <strong><em>Bandera Roja<\/em><\/strong>, habl\u00f3 sobre como su lucha organizada dentro del Partido Comunista Obrero Internacional la ha hecho sentirse \u00fatil para nuestra clase obrera, pero a la vez atacada por los patronos y sus sirvientes.<\/p>\n<p style=\"text-align: justify;\">La camarada sigui\u00f3 hablando, \u201cEstoy en estos momentos un poco desesperada pues mi papel como trabajadora para los patronos es de poco valor y quieren que me vaya\u201d.<\/p>\n<p style=\"text-align: justify;\">Despu\u00e9s de escuchar esto un camarada obrero le dijo, \u201cAn\u00edmese a no perder la l\u00ednea del Partido y a seguir en la vanguardia de lucha, pues esto se ve a nivel mundial a trav\u00e9s de <strong><em>Bandera Roja<\/em><\/strong>\u201d.<\/p>\n<p style=\"text-align: justify;\">Y de esta discusi\u00f3n surgieron unas preguntas \u00bfc\u00f3mo ser\u00e1 la vida cotidiana en un sistema comunista? \u00bfComo seremos tratados todos? Pues como obreros en las maquilas se ha empezado a confiar en la l\u00ednea revolucionaria del PCOI; que no habr\u00e1 diferencias de clase, es decir no habr\u00e1 m\u00e1s explotados ni explotadores, pues estos actos de discriminaci\u00f3n se dan solo en este sistema patronal y nunca las fuerzas de trabajo se ven valorizadas.<\/p>\n<p style=\"text-align: justify;\">Los patronos s\u00f3lo se interesan en que les regalemos nuestra fuerza de trabajo para generar su producci\u00f3n, para absorbernos todo nuestro tiempo y labor, mientras ellos se quedan con todas las ganancias.<\/p>\n<p style=\"text-align: justify;\">En el comunismo la producci\u00f3n se generar\u00e1 de acuerdo con las necesidades que se tengan, tendremos m\u00e1s tiempo para nuestras familias y amigos; no como hoy, que ni vacaci\u00f3n de Semana Santa quieren que tengamos.<\/p>\n<p style=\"text-align: justify;\">Para concluir al final de la reuni\u00f3n la camarada que trabaja en la salud dentro de la f\u00e1brica dijo, \u201cEscribir\u00e9 una carta y lo enviar\u00e9 a <strong><em>Bandera Roja<\/em><\/strong>, para que trabajadores de otros lados del mundo se den cuenta de nuestras luchas diarias\u201d.<\/p>\n<h3 style=\"text-align: center;\" id=\"4\"><span style=\"color: #ff0000;\"><strong>El Cambio de Perspectiva Despu\u00e9s de Que Ingres\u00e9 al PCOI<\/strong><\/span><\/h3>\n<p style=\"text-align: justify;\">Es un placer ser parte de la lucha para movilizar a las masas para el PCOI y educar a la gente sobre lo que significa ser comunista. Lo que quiero decir con \u00abplacer\u00bb son los cambios de crecimiento y conocimiento que he adquirido en el Partido.<\/p>\n<p style=\"text-align: justify;\">Ser un camarada del PCOI ha tenido un impacto inmenso en mi ser. Ahora estoy consciente de la explotaci\u00f3n que los capitalistas est\u00e1n utilizando para control la Rep\u00fablica de Sud\u00e1frica y de todo el mundo. Esto es cierto ya sea que la gente lo crea o si no.<\/p>\n<p style=\"text-align: justify;\">Mi colectivo tiene un gran potencial, como yo lo veo. Potencial que podemos utilizar para decirles a las masas d e que ya basta con las t\u00e1cticas manipuladoras que usan los capitalistas para dividirnos. En verdad, las fronteras, la pobreza, el sexismo, la pol\u00edtica, la televisi\u00f3n, etc., son las herramientas que utilizan estos animales malvados para dividir a la gente.<\/p>\n<p style=\"text-align: justify;\">Pero la herramienta m\u00e1s peligrosa que conquista todo es el dinero. Lo utilizan para que nos sintamos mejor que los dem\u00e1s, ya que el dinero es el medio de intercambio que nos une a ellos y nos hace vulnerables en ocasiones.<\/p>\n<p style=\"text-align: justify;\">La parte m\u00e1s repugnante de este c\u00e1ncer en este ciclo en el que giramos es que nadie de la clase trabajadora ve cu\u00e1n profundos y sucios son aquellos para quienes trabajamos. Porque nada de lo que hace la clase obrera est\u00e1 hecho para satisfacer las necesidades de la clase obrera, sino para beneficio de los capitalistas. Y las ganancias obtenidas por la clase obrera tambi\u00e9n terminan en los bolsillos de los capitalistas. Solo piensa en ello. \u00bfNo es eso m\u00e1s all\u00e1 de ser cruel?<\/p>\n<p style=\"text-align: justify;\">Puedo hablar hasta el anochecer de c\u00f3mo mis ojos se han abierto tanto en cuanto a lo que est\u00e1 sucediendo en todo el mundo. Pero el punto que estoy tratando de hacer es: el PCOI realmente est\u00e1 con y por los derechos de la clase obrera, que despu\u00e9s de todo es lo que se merece.<\/p>\n<p style=\"text-align: justify;\">Fui camarada de un partido pol\u00edtico, pero nunca aprend\u00ed tanto, nunca se preocuparon por m\u00ed. Nunca estuve expuesto a la verdad, pero se me asignaron tareas para enga\u00f1ar a la gente sobre todo en cuanto a su dinero. Pero mi moral nunca me permiti\u00f3 hacerlo. Me vi obligado a dar marcha atr\u00e1s porque no pod\u00eda mentirle a nuestra gente.<\/p>\n<p style=\"text-align: justify;\">Hoy, como miembro del PCOI, defiendo lo que es correcto. Defiendo lo que la gente se merece. Consegu\u00ed un colectivo que cree en el valor moral de la honestidad, del liderazgo, de la integridad y, sobre todo, del comunismo.<\/p>\n<p style=\"text-align: justify;\">Quisiera aprovechar esta oportunidad para asegurarles a los camaradas del PCOI que el Partido se mantiene y crece debido a la dedicaci\u00f3n que damos para asegurarnos de que crezca. Agradecemos y saludamos por su apoyo a todos los camaradas del PCOI alrededor del mundo: \u201c\u00a1Adelante Camaradas, Adelante!\u201d.<\/p>\n<p style=\"text-align: justify;\">Un camarada en Sud\u00e1frica<\/p>\n<h4><a href=\"https:\/\/icwpredflag.org\/wp\/wordpress\/wps\/volumen-12-numero-4\/\">Primera p\u00e1gina de esta edici\u00f3n<\/a><\/h4>\n<p style=\"text-align: justify;\">\n","protected":false},"excerpt":{"rendered":"<p>Construyendo Colectivos Comunista Entre la Juventud aqu\u00ed \u2666 Compartiendo Art\u00edculos de Bandera Roja aqu\u00ed \u2666 Obreras\/os de la Salud Sirviendo a los Trabajadores aqu\u00ed \u2666 Cambio de Perspectiva Despu\u00e9s de Unirme al PCOI aqu\u00ed \u2666 Necesidad de Crear Nuevas C\u00e9lulas Comunistas en El Salvador El Salvador. &#8211; Durante a\u00f1os he mantenido el deseo de ver &hellip; <a href=\"https:\/\/icwpredflag.org\/wp\/wordpress\/wps\/volumen-12-numero-4\/desde-sudafrica-a-el-salvador-organizando-obreros-y-jovenes\/\" class=\"more-link\">Sigue leyendo <span class=\"screen-reader-text\">Desde Sud\u00e1frica a El Salvador: Organizando Obreros y J\u00f3venes<\/span><\/a><\/p>\n","protected":false},"author":1,"featured_media":5655,"parent":7435,"menu_order":0,"comment_status":"closed","ping_status":"closed","template":"","meta":{"footnotes":""},"class_list":["post-7462","page","type-page","status-publish","has-post-thumbnail","hentry"],"_links":{"self":[{"href":"https:\/\/icwpredflag.org\/wp\/wordpress\/wps\/wp-json\/wp\/v2\/pages\/7462","targetHints":{"allow":["GET"]}}],"collection":[{"href":"https:\/\/icwpredflag.org\/wp\/wordpress\/wps\/wp-json\/wp\/v2\/pages"}],"about":[{"href":"https:\/\/icwpredflag.org\/wp\/wordpress\/wps\/wp-json\/wp\/v2\/types\/page"}],"author":[{"embeddable":true,"href":"https:\/\/icwpredflag.org\/wp\/wordpress\/wps\/wp-json\/wp\/v2\/users\/1"}],"replies":[{"embeddable":true,"href":"https:\/\/icwpredflag.org\/wp\/wordpress\/wps\/wp-json\/wp\/v2\/comments?post=7462"}],"version-history":[{"count":5,"href":"https:\/\/icwpredflag.org\/wp\/wordpress\/wps\/wp-json\/wp\/v2\/pages\/7462\/revisions"}],"predecessor-version":[{"id":7467,"href":"https:\/\/icwpredflag.org\/wp\/wordpress\/wps\/wp-json\/wp\/v2\/pages\/7462\/revisions\/7467"}],"up":[{"embeddable":true,"href":"https:\/\/icwpredflag.org\/wp\/wordpress\/wps\/wp-json\/wp\/v2\/pages\/7435"}],"wp:featuredmedia":[{"embeddable":true,"href":"https:\/\/icwpredflag.org\/wp\/wordpress\/wps\/wp-json\/wp\/v2\/media\/5655"}],"wp:attachment":[{"href":"https:\/\/icwpredflag.org\/wp\/wordpress\/wps\/wp-json\/wp\/v2\/media?parent=7462"}],"curies":[{"name":"wp","href":"https:\/\/api.w.org\/{rel}","templated":true}]}}