{"id":7505,"date":"2021-04-03T22:39:06","date_gmt":"2021-04-03T22:39:06","guid":{"rendered":"https:\/\/icwpredflag.org\/wp\/wordpress\/wps\/?page_id=7505"},"modified":"2021-04-03T22:44:43","modified_gmt":"2021-04-03T22:44:43","slug":"ee-uu-mexico-las-masas-en-lucha-contra-racistas-y-sexistas-policias-asesinos-necesitan-soluciones-comunistas","status":"publish","type":"page","link":"https:\/\/icwpredflag.org\/wp\/wordpress\/wps\/volumen-12-numero-4\/ee-uu-mexico-las-masas-en-lucha-contra-racistas-y-sexistas-policias-asesinos-necesitan-soluciones-comunistas\/","title":{"rendered":"EE.UU., M\u00e9xico: Las Masas  en  Lucha Contra Racistas y Sexistas Polic\u00edas Asesinos Necesitan Soluciones Comunistas"},"content":{"rendered":"<p><img loading=\"lazy\" decoding=\"async\" class=\"wp-image-7448 aligncenter\" src=\"https:\/\/icwpredflag.org\/wp\/wordpress\/wps\/wp-content\/uploads\/sites\/2\/2021\/04\/MinnProt-300x213.jpg\" alt=\"\" width=\"706\" height=\"501\" srcset=\"https:\/\/icwpredflag.org\/wp\/wordpress\/wps\/wp-content\/uploads\/sites\/2\/2021\/04\/MinnProt-300x213.jpg 300w, https:\/\/icwpredflag.org\/wp\/wordpress\/wps\/wp-content\/uploads\/sites\/2\/2021\/04\/MinnProt.jpg 538w\" sizes=\"auto, (max-width: 706px) 100vw, 706px\" \/><\/p>\n<p style=\"text-align: justify;\"><strong>MINNEAPOLIS (EE. UU.), 19 de marzo \u2014 Contin\u00faan las protestas por el asesinato racista de George Floyd durante el juicio del polic\u00eda asesino Derek Chauvin. (Al finalizar esta edici\u00f3n), los desgarradores testimonios de testigos, j\u00f3venes y viejos, expone el constante terror racista a la gente negra por parte de la polic\u00eda en los Estados Unidos. Las masas est\u00e1n indignadas con raz\u00f3n. Cualquiera que sea el resultado del juicio, \u00a1no hay justicia ni paz bajo el capitalismo! Solo la revoluci\u00f3n comunista puede lograr la demanda de las masas, \u201cAbolir a la Polic\u00eda\u201d. Solo la abolici\u00f3n de la esclavitud asalariada puede acabar con la base material del racismo en todo el mundo.<\/strong><\/p>\n<h3 style=\"text-align: center;\"><span style=\"color: #ff0000;\"><strong>M\u00e9xico: Respondamos a Femicidios Polic\u00edacos Movilizando para la Revoluci\u00f3n Comunista para Acabar con el Sexismo <\/strong><\/span><\/h3>\n<p style=\"text-align: justify;\">El 28 de marzo, colectivos de mujeres en M\u00e9xico llamaron a protestas por los asesinatos de dos mujeres en Holbox y Tulum en el estado de Quintana Roo, dos centros tur\u00edsticos de importancia para los patrones mexicanos. En varios Estados de M\u00e9xico las protestas se sucedieron en algunos casos violentos en contra de la polic\u00eda y edificios gubernamentales.<\/p>\n<p style=\"text-align: justify;\">Un video tomado en Tulum el s\u00e1bado 26 de marzo, muestra como la polic\u00eda mata brutalmente a una refugiada salvadore\u00f1a, poni\u00e9ndole la rodilla al cuello, mientras la mujer grita por ayuda; levantan su cad\u00e1ver y se lo llevan en la cama de una camioneta de la polic\u00eda.<\/p>\n<p style=\"text-align: justify;\">El domingo 27 m\u00e1s de doscientos entre mujeres y hombres algunos de ellos turistas marcharon al edificio de la comisar\u00eda policial y lanzaron piedras al recinto.<\/p>\n<p style=\"text-align: justify;\">La ira de los trabajadores no es solamente entre las mujeres, poco a poco la participaci\u00f3n de hombres empieza a ser notoria. Falta m\u00e1s concientizaci\u00f3n pol\u00edtica comunista, para guiar esa ira a la destrucci\u00f3n del estado capitalista. Pero primero es organizar c\u00e9lulas comunistas del Partido Comunista Obrero Internacional (PCOI), para construir una sociedad donde la igualdad de g\u00e9nero sea una realidad.<\/p>\n<p style=\"text-align: justify;\">Las muertes, violaciones, y todo tipo de abuso en contra las mujeres se han disparado mas durante la pandemia. Solo en M\u00e9xico 11 mujeres son asesinadas diariamente. Cada d\u00eda se reportan todo tipo de violencia de g\u00e9nero y esos cr\u00edmenes quedan impunes. Andr\u00e9s L\u00f3pez Obrador presidente de M\u00e9xico, a sido acusado de mis\u00f3gino por colectivos feministas y otros tipos de ONGs; por hacerse de o\u00eddos sordos ante los reclamos de las mujeres. Muchos casos de asesinatos y abusos han sido a mujeres pobres trabajadoras.<\/p>\n<p style=\"text-align: justify;\">Los abusos y asesinatos en contra de las mujeres trabajadoras, van a seguir en este sistema. El capitalismo es sexista y trata de mantener a la mujer sumisa y s\u00faper explotada. Al mismo tiempo fomentan el machismo y los prejuicios para dividir hombre y mujer, cuando en realidad, la opresi\u00f3n a la mujer trabajadora beneficia solo al capitalismo.<\/p>\n<p style=\"text-align: justify;\">Su contraparte el feminismo, les hace el juego a los patrones mostrando a mujeres con convicciones de lucha, pero que idealizan que en este sistema capitalista los patrones les pueden dar \u201cigualdad\u201d de salarios competitivos, trabajos y nos pueden tratar a todos por igual.<\/p>\n<p style=\"text-align: justify;\">Pero en el sistema capitalista, a los patrones no les importa si esos derechos existen. El dinero es el motor que mueve a los patrones, y la explotaci\u00f3n de la mujer es un gran negocio. Las maquiladoras son un buen ejemplo. En muchas maquiladoras se emplean m\u00e1s mujeres y preferiblemente j\u00f3venes en todo el mundo.<\/p>\n<p style=\"text-align: justify;\">Por eso necesitamos el comunismo. En el sistema comunista el dinero no existir\u00e1, trabajaremos paro lo que necesitemos. Sin que un genero u otro, este por encima de las necesidades de los dem\u00e1s. Acabemos con los feminicidios y los abusos de g\u00e9nero. Organicemos el PCOI, y construyamos una sociedad comunista.<\/p>\n<p><img loading=\"lazy\" decoding=\"async\" class=\"wp-image-7440 aligncenter\" src=\"https:\/\/icwpredflag.org\/wp\/wordpress\/wps\/wp-content\/uploads\/sites\/2\/2021\/04\/CollFem-300x220.jpg\" alt=\"\" width=\"690\" height=\"506\" srcset=\"https:\/\/icwpredflag.org\/wp\/wordpress\/wps\/wp-content\/uploads\/sites\/2\/2021\/04\/CollFem-300x220.jpg 300w, https:\/\/icwpredflag.org\/wp\/wordpress\/wps\/wp-content\/uploads\/sites\/2\/2021\/04\/CollFem.jpg 720w\" sizes=\"auto, (max-width: 690px) 100vw, 690px\" \/><\/p>\n<h4 style=\"text-align: justify;\"><a href=\"https:\/\/icwpredflag.org\/wp\/wordpress\/wps\/volumen-12-numero-4\/\">Primera p\u00e1gina de esta edici\u00f3n<\/a><\/h4>\n<p style=\"text-align: justify;\">\n","protected":false},"excerpt":{"rendered":"<p>MINNEAPOLIS (EE. UU.), 19 de marzo \u2014 Contin\u00faan las protestas por el asesinato racista de George Floyd durante el juicio del polic\u00eda asesino Derek Chauvin. (Al finalizar esta edici\u00f3n), los desgarradores testimonios de testigos, j\u00f3venes y viejos, expone el constante terror racista a la gente negra por parte de la polic\u00eda en los Estados Unidos. &hellip; <a href=\"https:\/\/icwpredflag.org\/wp\/wordpress\/wps\/volumen-12-numero-4\/ee-uu-mexico-las-masas-en-lucha-contra-racistas-y-sexistas-policias-asesinos-necesitan-soluciones-comunistas\/\" class=\"more-link\">Sigue leyendo <span class=\"screen-reader-text\">EE.UU., M\u00e9xico: Las Masas  en  Lucha Contra Racistas y Sexistas Polic\u00edas Asesinos Necesitan Soluciones Comunistas<\/span><\/a><\/p>\n","protected":false},"author":1,"featured_media":5655,"parent":7435,"menu_order":0,"comment_status":"closed","ping_status":"closed","template":"","meta":{"footnotes":""},"class_list":["post-7505","page","type-page","status-publish","has-post-thumbnail","hentry"],"_links":{"self":[{"href":"https:\/\/icwpredflag.org\/wp\/wordpress\/wps\/wp-json\/wp\/v2\/pages\/7505","targetHints":{"allow":["GET"]}}],"collection":[{"href":"https:\/\/icwpredflag.org\/wp\/wordpress\/wps\/wp-json\/wp\/v2\/pages"}],"about":[{"href":"https:\/\/icwpredflag.org\/wp\/wordpress\/wps\/wp-json\/wp\/v2\/types\/page"}],"author":[{"embeddable":true,"href":"https:\/\/icwpredflag.org\/wp\/wordpress\/wps\/wp-json\/wp\/v2\/users\/1"}],"replies":[{"embeddable":true,"href":"https:\/\/icwpredflag.org\/wp\/wordpress\/wps\/wp-json\/wp\/v2\/comments?post=7505"}],"version-history":[{"count":2,"href":"https:\/\/icwpredflag.org\/wp\/wordpress\/wps\/wp-json\/wp\/v2\/pages\/7505\/revisions"}],"predecessor-version":[{"id":7507,"href":"https:\/\/icwpredflag.org\/wp\/wordpress\/wps\/wp-json\/wp\/v2\/pages\/7505\/revisions\/7507"}],"up":[{"embeddable":true,"href":"https:\/\/icwpredflag.org\/wp\/wordpress\/wps\/wp-json\/wp\/v2\/pages\/7435"}],"wp:featuredmedia":[{"embeddable":true,"href":"https:\/\/icwpredflag.org\/wp\/wordpress\/wps\/wp-json\/wp\/v2\/media\/5655"}],"wp:attachment":[{"href":"https:\/\/icwpredflag.org\/wp\/wordpress\/wps\/wp-json\/wp\/v2\/media?parent=7505"}],"curies":[{"name":"wp","href":"https:\/\/api.w.org\/{rel}","templated":true}]}}