{"id":7580,"date":"2021-04-21T04:17:50","date_gmt":"2021-04-21T04:17:50","guid":{"rendered":"https:\/\/icwpredflag.org\/wp\/wordpress\/wps\/?page_id=7580"},"modified":"2021-04-24T16:42:20","modified_gmt":"2021-04-24T16:42:20","slug":"acabemos-la-esclavitud-asalariada-capitalista-mediante-la-revolucion-comunista","status":"publish","type":"page","link":"https:\/\/icwpredflag.org\/wp\/wordpress\/wps\/volumen-12-numero-5\/acabemos-la-esclavitud-asalariada-capitalista-mediante-la-revolucion-comunista\/","title":{"rendered":"Acabemos la Esclavitud Asalariada Capitalista Mediante la Revoluci\u00f3n Comunista"},"content":{"rendered":"<h3 style=\"text-align: justify;\"><strong><img loading=\"lazy\" decoding=\"async\" class=\"wp-image-6261 alignleft\" src=\"https:\/\/icwpredflag.org\/wp\/wordpress\/wps\/wp-content\/uploads\/sites\/2\/2020\/07\/MexicoStar.jpg\" alt=\"\" width=\"290\" height=\"386\" \/><span style=\"color: #ff0000;\">Primero de Mayo 2021: El PCOI Pone las Ideas Comunistas al Frente Entre las Masas en Movimiento<\/span><\/strong><\/h3>\n<p style=\"text-align: justify;\">Los trabajadores, los agricultores y los j\u00f3venes de todo el mundo est\u00e1n desafiando a los gobernantes fascistas, las turbas racistas y comunalistas, una pandemia y una crisis econ\u00f3mica a\u00fan en aumento. Est\u00e1n luchando por el futuro de nuestra clase trabajadora internacional.<\/p>\n<p style=\"text-align: justify;\">En India, Sud\u00e1frica, El Salvador, Estados Unidos y otros lugares, m\u00e1s camaradas est\u00e1n ingresando al Partido Comunista Obrero Internacional (PCOI). Est\u00e1n difundiendo la necesidad de destruir la esclavitud asalariada capitalista y la guerra imperialista moviliz\u00e1ndose para el comunismo.<\/p>\n<p style=\"text-align: center;\"><strong>Agudizante Conflicto Imperialista: M\u00e1s Est\u00e1 por Venir<\/strong><\/p>\n<p style=\"text-align: justify;\">En todas partes, los conflictos se agudizan entre las principales potencias imperialistas (los gobernantes estadounidenses y sus aliados contra China, Rusia e Ir\u00e1n). Cada uno busca maximizar sus ganancias tom\u00e1ndose, o manteniendo el control, sobre la mayor parte posible del mundo.<\/p>\n<p style=\"text-align: justify;\">Esta, la principal contradicci\u00f3n que impulsa los acontecimientos mundiales, empuja a los gobernantes capitalistas de otras naciones a tomar partido. Hoy, sus alianzas inestables alimentan guerras desde Yemen hasta Etiop\u00eda y m\u00e1s all\u00e1. Amenazan con una guerra imperialista total.<\/p>\n<p style=\"text-align: justify;\">Las situaciones explosivas en Myanmar y Ucrania indican que m\u00e1s est\u00e1 por venir. Sucede igual con la creciente influencia de China en \u00c1frica y Am\u00e9rica Latina, donde est\u00e1 desplazando el dominio de largo plazo de EE.UU. Covid 19 ha expuesto las debilidades de EE.UU. y Europa., mientras China ha podido combatir la pandemia y sobrepasar al mundo. El imperialismo chino est\u00e1 desafiando exitosamente a EE.UU. buscando convertirse en la potencia imperialista dominante.<\/p>\n<p style=\"text-align: justify;\">Los planes de la administraci\u00f3n Biden son intentos desesperados por fortalecer la infraestructura de EE.UU. Mientras tanto, los capitalistas chinos est\u00e1n cercando al mundo con su Iniciativa de la Un Cintur\u00f3n, Una Ruta. Estos proyectos masivos de puertos, superautopistas y ferrocarriles de alta velocidad dominar\u00e1n el comercio y las industrias del mundo.<\/p>\n<p style=\"text-align: center;\"><strong>Racismo: Contradicci\u00f3n Clave para los Desesperados Imperialistas de EE.UU.<\/strong><\/p>\n<p style=\"text-align: justify;\">Los imperialistas de EE.UU., cada vez m\u00e1s d\u00e9biles, enfrentan grandes contradicciones en casa. Amargas divisiones entre sus pol\u00edticos amenazan con paralizar su gobierno. El movimiento fascista de supremac\u00eda blanca y los polic\u00edas que utilizan contra los trabajadores rebeldes est\u00e1n alienando a\u00fan m\u00e1s a la clase obrera.<\/p>\n<p style=\"text-align: justify;\">La ola de asesinatos policiales racistas durante el juicio de Derek Chauvin (asesino de George Floyd) est\u00e1 provocando protestas masivas que involucran a j\u00f3venes y personas mayores de todas las \u201crazas\u201d. Los recientes tiroteos masivos, especialmente de chinos y sijs, llevan a muchos de nuestros amigos a considerar seriamente nuestro an\u00e1lisis comunista del racismo.<\/p>\n<p style=\"text-align: justify;\">Los capitalistas necesitan el racismo para dividir a las masas, aumentar sus ganancias y mantener el dominio de clase. Pero parece ser contraproducente. Dentro del creciente movimiento de masas antirracista, muchos j\u00f3venes negros, latinos, asi\u00e1ticos, ind\u00edgenas y blancos est\u00e1n cuestionando los cimientos del sistema. Est\u00e1n ansiosos por discutir las ideas comunistas.<\/p>\n<p style=\"text-align: justify;\">Esto amenaza la capacidad de los gobernantes de ganar a la clase obrera de EE.UU. a luchar patri\u00f3ticamente en sus guerras. La juventud comunista en el ej\u00e9rcito, especialmente, puede entablar relaciones con los antirracistas del ej\u00e9rcito patronal y llevarlos a desempe\u00f1ar un papel decisivo en la lucha para acabar con el fascismo mediante la revoluci\u00f3n comunista.<\/p>\n<p style=\"text-align: justify;\">Mientras tanto, los patrones chinos est\u00e1n sentados sobre un volc\u00e1n. En los \u00faltimos cinco a\u00f1os, la mitad de las huelgas de la clase obrera del mundo tuvo lugar all\u00ed. Hace dos a\u00f1os, una huelga de una f\u00e1brica de zapatos dio lugar a una huelga general provincial y el ej\u00e9rcito sali\u00f3 a las calles. \u00a1Las masas chinas no est\u00e1n ganadas a pelear por las ganancias de sus patrones!<\/p>\n<p style=\"text-align: center;\"><strong>Hacemos un Llamado a Nuestra Familia Obrera Internacional a Movilizar a las Masas para el Comunismo<\/strong><\/p>\n<p style=\"text-align: justify;\">Este Primero de Mayo, ampliemos nuestras fuerzas para mostrar que el comunismo, \u00a1solo el comunismo! &#8211; puede aplastar la esclavitud asalariada racista de los patrones.<\/p>\n<p style=\"text-align: justify;\">Profundicemos las relaciones comunistas con amigos y familiares, con las masas en los lugares de trabajo, escuelas, vecindarios y, sobre todo, el ej\u00e9rcito. Construyamos y fortalezcamos colectivos comunistas que nos permitan destruir el sangriento sistema de ganancias de los patrones y ganar un mundo comunista.<\/p>\n<p style=\"text-align: justify;\">En medio de la pandemia, la crisis mundial, el auge del fascismo y el creciente ritmo de la guerra imperialista, el Partido Comunista Obrero Internacional est\u00e1 avanzando:<\/p>\n<p style=\"text-align: justify;\">En El Salvador, trabajadoras\/es de las maquilas est\u00e1n reclutando a familiares y vecinos, trabajadores y estudiantes, en nuevos colectivos comunistas. Los camaradas campesinos y estudiantes est\u00e1n ayudando a construir para un Primero de Mayo comunista.<\/p>\n<p style=\"text-align: justify;\">En los EE. UU., los obreros aeroespaciales activos y jubilados en Seattle est\u00e1n utilizando las redes sociales para construir relaciones comunistas reales. Los trabajadores j\u00f3venes de Los \u00c1ngeles est\u00e1n movilizando a camaradas que hab\u00edan estado inactivos y est\u00e1n haciendo nuevos contactos en las calles. Se est\u00e1n desarrollando nuevos l\u00edderes comunistas entre los trabajadores del tr\u00e1nsito.<\/p>\n<p style=\"text-align: justify;\">En Sud\u00e1frica, un camarada que ingres\u00f3 al PCOI despu\u00e9s de una lucha de dos a\u00f1os escribi\u00f3: \u201cSer un camarada del PCOI ha tenido un impacto inmenso en mi ser\u2026. Nunca aprend\u00ed tanto, nunca me han cuidado tanto. Nunca estuve expuesto a la verdad \u201c. Est\u00e1 tratando de reclutar al PCOI a ocho compa\u00f1eros de trabajo.<\/p>\n<p style=\"text-align: justify;\">En India, un camarada que ingres\u00f3 al PCOI hace dos a\u00f1os (cuando la polic\u00eda mat\u00f3 a cientos de musulmanes) ahora ayuda a liderar la circulaci\u00f3n de miles de Bandera Roja. Su odio de clase y su visi\u00f3n del comunismo han inspirado a muchos otros a considerar el comunismo y unirse al Partido. Con camaradas que antes estaban en el ej\u00e9rcito y ahora son trabajadores agr\u00edcolas, \u00e9l est\u00e1 trabajando para llevar nuestra literatura a amigos que est\u00e1n estacionados en la frontera entre China y Pakist\u00e1n, para que organicen un colectivo militar.<\/p>\n<p style=\"text-align: justify;\">En Pakist\u00e1n, los lectores de Bandera Roja est\u00e1n hablando del comunismo y de Bandera Roja con trabajadores chinos (que son parte de un proyecto de desarrollo de infraestructura de $50 mil millones).<\/p>\n<p style=\"text-align: justify;\">El Primero de Mayo encarna la resistencia, la creatividad y el optimismo comunista revolucionario de la clase obrera. \u00a1Enarbolemos con orgullo nuestras banderas rojas comunistas este Primero de Mayo!<\/p>\n<h4 style=\"text-align: center;\"><strong>FORO INTERNACIONAL DEL PCOI POR ZOOM:<\/strong><\/h4>\n<p style=\"text-align: center;\"><strong>Despu\u00e9s del Primero de Mayo: Revisando Nuestras Fuerzas Comunistas y Planificando para Lograr Nuestro Futuro Comunista<\/strong><\/p>\n<p style=\"text-align: center;\"><strong>Para el enlace de Zoom y m\u00e1s informaci\u00f3n comun\u00edquese con los camaradas en su \u00e1rea o icwp@anonymousspeech.com<\/strong><\/p>\n<p style=\"text-align: center;\"><strong>Domingo, 16 de mayo<\/strong><\/p>\n<p style=\"text-align: center;\"><strong>* 9: 00 AM Costa Oeste de EE. UU. y Canad\u00e1<\/strong><\/p>\n<p style=\"text-align: center;\"><strong>* 10:00 AM El Salvador<\/strong><\/p>\n<p style=\"text-align: center;\"><strong>* 11:00 AM M\u00e9xico<\/strong><\/p>\n<p style=\"text-align: center;\"><strong>* 6:00 PM Sud\u00e1frica y Europa Occidental<\/strong><\/p>\n<p style=\"text-align: center;\"><strong>* 9:30 PM India<\/strong><\/p>\n<h4 style=\"text-align: left;\"><a href=\"https:\/\/icwpredflag.org\/wp\/wordpress\/wps\/volumen-12-numero-5\/\">Primera p\u00e1gina de esta edici\u00f3n<\/a><\/h4>\n<p>&nbsp;<\/p>\n","protected":false},"excerpt":{"rendered":"<p>Primero de Mayo 2021: El PCOI Pone las Ideas Comunistas al Frente Entre las Masas en Movimiento Los trabajadores, los agricultores y los j\u00f3venes de todo el mundo est\u00e1n desafiando a los gobernantes fascistas, las turbas racistas y comunalistas, una pandemia y una crisis econ\u00f3mica a\u00fan en aumento. Est\u00e1n luchando por el futuro de nuestra &hellip; <a href=\"https:\/\/icwpredflag.org\/wp\/wordpress\/wps\/volumen-12-numero-5\/acabemos-la-esclavitud-asalariada-capitalista-mediante-la-revolucion-comunista\/\" class=\"more-link\">Sigue leyendo <span class=\"screen-reader-text\">Acabemos la Esclavitud Asalariada Capitalista Mediante la Revoluci\u00f3n Comunista<\/span><\/a><\/p>\n","protected":false},"author":1,"featured_media":5655,"parent":7529,"menu_order":0,"comment_status":"closed","ping_status":"closed","template":"","meta":{"footnotes":""},"class_list":["post-7580","page","type-page","status-publish","has-post-thumbnail","hentry"],"_links":{"self":[{"href":"https:\/\/icwpredflag.org\/wp\/wordpress\/wps\/wp-json\/wp\/v2\/pages\/7580","targetHints":{"allow":["GET"]}}],"collection":[{"href":"https:\/\/icwpredflag.org\/wp\/wordpress\/wps\/wp-json\/wp\/v2\/pages"}],"about":[{"href":"https:\/\/icwpredflag.org\/wp\/wordpress\/wps\/wp-json\/wp\/v2\/types\/page"}],"author":[{"embeddable":true,"href":"https:\/\/icwpredflag.org\/wp\/wordpress\/wps\/wp-json\/wp\/v2\/users\/1"}],"replies":[{"embeddable":true,"href":"https:\/\/icwpredflag.org\/wp\/wordpress\/wps\/wp-json\/wp\/v2\/comments?post=7580"}],"version-history":[{"count":4,"href":"https:\/\/icwpredflag.org\/wp\/wordpress\/wps\/wp-json\/wp\/v2\/pages\/7580\/revisions"}],"predecessor-version":[{"id":7584,"href":"https:\/\/icwpredflag.org\/wp\/wordpress\/wps\/wp-json\/wp\/v2\/pages\/7580\/revisions\/7584"}],"up":[{"embeddable":true,"href":"https:\/\/icwpredflag.org\/wp\/wordpress\/wps\/wp-json\/wp\/v2\/pages\/7529"}],"wp:featuredmedia":[{"embeddable":true,"href":"https:\/\/icwpredflag.org\/wp\/wordpress\/wps\/wp-json\/wp\/v2\/media\/5655"}],"wp:attachment":[{"href":"https:\/\/icwpredflag.org\/wp\/wordpress\/wps\/wp-json\/wp\/v2\/media?parent=7580"}],"curies":[{"name":"wp","href":"https:\/\/api.w.org\/{rel}","templated":true}]}}