{"id":7686,"date":"2021-05-15T15:50:21","date_gmt":"2021-05-15T15:50:21","guid":{"rendered":"https:\/\/icwpredflag.org\/wp\/wordpress\/wps\/?page_id=7686"},"modified":"2021-05-15T22:24:23","modified_gmt":"2021-05-15T22:24:23","slug":"primero-de-mayo-de-sudafrica-construyendo-nuevo-liderato","status":"publish","type":"page","link":"https:\/\/icwpredflag.org\/wp\/wordpress\/wps\/volumen-12-numero-6\/primero-de-mayo-de-sudafrica-construyendo-nuevo-liderato\/","title":{"rendered":"Primero de Mayo de Sud\u00e1frica: Construyendo Nuevo Liderato"},"content":{"rendered":"<p style=\"text-align: center;\"><strong>Sud\u00e1frica <a class=\"icwp-emph\" href=\"#1\">aqu\u00ed \u2666<\/a> Espa\u00f1a <a class=\"icwp-emph\" href=\"#2\">aqu\u00ed \u2666<\/a><\/strong><\/p>\n<h3 style=\"text-align: center;\" id=\"1\"><span style=\"color: #ff0000;\"><strong>La Cena del Primero de Mayo en Sud\u00e1frica Forma Nuevos L\u00edderes<\/strong><\/span><\/h3>\n<p style=\"text-align: justify;\">PUERTO ELIZABETH (Sud\u00e1frica)&#8211;El 1 de mayo celebramos como colectivo el Primero de Mayo con una reuni\u00f3n con cena. Analizamos la crisis capitalista mundial. Las masas mundialmente han sido devastadas por el fracaso de los capitalistas en lidiar con la pandemia del coronavirus. La pandemia mostr\u00f3 claramente el fracaso del sistema capitalista en priorizar las vidas de las masas o de la clase obrera. Se han perdido empleos, los medios de subsistencia de las masas se han empeorado, mientras que al mismo tiempo algunos multimillonarios han aumentado sus fortunas.<\/p>\n<p style=\"text-align: justify;\">Como colectivo discutimos la necesidad de acelerar nuestros esfuerzos para movilizar y reclutar m\u00e1s trabajadores. Para ello, reconocimos que deb\u00edamos adaptarnos a la situaci\u00f3n en la que la comunicaci\u00f3n digital juega un enorme papel. De tal manera que estamos buscando revivir nuestra p\u00e1gina de Facebook (Port Elizabeth ICWP Youth Collective). Creemos que esto desempe\u00f1ar\u00e1 un papel muy importante, sobre todo a la hora de exponer nuestras ideas a los j\u00f3venes.<\/p>\n<p style=\"text-align: justify;\">Tambi\u00e9n decidimos centrarnos en discutir y distribuir Bandera Roja, especialmente porque Bandera Roja sigue siendo la principal herramienta que utilizamos para movilizar a los trabajadores.<\/p>\n<p style=\"text-align: justify;\">Tambi\u00e9n identificamos las realidades y los retos a los que nos enfrentamos como colectivo, ya que el n\u00facleo del colectivo ha cambiado. La mayor\u00eda de los camaradas se han mudado. Esto significa que los nuevos camaradas y los que se han quedado, tienen que asumir el liderato del Partido en Kwa-Noxolo. Tambi\u00e9n significa que los camaradas, en sus nuevos hogares, tienen que construir c\u00e9lulas del Partido donde viven. Identificamos que para coordinar y consolidar nuestro trabajo debemos tener reuniones regulares a trav\u00e9s de Zoom.<\/p>\n<p><img loading=\"lazy\" decoding=\"async\" class=\"wp-image-7640 aligncenter\" id=\"2\" src=\"https:\/\/icwpredflag.org\/wp\/wordpress\/wps\/wp-content\/uploads\/sites\/2\/2021\/05\/SpainMD2-300x224.jpg\" alt=\"\" width=\"676\" height=\"505\" srcset=\"https:\/\/icwpredflag.org\/wp\/wordpress\/wps\/wp-content\/uploads\/sites\/2\/2021\/05\/SpainMD2-300x224.jpg 300w, https:\/\/icwpredflag.org\/wp\/wordpress\/wps\/wp-content\/uploads\/sites\/2\/2021\/05\/SpainMD2.jpg 765w\" sizes=\"auto, (max-width: 676px) 100vw, 676px\" \/><\/p>\n<p style=\"text-align: justify;\"><strong>Zaragoza (Espa\u00f1a) 1\u00ba de Mayo<\/strong>\u2014Cuatro camaradas del PCOI fueron a dos marchas, una organizada por sindicatos y otra por anarquistas y revisionistas del PC. 500 copias de Bandera Roja engrapadas fueron repartidas. Dos camaradas hab\u00edan le\u00eddo nuestra literatura, pero esta fue su primera actividad con nosotros.<\/p>\n<h4><a href=\"https:\/\/icwpredflag.org\/wp\/wordpress\/wps\/volumen-12-numero-6\/\">Primera p\u00e1gina de esta edici\u00f3n<\/a><\/h4>\n<p style=\"text-align: justify;\">\n","protected":false},"excerpt":{"rendered":"<p>Sud\u00e1frica aqu\u00ed \u2666 Espa\u00f1a aqu\u00ed \u2666 La Cena del Primero de Mayo en Sud\u00e1frica Forma Nuevos L\u00edderes PUERTO ELIZABETH (Sud\u00e1frica)&#8211;El 1 de mayo celebramos como colectivo el Primero de Mayo con una reuni\u00f3n con cena. Analizamos la crisis capitalista mundial. Las masas mundialmente han sido devastadas por el fracaso de los capitalistas en lidiar con &hellip; <a href=\"https:\/\/icwpredflag.org\/wp\/wordpress\/wps\/volumen-12-numero-6\/primero-de-mayo-de-sudafrica-construyendo-nuevo-liderato\/\" class=\"more-link\">Sigue leyendo <span class=\"screen-reader-text\">Primero de Mayo de Sud\u00e1frica: Construyendo Nuevo Liderato<\/span><\/a><\/p>\n","protected":false},"author":1,"featured_media":5655,"parent":7628,"menu_order":0,"comment_status":"closed","ping_status":"closed","template":"","meta":{"footnotes":""},"class_list":["post-7686","page","type-page","status-publish","has-post-thumbnail","hentry"],"_links":{"self":[{"href":"https:\/\/icwpredflag.org\/wp\/wordpress\/wps\/wp-json\/wp\/v2\/pages\/7686","targetHints":{"allow":["GET"]}}],"collection":[{"href":"https:\/\/icwpredflag.org\/wp\/wordpress\/wps\/wp-json\/wp\/v2\/pages"}],"about":[{"href":"https:\/\/icwpredflag.org\/wp\/wordpress\/wps\/wp-json\/wp\/v2\/types\/page"}],"author":[{"embeddable":true,"href":"https:\/\/icwpredflag.org\/wp\/wordpress\/wps\/wp-json\/wp\/v2\/users\/1"}],"replies":[{"embeddable":true,"href":"https:\/\/icwpredflag.org\/wp\/wordpress\/wps\/wp-json\/wp\/v2\/comments?post=7686"}],"version-history":[{"count":3,"href":"https:\/\/icwpredflag.org\/wp\/wordpress\/wps\/wp-json\/wp\/v2\/pages\/7686\/revisions"}],"predecessor-version":[{"id":7689,"href":"https:\/\/icwpredflag.org\/wp\/wordpress\/wps\/wp-json\/wp\/v2\/pages\/7686\/revisions\/7689"}],"up":[{"embeddable":true,"href":"https:\/\/icwpredflag.org\/wp\/wordpress\/wps\/wp-json\/wp\/v2\/pages\/7628"}],"wp:featuredmedia":[{"embeddable":true,"href":"https:\/\/icwpredflag.org\/wp\/wordpress\/wps\/wp-json\/wp\/v2\/media\/5655"}],"wp:attachment":[{"href":"https:\/\/icwpredflag.org\/wp\/wordpress\/wps\/wp-json\/wp\/v2\/media?parent=7686"}],"curies":[{"name":"wp","href":"https:\/\/api.w.org\/{rel}","templated":true}]}}