{"id":7704,"date":"2021-05-15T23:14:08","date_gmt":"2021-05-15T23:14:08","guid":{"rendered":"https:\/\/icwpredflag.org\/wp\/wordpress\/wps\/?page_id=7704"},"modified":"2021-05-15T23:23:36","modified_gmt":"2021-05-15T23:23:36","slug":"cartas-a-bandera-roja","status":"publish","type":"page","link":"https:\/\/icwpredflag.org\/wp\/wordpress\/wps\/volumen-12-numero-6\/cartas-a-bandera-roja\/","title":{"rendered":"Cartas a Bandera Roja"},"content":{"rendered":"<p style=\"text-align: justify;\"><strong>Este Primero de Mayo Distribu\u00ed <em>Bandera Roja<\/em> <a class=\"icwp-emph\" href=\"#1\">aqu\u00ed \u2666<\/a> Poniendo Nuestros Talentos a Trabajar para las Masas <a class=\"icwp-emph\" href=\"#2\">aqu\u00ed \u2666<\/a> Somos Camaradas, No Aliados <a class=\"icwp-emph\" href=\"#3\">aqu\u00ed \u2666<\/a><\/strong><\/p>\n<p><img loading=\"lazy\" decoding=\"async\" class=\"wp-image-7641 aligncenter\" src=\"https:\/\/icwpredflag.org\/wp\/wordpress\/wps\/wp-content\/uploads\/sites\/2\/2021\/05\/SFMD1-300x195.jpg\" alt=\"\" width=\"717\" height=\"466\" srcset=\"https:\/\/icwpredflag.org\/wp\/wordpress\/wps\/wp-content\/uploads\/sites\/2\/2021\/05\/SFMD1-300x195.jpg 300w, https:\/\/icwpredflag.org\/wp\/wordpress\/wps\/wp-content\/uploads\/sites\/2\/2021\/05\/SFMD1.jpg 657w\" sizes=\"auto, (max-width: 717px) 100vw, 717px\" \/><\/p>\n<h4 id=\"1\" style=\"text-align: center;\"><strong>Este Primero de Mayo Distribu\u00ed <em>Bandera Roja<\/em><\/strong><\/h4>\n<p style=\"text-align: justify;\">El primero de mayo estuve en el Embarcadero, San Francisco, distribuyendo el peri\u00f3dico <strong><em>Bandera Roja<\/em><\/strong>.<\/p>\n<p style=\"text-align: justify;\">La plaza junto a la bah\u00eda se llen\u00f3 de trabajadores, sus familias, hermanos y hermanas sindicalistas, gente no sindicalizada y desempleados. Todos estaban all\u00ed para celebrar el D\u00eda Internacional de los Trabajadores.<\/p>\n<p style=\"text-align: justify;\">En la primera p\u00e1gina de Bandera Roja hab\u00eda un art\u00edculo sobre los camaradas que organizan a los obreros de f\u00e1bricas en El Salvador. Otra noticia era sobre los trabajadores de la India, que organizaban para luchar contra las leyes que llevar\u00edan a la quiebra a millones de personas.<\/p>\n<p style=\"text-align: justify;\">Repartimos un volante que informaba sobre la pandemia en la India. En la India, el ox\u00edgeno para fines m\u00e9dicos s\u00f3lo est\u00e1 disponible para los s\u00faper ricos. India produce el 60% de las vacunas del mundo, pero menos del 10% de la poblaci\u00f3n india se ha vacunado contra el Covid.<\/p>\n<p style=\"text-align: justify;\">En el Embarcadero este D\u00eda Internacional de los Trabajadores, mucha gente me escuch\u00f3 y se llev\u00f3 el volante y Bandera Roja. Algunas de las personas con las que me reun\u00ed se preocupaban por la escasez de vacunas, hablaron de sus dudas sobre un sistema de cuidado as m\u00e9dico y corporativo capitalista regido por el dinero y las ganancias.<\/p>\n<p style=\"text-align: justify;\">Quer\u00edan hablar de c\u00f3mo las patentes y los acuerdos de licencia han detenido la producci\u00f3n de las vacunas.<\/p>\n<p style=\"text-align: justify;\">Recuerdo todas las veces que en los \u00faltimos 30 a\u00f1os hab\u00eda marchado por esa ruta del Market (mercado) al Centro C\u00edvico. Hab\u00eda participado en las manifestaciones del D\u00eda de la Tierra, en la Marcha de las Mujeres, en las marchas contra el racismo y la violencia estatal, desde Rodney King hasta Oscar Grant y George Floyd. Hab\u00eda participado en manifestaciones contra la guerra, en protesta por la guerra de Vietnam, Irak, Hait\u00ed, y en las protestas \u201cManos fuera de Cuba\u201d y \u201cManos fuera de Venezuela\u201d. Recuerdo las marchas por los derechos de los inmigrantes, y las protestas de Occupy contra la arraigada desigualdad econ\u00f3mica.<\/p>\n<p style=\"text-align: justify;\">Todas esas manifestaciones tuvieron como resultado, a lo sumo, cambios graduales en un sistema capitalista corrupto, seguidos de una amplia reacci\u00f3n.<\/p>\n<p style=\"text-align: justify;\">Este Primero de Mayo repart\u00ed un peri\u00f3dico cuya meta es trata de deshacerse de ese sistema militarista, racista y sexista. yo promov\u00eda un sistema de plena participaci\u00f3n del pueblo, un sistema comunista que priorizara los derechos humanos, la salud, la educaci\u00f3n, un sistema de libre acceso a los bienes y servicios. \u201cDe cada uno seg\u00fan su capacidad, a cada uno seg\u00fan sus necesidades,\u201d Carlos Marx, 1875. Creo que el Partido Comunista Obrero Internacional puede crear el mundo que los trabajadores necesitamos y merecemos.<\/p>\n<p style=\"text-align: justify;\">Camarada del \u00e1rea de la Bah\u00eda de San Francisco (EE. UU.)<\/p>\n<h4 id=\"2\" style=\"text-align: center;\"><strong>Poniendo Nuestros Talentos y Habilidades a Trabajar para las Masas<\/strong><\/h4>\n<p style=\"text-align: justify;\">\u201c\u00a1\u00a1\u00a1Me encanta esto!!!\u201d exclam\u00f3 una amiga que ley\u00f3 un borrador de \u201cEl Comunismo Valora el Trabajo de Todos, Realiza el Potencial de Todos\u201d (Bandera Roja v. 12 # 5).<\/p>\n<p style=\"text-align: justify;\">\u201cEs algo en lo que pienso todo el tiempo: todos los tesoros del potencial sin explotar en nuestra sociedad simplemente porque el sistema capitalista es demasiado cruel y falto de imaginaci\u00f3n para encontrar roles para los habilidades y talentos \u00fanicos de todos\u201d.<\/p>\n<p style=\"text-align: justify;\">Su l\u00ednea favorita era: \u201cUn sistema de producci\u00f3n comunista analiza qu\u00e9 trabajo se debe hacer y c\u00f3mo pueden hacerlo en colaboraci\u00f3n aquellos que est\u00e9n dispuestos a hacerlo\u201d.<\/p>\n<p style=\"text-align: justify;\">Esta amiga es una muy ocupada joven comediante y escritora talentosa. Nuestra pregunta para ella, y para todos los lectores de Bandera Roja, es c\u00f3mo pieza ella que puede contribuir a Bandera Roja y al Partido Comunista Obrero Internacional.<\/p>\n<p style=\"text-align: justify;\">\u00a1Tenemos mucho trabajo comunista que necesita hacerse ahora!<\/p>\n<p style=\"text-align: justify;\">Camaradas en Los \u00c1ngeles (EE. UU.)<\/p>\n<h4 id=\"3\" style=\"text-align: center;\"><strong>Somos Camaradas, No Aliados<\/strong><\/h4>\n<p style=\"text-align: justify;\">\u201cCuando la gente dice \u2018camarada\u2019\u201d, argumenta la escritora Jodi Dean, \u201ccambian el mundo\u201d.<\/p>\n<p style=\"text-align: justify;\">Como forma de llamarnos, ella argumenta, descarta de inmediato las viejas relaciones (jer\u00e1rquicas, identitarias, pol\u00edticas, etc.) y promete otras nuevas.<\/p>\n<p style=\"text-align: justify;\">El comunismo no es solo el futuro. Es la visi\u00f3n del futuro que los camaradas compartimos, organizamos y luchamos ahora para implementarlo.<\/p>\n<p style=\"text-align: justify;\">Cuando usamos \u2018camarada\u2019 como saludo, nos permite ver nuestro horizonte pol\u00edtico como comunistas involucrados en nuestra lucha emancipadora. Nuestra lucha contra la explotaci\u00f3n capitalista y sus fuerzas de mercado de esclavitud asalariada, racismo, sexismo e imperialismo.<\/p>\n<p style=\"text-align: justify;\">Los camaradas no son aliados que se toleran unos a otros en una lucha limitada. Los comunistas se aprecian unos a otros, sostiene Dean, en la lucha revolucionaria com\u00fan. Los camaradas son una necesidad.<\/p>\n<p style=\"text-align: justify;\">Todo esto y m\u00e1s lo argumenta en un breve libro, \u201cCamarada\u201d. Le proporcion\u00f3 a nuestro club de lectura una discusi\u00f3n muy animada. Ser\u00eda interesante escuchar lo que piensan los dem\u00e1s.<\/p>\n<p style=\"text-align: justify;\">Tambi\u00e9n me impulsa a animar a otros, por lo menos, a firmar sus cartas a Bandera Roja como camaradas,<\/p>\n<p style=\"text-align: justify;\">Camarada lectora<\/p>\n<h4><a href=\"https:\/\/icwpredflag.org\/wp\/wordpress\/wps\/volumen-12-numero-6\/\">Primera p\u00e1gina de esta edici\u00f3n<\/a><\/h4>\n<p style=\"text-align: justify;\">\n<div id=\"gtx-trans\" style=\"position: absolute; left: 302px; top: 27px;\">\n<div class=\"gtx-trans-icon\"><\/div>\n<\/div>\n","protected":false},"excerpt":{"rendered":"<p>Este Primero de Mayo Distribu\u00ed Bandera Roja aqu\u00ed \u2666 Poniendo Nuestros Talentos a Trabajar para las Masas aqu\u00ed \u2666 Somos Camaradas, No Aliados aqu\u00ed \u2666 Este Primero de Mayo Distribu\u00ed Bandera Roja El primero de mayo estuve en el Embarcadero, San Francisco, distribuyendo el peri\u00f3dico Bandera Roja. La plaza junto a la bah\u00eda se llen\u00f3 &hellip; <a href=\"https:\/\/icwpredflag.org\/wp\/wordpress\/wps\/volumen-12-numero-6\/cartas-a-bandera-roja\/\" class=\"more-link\">Sigue leyendo <span class=\"screen-reader-text\">Cartas a Bandera Roja<\/span><\/a><\/p>\n","protected":false},"author":1,"featured_media":5655,"parent":7628,"menu_order":0,"comment_status":"closed","ping_status":"closed","template":"","meta":{"footnotes":""},"class_list":["post-7704","page","type-page","status-publish","has-post-thumbnail","hentry"],"_links":{"self":[{"href":"https:\/\/icwpredflag.org\/wp\/wordpress\/wps\/wp-json\/wp\/v2\/pages\/7704","targetHints":{"allow":["GET"]}}],"collection":[{"href":"https:\/\/icwpredflag.org\/wp\/wordpress\/wps\/wp-json\/wp\/v2\/pages"}],"about":[{"href":"https:\/\/icwpredflag.org\/wp\/wordpress\/wps\/wp-json\/wp\/v2\/types\/page"}],"author":[{"embeddable":true,"href":"https:\/\/icwpredflag.org\/wp\/wordpress\/wps\/wp-json\/wp\/v2\/users\/1"}],"replies":[{"embeddable":true,"href":"https:\/\/icwpredflag.org\/wp\/wordpress\/wps\/wp-json\/wp\/v2\/comments?post=7704"}],"version-history":[{"count":6,"href":"https:\/\/icwpredflag.org\/wp\/wordpress\/wps\/wp-json\/wp\/v2\/pages\/7704\/revisions"}],"predecessor-version":[{"id":7710,"href":"https:\/\/icwpredflag.org\/wp\/wordpress\/wps\/wp-json\/wp\/v2\/pages\/7704\/revisions\/7710"}],"up":[{"embeddable":true,"href":"https:\/\/icwpredflag.org\/wp\/wordpress\/wps\/wp-json\/wp\/v2\/pages\/7628"}],"wp:featuredmedia":[{"embeddable":true,"href":"https:\/\/icwpredflag.org\/wp\/wordpress\/wps\/wp-json\/wp\/v2\/media\/5655"}],"wp:attachment":[{"href":"https:\/\/icwpredflag.org\/wp\/wordpress\/wps\/wp-json\/wp\/v2\/media?parent=7704"}],"curies":[{"name":"wp","href":"https:\/\/api.w.org\/{rel}","templated":true}]}}