{"id":7751,"date":"2021-06-05T19:41:03","date_gmt":"2021-06-05T19:41:03","guid":{"rendered":"https:\/\/icwpredflag.org\/wp\/wordpress\/wps\/?page_id=7751"},"modified":"2021-06-06T05:43:48","modified_gmt":"2021-06-06T05:43:48","slug":"los-colectivos-del-partido-nos-permiten-visualizar-nuestro-futuro-comunista","status":"publish","type":"page","link":"https:\/\/icwpredflag.org\/wp\/wordpress\/wps\/volumen-12-numero-7\/los-colectivos-del-partido-nos-permiten-visualizar-nuestro-futuro-comunista\/","title":{"rendered":"Los Colectivos del Partido Nos Permiten Visualizar Nuestro Futuro Comunista"},"content":{"rendered":"<p><img loading=\"lazy\" decoding=\"async\" class=\"wp-image-7544 aligncenter\" src=\"https:\/\/icwpredflag.org\/wp\/wordpress\/wps\/wp-content\/uploads\/sites\/2\/2021\/04\/policemurders-300x196.jpg\" alt=\"\" width=\"738\" height=\"482\" srcset=\"https:\/\/icwpredflag.org\/wp\/wordpress\/wps\/wp-content\/uploads\/sites\/2\/2021\/04\/policemurders-300x196.jpg 300w, https:\/\/icwpredflag.org\/wp\/wordpress\/wps\/wp-content\/uploads\/sites\/2\/2021\/04\/policemurders-768x501.jpg 768w, https:\/\/icwpredflag.org\/wp\/wordpress\/wps\/wp-content\/uploads\/sites\/2\/2021\/04\/policemurders.jpg 844w\" sizes=\"auto, (max-width: 738px) 100vw, 738px\" \/><\/p>\n<p style=\"text-align: justify;\">Colectivos fuertes del Partido son cruciales para la lucha por el comunismo. Encarnan los colectivos que ser\u00e1n las unidades b\u00e1sicas de la sociedad comunista: una sociedad en la que no somos trabajadores y patrones, o l\u00edderes y seguidores, sino camaradas.<\/p>\n<p style=\"text-align: justify;\">En los colectivos es donde se lucha y se desarrolla la camarader\u00eda, la caracter\u00edstica principal de las relaciones comunistas. Es la unidad y la lucha en colectivos del partido, junto con la producci\u00f3n y distribuci\u00f3n del peri\u00f3dico, lo que garantiza el trabajo de movilizar a las masas para el comunismo.<\/p>\n<p style=\"text-align: justify;\">El colectivo escolar de la Costa Oeste (EEUU) incluye a profesores y a sus antiguos alumnos, desde nuestros 20 hasta nuestros 80 a\u00f1os. Surgi\u00f3 del trabajo pol\u00edtico en las escuelas secundarias de Los \u00c1ngeles y la zona de la bah\u00eda de San Francisco. Incluye a camaradas de Los \u00c1ngeles que ahora est\u00e1n en Alaska y Arizona. Nos concentramos en el reclutamiento de estudiantes que ser\u00e1n trabajadores y soldados, y en el desarrollo de camaradas m\u00e1s j\u00f3venes como l\u00edderes del Partido.<\/p>\n<p style=\"text-align: justify;\"><strong>El colectivo de Los \u00c1ngeles siempre ha luchado por tener reuniones regulares<\/strong>, incluso cuando s\u00f3lo \u00e9ramos tres personas a altas horas de la noche en el restaurante Jack-in-the Box. Cuando la pandemia produjo el confinamiento, esta pr\u00e1ctica nos ayud\u00f3 a superar los miedos individuales y a salir a la calle de forma segura el primer fin de semana. En medio de las rebeliones de George Floyd, algunos de nosotros repartimos Bandera Roja a los soldados de la Guardia Nacional. Ambas acciones dieron confianza al Partido en su conjunto.<\/p>\n<p style=\"text-align: justify;\"><strong>El trabajo colectivo da resultados<\/strong>. Al principio de la pandemia, el colectivo de Los \u00c1ngeles pas\u00f3 r\u00e1pidamente a reuniones de Zoom. Cuando el Partido nos pidi\u00f3 que dirigi\u00e9ramos un Zoom del Primero de Mayo, nos pusimos en contacto con camaradas en tres continentes y organizamos una reuni\u00f3n inspiradora. Luego despu\u00e9s, los camaradas profesores de la zona de la bah\u00eda pidieron unirse a nuestro colectivo. \u00a0Aunque se hab\u00edan estado reuniendo m\u00e1s o menos regularmente, su pr\u00e1ctica les mostr\u00f3 que se necesitan m\u00e1s de dos para funcionar plenamente como colectivo.\u00a0Pusieron el club de libros del PCOI del \u00c1rea de la Bah\u00eda en Zoom. Y un viejo amigo, cuya primera reuni\u00f3n del PCOI fue el foro del Primero de Mayo del a\u00f1o pasado, acaba de unirse al Partido.<\/p>\n<p style=\"text-align: justify;\"><strong>Algunas luchas llevan m\u00e1s tiempo que otras.<\/strong> Un camarada que durante a\u00f1os hab\u00eda ido a las manifestaciones de masas como parte de la multitud fue ganado durante la pandemia a llegar a las marchas con Bandera Roja como organizador comunista. El colectivo es el lugar clave de la lucha revolucionaria persistente. Cambios como este no son solo avances singulares, sino que tambi\u00e9n agudizan la lucha dentro del colectivo.<\/p>\n<p style=\"text-align: justify;\">Todos nosotros hemos podido vacunarnos, pero ha pasado m\u00e1s de un a\u00f1o desde que la mayor\u00eda de nosotros ha hecho agitaci\u00f3n regular.<strong> La lucha constante en el colectivo nos ha permitido superar nuestros miedos y subjetivismos,<\/strong> y volver a salir a la calle el fin de semana anterior al veredicto del juicio del asesino de George Floyd, el Primero de Mayo, y volver a repartir el peri\u00f3dico entre los trabajadores del transporte p\u00fablico de Los \u00c1ngeles.<\/p>\n<p style=\"text-align: justify;\"><strong>\u201cGracias por no creer que soy caso perdido\u201d.<\/strong> Covid-19 puso un serio freno a nuestra concentraci\u00f3n en una preparatoria de Los \u00c1ngeles. En el \u00faltimo a\u00f1o y medio, nos hemos concentrado en las relaciones con los antiguos alumnos, ahora j\u00f3venes trabajadores y estudiantes universitarios. Organizamos una \u201cReuni\u00f3n de Bandera Roja\u201d antes del Primero de Mayo de 2021 con varios camaradas exestudiantes que hab\u00edan estado inactivos. La vida bajo el capitalismo, especialmente durante la pandemia, ha hecho que algunos se vuelvan menos activos. La lucha en el colectivo nos ha permitido mantener una lucha paciente con esos camaradas. Sin embargo, hemos sido desiguales e inconsistentes en esto. Tenemos que hacerlo mejor.<\/p>\n<p style=\"text-align: justify;\"><strong>La lucha camaraderil nos ayuda a combatir el individualismo.<\/strong> Algunos hablamos demasiado y olvidamos que no siempre tenemos la raz\u00f3n. A veces luchamos tanto por NUESTRO ENTENDIMIENTO de la perspectiva del Partido que no nos escuchamos los unos y los otros. Pero hemos aprendido a trav\u00e9s de la lucha que nosotros y el Partido nos fortalecemos con las contribuciones de camaradas con diferentes fortalezas y experiencias de vida, pero que tienen un compromiso com\u00fan por un mundo comunista. La lucha colectiva nos ha ayudado a aprender a ser humildes, a ser siempre respetuosos con los dem\u00e1s y a confiar en la cr\u00edtica y la autocr\u00edtica cuando flaqueamos.<\/p>\n<p style=\"text-align: justify;\"><strong>Las reuniones son solo parte del proceso.<\/strong> Hemos estado los unos con los otros en los momentos dif\u00edciles, en las muertes de familiares, en la crianza de hijos y nietos, en la celebraci\u00f3n de cumplea\u00f1os y aniversarios. Construir un colectivo del Partido requiere la decisi\u00f3n de unir tu destino al colectivo mientras luchas siempre por ampliar el c\u00edrculo. Estos son tus camaradas, que luchan codo con codo en una lucha de vida o muerte. Sabes que cubren tu espalda&#8230; ahora y en el futuro. Hemos llorado juntos, nos hemos re\u00eddo juntos, y seguimos haci\u00e9ndolo, en Zoom y cuando volvemos a vernos en la vida real.<\/p>\n<p style=\"text-align: justify;\">Nuestros alumnos y exalumnos, colegas y excolegas, compa\u00f1eros de iglesias, vecinos, viejos amigos, t\u00edas, t\u00edos y primos son atacados cada d\u00eda con m\u00e1s fuerza por el capitalismo. El Partido no s\u00f3lo nos da las herramientas para entender el mundo, sino una visi\u00f3n del futuro comunista. <strong>Los colectivos del Partido trabajando juntos, construyendo los lazos que nos permiten estar hombro con hombro en la lucha, pueden inspirar a nuestros amigos y familiares a unirse a nosotros. <\/strong>Al final, el colectivo es el mejor lugar donde se pone en pr\u00e1ctica y se eval\u00faa la l\u00ednea que el Partido ha desarrollado. Es donde la camarader\u00eda muestra su valor revolucionario. Juntos, podemos convertirnos en la fuerza revolucionaria necesaria para aplastar el capitalismo y construir el futuro comunista que todos necesitamos.<\/p>\n<h4><a href=\"https:\/\/icwpredflag.org\/wp\/wordpress\/wps\/volumen-12-numero-7\/\">Primera p\u00e1gina de esta edici\u00f3n<\/a><\/h4>\n","protected":false},"excerpt":{"rendered":"<p>Colectivos fuertes del Partido son cruciales para la lucha por el comunismo. Encarnan los colectivos que ser\u00e1n las unidades b\u00e1sicas de la sociedad comunista: una sociedad en la que no somos trabajadores y patrones, o l\u00edderes y seguidores, sino camaradas. En los colectivos es donde se lucha y se desarrolla la camarader\u00eda, la caracter\u00edstica principal &hellip; <a href=\"https:\/\/icwpredflag.org\/wp\/wordpress\/wps\/volumen-12-numero-7\/los-colectivos-del-partido-nos-permiten-visualizar-nuestro-futuro-comunista\/\" class=\"more-link\">Sigue leyendo <span class=\"screen-reader-text\">Los Colectivos del Partido Nos Permiten Visualizar Nuestro Futuro Comunista<\/span><\/a><\/p>\n","protected":false},"author":1,"featured_media":5655,"parent":7739,"menu_order":0,"comment_status":"closed","ping_status":"closed","template":"","meta":{"footnotes":""},"class_list":["post-7751","page","type-page","status-publish","has-post-thumbnail","hentry"],"_links":{"self":[{"href":"https:\/\/icwpredflag.org\/wp\/wordpress\/wps\/wp-json\/wp\/v2\/pages\/7751","targetHints":{"allow":["GET"]}}],"collection":[{"href":"https:\/\/icwpredflag.org\/wp\/wordpress\/wps\/wp-json\/wp\/v2\/pages"}],"about":[{"href":"https:\/\/icwpredflag.org\/wp\/wordpress\/wps\/wp-json\/wp\/v2\/types\/page"}],"author":[{"embeddable":true,"href":"https:\/\/icwpredflag.org\/wp\/wordpress\/wps\/wp-json\/wp\/v2\/users\/1"}],"replies":[{"embeddable":true,"href":"https:\/\/icwpredflag.org\/wp\/wordpress\/wps\/wp-json\/wp\/v2\/comments?post=7751"}],"version-history":[{"count":4,"href":"https:\/\/icwpredflag.org\/wp\/wordpress\/wps\/wp-json\/wp\/v2\/pages\/7751\/revisions"}],"predecessor-version":[{"id":7800,"href":"https:\/\/icwpredflag.org\/wp\/wordpress\/wps\/wp-json\/wp\/v2\/pages\/7751\/revisions\/7800"}],"up":[{"embeddable":true,"href":"https:\/\/icwpredflag.org\/wp\/wordpress\/wps\/wp-json\/wp\/v2\/pages\/7739"}],"wp:featuredmedia":[{"embeddable":true,"href":"https:\/\/icwpredflag.org\/wp\/wordpress\/wps\/wp-json\/wp\/v2\/media\/5655"}],"wp:attachment":[{"href":"https:\/\/icwpredflag.org\/wp\/wordpress\/wps\/wp-json\/wp\/v2\/media?parent=7751"}],"curies":[{"name":"wp","href":"https:\/\/api.w.org\/{rel}","templated":true}]}}