{"id":7755,"date":"2021-06-05T19:46:56","date_gmt":"2021-06-05T19:46:56","guid":{"rendered":"https:\/\/icwpredflag.org\/wp\/wordpress\/wps\/?page_id=7755"},"modified":"2021-06-06T05:39:23","modified_gmt":"2021-06-06T05:39:23","slug":"sudafrica-jovenes-camaradas-construyen-colectivos-comunistas","status":"publish","type":"page","link":"https:\/\/icwpredflag.org\/wp\/wordpress\/wps\/volumen-12-numero-7\/sudafrica-jovenes-camaradas-construyen-colectivos-comunistas\/","title":{"rendered":"Sud\u00e1frica: J\u00f3venes Camaradas Construyen Colectivos Comunistas"},"content":{"rendered":"<p style=\"text-align: justify;\"><strong>Creciente Colectivo <a class=\"icwp-emph\" href=\"#1\">aqu\u00ed \u2666<\/a> Materialismo Dialectico <a class=\"icwp-emph\" href=\"#2\">aqu\u00ed \u2666<\/a> Haciendo Planes para Avanzar <a class=\"icwp-emph\" href=\"#3\">aqu\u00ed \u2666<\/a><\/strong><\/p>\n<p><img loading=\"lazy\" decoding=\"async\" class=\"wp-image-7737 aligncenter\" src=\"https:\/\/icwpredflag.org\/wp\/wordpress\/wps\/wp-content\/uploads\/sites\/2\/2021\/06\/sadist1-291x300.jpg\" alt=\"\" width=\"713\" height=\"735\" srcset=\"https:\/\/icwpredflag.org\/wp\/wordpress\/wps\/wp-content\/uploads\/sites\/2\/2021\/06\/sadist1-291x300.jpg 291w, https:\/\/icwpredflag.org\/wp\/wordpress\/wps\/wp-content\/uploads\/sites\/2\/2021\/06\/sadist1.jpg 345w\" sizes=\"auto, (max-width: 713px) 100vw, 713px\" \/><\/p>\n<h3 id=\"1\" style=\"text-align: center;\"><span style=\"color: #ff0000;\"><strong>Creciente Colectivo en Sud\u00e1frica: <\/strong><strong>\u201cO Peleamos por un Futuro Comunista, o Perecemos\u201d<\/strong><\/span><\/h3>\n<p style=\"text-align: justify;\">GQEBERHA (Port Elizabeth, Sud\u00e1frica), 15 de mayo &#8211; El Partido Comunista Obrero Internacional (PCOI) organiz\u00f3 una cena aqu\u00ed. Asistieron quince camaradas, incluidos cuatro nuevos camaradas que nunca hab\u00edan estado en nuestras reuniones.<\/p>\n<p style=\"text-align: justify;\">Dos de esos nuevos camaradas fueron invitados por un camarada que hab\u00eda asistido a una reuni\u00f3n por primera vez siete d\u00edas antes. Ese camarada qued\u00f3 impresionado con nuestras ideas. Termin\u00f3 invitando a dos nuevos camaradas m\u00e1s.<\/p>\n<p style=\"text-align: justify;\">Las discusiones comenzaron con un camarada m\u00e1s adulto pregunt\u00e1ndoles a todos los camaradas, nuevos y viejos, por qu\u00e9 estaban en la reuni\u00f3n. Fue casi una respuesta universal: estaban all\u00ed para aprender m\u00e1s del comunismo y del PCOI.<\/p>\n<p style=\"text-align: justify;\">Se les explic\u00f3 a los camaradas que el PCOI es el Partido Comunista Obrero Internacional cuyo objetivo es cambiar el mundo movilizando por una revoluci\u00f3n comunista y construyendo una sociedad comunista sobre las cenizas del capitalismo.<\/p>\n<p style=\"text-align: justify;\">\u00bfC\u00f3mo?\u201d pregunt\u00f3 un camarada nuevo.<\/p>\n<p style=\"text-align: center;\"><strong>Materialismo Dial\u00e9ctico: La Filosof\u00eda Comunista del Cambio<\/strong><\/p>\n<p style=\"text-align: justify;\">Un camarada les pidi\u00f3 a los camaradas que enumeraran todo lo que ellos pensaban que pasan por cambios y las cosas que no cambian. Nadie pudo mencionar algo que no cambia, por el contrario, todo parece cambiar. Esto significa que \u201ccambiar el mundo no es imposible\u201d, coment\u00f3 un camarada.<\/p>\n<p style=\"text-align: justify;\">En segundo lugar, el PCOI tiene como objetivo cambiar el mundo guiado por su filosof\u00eda revolucionaria el Materialismo Dial\u00e9ctico. La dial\u00e9ctica es la filosof\u00eda del cambio la cual utilizamos para cambiar el mundo en la pr\u00e1ctica.<\/p>\n<p style=\"text-align: justify;\">Un camarada coment\u00f3 que \u201cen el materialismo dial\u00e9ctico hay leyes; la ley de la unidad y lucha de los contrarios, la ley de transformar la cantidad en cualidad y la ley de la negaci\u00f3n de la negaci\u00f3n. Estas leyes nos ayudan a lidiar con los desaf\u00edos y contradicciones y nos ayudan a crecer.<\/p>\n<p style=\"text-align: justify;\">\u201cTomando la segunda ley\u201d, prosigui\u00f3 el camarada, \u201cla ley establece que la cantidad puede cambiarse o transformarse en otra cualidad. Actualmente, el PCOI, todav\u00eda no est\u00e1 en un estado cualitativo para emprender una revoluci\u00f3n y as\u00ed cambiar el mundo. Pero si movilizamos a las masas, la clase obrera, reclutamos a los soldados y estudiantes, nuestro n\u00famero crecer\u00e1 y eventualmente estaremos en posici\u00f3n de unir a la clase trabajadora y rebelarnos contra los explotadores capitalistas\u201d.<\/p>\n<p style=\"text-align: justify;\">Los camaradas enfatizaron que como clase obrera no tenemos m\u00e1s remedio que luchar y arrebatarle el poder a la clase capitalista. Esto se debe a que la clase capitalista le importa un comino nuestras vidas, nuestra familia y nuestro bienestar. Los ricos se hacen m\u00e1s ricos mientras que los pobres se empobrecen m\u00e1s.<\/p>\n<p style=\"text-align: justify;\">Un camarada dijo: \u201cSi alguien pens\u00f3 alguna vez que a los capitalistas les importamos, el virus corona ciertamente ha demostrado que no les importamos. M\u00e1s de dos millones de personas han muerto. Los capitalistas est\u00e1n acumulando vacunas, produci\u00e9ndolas para sacar ganancias, mientras las masas contin\u00faan sufriendo y muriendo \u201c.<\/p>\n<p style=\"text-align: justify;\">O luchamos por nuestro futuro o perecemos. Nuestro futuro es un futuro comunista; una sociedad comunista.<\/p>\n<p style=\"text-align: justify;\">Los camaradas nuevos quer\u00edan saber \u00bfqu\u00e9 es esta sociedad comunista? Un camarada respondi\u00f3: \u201cEn una sociedad comunista, no habr\u00e1 patrones, ni dinero, ni delitos, ya que la gente comete delitos por el dinero. Pero para llegar a esa sociedad tenemos que abolir el sistema capitalista. El sistema capitalista produce alimentos para maximizar las ganancias a pesar de que hay personas que mueren de hambre porque no tienen dinero para comprar alimentos\u201d.<\/p>\n<p style=\"text-align: justify;\">El partido explic\u00f3 que ya vivimos en una sociedad donde algunos trabajadores trabajan y otros no. La sociedad comunista no es un sue\u00f1o descabellado, ya que estos pocos trabajadores que trabajan ya producen lo suficiente para alimentar a los trabajadores de todo el mundo. Nuestra \u00fanica preocupaci\u00f3n ser\u00e1 c\u00f3mo organizar esta producci\u00f3n.<\/p>\n<p style=\"text-align: justify;\">Por lo tanto, tenemos una tarea: apoderarnos de los medios de producci\u00f3n y organizar la sociedad en base a los de principios comunistas, donde producimos para satisfacer las necesidades, no sacar ganancias. Tenemos experiencias hist\u00f3ricas revolucionarias de las cuales a prender.<\/p>\n<p style=\"text-align: justify;\">Y si nos apegamos consistentemente a nuestra lucha interna, si tenemos discusiones y reuniones colectivas, si expandimos las c\u00e9lulas y redes del Partido, si reclutamos e invitamos a amigos al Partido, podemos ganar.<\/p>\n<p style=\"text-align: justify;\">El Partido se comprometi\u00f3 a utilizar todas las plataformas disponibles, incluidas las redes sociales, para complementar la distribuci\u00f3n de <em><strong>Bandera Roja<\/strong><\/em> con el fin de llegar a m\u00e1s masas y difundir las ideas comunistas. As\u00ed es como cambiamos la cantidad en cualidad revolucionaria.<\/p>\n<h3 id=\"2\" style=\"text-align: center;\"><span style=\"color: #ff0000;\"><strong>Preguntas Sobre el Materialismo Dial\u00e9ctico y Escribiendo para <em>Bandera Roja<\/em><\/strong><\/span><\/h3>\n<p style=\"text-align: justify;\">El materialismo dial\u00e9ctico, o la ciencia y la filosof\u00eda del cambio, se convertir\u00e1 en una fuerza material cuando las masas lo capten. Principalmente, nuestra pr\u00e1ctica har\u00e1 posible que las masas la comprendan y la hagan avanzar. Por lo tanto, es esencial que Bandera Roja ponga esto al frente de nuestra literatura.<\/p>\n<p style=\"text-align: justify;\">Cada art\u00edculo debe analizar un aspecto de c\u00f3mo se usa la dial\u00e9ctica en nuestra lucha. Cuando decimos, distribuimos 100 peri\u00f3dicos e hicimos 4 contactos, \u00bfc\u00f3mo entendemos esto? \u00bfEs un cambio cualitativo o un cambio cuantitativo? \u00bfPara el colectivo? \u00bfPara el colectivo de la ciudad? \u00bfPara la clase trabajadora internacional? \u00bfC\u00f3mo se relacionan?<\/p>\n<p style=\"text-align: justify;\">Si se trata de un cambio cualitativo, \u00bfqu\u00e9 se requerir\u00e1 para provocar ese cambio? \u00bfC\u00f3mo sabemos lo que est\u00e1 sucediendo, c\u00f3mo lo medimos?<\/p>\n<p style=\"text-align: justify;\">Los art\u00edculos sobre la pandemia est\u00e1n llenos de ejemplos de cambio dial\u00e9ctico. Cuando escribimos sobre el futuro comunista, \u00bfcu\u00e1l es la base material, qu\u00e9 contradicciones est\u00e1n surgiendo ahora que iluminan lo que suceder\u00e1 en el futuro? \u00bfQu\u00e9 tipo de lucha lo vincular\u00e1 con el futuro?<\/p>\n<p style=\"text-align: justify;\">Podemos dar muchos ejemplos; el punto es hacer que la dial\u00e9ctica sea parte de nuestra comprensi\u00f3n diaria de c\u00f3mo est\u00e1n cambiando las cosas. Si no logramos llevar a cabo esta lucha, desembocar\u00e1 en pol\u00e9micas, individualismo y un entendimiento ahist\u00f3rico.<\/p>\n<p style=\"text-align: justify;\">Un colectivo en Sud\u00e1frica<\/p>\n<h3 id=\"3\" style=\"text-align: center;\"><span style=\"color: #ff0000;\"><strong>J\u00f3venes Camaradas Hacen Planes para Hacer Avanzar el Partido<\/strong><\/span><\/h3>\n<p style=\"text-align: justify;\">Cinco camaradas se reunieron por Zoom para dar la bienvenida a los nuevos miembros y hacer planes. Varios dieron una breve introducci\u00f3n y una historia sobre c\u00f3mo empezaron a participar en la pol\u00edtica y el comunismo.<\/p>\n<p style=\"text-align: justify;\">Mencionamos los siguientes puntos: En primer lugar, las clases pol\u00edticas que se imparten en el Cabo Oriental. Aquellos en el Cabo Occidental a\u00fan deben desarrollar estos grupos de estudio en nuestras \u00e1reas para poder movilizar aqu\u00ed. El camarada Bogani hizo un trabajo sobresaliente explicando c\u00f3mo podemos avanzar en este sentido. Especialmente conociendo a los otros camaradas en el Cabo Occidental.<\/p>\n<p style=\"text-align: justify;\">En segundo lugar, la historia de <em><strong>Bandera Roja<\/strong><\/em>, incluida su producci\u00f3n y distribuci\u00f3n. Tambi\u00e9n est\u00e1bamos interesados en saber m\u00e1s sobre eso. El camarada Bogani nos explic\u00f3 claramente el proceso. Ahora se est\u00e1n haciendo planes para llevar m\u00e1s copias de <em><strong>Bandera Roja<\/strong><\/em> a Cabo Occidental, as\u00ed como m\u00e1s copias del folleto Movilizar a las Masas para el Comunismo, que es fundamental para educar a la clase trabajadora e iluminar a las masas.<\/p>\n<p style=\"text-align: justify;\">Finalmente, una propuesta de la reuni\u00f3n de Zoom Internacional para J\u00f3venes del PCOI, para conocerse y dar reportes sobre c\u00f3mo movilizamos a los j\u00f3venes en nuestras comunidades y \u00e1reas respectivas. El principal problema es la sincronizaci\u00f3n. Se redactar\u00e1 una lista para las reuniones programadas con el fin de que los miembros puedan reunirse sin problemas.<\/p>\n<p style=\"text-align: justify;\">Un camarada tambi\u00e9n mencion\u00f3 organizar un evento para el 16 de junio. Una reuni\u00f3n general en el Cabo Oriental, seguida de la distribuci\u00f3n de <strong><em>Bandera Roja<\/em><\/strong> y una cena. Los planes se elaborar\u00e1n, finalizar\u00e1n y debatir\u00e1n m\u00e1s a fondo. Se discuti\u00f3 mucho m\u00e1s, pero este reporte ten\u00eda que ser breve. Fue una reuni\u00f3n \u00fatil.<\/p>\n<p style=\"text-align: justify;\">Colectivo en Ciudad del Cabo (Sud\u00e1frica)<\/p>\n<h4 style=\"text-align: justify;\"><a href=\"https:\/\/icwpredflag.org\/wp\/wordpress\/wps\/volumen-12-numero-7\/\">Primera p\u00e1gina de esta edici\u00f3n<\/a><\/h4>\n<p style=\"text-align: justify;\">\n","protected":false},"excerpt":{"rendered":"<p>Creciente Colectivo aqu\u00ed \u2666 Materialismo Dialectico aqu\u00ed \u2666 Haciendo Planes para Avanzar aqu\u00ed \u2666 Creciente Colectivo en Sud\u00e1frica: \u201cO Peleamos por un Futuro Comunista, o Perecemos\u201d GQEBERHA (Port Elizabeth, Sud\u00e1frica), 15 de mayo &#8211; El Partido Comunista Obrero Internacional (PCOI) organiz\u00f3 una cena aqu\u00ed. Asistieron quince camaradas, incluidos cuatro nuevos camaradas que nunca hab\u00edan estado &hellip; <a href=\"https:\/\/icwpredflag.org\/wp\/wordpress\/wps\/volumen-12-numero-7\/sudafrica-jovenes-camaradas-construyen-colectivos-comunistas\/\" class=\"more-link\">Sigue leyendo <span class=\"screen-reader-text\">Sud\u00e1frica: J\u00f3venes Camaradas Construyen Colectivos Comunistas<\/span><\/a><\/p>\n","protected":false},"author":1,"featured_media":5655,"parent":7739,"menu_order":0,"comment_status":"closed","ping_status":"closed","template":"","meta":{"footnotes":""},"class_list":["post-7755","page","type-page","status-publish","has-post-thumbnail","hentry"],"_links":{"self":[{"href":"https:\/\/icwpredflag.org\/wp\/wordpress\/wps\/wp-json\/wp\/v2\/pages\/7755","targetHints":{"allow":["GET"]}}],"collection":[{"href":"https:\/\/icwpredflag.org\/wp\/wordpress\/wps\/wp-json\/wp\/v2\/pages"}],"about":[{"href":"https:\/\/icwpredflag.org\/wp\/wordpress\/wps\/wp-json\/wp\/v2\/types\/page"}],"author":[{"embeddable":true,"href":"https:\/\/icwpredflag.org\/wp\/wordpress\/wps\/wp-json\/wp\/v2\/users\/1"}],"replies":[{"embeddable":true,"href":"https:\/\/icwpredflag.org\/wp\/wordpress\/wps\/wp-json\/wp\/v2\/comments?post=7755"}],"version-history":[{"count":8,"href":"https:\/\/icwpredflag.org\/wp\/wordpress\/wps\/wp-json\/wp\/v2\/pages\/7755\/revisions"}],"predecessor-version":[{"id":7799,"href":"https:\/\/icwpredflag.org\/wp\/wordpress\/wps\/wp-json\/wp\/v2\/pages\/7755\/revisions\/7799"}],"up":[{"embeddable":true,"href":"https:\/\/icwpredflag.org\/wp\/wordpress\/wps\/wp-json\/wp\/v2\/pages\/7739"}],"wp:featuredmedia":[{"embeddable":true,"href":"https:\/\/icwpredflag.org\/wp\/wordpress\/wps\/wp-json\/wp\/v2\/media\/5655"}],"wp:attachment":[{"href":"https:\/\/icwpredflag.org\/wp\/wordpress\/wps\/wp-json\/wp\/v2\/media?parent=7755"}],"curies":[{"name":"wp","href":"https:\/\/api.w.org\/{rel}","templated":true}]}}