{"id":7772,"date":"2021-06-05T21:05:12","date_gmt":"2021-06-05T21:05:12","guid":{"rendered":"https:\/\/icwpredflag.org\/wp\/wordpress\/wps\/?page_id=7772"},"modified":"2021-06-06T05:48:35","modified_gmt":"2021-06-06T05:48:35","slug":"la-revolucion-comunista-acabara-con-la-competencia-imperialista-y-la-guerra-mundial","status":"publish","type":"page","link":"https:\/\/icwpredflag.org\/wp\/wordpress\/wps\/volumen-12-numero-7\/la-revolucion-comunista-acabara-con-la-competencia-imperialista-y-la-guerra-mundial\/","title":{"rendered":"La Revoluci\u00f3n Comunista Acabar\u00e1 con la Competencia Imperialista y la Guerra Mundial"},"content":{"rendered":"<p style=\"text-align: justify;\"><strong>La Expansi\u00f3n Imperialista China y Rusa en El Salvador <a class=\"icwp-emph\" href=\"#1\">aqu\u00ed \u2666<\/a> \u00bfEst\u00e1n EE.UU. y China Camino a la 3\u00aa Guerra Mundial? <a class=\"icwp-emph\" href=\"#2\">aqu\u00ed \u2666<\/a><\/strong><\/p>\n<p><img loading=\"lazy\" decoding=\"async\" class=\"wp-image-7058 aligncenter\" src=\"https:\/\/icwpredflag.org\/wp\/wordpress\/wps\/wp-content\/uploads\/sites\/2\/2021\/01\/destruir-imperialismo-in-march-300x276.jpg\" alt=\"\" width=\"685\" height=\"630\" srcset=\"https:\/\/icwpredflag.org\/wp\/wordpress\/wps\/wp-content\/uploads\/sites\/2\/2021\/01\/destruir-imperialismo-in-march-300x276.jpg 300w, https:\/\/icwpredflag.org\/wp\/wordpress\/wps\/wp-content\/uploads\/sites\/2\/2021\/01\/destruir-imperialismo-in-march-768x707.jpg 768w, https:\/\/icwpredflag.org\/wp\/wordpress\/wps\/wp-content\/uploads\/sites\/2\/2021\/01\/destruir-imperialismo-in-march.jpg 824w\" sizes=\"auto, (max-width: 685px) 100vw, 685px\" \/><\/p>\n<h3 id=\"1\" style=\"text-align: center;\"><span style=\"color: #ff0000;\"><strong>Los Planes de Expansi\u00f3n Imperialista Chinos y Rusos para El Salvador<\/strong><\/span><\/h3>\n<p style=\"text-align: justify;\">EL SALVADOR, 29 de mayo\u2014\u201cRecientemente 6 camaradas obreras\/os del Partido Comunista Obrero Internacional, tuvimos una reuni\u00f3n con el tema de como China y Rusia se est\u00e1n introduciendo en el pa\u00eds y como los imperialistas estadounidenses est\u00e1n en retirada\u201d, coment\u00f3 un l\u00edder obrero. \u201cQueremos saber c\u00f3mo eso nos va a afectar en los trabajos y c\u00f3mo podemos estudiar la forma de que los obreros conozcamos que est\u00e1 pasando internacionalmente entre los imperios\u201d, finaliz\u00f3.<\/p>\n<p style=\"text-align: justify;\">\u201cDebemos apoyar lo que China est\u00e1 haciendo, yo no comparto la posici\u00f3n de EE.UU., no nos debe manipular, China es una potencia\u201d, expres\u00f3 A.<\/p>\n<p style=\"text-align: justify;\">\u201cUSA apoya los corruptos y no quiere que el pa\u00eds se desarrolle, con China tenemos un futuro, como comunista as\u00ed lo veo\u201d, dijo B.<\/p>\n<p style=\"text-align: justify;\">A lo que el camarada l\u00edder obrero respondi\u00f3, \u201chace falta m\u00e1s estudio comunista camaradas, para entender que tanto USA como China lo que buscan es el dominio del poder militar y econ\u00f3mico y nunca el bienestar para la humanidad. Los invito a que sigamos leyendo Bandera Roja y a seguir adelante.\u201d<\/p>\n<p style=\"text-align: justify;\">Beijing Asia Pacific Xuan Hao Project Investment, es un megaproyecto de inversi\u00f3n que contempla la creaci\u00f3n de una zona de libre comercio en el sureste de El Salvador. Este es un \u00e1rea estrat\u00e9gica de casi 2.800 kil\u00f3metros cuadrados al norte del Golfo de Fonseca. Desde el Puerto de la Libertad al de la Uni\u00f3n, con acceso a Honduras y Nicaragua. Con una inversi\u00f3n de $23,000 millones de d\u00f3lares.<\/p>\n<p style=\"text-align: justify;\">Se planea construir un parque industrial, un puerto, un aeropuerto y zonas tur\u00edsticas, entre otras cosas. Est\u00e1n convirtiendo El Salvador en una zona para la expansi\u00f3n comercial de China en Centroam\u00e9rica. Esto se compara con el intento de los imperialistas chinos de crear un canal en Nicaragua.<\/p>\n<p style=\"text-align: justify;\">China y El Salvador, firmaron un acuerdo marco en 2019, el cu\u00e1l fue ratificado esta semana por la Asamblea Legislativa. Esto un d\u00eda despu\u00e9s de que Estados Unidos hiciera p\u00fablica una lista de 5 funcionarios corruptos de El Salvador, hecha por el Departamento de Estado, que incluye a tres altos miembros del gabinete del presidente Nayib Bukele, igual a 2 excomandantes del FMLN.<\/p>\n<p style=\"text-align: justify;\">Asimismo, la agencia de cooperaci\u00f3n estadounidense USAID anunci\u00f3 el desv\u00edo de fondos destinados a instituciones p\u00fablicas, como la Polic\u00eda Nacional y el Instituto de Acceso a la Informaci\u00f3n P\u00fablica, a grupos de la sociedad civil, en respuesta a lo que Bukele est\u00e1 llevando a cabo.<\/p>\n<p style=\"text-align: justify;\">La primera donaci\u00f3n china que anunci\u00f3 Bukele es de $500 millones de d\u00f3lares no reembolsables, \u201cson 2 FOMILENIOS juntos y sin pedirnos nada a cambio\u201d, aludiendo a la ayuda estadounidense.<\/p>\n<p style=\"text-align: justify;\">La lucha Inter imperialista est\u00e1 llev\u00e1ndose a cabo por todos los rincones del mundo y El Salvador no es la excepci\u00f3n. En una tercera guerra mundial, al igual que la primera y segunda, quienes ponen los muertos son los hijos e hijas de la clase trabajadora.<\/p>\n<p style=\"text-align: justify;\">Lo que debe entenderse es que la voluntad pol\u00edtica del PCOI es: la organizaci\u00f3n y discusi\u00f3n para ganar a la clase trabajadora a la revoluci\u00f3n comunista y no morir en guerras por ganancias capitalistas.<\/p>\n<p style=\"text-align: justify;\"><strong>El imperio Ruso en El Salvador<\/strong><\/p>\n<p style=\"text-align: justify;\">\u201cYa sab\u00e9s que el gobierno de Bukele compr\u00f3 un mill\u00f3n de vacunas rusas Sputnik?, le pregunt\u00f3 un compa\u00f1ero de trabajo a otro. El otro respondi\u00f3 \u201cDonde esta China ah\u00ed esta Rusia, es la lucha contra Estados Unidos\u201d. \u201cEst\u00e1 bien que traigan esas vacunas, eso ayudar\u00e1 a m\u00e1s personas, que es lo importante, a los del norte (USA) ni les importamos\u201d, culmin\u00f3 diciendo.<\/p>\n<p style=\"text-align: justify;\">El mismo d\u00eda que se ratific\u00f3 el acuerdo con China, la Casa Presidencial de El Salvador public\u00f3 una foto de Bukele con diplom\u00e1ticos rusos y una cita que dec\u00eda: \u201cNo tiene nada de malo tener buenas relaciones pol\u00edticas siempre y cuando sean con respeto.<\/p>\n<p style=\"text-align: justify;\">\u201cLa relaci\u00f3n entre ambos pa\u00edses no es muy intensa y nuestro deseo es cambiar esa situaci\u00f3n. El Salvador confirm\u00f3 su voluntad de estrechar relaciones, y eso es un paso, muy importante\u201d, dijo el embajador ruso Khokholikov.<\/p>\n<p style=\"text-align: justify;\">Un presidente fascista nos quiere enga\u00f1ar de forma descarada utilizando toda la maquinaria de publicidad del estado para hacer creer a la clase obrera que los capitalistas chinos y rusos son mejores que los de Estados Unidos. Pero la realidad en pa\u00edses como Camboya, Kirguist\u00e1n y Pakist\u00e1n es otra; China ejecuta proyectos para satisfacer las necesidades de mayores ganancias y expansi\u00f3n de sus mercados al extranjero.<\/p>\n<p style=\"text-align: justify;\">La opci\u00f3n real y revolucionaria para la clase obrera es el Partido Comunista Obrero Internacional, desde India hasta Sud\u00e1frica de Pakist\u00e1n a M\u00e9xico, de USA a Colombia y de El Salvador a todo el mundo.<\/p>\n<p style=\"text-align: justify;\">La consigna de la lucha por el sistema comunista debe ser: organizar de forma permanente a los trabajadores para estar preparados ante los nuevos ataques y la represi\u00f3n que presagia la pol\u00edtica fascista del estado salvadore\u00f1o.<\/p>\n<h3 id=\"2\" style=\"text-align: center;\"><span style=\"color: #ff0000;\"><strong>Tercera Guerra Mundial: \u00bfFicci\u00f3n Especulativa o Peligro Inminente?<\/strong><\/span><\/h3>\n<p style=\"text-align: justify;\">\u201c2034: Una Novela Acerca de la Pr\u00f3xima Guerra mundial\u201d (marzo de 2021) del exmarine Elliot Ackerman y el almirante de la Marina estadounidense James Stavridis, se convirti\u00f3 instant\u00e1neamente en un \u00e9xito de ventas. En el libro, China y EE.UU. entran en un conflicto naval en el Pac\u00edfico. El mundo entero se ve arrastrado a otro conflicto imperialista. En un cap\u00edtulo, la ciudad portuaria de Shangh\u00e1i, densamente poblada, es diezmada por un arma nuclear t\u00e1ctica estadounidense.<\/p>\n<p style=\"text-align: justify;\">El libro ha sido descartado como \u201cficci\u00f3n especulativa\u201d. Pero la posibilidad de que los capitalistas se vayan a la guerra es mayor de lo que ha sido en las \u00faltimas d\u00e9cadas. Con el ascenso econ\u00f3mico de China y su Iniciativa cintur\u00f3n y la Ruta de la Seda (BRI), los polos de poder est\u00e1n cambiando en todo el mundo.<\/p>\n<p style=\"text-align: justify;\">Quiz\u00e1s anticipando un conflicto inevitable con EE. UU., China ha estado en las \u00faltimas dos d\u00e9cadas invirtiendo fuertemente en la construcci\u00f3n de un ej\u00e9rcito moderno y t\u00e9cnicamente formidable. Ha ampliado su presencia naval en el Mar de China Meridional. El ochenta por ciento de las importaciones de energ\u00eda de China y el 40% de su comercio total pasan por ese mar.<\/p>\n<p style=\"text-align: justify;\">China ha extendido sus capacidades militares al espacio con misiles destructores de sat\u00e9lites. Incluso aterriz\u00f3 un rover en el otro lado de la luna. Desde 2000, China tambi\u00e9n ha lanzado sus propios sat\u00e9lites GPS para eliminar la dependencia del Sistema de Posicionamiento Global de Estados Unidos.<\/p>\n<p style=\"text-align: justify;\">En 2017, China emiti\u00f3 su \u201cPlan de Desarrollo de Inteligencia Artificial de Nueva Generaci\u00f3n\u201d. Esto present\u00f3 su ambici\u00f3n de ser una superpotencia impulsada por la inteligencia artificial. China tiene mil millones de personas que generan conjuntos de datos, un grupo creciente de ingenieros de inteligencia artificial altamente capacitados y un gasto masivo del gobierno chino, as\u00ed como una regulaci\u00f3n espec\u00edfica. Esta infraestructura permite a China competir con Estados Unidos tanto econ\u00f3mica como militarmente.<\/p>\n<p style=\"text-align: justify;\">Las empresas chinas y coreanas poseen la mayor cantidad de patentes en tecnolog\u00edas de comunicaci\u00f3n de pr\u00f3xima generaci\u00f3n como 5G, seguidas por las empresas finlandesas. Estados Unidos est\u00e1 a la saga. Con la ayuda del gobierno chino, las empresas chinas est\u00e1n desempe\u00f1ando un papel cada vez m\u00e1s importante en el establecimiento de est\u00e1ndares. China present\u00f3 830 documentos t\u00e9cnicos a la Uni\u00f3n Internacional de Telecomunicaciones en 2019. Eso fue m\u00e1s que los siguientes tres pa\u00edses juntos.<\/p>\n<p style=\"text-align: justify;\"><strong>Los Gobernantes Imperialistas Estadounidenses Se Preparan para la Guerra Mundial<\/strong><\/p>\n<p style=\"text-align: justify;\">Siguiendo el \u201cGiro Hacia Asia\u201d de Obama, los gobernantes de EE.UU. han adoptado una postura cada vez m\u00e1s agresiva hacia China. Para adoctrinar a su poblaci\u00f3n para la guerra, Estados Unidos ha aumentado la propaganda nacional e internacional y la sinofobia racista. Su \u00faltima ofensiva est\u00e1 reviviendo la teor\u00eda de la \u201cfuga del laboratorio de Wuhan\u201d sobre c\u00f3mo comenz\u00f3 la pandemia de Covid.<\/p>\n<p style=\"text-align: justify;\">Inevitablemente, la violencia antiasi\u00e1tica ha aumentado en las ciudades estadounidenses. Al igual que con la propaganda antijaponesa en la d\u00e9cada de 1980, la clase trabajadora sufre los resultados de la violencia a menudo fatal debido a la rivalidad capitalista-imperialista.<\/p>\n<p style=\"text-align: justify;\">El presidente Biden dej\u00f3 en claro en su discurso sobre el estado de la Uni\u00f3n de abril que Estados Unidos necesita impulsar su econom\u00eda \u201cpara ganar el siglo XXI\u201d contra China. Pero como la historia ha demostrado en repetidas ocasiones, los capitalistas son los \u00fanicos que obtienen ganancias. Mientras tanto, los trabajadores mueren por esas ganancias en guerras contra trabajadores de otras naciones.<\/p>\n<p style=\"text-align: justify;\">Generales, financieros y politiqueros se sientan en lujosos b\u00fankeres subterr\u00e1neos protegidos contra armas nucleares y convencionales. Beben champ\u00e1n mientras tocan los botones de sus pantallas t\u00e1ctiles \u201cHechas en China\u201d, ordenando a millones a matarse entre s\u00ed.<\/p>\n<p style=\"text-align: justify;\"><strong>Una Clase Obrera Internacional-Un Partido Comunista Obrero Internacional<\/strong><\/p>\n<p style=\"text-align: justify;\">Las naciones capitalistas necesitan competir entre s\u00ed, pero los trabajadores no. No necesitamos tecnolog\u00eda para pelear guerras y matarnos unos a otros para obtener ganancias. Necesitamos organizarnos para el comunismo, especialmente dentro de las f\u00e1bricas y ej\u00e9rcitos de los patrones. La revoluci\u00f3n mundial comunista es la \u00fanica forma de acabar con las guerras mundiales imperialistas.<\/p>\n<p style=\"text-align: justify;\">La sociedad comunista utilizar\u00e1 la tecnolog\u00eda para mejorar las vidas de todos los seres vivientes. Libres del af\u00e1n de las ganancias Los obreros comunistas podr\u00e1n desarrollar tecnolog\u00edas que hagan que la agricultura sea m\u00e1s sostenible mientras distribuyen alimentos gratis para todos.<\/p>\n<p style=\"text-align: justify;\">El agua potable estar\u00e1 disponible para todos los seres vivientes. Casas energ\u00e9ticamente eficientes estar\u00e1n disponibles para todos sin destruir los h\u00e1bitats de otros seres vivientes.<\/p>\n<p style=\"text-align: justify;\">El comunismo erradicar\u00e1 las guerras genocidas inherente en el capitalismo, al igual que sus crisis financieras y ambientales cada vez m\u00e1s frecuentes. La sociedad comunista producir\u00e1 de manera sostenible todo lo que se necesite.<\/p>\n<p style=\"text-align: justify;\">Y eso no es \u201cficci\u00f3n especulativa\u201d.<\/p>\n<h4><a href=\"https:\/\/icwpredflag.org\/wp\/wordpress\/wps\/volumen-12-numero-7\/\">Primera p\u00e1gina de esta edici\u00f3n<\/a><\/h4>\n<p style=\"text-align: justify;\">\n","protected":false},"excerpt":{"rendered":"<p>La Expansi\u00f3n Imperialista China y Rusa en El Salvador aqu\u00ed \u2666 \u00bfEst\u00e1n EE.UU. y China Camino a la 3\u00aa Guerra Mundial? aqu\u00ed \u2666 Los Planes de Expansi\u00f3n Imperialista Chinos y Rusos para El Salvador EL SALVADOR, 29 de mayo\u2014\u201cRecientemente 6 camaradas obreras\/os del Partido Comunista Obrero Internacional, tuvimos una reuni\u00f3n con el tema de como &hellip; <a href=\"https:\/\/icwpredflag.org\/wp\/wordpress\/wps\/volumen-12-numero-7\/la-revolucion-comunista-acabara-con-la-competencia-imperialista-y-la-guerra-mundial\/\" class=\"more-link\">Sigue leyendo <span class=\"screen-reader-text\">La Revoluci\u00f3n Comunista Acabar\u00e1 con la Competencia Imperialista y la Guerra Mundial<\/span><\/a><\/p>\n","protected":false},"author":1,"featured_media":5655,"parent":7739,"menu_order":0,"comment_status":"closed","ping_status":"closed","template":"","meta":{"footnotes":""},"class_list":["post-7772","page","type-page","status-publish","has-post-thumbnail","hentry"],"_links":{"self":[{"href":"https:\/\/icwpredflag.org\/wp\/wordpress\/wps\/wp-json\/wp\/v2\/pages\/7772","targetHints":{"allow":["GET"]}}],"collection":[{"href":"https:\/\/icwpredflag.org\/wp\/wordpress\/wps\/wp-json\/wp\/v2\/pages"}],"about":[{"href":"https:\/\/icwpredflag.org\/wp\/wordpress\/wps\/wp-json\/wp\/v2\/types\/page"}],"author":[{"embeddable":true,"href":"https:\/\/icwpredflag.org\/wp\/wordpress\/wps\/wp-json\/wp\/v2\/users\/1"}],"replies":[{"embeddable":true,"href":"https:\/\/icwpredflag.org\/wp\/wordpress\/wps\/wp-json\/wp\/v2\/comments?post=7772"}],"version-history":[{"count":6,"href":"https:\/\/icwpredflag.org\/wp\/wordpress\/wps\/wp-json\/wp\/v2\/pages\/7772\/revisions"}],"predecessor-version":[{"id":7802,"href":"https:\/\/icwpredflag.org\/wp\/wordpress\/wps\/wp-json\/wp\/v2\/pages\/7772\/revisions\/7802"}],"up":[{"embeddable":true,"href":"https:\/\/icwpredflag.org\/wp\/wordpress\/wps\/wp-json\/wp\/v2\/pages\/7739"}],"wp:featuredmedia":[{"embeddable":true,"href":"https:\/\/icwpredflag.org\/wp\/wordpress\/wps\/wp-json\/wp\/v2\/media\/5655"}],"wp:attachment":[{"href":"https:\/\/icwpredflag.org\/wp\/wordpress\/wps\/wp-json\/wp\/v2\/media?parent=7772"}],"curies":[{"name":"wp","href":"https:\/\/api.w.org\/{rel}","templated":true}]}}