{"id":7860,"date":"2021-06-27T02:19:20","date_gmt":"2021-06-27T02:19:20","guid":{"rendered":"https:\/\/icwpredflag.org\/wp\/wordpress\/wps\/?page_id=7860"},"modified":"2021-06-27T02:19:20","modified_gmt":"2021-06-27T02:19:20","slug":"conflicto-g7-otan-ee-uu-versus-china-se-agudiza","status":"publish","type":"page","link":"https:\/\/icwpredflag.org\/wp\/wordpress\/wps\/volumen-12-numero-8\/conflicto-g7-otan-ee-uu-versus-china-se-agudiza\/","title":{"rendered":"Conflicto G7-OTAN: EE.UU. versus China Se Agudiza"},"content":{"rendered":"<p><img loading=\"lazy\" decoding=\"async\" class=\"wp-image-7819 aligncenter\" src=\"https:\/\/icwpredflag.org\/wp\/wordpress\/wps\/wp-content\/uploads\/sites\/2\/2021\/06\/whitebanner-300x147.jpg\" alt=\"\" width=\"727\" height=\"356\" srcset=\"https:\/\/icwpredflag.org\/wp\/wordpress\/wps\/wp-content\/uploads\/sites\/2\/2021\/06\/whitebanner-300x147.jpg 300w, https:\/\/icwpredflag.org\/wp\/wordpress\/wps\/wp-content\/uploads\/sites\/2\/2021\/06\/whitebanner.jpg 622w\" sizes=\"auto, (max-width: 727px) 100vw, 727px\" \/><\/p>\n<h4 style=\"text-align: center;\"><span style=\"color: #ff0000;\"><strong>Estados Unidos y Aliados Rumbo a Chocar con China-Rusia. <\/strong><strong>Los Soldados y Obreros Debemos Prepararnos para la Revoluci\u00f3n Comunista<\/strong><\/span><\/h4>\n<p style=\"text-align: justify;\">Las cumbres del G7, la OTAN y la Uni\u00f3n Europea-EE.UU., que concluyeron del 13 al 15 de junio, agudizaron la rivalidad entre los imperialistas estadounidenses, chinos y rusos por la dominaci\u00f3n mundial.<\/p>\n<p style=\"text-align: justify;\">Esta rivalidad es el aspecto principal de la principal contradicci\u00f3n en el mundo actual. Directa o indirectamente, impacta todo lo que afecta nuestras vidas. Est\u00e1 conduciendo el mundo hacia una profundizante crisis econ\u00f3mica, fascismo y guerra mundial.<\/p>\n<p style=\"text-align: justify;\">El Materialismo Dial\u00e9ctico es la filosof\u00eda comunista del cambio. Nos ense\u00f1a que el capitalismo (como todo lo que existe) es una contradicci\u00f3n dial\u00e9ctica. Es dos campos, los obreros y capitalistas, unidos, pero en lucha entre s\u00ed. Los capitalistas luchan por seguir oprimiendo y explot\u00e1ndonos. La lucha nuestra es para acabar con esta explotaci\u00f3n. Tenemos que hacer esta la lucha la principal contradicci\u00f3n del mundo, agudiz\u00e1ndola a favor de la clase obrera.<\/p>\n<p style=\"text-align: justify;\">El Partido Comunista Obrero Internacional aspira a liderar esto organiz\u00e1ndose para crecer masivamente a nivel internacional. Y movilizar a millones de obreros, soldados y j\u00f3venes en una revoluci\u00f3n armada por el comunismo. Solo esto puede detener los planes patronales de la Tercera Guerra Mundial.<\/p>\n<p style=\"text-align: justify;\"><strong>Las Contradicciones el Campo Patronal Son Insolubles.<\/strong><\/p>\n<p style=\"text-align: justify;\">A instancias del presidente estadounidense Biden, estas cumbres adoptaron una postura dura contra China y Rusia.<\/p>\n<p style=\"text-align: justify;\">Sin embargo, estaban divididos en cuanto a endosar una nueva Guerra Fr\u00eda con China y Rusia. Los capitalistas europeos tienen intereses divergentes con los patrones estadounidenses y tambi\u00e9n entre ellos mismos.<\/p>\n<p style=\"text-align: justify;\">Europa necesita el comercio y las inversiones de China. China es el principal socio comercial de la UE y Rusia monopoliza el mercado europeo en cuanto a suministros energ\u00e9ticos.<\/p>\n<p style=\"text-align: justify;\">Los capitalistas europeos se dan cuenta de que el viento sopla del este. El mundo en desarrollo tiene casi dos tercios de la econom\u00eda mundial en comparaci\u00f3n con un tercio de Occidente. Hace cincuenta a\u00f1os, era exactamente lo opuesto.<\/p>\n<p style=\"text-align: justify;\">Sin embargo, endosaron la iniciativa estadounidense \u201cBuild Back Better World\u201d (B3W, Construir Otra vez un Mundo Mejor). Este proyecto de infraestructura global est\u00e1 dise\u00f1ado para competir con la Iniciativa de la Franja y la Ruta de Seda de China (BRI). BRI es el proyecto de infraestructura masiva de puertos, carreteras y trenes para unir Asia con Europa y \u00c1frica.<\/p>\n<p style=\"text-align: justify;\">Los capitalistas pueden unirse temporalmente, pero sus intereses divergentes los lleva al conflicto. Aunque unidos en la explotaci\u00f3n de los trabajadores, se pelean por el bot\u00edn de esta explotaci\u00f3n. Si no participamos en una guerra revolucionaria contra ellos, son libres de hacerse la guerra<\/p>\n<p style=\"text-align: justify;\"><strong>El Imperialismo de EE.UU. No Puede Detener el Ascenso de China<\/strong><\/p>\n<p style=\"text-align: justify;\">Justamente al anunciar el proyecto B3W, los socios de EE. UU., Australia, Jap\u00f3n y Europa se reun\u00edan en Par\u00eds para reactivar y expandir Blue Dot Network (BDN, Red Azul de Puntos). Este proyecto de infraestructura tambi\u00e9n apunta a descarrilar el BRI de China.<\/p>\n<p style=\"text-align: justify;\">Biden dijo que las necesidades infraestructurales del \u201cmundo subdesarrollado\u201d superan 40 billones de d\u00f3lares. Es posible que ambos proyectos nunca se materialicen porque dependen de inversores privados que pueden decidir no realizar grandes inversiones en pa\u00edses empobrecidos. Mientras tanto, China ha invertido m\u00e1s de $4 billones en BRI.<\/p>\n<p style=\"text-align: justify;\"><strong>Contradicciones Entre los Gobernantes de EE.UU. y Sus Aliados<\/strong><\/p>\n<p style=\"text-align: justify;\">La semana pasada, el Senado de EE.UU. aprob\u00f3 un proyecto de ley bipartidista que proporciona 250 mil millones de d\u00f3lares durante cinco a\u00f1os para la investigaci\u00f3n y desarrollo tecnol\u00f3gico para competir con China.<\/p>\n<p style=\"text-align: justify;\">\u201cDeclaramos nuestra intenci\u00f3n de ganar este siglo y los que le siguen tambi\u00e9n\u201d, exclam\u00f3 un senador republicano que copatrocin\u00f3 este proyecto de ley. \u00c9l est\u00e1 delirando.<\/p>\n<p style=\"text-align: justify;\">Los imperialistas chinos est\u00e1n invirtiendo $560 mil millones al a\u00f1o en la investigaci\u00f3n y desarrollo tecnol\u00f3gico.<\/p>\n<p style=\"text-align: justify;\">Otros gobernantes estadounidenses no se hacen ilusiones. Su objetivo es poner a la OTAN de su lado en una guerra contra China y Rusia.<\/p>\n<p style=\"text-align: justify;\">A instancias de EE.UU. la OTAN por primera vez se refiri\u00f3 oficialmente al ascenso de China como un desaf\u00edo \u201csist\u00e9mico\u201d. La OTAN todav\u00eda pone a Rusia en su punto de mira como su principal enemigo.<\/p>\n<p style=\"text-align: justify;\">En la OTAN, como en el G7, no todos los miembros apoyan la postura de EE.UU. contra China o Rusia. Sin embargo, estos desarrollos est\u00e1n acercando m\u00e1s a Rusia y China.<\/p>\n<p style=\"text-align: justify;\"><strong>Contradicciones Entre Obreros: Sus Resoluciones Conducen a Mayor Unidad para el Comunismo<\/strong><\/p>\n<p style=\"text-align: justify;\">El campo de la clase obrera es tambi\u00e9n una contradicci\u00f3n dial\u00e9ctica de unidad y lucha. Los trabajadores en todas partes tienen los mismos intereses materiales: destruir el capitalismo y construir una sociedad comunista que satisfaga nuestras necesidades. Es decir, construir colectividad y derrotar al individualismo.<\/p>\n<p style=\"text-align: justify;\">Nuestras diferencias son principalmente ideol\u00f3gicas: las ideas comunistas contra todas las ideolog\u00edas venenosas que las sociedades de clases desarrollaron para mantenernos divididos y explotados.<\/p>\n<p style=\"text-align: justify;\">Los comunistas somos parte de la clase obrera. No queremos ser explotadores ni amasar riquezas. Nuestra meta es destruir el dinero, abolir el sistema salarial y librar toda nuestra clase del racismo, el sexismo, la xenofobia y todas las ideolog\u00edas y pr\u00e1cticas anti obreras.<\/p>\n<p style=\"text-align: justify;\">Nuestra meta es un mundo sin clases, sin fronteras ni naciones. Donde producimos y compartimos todo colectivamente seg\u00fan las necesidades, trat\u00e1ndonos con respeto, dignidad y amor.<\/p>\n<p style=\"text-align: justify;\">Eso requerir\u00e1 una revoluci\u00f3n comunista para la cual los soldados y marineros son indispensables. Los imperialistas est\u00e1n planeando su guerra y nosotros debemos planear la nuestra. Debemos organizar colectivos militares del Partido para garantizar el trabajo comunista en las fuerzas armadas patronales desde India hasta Sud\u00e1frica, M\u00e9xico y Estados Unidos. \u00a1Osemos luchar! \u00a1Osemos ganar un mundo comunista!<\/p>\n<h4><a href=\"https:\/\/icwpredflag.org\/wp\/wordpress\/wps\/volumen-12-numero-8\/\">Primera p\u00e1gina de esta edici\u00f3n<\/a><\/h4>\n","protected":false},"excerpt":{"rendered":"<p>Estados Unidos y Aliados Rumbo a Chocar con China-Rusia. Los Soldados y Obreros Debemos Prepararnos para la Revoluci\u00f3n Comunista Las cumbres del G7, la OTAN y la Uni\u00f3n Europea-EE.UU., que concluyeron del 13 al 15 de junio, agudizaron la rivalidad entre los imperialistas estadounidenses, chinos y rusos por la dominaci\u00f3n mundial. Esta rivalidad es el &hellip; <a href=\"https:\/\/icwpredflag.org\/wp\/wordpress\/wps\/volumen-12-numero-8\/conflicto-g7-otan-ee-uu-versus-china-se-agudiza\/\" class=\"more-link\">Sigue leyendo <span class=\"screen-reader-text\">Conflicto G7-OTAN: EE.UU. versus China Se Agudiza<\/span><\/a><\/p>\n","protected":false},"author":1,"featured_media":5655,"parent":7821,"menu_order":0,"comment_status":"closed","ping_status":"closed","template":"","meta":{"footnotes":""},"class_list":["post-7860","page","type-page","status-publish","has-post-thumbnail","hentry"],"_links":{"self":[{"href":"https:\/\/icwpredflag.org\/wp\/wordpress\/wps\/wp-json\/wp\/v2\/pages\/7860","targetHints":{"allow":["GET"]}}],"collection":[{"href":"https:\/\/icwpredflag.org\/wp\/wordpress\/wps\/wp-json\/wp\/v2\/pages"}],"about":[{"href":"https:\/\/icwpredflag.org\/wp\/wordpress\/wps\/wp-json\/wp\/v2\/types\/page"}],"author":[{"embeddable":true,"href":"https:\/\/icwpredflag.org\/wp\/wordpress\/wps\/wp-json\/wp\/v2\/users\/1"}],"replies":[{"embeddable":true,"href":"https:\/\/icwpredflag.org\/wp\/wordpress\/wps\/wp-json\/wp\/v2\/comments?post=7860"}],"version-history":[{"count":1,"href":"https:\/\/icwpredflag.org\/wp\/wordpress\/wps\/wp-json\/wp\/v2\/pages\/7860\/revisions"}],"predecessor-version":[{"id":7861,"href":"https:\/\/icwpredflag.org\/wp\/wordpress\/wps\/wp-json\/wp\/v2\/pages\/7860\/revisions\/7861"}],"up":[{"embeddable":true,"href":"https:\/\/icwpredflag.org\/wp\/wordpress\/wps\/wp-json\/wp\/v2\/pages\/7821"}],"wp:featuredmedia":[{"embeddable":true,"href":"https:\/\/icwpredflag.org\/wp\/wordpress\/wps\/wp-json\/wp\/v2\/media\/5655"}],"wp:attachment":[{"href":"https:\/\/icwpredflag.org\/wp\/wordpress\/wps\/wp-json\/wp\/v2\/media?parent=7860"}],"curies":[{"name":"wp","href":"https:\/\/api.w.org\/{rel}","templated":true}]}}