{"id":7869,"date":"2021-06-27T02:40:10","date_gmt":"2021-06-27T02:40:10","guid":{"rendered":"https:\/\/icwpredflag.org\/wp\/wordpress\/wps\/?page_id=7869"},"modified":"2021-06-27T02:40:10","modified_gmt":"2021-06-27T02:40:10","slug":"estibadores-italianos-muestran-el-poder-de-la-solidaridad-internacional-de-nuestra-clase","status":"publish","type":"page","link":"https:\/\/icwpredflag.org\/wp\/wordpress\/wps\/volumen-12-numero-8\/estibadores-italianos-muestran-el-poder-de-la-solidaridad-internacional-de-nuestra-clase\/","title":{"rendered":"Estibadores Italianos Muestran el Poder de la Solidaridad Internacional de Nuestra Clase"},"content":{"rendered":"<p><img loading=\"lazy\" decoding=\"async\" class=\"wp-image-7812 aligncenter\" src=\"https:\/\/icwpredflag.org\/wp\/wordpress\/wps\/wp-content\/uploads\/sites\/2\/2021\/06\/Livorno-300x186.jpg\" alt=\"\" width=\"676\" height=\"419\" srcset=\"https:\/\/icwpredflag.org\/wp\/wordpress\/wps\/wp-content\/uploads\/sites\/2\/2021\/06\/Livorno-300x186.jpg 300w, https:\/\/icwpredflag.org\/wp\/wordpress\/wps\/wp-content\/uploads\/sites\/2\/2021\/06\/Livorno.jpg 517w\" sizes=\"auto, (max-width: 676px) 100vw, 676px\" \/><\/p>\n<p style=\"text-align: justify;\">20 de mayo: Los estibadores del puerto de Livorno (Italia) se negaron a cargar armas en un buque de carga despu\u00e9s de descubrir que ser\u00edan llevadas a Israel. Uno dijo: \u201cNo tenemos la intenci\u00f3n de facilitar el transporte de armas y explosivos que se utilizar\u00e1n para matar al pueblo palestino, que est\u00e1 sufriendo tanto\u201d.<\/p>\n<p style=\"text-align: justify;\">Un sindicato independiente que representa a los obreros, la Unione Sindacale di Base (USB), organiz\u00f3 la acci\u00f3n. \u201cSiempre que sabemos de carga, descarga o paso de armamento en nuestro puerto, intervenimos\u201d, dijo el coordinador de USB. Prometi\u00f3 que declarar\u00edan una huelga si fuera necesario \u201cpara que no se utilicen armas en tr\u00e1nsito en el puerto de Livorno para matar civiles, donde sea que esto suceda\u201d.<\/p>\n<p style=\"text-align: justify;\">Esta huelga pol\u00edtica de los estibadores de Livorno muestra el poder de la solidaridad internacional de la clase obrera. Pero tenemos que golpear m\u00e1s duro. Solo la revoluci\u00f3n comunista mundial puede ponerle fin al asesinato de civiles por parte del imperialismo, as\u00ed como a miembros de su familia obrera en uniforme. \u00bfQu\u00e9 pasar\u00e1 cuando los obreros organizados comiencen a apoderarse de esas armas y a usarlas para construir un Ej\u00e9rcito Rojo comunista? \u00bfQu\u00e9 podemos hacer ahora para acercar ese d\u00eda?<\/p>\n<h4><a href=\"https:\/\/icwpredflag.org\/wp\/wordpress\/wps\/volumen-12-numero-8\/\">Primera p\u00e1gina de esta edici\u00f3n<\/a><\/h4>\n","protected":false},"excerpt":{"rendered":"<p>20 de mayo: Los estibadores del puerto de Livorno (Italia) se negaron a cargar armas en un buque de carga despu\u00e9s de descubrir que ser\u00edan llevadas a Israel. Uno dijo: \u201cNo tenemos la intenci\u00f3n de facilitar el transporte de armas y explosivos que se utilizar\u00e1n para matar al pueblo palestino, que est\u00e1 sufriendo tanto\u201d. Un &hellip; <a href=\"https:\/\/icwpredflag.org\/wp\/wordpress\/wps\/volumen-12-numero-8\/estibadores-italianos-muestran-el-poder-de-la-solidaridad-internacional-de-nuestra-clase\/\" class=\"more-link\">Sigue leyendo <span class=\"screen-reader-text\">Estibadores Italianos Muestran el Poder de la Solidaridad Internacional de Nuestra Clase<\/span><\/a><\/p>\n","protected":false},"author":1,"featured_media":5655,"parent":7821,"menu_order":0,"comment_status":"closed","ping_status":"closed","template":"","meta":{"footnotes":""},"class_list":["post-7869","page","type-page","status-publish","has-post-thumbnail","hentry"],"_links":{"self":[{"href":"https:\/\/icwpredflag.org\/wp\/wordpress\/wps\/wp-json\/wp\/v2\/pages\/7869","targetHints":{"allow":["GET"]}}],"collection":[{"href":"https:\/\/icwpredflag.org\/wp\/wordpress\/wps\/wp-json\/wp\/v2\/pages"}],"about":[{"href":"https:\/\/icwpredflag.org\/wp\/wordpress\/wps\/wp-json\/wp\/v2\/types\/page"}],"author":[{"embeddable":true,"href":"https:\/\/icwpredflag.org\/wp\/wordpress\/wps\/wp-json\/wp\/v2\/users\/1"}],"replies":[{"embeddable":true,"href":"https:\/\/icwpredflag.org\/wp\/wordpress\/wps\/wp-json\/wp\/v2\/comments?post=7869"}],"version-history":[{"count":1,"href":"https:\/\/icwpredflag.org\/wp\/wordpress\/wps\/wp-json\/wp\/v2\/pages\/7869\/revisions"}],"predecessor-version":[{"id":7870,"href":"https:\/\/icwpredflag.org\/wp\/wordpress\/wps\/wp-json\/wp\/v2\/pages\/7869\/revisions\/7870"}],"up":[{"embeddable":true,"href":"https:\/\/icwpredflag.org\/wp\/wordpress\/wps\/wp-json\/wp\/v2\/pages\/7821"}],"wp:featuredmedia":[{"embeddable":true,"href":"https:\/\/icwpredflag.org\/wp\/wordpress\/wps\/wp-json\/wp\/v2\/media\/5655"}],"wp:attachment":[{"href":"https:\/\/icwpredflag.org\/wp\/wordpress\/wps\/wp-json\/wp\/v2\/media?parent=7869"}],"curies":[{"name":"wp","href":"https:\/\/api.w.org\/{rel}","templated":true}]}}