{"id":7926,"date":"2021-07-16T23:58:40","date_gmt":"2021-07-16T23:58:40","guid":{"rendered":"https:\/\/icwpredflag.org\/wp\/wordpress\/wps\/?page_id=7926"},"modified":"2021-07-17T00:03:46","modified_gmt":"2021-07-17T00:03:46","slug":"un-mundo-comunista-sin-dinero","status":"publish","type":"page","link":"https:\/\/icwpredflag.org\/wp\/wordpress\/wps\/volumen-12-numero-9\/un-mundo-comunista-sin-dinero\/","title":{"rendered":"Un Mundo Comunista Sin Dinero"},"content":{"rendered":"<p style=\"text-align: center;\"><strong>Obreros Fabriles Luchan por un Mundo Sin Dinero <a class=\"icwp-emph\" href=\"#1\">aqu\u00ed \u2666<\/a> \u00bfPuede el Comunismo Funcionar Sin Dinero? <a class=\"icwp-emph\" href=\"#2\">aqu\u00ed \u2666<\/a><\/strong><\/p>\n<p><img loading=\"lazy\" decoding=\"async\" class=\"wp-image-7886 alignright\" src=\"https:\/\/icwpredflag.org\/wp\/wordpress\/wps\/wp-content\/uploads\/sites\/2\/2021\/07\/elsalmeet-300x118.jpg\" alt=\"\" width=\"707\" height=\"278\" srcset=\"https:\/\/icwpredflag.org\/wp\/wordpress\/wps\/wp-content\/uploads\/sites\/2\/2021\/07\/elsalmeet-300x118.jpg 300w, https:\/\/icwpredflag.org\/wp\/wordpress\/wps\/wp-content\/uploads\/sites\/2\/2021\/07\/elsalmeet.jpg 526w\" sizes=\"auto, (max-width: 707px) 100vw, 707px\" \/><\/p>\n<h4 style=\"text-align: center;\" id=\"1\"><strong>\u00a0<\/strong><span style=\"color: #ff0000;\"><strong>Obreros Fabriles Luchan por Una Sociedad Sin Dinero<\/strong><\/span><\/h4>\n<p style=\"text-align: justify;\">El Salvador. \u2013 \u201cYo me siento alegre, porque veo que el color rojo de la bandera no se ha perdido, que hay compa\u00f1eros que todav\u00eda est\u00e1n luchando y no la dejan caer\u201d. Esto lo dijo un trabajador que asisti\u00f3 por primera vez a una reuni\u00f3n del Partido Comunista Obrero Internacional (PCOI), invitado por una camarada obrera.<\/p>\n<p style=\"text-align: justify;\">En la reuni\u00f3n, despu\u00e9s del saludo, se explic\u00f3 qu\u00e9 es PCOI, en qu\u00e9 pa\u00edses existen colectivos y que nuestro fin es una sociedad comunista. Asistieron 4 trabajadores que ven\u00edan por primera vez.<\/p>\n<p style=\"text-align: justify;\">Un camarada, l\u00edder obrero dijo, \u201cAl salir de esta reuni\u00f3n ninguna persona va a marcharse pensando lo mismo, nuestra tarea es movilizar a los trabajadores para el comunismo\u201d.<\/p>\n<p style=\"text-align: justify;\">Los compa\u00f1eros que asist\u00edan por primera vez a la reuni\u00f3n, una obrera y un obrero participaron en la marcha del primero de mayo de este a\u00f1o con el PCOI. Un par de obreros de otra \u00e1rea, se comprometieron a seguir en la lucha por el comunismo.<\/p>\n<p style=\"text-align: justify;\">Se habl\u00f3 sobre la sociedad sin dinero, pues actualmente con la aprobaci\u00f3n de la nueva ley del Bitcoin en este pa\u00eds hay muchas preguntas al respecto y al mismo tiempo preocupaci\u00f3n. Los gobiernos se inventan una ley hecha a su medida, para beneficiar grupos econ\u00f3micos.<\/p>\n<p style=\"text-align: justify;\">Hist\u00f3ricamente el dinero ha tomado diferentes formas y con ninguna los trabajadores se han beneficiado, civilizaciones antepasadas utilizaron el Cacao como moneda, y lo escogieron porque consideraban el cacao como una bebida de los dioses, ya que el dinero siempre lo han equiparado con algo de valor como respaldo, como sucede con el d\u00f3lar y el oro.<\/p>\n<p style=\"text-align: justify;\">Posteriormente los espa\u00f1oles introdujeron el Real, los macacos y morlacos que eran piezas de plata, aparecieron las fichas de fincas, una especie de monedas de lat\u00f3n, con el nombre de las fincas y las usaron para pagar a los colonos, quienes a su vez las ocupaban para comprar v\u00edveres en las tiendas de los patronos, consum\u00e1ndose la explotaci\u00f3n en esa \u00e9poca.<\/p>\n<p style=\"text-align: justify;\">Luego crean el Colon que despu\u00e9s fue sustituido por el d\u00f3lar. Hoy llega el Bitcoin, han pasado unos 500 a\u00f1os aproximadamente desde que se us\u00f3 el cacao, y la clase trabajadora contin\u00faa generando la riqueza que se la quedan unos cuantos patronos. En el comunismo no habr\u00e1 ninguna moneda, ser\u00e1 una sociedad sin clases. No se trabajar\u00e1 por dinero, sino para satisfacer las necesidades de la humanidad.<\/p>\n<p style=\"text-align: justify;\">El PCOI ense\u00f1a que esto va a cambiar, si la organizaci\u00f3n y lucha es por una sociedad sin dinero. Los mejores ejemplos de c\u00f3mo la clase obrera es explotada la viven los camaradas obreros y obreras, que han comprendido el valor de la fuerza laboral humana. Uno de ellos expres\u00f3 las 9, 10 horas diariamente, que tiene que trabajar para ganar el salario m\u00ednimo ($270) y laborar horas extras para ganar un poco m\u00e1s, que a veces es 1 d\u00f3lar solamente.<\/p>\n<p style=\"text-align: justify;\">\u201cNecesitamos contactar a m\u00e1s obreras y obreros, para que se unan a la lucha del PCOI, llevaremos 150 peri\u00f3dicos Bandera Roja para repartirlos y reclutar contactos\u201d, se\u00f1al\u00f3 un camarada que participa en los colectivos obreros. En la reuni\u00f3n se defini\u00f3 el plan espec\u00edfico de visita a otra f\u00e1brica.<\/p>\n<p style=\"text-align: justify;\">\u201cEsto anima al colectivo a seguir tratando de hacer militante a nuestra base pol\u00edtica, a que invitemos a m\u00e1s grupos familiares a este tipo de convivios pol\u00edticos\u201d, se\u00f1al\u00f3 una l\u00edder obrera. Este comentario se hizo despu\u00e9s de comer pollo con arroz elaborado por manos obreras, ante una piscina donde ba\u00f1aban alegremente ni\u00f1as y ni\u00f1os hijos de nuestra clase, a los cuales se les est\u00e1 inculcando los valores del Partido Comunista Obrero Internacional.<\/p>\n<h4 style=\"text-align: center;\" id=\"2\"><span style=\"color: #ff0000;\"><strong>\u00bfPuede Funcionar el Comunismo Sin Dinero?<\/strong><\/span><\/h4>\n<p style=\"text-align: justify;\">Un buen amigo hizo esta pregunta despu\u00e9s de leer un art\u00edculo reciente de <em><strong>Bandera Roja<\/strong><\/em> sobre Bitcoin y la sociedad sin dinero que es esencial para crear un mundo comunista. El escribi\u00f3:<\/p>\n<p style=\"text-align: justify;\">No creo que una sociedad sin dinero funcionar\u00eda en absoluto y la transici\u00f3n ser\u00eda una pesadilla. Sin dinero, \u00bfc\u00f3mo comprar\u00edamos algo?<\/p>\n<p style=\"text-align: justify;\">Le respond\u00ed: No eres el \u00fanico que pregunta sobre esto. Puede ser dif\u00edcil imaginar un mundo sin dinero.<\/p>\n<p style=\"text-align: justify;\">La gente estar\u00eda motivada no por la perspectiva de beneficios individuales, sino por la posibilidad de vivir en una verdadera sociedad comunista. Las relaciones ser\u00edan totalmente diferentes. La cooperaci\u00f3n, la colectividad y el compartir ser\u00e1n primordiales. Estas relaciones determinar\u00edan todas las dem\u00e1s decisiones.<\/p>\n<p style=\"text-align: justify;\">El capitalismo celebra el \u201cindividualismo rudo\u201d. En el comunismo, los colectivos organizar\u00e1n todos los aspectos de la vida y luchar\u00e1n para superar cualquier obst\u00e1culo. No habr\u00e1 patrones ni la amenaza de ser despedido, quedarse sin hogar o pasar hambre.<\/p>\n<p style=\"text-align: justify;\">Me imagino que a estas alturas ya te estar\u00e1s burlando de la posibilidad de que algo as\u00ed suceda alguna vez. Pero d\u00e9jame darte algunos ejemplos hist\u00f3ricos:<\/p>\n<p style=\"text-align: justify;\">Durante la guerra civil en Rusia, los bolcheviques organizaron la sociedad sobre una base de emergencia bajo lo que llamaron \u201ccomunismo de guerra\u201d. Solicitaron alimentos, pusieron en marcha la producci\u00f3n y eludieron la moneda. Sin embargo, eliminaron el dinero solo como medida de emergencia. No cre\u00edan que las masas estuvieran preparadas para esto a largo plazo. Este gran error fue clave para que la Uni\u00f3n Sovi\u00e9tica se convirtiera en una sociedad capitalista (de estado).<\/p>\n<p style=\"text-align: justify;\">Durante la revoluci\u00f3n china, millones en el Ej\u00e9rcito Rojo vivieron bajo el \u201csistema de suministro\u201d comunista cuando luchaban por el poder. Los oficiales y los soldados regulares recibieron el mismo trato y compartieron las mismas dificultades. Un misionero cat\u00f3lico capturado escribi\u00f3: \u201cMe trataron como a todos los dem\u00e1s: $ 3 al mes con comida y ropa. Todos los comandantes y soldados visten igual, comen la misma comida y tienen las mismas condiciones de vida. Las mujeres del Cuerpo Sanitario, que fregaban los pisos del hospital, recibieron lo mismo que yo\u201d. \u00c9l no estaba muy contento con esto.<\/p>\n<p style=\"text-align: justify;\">\u00a1Pero los soldados s\u00ed! Los exsoldados que regresaban a las aldeas de China ayudaron a iniciar la movilizaci\u00f3n masiva para el comunismo que se convirti\u00f3 en el movimiento de la Comuna Popular a fines de la d\u00e9cada de 1950.<\/p>\n<p style=\"text-align: justify;\">Masas de campesinos se movilizaron para construir sistemas de riego. Las comunas organizaban cafeter\u00edas donde todos los miembros pod\u00edan comer y no pagaban por la comida. Muchos aspectos de las relaciones comunistas se implementaron en grandes \u00e1reas de toda China.<\/p>\n<p style=\"text-align: justify;\">Durante la guerra civil en El Salvador en la d\u00e9cada de 1980, los guerrilleros que luchaban contra los fascistas no llevaban dinero. Las masas organizadas sostuvieron la lucha armada. No usaron dinero durante muchos a\u00f1os. Grupos de simpatizantes produjeron lo que se necesitaba para sobrevivir.<\/p>\n<p style=\"text-align: justify;\">Estos son algunos ejemplos de c\u00f3mo las masas han descubierto un mundo sin dinero. Organizados como comunistas, tendremos una imagen a\u00fan m\u00e1s clara de c\u00f3mo hacer que esto funcione, ya que estaremos motivados para luchar y producir para satisfacer las necesidades de nuestra familia global.<\/p>\n<p style=\"text-align: justify;\">Quiz\u00e1s a otros camaradas y amigos les gustar\u00eda continuar esta conversaci\u00f3n.<\/p>\n<p style=\"text-align: justify;\">Camarada en Seattle<\/p>\n<h4><a href=\"https:\/\/icwpredflag.org\/wp\/wordpress\/wps\/volumen-12-numero-9\/\">Primera p\u00e1gina de esta edici\u00f3n<\/a><\/h4>\n","protected":false},"excerpt":{"rendered":"<p>Obreros Fabriles Luchan por un Mundo Sin Dinero aqu\u00ed \u2666 \u00bfPuede el Comunismo Funcionar Sin Dinero? aqu\u00ed \u2666 \u00a0Obreros Fabriles Luchan por Una Sociedad Sin Dinero El Salvador. \u2013 \u201cYo me siento alegre, porque veo que el color rojo de la bandera no se ha perdido, que hay compa\u00f1eros que todav\u00eda est\u00e1n luchando y no &hellip; <a href=\"https:\/\/icwpredflag.org\/wp\/wordpress\/wps\/volumen-12-numero-9\/un-mundo-comunista-sin-dinero\/\" class=\"more-link\">Sigue leyendo <span class=\"screen-reader-text\">Un Mundo Comunista Sin Dinero<\/span><\/a><\/p>\n","protected":false},"author":1,"featured_media":5655,"parent":7895,"menu_order":0,"comment_status":"closed","ping_status":"closed","template":"","meta":{"footnotes":""},"class_list":["post-7926","page","type-page","status-publish","has-post-thumbnail","hentry"],"_links":{"self":[{"href":"https:\/\/icwpredflag.org\/wp\/wordpress\/wps\/wp-json\/wp\/v2\/pages\/7926","targetHints":{"allow":["GET"]}}],"collection":[{"href":"https:\/\/icwpredflag.org\/wp\/wordpress\/wps\/wp-json\/wp\/v2\/pages"}],"about":[{"href":"https:\/\/icwpredflag.org\/wp\/wordpress\/wps\/wp-json\/wp\/v2\/types\/page"}],"author":[{"embeddable":true,"href":"https:\/\/icwpredflag.org\/wp\/wordpress\/wps\/wp-json\/wp\/v2\/users\/1"}],"replies":[{"embeddable":true,"href":"https:\/\/icwpredflag.org\/wp\/wordpress\/wps\/wp-json\/wp\/v2\/comments?post=7926"}],"version-history":[{"count":4,"href":"https:\/\/icwpredflag.org\/wp\/wordpress\/wps\/wp-json\/wp\/v2\/pages\/7926\/revisions"}],"predecessor-version":[{"id":7930,"href":"https:\/\/icwpredflag.org\/wp\/wordpress\/wps\/wp-json\/wp\/v2\/pages\/7926\/revisions\/7930"}],"up":[{"embeddable":true,"href":"https:\/\/icwpredflag.org\/wp\/wordpress\/wps\/wp-json\/wp\/v2\/pages\/7895"}],"wp:featuredmedia":[{"embeddable":true,"href":"https:\/\/icwpredflag.org\/wp\/wordpress\/wps\/wp-json\/wp\/v2\/media\/5655"}],"wp:attachment":[{"href":"https:\/\/icwpredflag.org\/wp\/wordpress\/wps\/wp-json\/wp\/v2\/media?parent=7926"}],"curies":[{"name":"wp","href":"https:\/\/api.w.org\/{rel}","templated":true}]}}