{"id":7988,"date":"2021-08-06T23:23:25","date_gmt":"2021-08-06T23:23:25","guid":{"rendered":"https:\/\/icwpredflag.org\/wp\/wordpress\/wps\/?page_id=7988"},"modified":"2021-08-07T00:36:18","modified_gmt":"2021-08-07T00:36:18","slug":"el-salvador-lucha-de-clases-comunista-para-combatir-el-fascismo","status":"publish","type":"page","link":"https:\/\/icwpredflag.org\/wp\/wordpress\/wps\/volumen-12-numero-10\/el-salvador-lucha-de-clases-comunista-para-combatir-el-fascismo\/","title":{"rendered":"El Salvador: Lucha de Clases Comunista para Combatir el Fascismo"},"content":{"rendered":"<p style=\"text-align: justify;\"><strong>Combatamos el Fascismo Organizando para el Comunismo <a class=\"icwp-emph\" href=\"#1\">aqu\u00ed \u2666<\/a>Abriendo Puertas al Comunismo aqu\u00ed; Estudiantes Conmemoran Lucha Anti-Fascista <a class=\"icwp-emph\" href=\"#2\">aqu\u00ed \u2666<\/a><\/strong><\/p>\n<p><img loading=\"lazy\" decoding=\"async\" class=\"wp-image-7975 aligncenter\" src=\"https:\/\/icwpredflag.org\/wp\/wordpress\/wps\/wp-content\/uploads\/sites\/2\/2021\/08\/elsal75-300x203.jpg\" alt=\"\" width=\"711\" height=\"481\" srcset=\"https:\/\/icwpredflag.org\/wp\/wordpress\/wps\/wp-content\/uploads\/sites\/2\/2021\/08\/elsal75-300x203.jpg 300w, https:\/\/icwpredflag.org\/wp\/wordpress\/wps\/wp-content\/uploads\/sites\/2\/2021\/08\/elsal75.jpg 475w\" sizes=\"auto, (max-width: 711px) 100vw, 711px\" \/><\/p>\n<h4 id=\"1\" style=\"text-align: center;\"><span style=\"color: #ff0000;\"><strong>Luchemos Contra el Fascismo en El Salvador Organizando Obreros, Estudiantes y Soldados para el Comunismo<\/strong><\/span><\/h4>\n<p style=\"text-align: justify;\">El SALVADOR. \u201cSe est\u00e1n viviendo momentos muy parecidos a los tiempos de la guerra de los 80\u201d, se\u00f1al\u00f3 una trabajadora de la salud.<\/p>\n<p style=\"text-align: justify;\">\u201cDurante esa \u00e9poca la Fuerza Armada lleg\u00f3 a tener hasta 65 mil mujeres y hombres uniformados, para la lucha contra la guerrilla del FMLN. Esto con el apoyo econ\u00f3mico de USA, 2 millones de d\u00f3lares diarios, con el cuento de defender la democracia\u201d, respondi\u00f3 una l\u00edder del Partido Comunista Obrero Internacional.<\/p>\n<p style=\"text-align: justify;\">\u201cYo no creo en la democracia, esta se utiliza al antojo de los politiqueros capitalistas, bajo este lema democr\u00e1tico explotan y reprimen a la clase trabajadora, Yo creo en la lucha por el comunismo\u201d, concluyo la l\u00edder.<\/p>\n<p style=\"text-align: justify;\">El crecimiento del Partido Comunista Obrero Internacional es clave y esto solamente suceder\u00e1 si el trabajo es decidido y constante, tanto con los trabajadores industriales y los soldados como centro de la estrategia revolucionaria del Partido.<\/p>\n<p style=\"text-align: justify;\">Para no dar tregua a la clase trabajadora que manifiesta cr\u00edticas o descontento el gobierno de Nayib Bukele vuelve a retomar viejas estrategias de gobierno anteriores como es el uso del ej\u00e9rcito, una pr\u00e1ctica fascista.<\/p>\n<p style=\"text-align: justify;\">Por esta raz\u00f3n est\u00e1 aumentando el n\u00famero de efectivos de la Fuerza Armada cuya meta que se propone es aumentar de 20 mil a 40 mil soldados en 3 a\u00f1os que falta para terminar su gobierno. Aunque si logra consolidar el apoyo fascista de la fuerza armada y polic\u00eda, podr\u00eda reelegirse y lo ha anunciado como un logro que favorecer\u00e1 a la poblaci\u00f3n.<\/p>\n<p style=\"text-align: justify;\">\u201cDame tu n\u00famero de tel\u00e9fono, donde viv\u00eds\u201d son expresiones diarias de acoso sexual de soldados y polic\u00edas a j\u00f3venes estudiantes o trabajadoras. Tanquetas en la calle, cientos de soldados amenazando a cualquier joven o trabajador que les parezca sospechoso de todo o de nada.<\/p>\n<p style=\"text-align: justify;\">Esta fuerza represiva del ej\u00e9rcito en apoyo a la polic\u00eda est\u00e1 en la fase 4 del Plan Control Territorial, y tambi\u00e9n recibir\u00e1 m\u00e1s equipo y armamento.<\/p>\n<p style=\"text-align: justify;\">La respuesta en tiempos pasados al fascismo siempre ha sido lucha organizada de la clase trabajadora, despleg\u00e1ndose acciones revolucionarias en todo el territorio. Hoy organizamos para el PCOI, luchando directamente por el comunismo.<\/p>\n<p style=\"text-align: justify;\">Los capitalistas recurren a la polic\u00eda y el ej\u00e9rcito, como una fuerza represiva en contra de cualquier levantamiento para frenar la ira de los trabajadores, pues la ilusi\u00f3n del cambio prometido va desapareciendo poco a poco.<\/p>\n<p style=\"text-align: justify;\">En la sociedad capitalista todos los organismos policiales, militares o de justicia, sirven a los intereses de la clase dominante. La clase trabajadora necesita un Ej\u00e9rcito Rojo movilizando a las masas para el comunismo.<\/p>\n<p style=\"text-align: justify;\">La presi\u00f3n de los patrones de EE.UU. es fuerte, el presidente Bukele estuvo en reuni\u00f3n con una comisi\u00f3n estadounidense de alto nivel, ante la posibilidad de que el gobierno salvadore\u00f1o aceptara ayuda del gobierno de China.<\/p>\n<p style=\"text-align: justify;\">Adem\u00e1s, de recibir ayuda en vacunas contra el COVID 19, tambi\u00e9n han enviado un buque para el \u201ccombate del narcotr\u00e1fico\u201d, con el objetivo de reafirmar la alianza ES-USA. Esta semana Bukele se reuni\u00f3 con ONGs pro-E.U. coordinada por la embajadora estadounidense.<\/p>\n<p style=\"text-align: justify;\">La \u00fanica manera de combatir el fascismo es organiz\u00e1ndose en el Partido Comunista Obrero Internacional, en las f\u00e1bricas, centros de trabajos, universidades; y logrando infiltrar en la mente de los j\u00f3venes soldados, que pertenecen a nuestra clase y que no deben obedecer \u00f3rdenes de los patronos capitalistas. Distribuir m\u00e1s <strong><em>Bandera Roja<\/em><\/strong> en estas \u00e1reas, ayudara a la revoluci\u00f3n comunista.<\/p>\n<p style=\"text-align: justify;\"><strong>ABRIENDO PUERTAS AL COMUNISMO.<\/strong><\/p>\n<p style=\"text-align: justify;\">\u201cMe siento m\u00e1s insegura, cuando la polic\u00eda y el ej\u00e9rcito est\u00e1n en todas partes\u201d, as\u00ed inici\u00e9 una conversaci\u00f3n con una compa\u00f1era de la universidad, despu\u00e9s que vimos como estos les revisaban sus mochilas y celulares, a dos alumnos de este mismo lugar.<\/p>\n<p style=\"text-align: justify;\">En las \u00faltimas semanas el presidente Nayib Bukele dio la orden de enviar al ej\u00e9rcito y la polic\u00eda a las calles. Es evidente la militarizaci\u00f3n y abuso de poder que estos ejercen contra la clase obrera. Y rond\u00f3 mucho por mi cabeza, \u201csiguiendo la l\u00ednea del partido \u00bfC\u00f3mo podemos llegar a estos soldados?\u201d<\/p>\n<p style=\"text-align: justify;\">Mi compa\u00f1era sigui\u00f3 la conversaci\u00f3n dici\u00e9ndome que sus padres le han hablado de los a\u00f1os 80\u2019 y muchas an\u00e9cdotas que ellos tienen sobre la guerra y malas experiencias con soldados.<\/p>\n<p style=\"text-align: justify;\">Yo le dije que el capitalismo utilizaba a los soldados para reprimirnos pero que tambi\u00e9n hist\u00f3ricamente en el mundo los soldados han sido aliados muchas veces y han volteados sus armas en contra de los patrones.<\/p>\n<p style=\"text-align: justify;\">Fue una conversaci\u00f3n r\u00e1pida pero que ha tenido mucho impacto en m\u00ed, ella sabe que estoy en un partido comunista y puedo seguir hablando con ella y eventualmente invitarla a una reuni\u00f3n.<\/p>\n<p style=\"text-align: justify;\">Camarada en El Salvador<\/p>\n<h4 id=\"2\" style=\"text-align: center;\"><span style=\"color: #ff0000;\"><strong>Estudiantes Conmemoran Lucha Antifascista de 1975<\/strong><\/span><\/h4>\n<p style=\"text-align: justify;\">El SALVADOR. &#8211; Hace 46 a\u00f1os, el 30 de julio de 1975, miles de estudiantes de la sede central de la Universidad Nacional salieron a manifestarse en contra de la ocupaci\u00f3n militar de la sede occidental universitaria un par de d\u00edas atr\u00e1s.<\/p>\n<p style=\"text-align: justify;\">El gobierno del fascista coronel Arturo Armando Molina despleg\u00f3 al ej\u00e9rcito para detener la marcha. Cientos de estudiantes fueron masacrados, hasta este d\u00eda no se tiene un dato exacto, porque despu\u00e9s de la masacre, los esbirros del ejercito intentaron lavar con agua la sangre de nuestros m\u00e1rtires en la lucha.<\/p>\n<p style=\"text-align: justify;\">La represi\u00f3n se intent\u00f3 legitimar como una acci\u00f3n de respuesta a un \u201ccomplot comunista\u201d. Comunistas o no, esa generaci\u00f3n de j\u00f3venes se involucr\u00f3 a la lucha inspirados por las experiencias de los movimientos revolucionarios en todo el mundo. Que nuestra conmemoraci\u00f3n sirva para resguardar el legado de sus intenciones genuinas de revoluci\u00f3n.<\/p>\n<p style=\"text-align: justify;\">Desde la masacre hasta nuestros d\u00edas, la conmemoraci\u00f3n es muestra del estado de la lucha en El Salvador. Este a\u00f1o ha sido una oportunidad para que los j\u00f3venes universitarios griten presente en la lucha contra el gobierno de Nayib Bukele.<\/p>\n<p style=\"text-align: justify;\">Bukele ha reafirmado el ingreso gradual de 40,000 nuevos efectivos para la fuerza armada en los siguientes cincos a\u00f1os, una muestra m\u00e1s de la relevancia pol\u00edtica que da a las armas en su proyecto de poder. En medio de una crisis econ\u00f3mica y sanitaria, en un contexto de ascensos de militarizaci\u00f3n, cientos de personas salieron a protestar en contra del gobierno.<\/p>\n<p style=\"text-align: justify;\">Todav\u00eda las masas siguen ausentes en estas protestas, la gran mayor\u00eda de ellas siguen confiando en Bukele. Pero la realidad es cada vez m\u00e1s dif\u00edcil para estas tambi\u00e9n, el descontento social crece. Crecer entre las masas con la lucha pol\u00edtica por el comunismo es posible en el vac\u00edo que dejar\u00e1 la ca\u00edda de las expectativas en el proyecto capitalista de Bukele.<\/p>\n<h4><a href=\"https:\/\/icwpredflag.org\/wp\/wordpress\/wps\/volumen-12-numero-10\/\">Primera p\u00e1gina de esta edici\u00f3n<\/a><\/h4>\n<p style=\"text-align: justify;\">\n","protected":false},"excerpt":{"rendered":"<p>Combatamos el Fascismo Organizando para el Comunismo aqu\u00ed \u2666Abriendo Puertas al Comunismo aqu\u00ed; Estudiantes Conmemoran Lucha Anti-Fascista aqu\u00ed \u2666 Luchemos Contra el Fascismo en El Salvador Organizando Obreros, Estudiantes y Soldados para el Comunismo El SALVADOR. \u201cSe est\u00e1n viviendo momentos muy parecidos a los tiempos de la guerra de los 80\u201d, se\u00f1al\u00f3 una trabajadora de &hellip; <a href=\"https:\/\/icwpredflag.org\/wp\/wordpress\/wps\/volumen-12-numero-10\/el-salvador-lucha-de-clases-comunista-para-combatir-el-fascismo\/\" class=\"more-link\">Sigue leyendo <span class=\"screen-reader-text\">El Salvador: Lucha de Clases Comunista para Combatir el Fascismo<\/span><\/a><\/p>\n","protected":false},"author":1,"featured_media":5655,"parent":7963,"menu_order":0,"comment_status":"closed","ping_status":"closed","template":"","meta":{"footnotes":""},"class_list":["post-7988","page","type-page","status-publish","has-post-thumbnail","hentry"],"_links":{"self":[{"href":"https:\/\/icwpredflag.org\/wp\/wordpress\/wps\/wp-json\/wp\/v2\/pages\/7988","targetHints":{"allow":["GET"]}}],"collection":[{"href":"https:\/\/icwpredflag.org\/wp\/wordpress\/wps\/wp-json\/wp\/v2\/pages"}],"about":[{"href":"https:\/\/icwpredflag.org\/wp\/wordpress\/wps\/wp-json\/wp\/v2\/types\/page"}],"author":[{"embeddable":true,"href":"https:\/\/icwpredflag.org\/wp\/wordpress\/wps\/wp-json\/wp\/v2\/users\/1"}],"replies":[{"embeddable":true,"href":"https:\/\/icwpredflag.org\/wp\/wordpress\/wps\/wp-json\/wp\/v2\/comments?post=7988"}],"version-history":[{"count":4,"href":"https:\/\/icwpredflag.org\/wp\/wordpress\/wps\/wp-json\/wp\/v2\/pages\/7988\/revisions"}],"predecessor-version":[{"id":7997,"href":"https:\/\/icwpredflag.org\/wp\/wordpress\/wps\/wp-json\/wp\/v2\/pages\/7988\/revisions\/7997"}],"up":[{"embeddable":true,"href":"https:\/\/icwpredflag.org\/wp\/wordpress\/wps\/wp-json\/wp\/v2\/pages\/7963"}],"wp:featuredmedia":[{"embeddable":true,"href":"https:\/\/icwpredflag.org\/wp\/wordpress\/wps\/wp-json\/wp\/v2\/media\/5655"}],"wp:attachment":[{"href":"https:\/\/icwpredflag.org\/wp\/wordpress\/wps\/wp-json\/wp\/v2\/media?parent=7988"}],"curies":[{"name":"wp","href":"https:\/\/api.w.org\/{rel}","templated":true}]}}