{"id":8008,"date":"2021-08-07T00:59:16","date_gmt":"2021-08-07T00:59:16","guid":{"rendered":"https:\/\/icwpredflag.org\/wp\/wordpress\/wps\/?page_id=8008"},"modified":"2021-08-07T01:07:45","modified_gmt":"2021-08-07T01:07:45","slug":"sudafrica-agudizantes-contradicciones-exigen-una-solucion-comunista-a-largo-plazo","status":"publish","type":"page","link":"https:\/\/icwpredflag.org\/wp\/wordpress\/wps\/volumen-12-numero-10\/sudafrica-agudizantes-contradicciones-exigen-una-solucion-comunista-a-largo-plazo\/","title":{"rendered":"Sud\u00e1frica: Agudizantes Contradicciones Exigen una Soluci\u00f3n Comunista a Largo Plazo"},"content":{"rendered":"<p><img loading=\"lazy\" decoding=\"async\" class=\"wp-image-7981 aligncenter\" src=\"https:\/\/icwpredflag.org\/wp\/wordpress\/wps\/wp-content\/uploads\/sites\/2\/2021\/08\/sawomrf.jpg\" alt=\"\" width=\"710\" height=\"597\" \/><\/p>\n<p style=\"text-align: justify;\">CIUDAD DEL CABO (Sud\u00e1frica), 3 de agosto\u2014 Durante el \u00faltimo mes, particularmente despu\u00e9s del encarcelamiento de Jacob Zuma, Sud\u00e1frica se ha visto afectada por violentas protestas y disturbios. Algunas apoyan a Zuma, pero principalmente est\u00e1n pasando porque las masas est\u00e1n desesperadas.<\/p>\n<p style=\"text-align: justify;\">Las contradicciones del capitalismo en Sud\u00e1frica se han intensificado. Esto se refleja en la creciente desigualdad, el desempleo, la pobreza y la desesperaci\u00f3n. De alguna manera se refleja en la intensificaci\u00f3n de las contradicciones dentro del partido gobernante, el Congreso Nacional Africano (CNA).<\/p>\n<p style=\"text-align: justify;\">La clase dominante consiste en la desconfiable facci\u00f3n reformista (la \u201cTransformaci\u00f3n Econ\u00f3mica Radical\u201d o RET) y la desconfiable facci\u00f3n centrista liderada por Ramaphosa. Ambas facciones representan a los capitalistas. Al centro del fraccionalismo est\u00e1 la lucha por Sud\u00e1frica y cuales capitalistas controlan la econom\u00eda y el destino de Sud\u00e1frica.<\/p>\n<p style=\"text-align: justify;\">La facci\u00f3n RET est\u00e1 respaldada por peque\u00f1os industriales negros recientemente surgidos. Est\u00e1 m\u00e1s o menos alineado, o se alinear\u00eda, con los imperialistas orientales Rusia y China. Mientras que la facci\u00f3n de Ramaphosa est\u00e1 respaldada por el establecimiento empresarial blanco y le agradan m\u00e1s o menos los imperialistas occidentales.<\/p>\n<p style=\"text-align: justify;\">Estas luchas dentro del partido gobernante son importantes para explicar algunos de los desarrollos ca\u00f3ticos dentro del pa\u00eds. Pero no son las principales impulsoras. El fracaso del capitalismo, o m\u00e1s correctamente la naturaleza explotadora del capitalismo, es la raz\u00f3n principal por la que tenemos caos y destrucci\u00f3n.<\/p>\n<p style=\"text-align: justify;\">Pero para el movimiento comunista existe una gran oportunidad.<\/p>\n<p style=\"text-align: justify;\">El sistema capitalista creo el racismo. Por lo tanto, debido a su naturaleza, ha sido incapaz de lidiar con \u00e9l. Es m\u00e1s, depende de \u00e9l. Trajo miseria en lugar de prosperidad, pobreza y desigualdad en lugar de atender las necesidades primarias de las masas.<\/p>\n<p style=\"text-align: justify;\">Todo esto es directamente opuesto a la sociedad comunista que se construir\u00e1 sobre las cenizas de la revoluci\u00f3n comunista. Por lo tanto, la lucha del colectivo aqu\u00ed en Ciudad del Cabo y en toda Sud\u00e1frica es luchar contra la miseria y la pobreza destruyendo la fuente de esta miseria. Es decir, luchamos por una revoluci\u00f3n comunista completa.<\/p>\n<p style=\"text-align: justify;\">Algunos camaradas est\u00e1n tratando duramente de reclutar nuevos miembros. Nos hemos unido a algunos grupos y formaciones de estudiantes para reclutar y difundir ideas comunistas entre los estudiantes. Sud\u00e1frica tiene un potencial de crecimiento masivo del Partido. Pero sin una visibilidad publica considerable del Partido o sin la difusi\u00f3n de nuestras ideas, no nos daremos cuenta del potencial.<\/p>\n<p style=\"text-align: justify;\">No es que las masas rechacen nuestras ideas. Es que la mayor\u00eda de ellas nunca las escuchan. Es por eso por lo que la mayor\u00eda de ellas est\u00e1n luchando por reformas a corto plazo, sin una soluci\u00f3n clara para el futuro a largo plazo.<\/p>\n<p style=\"text-align: justify;\">El PCOI es la soluci\u00f3n del futuro. El comunismo es la soluci\u00f3n. Una sociedad sin explotaci\u00f3n, sin dinero y sin la acumulaci\u00f3n privada de riquezas es la soluci\u00f3n. Una sociedad que busca destruir el racismo en lugar de usarlo es la soluci\u00f3n. Una sociedad que existe principalmente para atender las necesidades de las masas, no las ganancias individuales, es la soluci\u00f3n.<\/p>\n<p style=\"text-align: justify;\">Mucha m\u00e1s gente, j\u00f3venes y mayores, est\u00e1n de acuerdo. Con disciplina y dedicaci\u00f3n, muchos m\u00e1s se unir\u00e1n al Partido y llevar\u00e1n adelante la lucha comunista.<\/p>\n<h4><a href=\"https:\/\/icwpredflag.org\/wp\/wordpress\/wps\/volumen-12-numero-10\/\">Primera p\u00e1gina de esta edici\u00f3n<\/a><\/h4>\n","protected":false},"excerpt":{"rendered":"<p>CIUDAD DEL CABO (Sud\u00e1frica), 3 de agosto\u2014 Durante el \u00faltimo mes, particularmente despu\u00e9s del encarcelamiento de Jacob Zuma, Sud\u00e1frica se ha visto afectada por violentas protestas y disturbios. Algunas apoyan a Zuma, pero principalmente est\u00e1n pasando porque las masas est\u00e1n desesperadas. Las contradicciones del capitalismo en Sud\u00e1frica se han intensificado. Esto se refleja en la &hellip; <a href=\"https:\/\/icwpredflag.org\/wp\/wordpress\/wps\/volumen-12-numero-10\/sudafrica-agudizantes-contradicciones-exigen-una-solucion-comunista-a-largo-plazo\/\" class=\"more-link\">Sigue leyendo <span class=\"screen-reader-text\">Sud\u00e1frica: Agudizantes Contradicciones Exigen una Soluci\u00f3n Comunista a Largo Plazo<\/span><\/a><\/p>\n","protected":false},"author":1,"featured_media":5655,"parent":7963,"menu_order":0,"comment_status":"closed","ping_status":"closed","template":"","meta":{"footnotes":""},"class_list":["post-8008","page","type-page","status-publish","has-post-thumbnail","hentry"],"_links":{"self":[{"href":"https:\/\/icwpredflag.org\/wp\/wordpress\/wps\/wp-json\/wp\/v2\/pages\/8008","targetHints":{"allow":["GET"]}}],"collection":[{"href":"https:\/\/icwpredflag.org\/wp\/wordpress\/wps\/wp-json\/wp\/v2\/pages"}],"about":[{"href":"https:\/\/icwpredflag.org\/wp\/wordpress\/wps\/wp-json\/wp\/v2\/types\/page"}],"author":[{"embeddable":true,"href":"https:\/\/icwpredflag.org\/wp\/wordpress\/wps\/wp-json\/wp\/v2\/users\/1"}],"replies":[{"embeddable":true,"href":"https:\/\/icwpredflag.org\/wp\/wordpress\/wps\/wp-json\/wp\/v2\/comments?post=8008"}],"version-history":[{"count":3,"href":"https:\/\/icwpredflag.org\/wp\/wordpress\/wps\/wp-json\/wp\/v2\/pages\/8008\/revisions"}],"predecessor-version":[{"id":8011,"href":"https:\/\/icwpredflag.org\/wp\/wordpress\/wps\/wp-json\/wp\/v2\/pages\/8008\/revisions\/8011"}],"up":[{"embeddable":true,"href":"https:\/\/icwpredflag.org\/wp\/wordpress\/wps\/wp-json\/wp\/v2\/pages\/7963"}],"wp:featuredmedia":[{"embeddable":true,"href":"https:\/\/icwpredflag.org\/wp\/wordpress\/wps\/wp-json\/wp\/v2\/media\/5655"}],"wp:attachment":[{"href":"https:\/\/icwpredflag.org\/wp\/wordpress\/wps\/wp-json\/wp\/v2\/media?parent=8008"}],"curies":[{"name":"wp","href":"https:\/\/api.w.org\/{rel}","templated":true}]}}