{"id":801,"date":"2017-06-10T02:24:07","date_gmt":"2017-06-10T02:24:07","guid":{"rendered":"http:\/\/icwpredflag.org\/wp\/wordpress\/wps\/?page_id=801"},"modified":"2017-06-12T17:41:49","modified_gmt":"2017-06-12T17:41:49","slug":"volumen-8-numero-6","status":"publish","type":"page","link":"https:\/\/icwpredflag.org\/wp\/wordpress\/wps\/volumen-8-numero-6\/","title":{"rendered":"Volumen 8, N\u00famero 6"},"content":{"rendered":"<p><img loading=\"lazy\" decoding=\"async\" class=\" wp-image-803 aligncenter\" src=\"http:\/\/icwpredflag.org\/wp\/wordpress\/wps\/wp-content\/uploads\/sites\/2\/2017\/06\/brazilunite-300x201.jpg\" alt=\"\" width=\"522\" height=\"350\" srcset=\"https:\/\/icwpredflag.org\/wp\/wordpress\/wps\/wp-content\/uploads\/sites\/2\/2017\/06\/brazilunite-300x201.jpg 300w, https:\/\/icwpredflag.org\/wp\/wordpress\/wps\/wp-content\/uploads\/sites\/2\/2017\/06\/brazilunite-768x516.jpg 768w, https:\/\/icwpredflag.org\/wp\/wordpress\/wps\/wp-content\/uploads\/sites\/2\/2017\/06\/brazilunite-1024x688.jpg 1024w, https:\/\/icwpredflag.org\/wp\/wordpress\/wps\/wp-content\/uploads\/sites\/2\/2017\/06\/brazilunite.jpg 1909w\" sizes=\"auto, (max-width: 522px) 100vw, 522px\" \/><\/p>\n<h4 style=\"text-align: center;\"><span style=\"color: #ff0000;\">Lucha Masiva en Brasil Muestra Potencial Comunista<\/span><\/h4>\n<ul>\n<li><a class=\"icwp-emph\" href=\"http:\/\/icwpredflag.org\/wp\/wordpress\/wps\/volumen-8-numero-6\/sudafrica-los-exitos-del-1o-de-mayo-sus-retos-y-nuestras-debilidades\/\">Sud\u00e1frica: Los \u00c9xitos del 1\u00ba de Mayo, Sus Retos y Nuestras Debilidades<\/a><\/li>\n<li><a class=\"icwp-emph\" href=\"http:\/\/icwpredflag.org\/wp\/wordpress\/wps\/volumen-8-numero-6\/transporte-de-los-angeles-construir-colectivas-del-pcoi-para-avanzar-la-lucha-comunista\/\">Transporte de Los \u00c1ngeles: Construir Colectivas del PCOI para Avanzar la Lucha Comunista<\/a><\/li>\n<li><a class=\"icwp-emph\" href=\"http:\/\/icwpredflag.org\/wp\/wordpress\/wps\/volumen-8-numero-6\/el-maximo-jefe-policial-de-ee-uu-despedido-en-una-lucha-entre-capitalistas\/\">El M\u00e1ximo Jefe Policial de EE.UU.: Despedido en una Lucha Entre Capitalistas<\/a><\/li>\n<li><a class=\"icwp-emph\" href=\"http:\/\/icwpredflag.org\/wp\/wordpress\/wps\/volumen-8-numero-6\/crisis-capitalista-y-luchas-de-obreros-y-soldados-brasilenos\/\">Crisis Capitalista y Luchas de Obreros y Soldados Brasile\u00f1os<\/a><\/li>\n<li><a class=\"icwp-emph\" href=\"http:\/\/icwpredflag.org\/wp\/wordpress\/wps\/volumen-8-numero-6\/mexico-tenemos-un-plan-para-la-revolucion-comunista\/\">M\u00e9xico: Tenemos un Plan para la Revoluci\u00f3n Comunista<\/a><\/li>\n<li><a class=\"icwp-emph\" href=\"http:\/\/icwpredflag.org\/wp\/wordpress\/wps\/volumen-8-numero-6\/escuela-comunista-da-impulso-al-pcoi\/\">Escuela Comunista Da Impulso al PCOI<\/a><\/li>\n<li><a class=\"icwp-emph\" href=\"http:\/\/icwpredflag.org\/wp\/wordpress\/wps\/volumen-8-numero-6\/la-escuela-comunista-y-la-construccion-de-relaciones-de-uno-a-uno\/\">La Escuela Comunista y la Construcci\u00f3n de Relaciones de Uno a Uno<\/a><\/li>\n<li><a class=\"icwp-emph\" href=\"http:\/\/icwpredflag.org\/wp\/wordpress\/wps\/volumen-8-numero-6\/1o-de-mayo-en-los-angeles-obreros-y-jovenes-presentan-vision-comunista\/\">1\u00ba de Mayo en Los \u00c1ngeles: Obreros y J\u00f3venes Presentan Visi\u00f3n Comunista<\/a><\/li>\n<li><a class=\"icwp-emph\" href=\"http:\/\/icwpredflag.org\/wp\/wordpress\/wps\/volumen-8-numero-6\/general-motors-se-retira-de-sudafrica\/\">General Motors Se Retira de Sud\u00e1frica<\/a><\/li>\n<li><a class=\"icwp-emph\" href=\"http:\/\/icwpredflag.org\/wp\/wordpress\/wps\/volumen-8-numero-6\/ciencia-comunista-de-por-y-para-la-clase-obrera\/\">Ciencia Comunista: De, Por y Para la Clase Obrera<\/a><\/li>\n<li><a class=\"icwp-emph\" href=\"http:\/\/icwpredflag.org\/wp\/wordpress\/wps\/volumen-8-numero-6\/estudiantes-en-sudafrica-construyen-colectiva-multirracial-comunista\/\">Estudiantes en Sud\u00e1frica Construyen Colectiva Multirracial Comunista<\/a><\/li>\n<li><a class=\"icwp-emph\" href=\"http:\/\/icwpredflag.org\/wp\/wordpress\/wps\/volumen-8-numero-6\/sudafrica-aprendiendo-de-la-sublevacion-de-soweto\/\">Sud\u00e1frica: Aprendiendo de la Sublevaci\u00f3n de Soweto<\/a><\/li>\n<li><a class=\"icwp-emph\" href=\"http:\/\/icwpredflag.org\/wp\/wordpress\/wps\/volumen-8-numero-6\/cartas-vol-8-no-6\/\">Cartas Vol 8, No 6<\/a><\/li>\n<li><a class=\"icwp-emph\" href=\"http:\/\/icwpredflag.org\/wp\/wordpress\/wps\/wp-content\/uploads\/sites\/2\/2017\/06\/BR062217.pdf\">Este Edition en PDF<\/a><\/li>\n<\/ul>\n<h4><a class=\"icwp-emph\" href=\"http:\/\/icwpredflag.org\/wp\/wordpress\/wps\/\">Pagina Principal<\/a><\/h4>\n<p>Publicado en l\u00ednea 12\/6\/2017<\/p>\n","protected":false},"excerpt":{"rendered":"<p>Lucha Masiva en Brasil Muestra Potencial Comunista Sud\u00e1frica: Los \u00c9xitos del 1\u00ba de Mayo, Sus Retos y Nuestras Debilidades Transporte de Los \u00c1ngeles: Construir Colectivas del PCOI para Avanzar la Lucha Comunista El M\u00e1ximo Jefe Policial de EE.UU.: Despedido en una Lucha Entre Capitalistas Crisis Capitalista y Luchas de Obreros y Soldados Brasile\u00f1os M\u00e9xico: Tenemos &hellip; <a href=\"https:\/\/icwpredflag.org\/wp\/wordpress\/wps\/volumen-8-numero-6\/\" class=\"more-link\">Sigue leyendo <span class=\"screen-reader-text\">Volumen 8, N\u00famero 6<\/span><\/a><\/p>\n","protected":false},"author":1,"featured_media":282,"parent":0,"menu_order":0,"comment_status":"closed","ping_status":"closed","template":"","meta":{"footnotes":""},"class_list":["post-801","page","type-page","status-publish","has-post-thumbnail","hentry"],"_links":{"self":[{"href":"https:\/\/icwpredflag.org\/wp\/wordpress\/wps\/wp-json\/wp\/v2\/pages\/801","targetHints":{"allow":["GET"]}}],"collection":[{"href":"https:\/\/icwpredflag.org\/wp\/wordpress\/wps\/wp-json\/wp\/v2\/pages"}],"about":[{"href":"https:\/\/icwpredflag.org\/wp\/wordpress\/wps\/wp-json\/wp\/v2\/types\/page"}],"author":[{"embeddable":true,"href":"https:\/\/icwpredflag.org\/wp\/wordpress\/wps\/wp-json\/wp\/v2\/users\/1"}],"replies":[{"embeddable":true,"href":"https:\/\/icwpredflag.org\/wp\/wordpress\/wps\/wp-json\/wp\/v2\/comments?post=801"}],"version-history":[{"count":9,"href":"https:\/\/icwpredflag.org\/wp\/wordpress\/wps\/wp-json\/wp\/v2\/pages\/801\/revisions"}],"predecessor-version":[{"id":883,"href":"https:\/\/icwpredflag.org\/wp\/wordpress\/wps\/wp-json\/wp\/v2\/pages\/801\/revisions\/883"}],"wp:featuredmedia":[{"embeddable":true,"href":"https:\/\/icwpredflag.org\/wp\/wordpress\/wps\/wp-json\/wp\/v2\/media\/282"}],"wp:attachment":[{"href":"https:\/\/icwpredflag.org\/wp\/wordpress\/wps\/wp-json\/wp\/v2\/media?parent=801"}],"curies":[{"name":"wp","href":"https:\/\/api.w.org\/{rel}","templated":true}]}}