{"id":8044,"date":"2021-08-29T17:07:53","date_gmt":"2021-08-29T17:07:53","guid":{"rendered":"https:\/\/icwpredflag.org\/wp\/wordpress\/wps\/?page_id=8044"},"modified":"2021-08-29T17:12:22","modified_gmt":"2021-08-29T17:12:22","slug":"el-salvador-confrontemos-el-fascismo-con-organizacion-comunista","status":"publish","type":"page","link":"https:\/\/icwpredflag.org\/wp\/wordpress\/wps\/volumen-12-numero-11\/el-salvador-confrontemos-el-fascismo-con-organizacion-comunista\/","title":{"rendered":"El Salvador: Confrontemos el Fascismo con Organizaci\u00f3n Comunista"},"content":{"rendered":"<p><img loading=\"lazy\" decoding=\"async\" class=\"wp-image-8032 aligncenter\" src=\"https:\/\/icwpredflag.org\/wp\/wordpress\/wps\/wp-content\/uploads\/sites\/2\/2021\/08\/elsalmeet-300x152.jpg\" alt=\"\" width=\"730\" height=\"370\" srcset=\"https:\/\/icwpredflag.org\/wp\/wordpress\/wps\/wp-content\/uploads\/sites\/2\/2021\/08\/elsalmeet-300x152.jpg 300w, https:\/\/icwpredflag.org\/wp\/wordpress\/wps\/wp-content\/uploads\/sites\/2\/2021\/08\/elsalmeet.jpg 565w\" sizes=\"auto, (max-width: 730px) 100vw, 730px\" \/><\/p>\n<h4 style=\"text-align: center;\"><span style=\"color: #ff0000;\"><strong>PCOI en El Salvador: <\/strong><strong>Obreras y Obreros de las Maquilas Confrontan Fascismo con Organizaci\u00f3n e Ideolog\u00eda Comunista<\/strong><\/span><\/h4>\n<p style=\"text-align: justify;\">EL SALVADOR, agosto del 2021\u2014\u201cHemos pasado m\u00e1s de un a\u00f1o irregular por la crisis de COVID-19. Esto obstaculiz\u00f3 llevar adelante las actividades frecuentes, reuniones de c\u00e9lulas afuera de las f\u00e1bricas y las reuniones ampliadas. Ah\u00ed se involucraba a grupos familiares de obreros, obreras y estudiantes, y que nos dan muy buenos resultados\u201d, Se\u00f1al\u00f3 un camarada l\u00edder obrero.<\/p>\n<p style=\"text-align: justify;\">S, dijo \u201cVamos a llegar a tu casa a visitar a tu familia, ustedes dos son obreros fabriles, para que hablemos del Partido\u201d.<\/p>\n<p style=\"text-align: justify;\">V, antiguo camarada contest\u00f3 \u201cAll\u00ed los esperamos\u201d.<\/p>\n<p style=\"text-align: justify;\">Actualmente se est\u00e1n haciendo reuniones y planes para visitar los camaradas obreros que leen <em>Bandera Roja<\/em>. Para que ingresen a las filas del partido y fortalecer las relaciones comunistas con otros camaradas que han estado menos activos.<\/p>\n<p style=\"text-align: justify;\">\u201cDebemos de tener claro que no es de forma autom\u00e1tica y mec\u00e1nica que vamos a entregar los peri\u00f3dicos. Cada obrero debe entender cu\u00e1l es la funci\u00f3n pol\u00edtica e ideol\u00f3gica que se est\u00e1 llevando a cabo con los dem\u00e1s lectores dentro de la f\u00e1brica\u201d, se\u00f1al\u00f3 un camarada l\u00edder del Partido.<\/p>\n<p style=\"text-align: justify;\"><strong>Trabajo Ideol\u00f3gico Comunista Hace Crecer al PCOI<\/strong><\/p>\n<p style=\"text-align: justify;\">Se est\u00e1 desarrollando una campa\u00f1a permanente para entender la necesidad de masificar la l\u00ednea del PCOI. Lo haremos mediante <em>Bandera Roja<\/em>, motivando a cada camarada a leer y escribir, tomar m\u00e1s ejemplares del peri\u00f3dico para que lo entreguen a otros obreros, familiares y amigos.<\/p>\n<p style=\"text-align: justify;\">Estas actividades dentro y fuera de las f\u00e1bricas nos ha dado la capacidad de crear 3 nuevos colectivos y el desarrollo de nuevas y nuevos l\u00edderes obreros, al igual que salir en bloque a la marcha del 1\u00ba de Mayo.<\/p>\n<p style=\"text-align: justify;\">Durante lo m\u00e1s duro de la pandemia del Covid-19, hicimos cambios, comunic\u00e1ndonos mediante las redes sociales. Esto por supuesto evita la relaci\u00f3n personal que es tan necesaria para fortalecer las relaciones sociales entre camaradas.<\/p>\n<p style=\"text-align: justify;\">\u201cPero en este tiempo, gracias a la solidaridad de trabajadores organizados en PCOI, internacionalmente, se logr\u00f3 apoyar con productos de primera necesidad mientras los camaradas no estaban trabajando en las f\u00e1bricas. El apoyo tambi\u00e9n se llev\u00f3 a mujeres obreras que se encontraban en huelga de hambre\u201d, dijo una l\u00edder obrera.<\/p>\n<p style=\"text-align: justify;\"><strong>El Temor a la Clase Obrera Hace Temblar a los Patrones\u00a0\u00a0\u00a0\u00a0\u00a0\u00a0 <\/strong><\/p>\n<p style=\"text-align: justify;\">El gobierno est\u00e1 instaurando el fascismo como arma para detener la organizaci\u00f3n de la clase trabajadora. Las calles est\u00e1n llenas de soldados y polic\u00edas, y lo que no se ve\u00eda desde tiempos de la guerra la presencia de tanquetas en puestos estrat\u00e9gicos. La creciente militarizaci\u00f3n es un recurso de los capitalistas en turno.<\/p>\n<p style=\"text-align: justify;\">El descontento entre la clase trabajadora est\u00e1 creciendo ante la situaci\u00f3n econ\u00f3mica, perdida de trabajo y represi\u00f3n. Tambi\u00e9n manifestando rechazo ante la imposici\u00f3n de la nueva moneda Bitcoin.<\/p>\n<p style=\"text-align: justify;\">La represi\u00f3n es la respuesta patronal ante la evidente amenaza que sienten ante los eminentes levantamientos o huelgas que siempre como clase trabajadora hemos propiciado. El temor de estos llamados \u201ctigres de papel que aparentan ser fuertes, pero no lo son, el poder est\u00e1 en la clase obrera\u201d, pensamiento utilizado por Mao Tse Tung.<\/p>\n<p style=\"text-align: justify;\">Ante esta situaci\u00f3n hemos discutido sobre un plan de seguridad que garantice el avance en la construcci\u00f3n del PCOI e integridad de los camaradas. Nos reunimos para planificar el trabajo, tomando en cuenta la situaci\u00f3n actual, entender c\u00f3mo funciona el capitalismo, sus debilidades y como terminarlo.<\/p>\n<p style=\"text-align: justify;\">Un paso importante es la integraci\u00f3n de una c\u00e9lula en la capital del pa\u00eds, esta representa una oportunidad para expandir el trabajo comunista. Ya planificamos las primeras reuniones para el estudio del materialismo dial\u00e9ctico dirigido por obreras y obreros.<\/p>\n<p style=\"text-align: justify;\">Este conocimiento es el arma que la clase trabajadora debe tener para entender, c\u00f3mo se dan los cambios y hacer la lucha para la revoluci\u00f3n comunista.<\/p>\n<p style=\"text-align: justify;\"><strong>Organizar entre los Soldados<\/strong><\/p>\n<p style=\"text-align: justify;\">\u201cMi hermano que tambi\u00e9n es un obrero, tiene como amigo a un joven soldado al que planeamos entregarle Bandera Roja\u201d, dijo una obrera.<\/p>\n<p style=\"text-align: justify;\">Consideramos que la lucha por reclutar soldados para el comunismo es un paso enorme que la clase obrera necesita y est\u00e1 llevando a cabo a trav\u00e9s del PCOI.<\/p>\n<p style=\"text-align: justify;\">Es importante mencionar el trabajo de las c\u00e9lulas de excombatientes guerrilleros (FMLN) que sigue dando frutos. Esta semana un camarada campesino dijo, \u201cYo tengo un amigo que est\u00e1 en el ej\u00e9rcito y esta semana le pasar\u00e9 el peri\u00f3dico\u201d.<\/p>\n<p style=\"text-align: justify;\">\u201cEste trabajo lo hicimos por muchos a\u00f1os dentro de la guerrilla y lo haremos con m\u00e1s fuerza hoy con el PCOI\u201d, se\u00f1al\u00f3 otro campesino.<\/p>\n<p style=\"text-align: justify;\">Hoy m\u00e1s que nunca la clase trabajadora necesita organizarse en el Partido Comunista Obrero Internacional, luchar directamente por el Comunismo y poner fin a este podrido sistema.<\/p>\n<p>&nbsp;<\/p>\n","protected":false},"excerpt":{"rendered":"<p>PCOI en El Salvador: Obreras y Obreros de las Maquilas Confrontan Fascismo con Organizaci\u00f3n e Ideolog\u00eda Comunista EL SALVADOR, agosto del 2021\u2014\u201cHemos pasado m\u00e1s de un a\u00f1o irregular por la crisis de COVID-19. Esto obstaculiz\u00f3 llevar adelante las actividades frecuentes, reuniones de c\u00e9lulas afuera de las f\u00e1bricas y las reuniones ampliadas. Ah\u00ed se involucraba a &hellip; <a href=\"https:\/\/icwpredflag.org\/wp\/wordpress\/wps\/volumen-12-numero-11\/el-salvador-confrontemos-el-fascismo-con-organizacion-comunista\/\" class=\"more-link\">Sigue leyendo <span class=\"screen-reader-text\">El Salvador: Confrontemos el Fascismo con Organizaci\u00f3n Comunista<\/span><\/a><\/p>\n","protected":false},"author":1,"featured_media":5655,"parent":8039,"menu_order":0,"comment_status":"closed","ping_status":"closed","template":"","meta":{"footnotes":""},"class_list":["post-8044","page","type-page","status-publish","has-post-thumbnail","hentry"],"_links":{"self":[{"href":"https:\/\/icwpredflag.org\/wp\/wordpress\/wps\/wp-json\/wp\/v2\/pages\/8044","targetHints":{"allow":["GET"]}}],"collection":[{"href":"https:\/\/icwpredflag.org\/wp\/wordpress\/wps\/wp-json\/wp\/v2\/pages"}],"about":[{"href":"https:\/\/icwpredflag.org\/wp\/wordpress\/wps\/wp-json\/wp\/v2\/types\/page"}],"author":[{"embeddable":true,"href":"https:\/\/icwpredflag.org\/wp\/wordpress\/wps\/wp-json\/wp\/v2\/users\/1"}],"replies":[{"embeddable":true,"href":"https:\/\/icwpredflag.org\/wp\/wordpress\/wps\/wp-json\/wp\/v2\/comments?post=8044"}],"version-history":[{"count":3,"href":"https:\/\/icwpredflag.org\/wp\/wordpress\/wps\/wp-json\/wp\/v2\/pages\/8044\/revisions"}],"predecessor-version":[{"id":8047,"href":"https:\/\/icwpredflag.org\/wp\/wordpress\/wps\/wp-json\/wp\/v2\/pages\/8044\/revisions\/8047"}],"up":[{"embeddable":true,"href":"https:\/\/icwpredflag.org\/wp\/wordpress\/wps\/wp-json\/wp\/v2\/pages\/8039"}],"wp:featuredmedia":[{"embeddable":true,"href":"https:\/\/icwpredflag.org\/wp\/wordpress\/wps\/wp-json\/wp\/v2\/media\/5655"}],"wp:attachment":[{"href":"https:\/\/icwpredflag.org\/wp\/wordpress\/wps\/wp-json\/wp\/v2\/media?parent=8044"}],"curies":[{"name":"wp","href":"https:\/\/api.w.org\/{rel}","templated":true}]}}