{"id":8057,"date":"2021-09-02T22:16:28","date_gmt":"2021-09-02T22:16:28","guid":{"rendered":"https:\/\/icwpredflag.org\/wp\/wordpress\/wps\/?page_id=8057"},"modified":"2021-09-02T22:26:21","modified_gmt":"2021-09-02T22:26:21","slug":"tiempos-cambiantes-para-el-imperialismo-de-ee-uu-abren-las-puertas-al-pcoi","status":"publish","type":"page","link":"https:\/\/icwpredflag.org\/wp\/wordpress\/wps\/volumen-12-numero-11\/tiempos-cambiantes-para-el-imperialismo-de-ee-uu-abren-las-puertas-al-pcoi\/","title":{"rendered":"Tiempos Cambiantes para el Imperialismo de EE.UU. Abren las Puertas al PCOI"},"content":{"rendered":"<p style=\"text-align: justify;\"><strong>Contradicciones Internas de Gobernantes de EE.UU. <a class=\"icwp-emph\" href=\"#1\">aqu\u00ed \u2666<\/a> EE.UU Se Retira de Afganist\u00e1n para Pelear en Otros Frentes <a class=\"icwp-emph\" href=\"#2\">aqu\u00ed \u2666<\/a><\/strong><\/p>\n<p><img loading=\"lazy\" decoding=\"async\" class=\"wp-image-8038 aligncenter\" src=\"https:\/\/icwpredflag.org\/wp\/wordpress\/wps\/wp-content\/uploads\/sites\/2\/2021\/08\/afghanmap-300x211.jpg\" alt=\"\" width=\"728\" height=\"512\" srcset=\"https:\/\/icwpredflag.org\/wp\/wordpress\/wps\/wp-content\/uploads\/sites\/2\/2021\/08\/afghanmap-300x211.jpg 300w, https:\/\/icwpredflag.org\/wp\/wordpress\/wps\/wp-content\/uploads\/sites\/2\/2021\/08\/afghanmap.jpg 469w\" sizes=\"auto, (max-width: 728px) 100vw, 728px\" \/><\/p>\n<h4 style=\"text-align: center;\" id=\"1\"><span style=\"color: #ff0000;\"><strong>Los Gobernantes Imperialistas de EE.UU. Est\u00e1n en Aprietos <\/strong><strong>Tiempos Cambiantes Abren las Puertas para el Crecimiento del PCOI<\/strong><\/span><\/h4>\n<p style=\"text-align: justify;\">25 de agosto: La clase dominante de Estados Unidos est\u00e1 abiertamente preocupada de que las contradicciones dentro de Estados Unidos afecten su pol\u00edtica externa e interna. Cualquiera que sea el giro pol\u00edtico en las escenas de Kabul, Afganist\u00e1n, en las \u00faltimas semanas, los gobernantes estadounidenses saben que tienen problemas mayores.<\/p>\n<p style=\"text-align: justify;\">\u201cLas causas a largo plazo de la debilidad y el declive de EE.UU. son m\u00e1s nacionales que internacionales\u201d, advierte Francis Fukuyama, un pez gordo del influyente Consejo de Asuntos Exteriores. \u201cQue tan influyente ser\u00e1 EE.UU. depende de su capacidad para solucionar sus problemas internos\u201d.<\/p>\n<p style=\"text-align: justify;\">Cada semana, m\u00e1s expertos en asuntos exteriores de Estados Unidos emiten advertencias similares.<\/p>\n<p style=\"text-align: justify;\">Sus preocupaciones son especialmente urgentes cuando se trata de las fuerzas armadas estadounidenses. Muchos soldados se vieron profundamente afectados por las manifestaciones masivas y las huelgas del a\u00f1o pasado contra el racismo, el sexismo, las protecciones inadecuadas contra la pandemia, la xenofobia, el fascismo y la desigualdad global.<\/p>\n<p style=\"text-align: justify;\">Recientemente, surgieron los \u201cboogaloo boys\u201d racistas en una base del ej\u00e9rcito estadounidense. Esto provoc\u00f3 que grandes grupos multirraciales de soldados de base organizaran semanas de conferencias y debates de historia antirracista.<\/p>\n<p style=\"text-align: justify;\">Los altos mandos (oficiales) militares optaron por ignorar a los fascistas. Entonces, decenas de soldados se prepararon para luchar contra este estallido fascista. En otra base, los soldados se organizaron contra el racista C\u00f3digo Uniforme de Justicia Militar.<\/p>\n<p style=\"text-align: justify;\">Los levantamientos globales han afectado todos los rincones de la sociedad capitalista. Los gobernantes en todas partes deben resolver estas contradicciones internas para permanecer en el poder. Pero no pueden, porque su sistema debe intensificar la explotaci\u00f3n y la divisi\u00f3n en todos los pa\u00edses del mundo.<\/p>\n<p style=\"text-align: justify;\">Un principio central de la filosof\u00eda comunista es que \u201clas contradicciones internas son primordiales\u201d. Es cierto para el capitalismo estadounidense y es cierto para nuestro Partido.<\/p>\n<p style=\"text-align: justify;\">Las contradicciones internas de los capitalistas crean una oportunidad inmediata para nuestro Partido. No podemos quedarnos al margen. Las relaciones comunistas que los camaradas construyen durante esta agitaci\u00f3n son cruciales. Ya est\u00e1n ayudando a que el Partido crezca. Ahora es el momento de que todos los colectivos contribuyan. Tenemos que superar las contradicciones internas que nos impiden hacer esto.<\/p>\n<p style=\"text-align: justify;\">Los capitalistas no pueden resolver las contradicciones en su sistema. Pero la revoluci\u00f3n comunista las acabar\u00e1.<\/p>\n<h4 style=\"text-align: center;\" id=\"2\"><span style=\"color: #ff0000;\"><strong>EEUU Se Retira de Afganist\u00e1n para Pelear en Otros Frentes<\/strong><\/span><\/h4>\n<p style=\"text-align: justify;\">\u201cEstados Unidos se est\u00e1 retirando del Gran Medio Oriente al mismo tiempo que fortalece su estructura estrat\u00e9gica en torno a China con el \u00fanico prop\u00f3sito de contener a China\u201d, editorializ\u00f3 el Global Times portavoz del gobierno de China (17 de agosto).<\/p>\n<p style=\"text-align: justify;\">Estados Unidos estaba cambiando su enfoque de Afganist\u00e1n a China, dijo en abril el secretario de Estado estadounidense, Antony Blinken.<\/p>\n<p style=\"text-align: justify;\">La retirada del imperialismo estadounidense de Afganist\u00e1n no presagia paz. Es una movida estrat\u00e9gica que le permitir\u00e1 enfrentar mejor a sus rivales, China y Rusia. Esto &#8211; a menos que la clase trabajadora opte antes por la revoluci\u00f3n comunista &#8211; conducir\u00e1 inevitablemente a la Tercera Guerra Mundial.<\/p>\n<p style=\"text-align: justify;\">Estados Unidos est\u00e1 en desventaja tratando de detener el auge de los imperialistas chinos y rusos en Afganist\u00e1n. Es por eso que la revista Foreign Affairs lament\u00f3 la obsesi\u00f3n de algunos estrategas geopol\u00edticos estadounidenses con el Gran Medio Oriente.<\/p>\n<p style=\"text-align: justify;\">Su perspectiva representa al sector principal de los gobernantes imperiales de EE.UU. que piden cambiar la cultura que qued\u00f3 de la Guerra Fr\u00eda. Su nueva estrategia es girar hacia el Pac\u00edfico sur para enfrentar a China, y hacia la regi\u00f3n del Mar Negro y Europa Oriental para enfrentar a Rusia.<\/p>\n<p style=\"text-align: justify;\">En el Pac\u00edfico sur, EE. UU. ya organiz\u00f3 el Grupo Quad (EE. UU., Australia, India y Jap\u00f3n). Espera convertirlo en una alianza militar contra China. Tambi\u00e9n est\u00e1 cortejando a Vietnam, Corea del Sur, Indonesia y las Filipinas.<\/p>\n<p style=\"text-align: justify;\">Estos dos \u00faltimos controlan cuellos de botellas que podr\u00edan cortarle a China sus exportaciones mercantiles e importaciones de energ\u00e9ticos por mar, para paralizar su econom\u00eda y sus fuerzas armadas en caso de guerra. Y luego pelear\u00e1 contra China para controlar el portaaviones insumergible que es Taiw\u00e1n.<\/p>\n<p style=\"text-align: justify;\">Solo el comunismo puede traer la paz duradera que los trabajadores aspiran y necesitan. Nuestro deber es convertir al PCOI en un Partido de masas capaz de llevar a la clase trabajadora al poder para detener el loco impulso de los imperialistas hacia la Tercera Guerra Mundial. Si esto no es posible, haremos de esta guerra su \u00faltima guerra.<\/p>\n<h4><a href=\"https:\/\/icwpredflag.org\/wp\/wordpress\/wps\/volumen-12-numero-11\/\">Primera p\u00e1gina de esta edici\u00f3n<\/a><\/h4>\n","protected":false},"excerpt":{"rendered":"<p>Contradicciones Internas de Gobernantes de EE.UU. aqu\u00ed \u2666 EE.UU Se Retira de Afganist\u00e1n para Pelear en Otros Frentes aqu\u00ed \u2666 Los Gobernantes Imperialistas de EE.UU. Est\u00e1n en Aprietos Tiempos Cambiantes Abren las Puertas para el Crecimiento del PCOI 25 de agosto: La clase dominante de Estados Unidos est\u00e1 abiertamente preocupada de que las contradicciones dentro &hellip; <a href=\"https:\/\/icwpredflag.org\/wp\/wordpress\/wps\/volumen-12-numero-11\/tiempos-cambiantes-para-el-imperialismo-de-ee-uu-abren-las-puertas-al-pcoi\/\" class=\"more-link\">Sigue leyendo <span class=\"screen-reader-text\">Tiempos Cambiantes para el Imperialismo de EE.UU. Abren las Puertas al PCOI<\/span><\/a><\/p>\n","protected":false},"author":1,"featured_media":5655,"parent":8039,"menu_order":0,"comment_status":"closed","ping_status":"closed","template":"","meta":{"footnotes":""},"class_list":["post-8057","page","type-page","status-publish","has-post-thumbnail","hentry"],"_links":{"self":[{"href":"https:\/\/icwpredflag.org\/wp\/wordpress\/wps\/wp-json\/wp\/v2\/pages\/8057","targetHints":{"allow":["GET"]}}],"collection":[{"href":"https:\/\/icwpredflag.org\/wp\/wordpress\/wps\/wp-json\/wp\/v2\/pages"}],"about":[{"href":"https:\/\/icwpredflag.org\/wp\/wordpress\/wps\/wp-json\/wp\/v2\/types\/page"}],"author":[{"embeddable":true,"href":"https:\/\/icwpredflag.org\/wp\/wordpress\/wps\/wp-json\/wp\/v2\/users\/1"}],"replies":[{"embeddable":true,"href":"https:\/\/icwpredflag.org\/wp\/wordpress\/wps\/wp-json\/wp\/v2\/comments?post=8057"}],"version-history":[{"count":4,"href":"https:\/\/icwpredflag.org\/wp\/wordpress\/wps\/wp-json\/wp\/v2\/pages\/8057\/revisions"}],"predecessor-version":[{"id":8061,"href":"https:\/\/icwpredflag.org\/wp\/wordpress\/wps\/wp-json\/wp\/v2\/pages\/8057\/revisions\/8061"}],"up":[{"embeddable":true,"href":"https:\/\/icwpredflag.org\/wp\/wordpress\/wps\/wp-json\/wp\/v2\/pages\/8039"}],"wp:featuredmedia":[{"embeddable":true,"href":"https:\/\/icwpredflag.org\/wp\/wordpress\/wps\/wp-json\/wp\/v2\/media\/5655"}],"wp:attachment":[{"href":"https:\/\/icwpredflag.org\/wp\/wordpress\/wps\/wp-json\/wp\/v2\/media?parent=8057"}],"curies":[{"name":"wp","href":"https:\/\/api.w.org\/{rel}","templated":true}]}}