{"id":8070,"date":"2021-09-03T05:50:57","date_gmt":"2021-09-03T05:50:57","guid":{"rendered":"https:\/\/icwpredflag.org\/wp\/wordpress\/wps\/?page_id=8070"},"modified":"2021-09-03T05:54:04","modified_gmt":"2021-09-03T05:54:04","slug":"terremoto-en-haiti-jovenes-llevan-atencion-medica-a-las-masas","status":"publish","type":"page","link":"https:\/\/icwpredflag.org\/wp\/wordpress\/wps\/volumen-12-numero-11\/terremoto-en-haiti-jovenes-llevan-atencion-medica-a-las-masas\/","title":{"rendered":"Terremoto en Hait\u00ed: Jovenes Llevan Atenci\u00f3n Medica a las Masas"},"content":{"rendered":"<p><img loading=\"lazy\" decoding=\"async\" class=\"wp-image-8031 aligncenter\" src=\"https:\/\/icwpredflag.org\/wp\/wordpress\/wps\/wp-content\/uploads\/sites\/2\/2021\/08\/haitiquake-300x212.jpg\" alt=\"\" width=\"723\" height=\"511\" srcset=\"https:\/\/icwpredflag.org\/wp\/wordpress\/wps\/wp-content\/uploads\/sites\/2\/2021\/08\/haitiquake-300x212.jpg 300w, https:\/\/icwpredflag.org\/wp\/wordpress\/wps\/wp-content\/uploads\/sites\/2\/2021\/08\/haitiquake.jpg 342w\" sizes=\"auto, (max-width: 723px) 100vw, 723px\" \/><\/p>\n<h4 style=\"text-align: center;\"><span style=\"color: #ff0000;\"><strong>Terremoto de Hait\u00ed: J\u00f3venes M\u00e9dicos y Estudiantes Llevan la Atenci\u00f3n M\u00e9dica a las Masas<\/strong><\/span><\/h4>\n<p style=\"text-align: justify;\">24 de agosto: Miles de personas murieron, decenas de miles resultaron heridas o quedaron sin hogar. El terremoto del 14 de agosto que devast\u00f3 el suroeste de Hait\u00ed fue un evento natural, pero el capitalismo lo convirti\u00f3 en un desastre.<\/p>\n<p style=\"text-align: justify;\">El capitalismo empobreci\u00f3 a las masas. Los oblig\u00f3 a refugiarse en estructuras claramente incapaces de soportar los terremotos que regularmente sacuden la isla. Los dej\u00f3 varados sin comida y sin atenci\u00f3n m\u00e9dica. \u00a1Este sistema racista asesino debe desaparecer!<\/p>\n<p style=\"text-align: justify;\">En medio de la destrucci\u00f3n, las acciones de los doctores Timothee Jean-Jacques, Wonston Raphael, Ruben Misaac Pierre, Stanley Ettenne, Medgina Felix y la fisioterapeuta Rose-Milord Celestin iluminan el camino hacia el comunismo.<\/p>\n<p style=\"text-align: justify;\">\u201cUna vez que vimos lo que sucedi\u00f3, como m\u00e9dicos j\u00f3venes, nos conmovi\u00f3\u201d, dijo el Dr. Pierre. \u201cDijimos: \u2018Tenemos que brindar nuestra ayuda sin importar cu\u00e1les sean las circunstancias\u2019. A pesar de que hay inseguridad en el pa\u00eds, dijimos: \u2018Tenemos que venir a ayudar\u2019\u201d.<\/p>\n<p style=\"text-align: justify;\">Estos j\u00f3venes trabajadores de la salud unieron sus recursos para llenar sus mochilas con suministros. Desafiaron la ruta controlada por las pandillas fuera de la capital para llegar a Les Cayes. No ten\u00edan un plan definido excepto confiar en las masas.<\/p>\n<p style=\"text-align: justify;\">Una cl\u00ednica en Les Cayes no funcion\u00f3, pero alguien los dirigi\u00f3 a la devastada comunidad de Marceline. All\u00ed, un sacerdote local les ayud\u00f3 a pedir prestada una carpa. Ofreci\u00f3 el uso de la cancha de f\u00fatbol por la escuela de la iglesia. De d\u00eda, la tienda ser\u00eda su cl\u00ednica y de noche su refugio.<\/p>\n<p style=\"text-align: justify;\">Se corri\u00f3 la voz. Llegaron los pacientes. Los j\u00f3venes m\u00e9dicos arreglaron las piernas rotas y trataron un traumatismo craneal. Reclutaron a otros para que llevaran a los pacientes con lesiones m\u00e1s graves a un hospital gubernamental. Planearon quedarse hasta que no hubiera m\u00e1s pacientes o no m\u00e1s suministros.<\/p>\n<p style=\"text-align: justify;\">Luego lleg\u00f3 un grupo de universitarios con dos carpas m\u00e1s, kits de higiene, otro m\u00e9dico y un especialista en salud mental. Juntos, los dos grupos colaboraron para tratar a cientos de pacientes.<\/p>\n<p style=\"text-align: justify;\">\u201cCualquiera que sea el apoyo que le des a alguien, primero debes considerarlo como personas\u201d, dijo un estudiante de psicolog\u00eda. \u201cNo puedes pensar que eres mejor que ellos\u201d.<\/p>\n<p style=\"text-align: justify;\">\u201cSi nos movemos todos juntos, llegaremos m\u00e1s r\u00e1pido\u201d, dijo el fisioterapeuta. \u201cSi todos intentamos movernos juntos y alguien es golpeado, tenemos que detenernos y echar una mano. No es algo que afecte a un solo grupo de personas, afecta a todos \u201c.<\/p>\n<p style=\"text-align: justify;\">Compare a estos j\u00f3venes con las ONG que invadieron Hait\u00ed despu\u00e9s del terremoto de 2010. Esas ONG recaudaron toneladas de dinero, pero dieron muy poca ayuda a las masas necesitadas. En cambio, las tropas de la ONU y los campos de refugiados desencadenaron epidemias de c\u00f3lera y violencia contra las mujeres.<\/p>\n<p style=\"text-align: justify;\">Entonces, como ahora, la mayor\u00eda de los primeros rescatistas eran haitianos que buscaban vecinos entre los escombros, a menudo con sus propias manos. Compartieron comida y agua. Muchos se ofrecieron como voluntarios en hospitales.<\/p>\n<p style=\"text-align: justify;\">La esencia del comunismo es que las masas se ofrezcan como voluntarias para hacer, colectivamente, lo que sea necesario para satisfacer las necesidades de todos. Los j\u00f3venes m\u00e9dicos y estudiantes haitianos de Marceline est\u00e1n poniendo en pr\u00e1ctica este ideal, lo vean todos de esa manera o no.<\/p>\n<p style=\"text-align: justify;\">Las crisis econ\u00f3micas y clim\u00e1ticas del capitalismo est\u00e1n creando m\u00e1s desastres en todas partes, todos los d\u00edas. Estos desastres crean oportunidades para que muchos m\u00e1s de nosotros organicemos amigos que act\u00faen sobre las ideas comunistas, como vemos hoy en Marceline. Pero tambi\u00e9n vemos estas oportunidades para promover ideas comunistas entre las masas y construir el Partido Comunista Obrero Internacional. Los camaradas j\u00f3venes de la India nos est\u00e1n mostrando c\u00f3mo hacer esto.<\/p>\n<p style=\"text-align: justify;\">Hait\u00ed, en este momento, es pol\u00edtica y geol\u00f3gicamente inestable. Un verdadero partido comunista con una base de masas estar\u00eda planeando una revoluci\u00f3n para destruir el capitalismo. Estas oportunidades son cada vez m\u00e1s comunes. Prepar\u00e9monos ahora para luchar y construir el mundo comunista que necesitamos.<\/p>\n<h4><a href=\"https:\/\/icwpredflag.org\/wp\/wordpress\/wps\/volumen-12-numero-11\/\">Primera p\u00e1gina de esta edici\u00f3n<\/a><\/h4>\n","protected":false},"excerpt":{"rendered":"<p>Terremoto de Hait\u00ed: J\u00f3venes M\u00e9dicos y Estudiantes Llevan la Atenci\u00f3n M\u00e9dica a las Masas 24 de agosto: Miles de personas murieron, decenas de miles resultaron heridas o quedaron sin hogar. El terremoto del 14 de agosto que devast\u00f3 el suroeste de Hait\u00ed fue un evento natural, pero el capitalismo lo convirti\u00f3 en un desastre. El &hellip; <a href=\"https:\/\/icwpredflag.org\/wp\/wordpress\/wps\/volumen-12-numero-11\/terremoto-en-haiti-jovenes-llevan-atencion-medica-a-las-masas\/\" class=\"more-link\">Sigue leyendo <span class=\"screen-reader-text\">Terremoto en Hait\u00ed: Jovenes Llevan Atenci\u00f3n Medica a las Masas<\/span><\/a><\/p>\n","protected":false},"author":1,"featured_media":5655,"parent":8039,"menu_order":0,"comment_status":"closed","ping_status":"closed","template":"","meta":{"footnotes":""},"class_list":["post-8070","page","type-page","status-publish","has-post-thumbnail","hentry"],"_links":{"self":[{"href":"https:\/\/icwpredflag.org\/wp\/wordpress\/wps\/wp-json\/wp\/v2\/pages\/8070","targetHints":{"allow":["GET"]}}],"collection":[{"href":"https:\/\/icwpredflag.org\/wp\/wordpress\/wps\/wp-json\/wp\/v2\/pages"}],"about":[{"href":"https:\/\/icwpredflag.org\/wp\/wordpress\/wps\/wp-json\/wp\/v2\/types\/page"}],"author":[{"embeddable":true,"href":"https:\/\/icwpredflag.org\/wp\/wordpress\/wps\/wp-json\/wp\/v2\/users\/1"}],"replies":[{"embeddable":true,"href":"https:\/\/icwpredflag.org\/wp\/wordpress\/wps\/wp-json\/wp\/v2\/comments?post=8070"}],"version-history":[{"count":3,"href":"https:\/\/icwpredflag.org\/wp\/wordpress\/wps\/wp-json\/wp\/v2\/pages\/8070\/revisions"}],"predecessor-version":[{"id":8073,"href":"https:\/\/icwpredflag.org\/wp\/wordpress\/wps\/wp-json\/wp\/v2\/pages\/8070\/revisions\/8073"}],"up":[{"embeddable":true,"href":"https:\/\/icwpredflag.org\/wp\/wordpress\/wps\/wp-json\/wp\/v2\/pages\/8039"}],"wp:featuredmedia":[{"embeddable":true,"href":"https:\/\/icwpredflag.org\/wp\/wordpress\/wps\/wp-json\/wp\/v2\/media\/5655"}],"wp:attachment":[{"href":"https:\/\/icwpredflag.org\/wp\/wordpress\/wps\/wp-json\/wp\/v2\/media?parent=8070"}],"curies":[{"name":"wp","href":"https:\/\/api.w.org\/{rel}","templated":true}]}}