{"id":8237,"date":"2021-10-09T01:38:34","date_gmt":"2021-10-09T01:38:34","guid":{"rendered":"https:\/\/icwpredflag.org\/wp\/wordpress\/wps\/?page_id=8237"},"modified":"2021-10-10T23:38:58","modified_gmt":"2021-10-10T23:38:58","slug":"conocimiento-de-obreros-versus-los-expertos-capitalistas","status":"publish","type":"page","link":"https:\/\/icwpredflag.org\/wp\/wordpress\/wps\/volumen-12-numero-13\/conocimiento-de-obreros-versus-los-expertos-capitalistas\/","title":{"rendered":"Conocimiento de Obreros Versus los Expertos Capitalistas"},"content":{"rendered":"<p style=\"text-align: center;\"><strong>Comunismo Liberar\u00e1 el Conocimiento de los Obreros para Satisfacer las Necesidades de las Masas <a class=\"icwp-emph\" href=\"#1\">aqu\u00ed \u2666<\/a> Nada Se Mueve Sin los Obreros <a class=\"icwp-emph\" href=\"#2\">aqu\u00ed \u2666<\/a><\/strong><\/p>\n<p><img loading=\"lazy\" decoding=\"async\" class=\"wp-image-8213 aligncenter\" src=\"https:\/\/icwpredflag.org\/wp\/wordpress\/wps\/wp-content\/uploads\/sites\/2\/2021\/10\/breakchain-300x223.jpg\" alt=\"\" width=\"849\" height=\"631\" srcset=\"https:\/\/icwpredflag.org\/wp\/wordpress\/wps\/wp-content\/uploads\/sites\/2\/2021\/10\/breakchain-300x223.jpg 300w, https:\/\/icwpredflag.org\/wp\/wordpress\/wps\/wp-content\/uploads\/sites\/2\/2021\/10\/breakchain.jpg 474w\" sizes=\"auto, (max-width: 849px) 100vw, 849px\" \/><\/p>\n<h4 id=\"1\" style=\"text-align: center;\"><span style=\"color: #ff0000;\"><strong>El Comunismo Liberar\u00e1 el Conocimiento de los Obreros para Satisfacer las Necesidades de las Masas<\/strong><\/span><\/h4>\n<p style=\"text-align: justify;\">Trabajo en una peque\u00f1a f\u00e1brica donde fabricamos medicamentos y productos farmac\u00e9uticos. La gerencia, prepar\u00e1ndose para una inspecci\u00f3n gubernamental, est\u00e1 pagando enormes cantidades de dinero a consultores para que reeval\u00faen los sistemas y equipos de calidad que hemos utilizado durante a\u00f1os. La producci\u00f3n se ha detenido hasta que se complete la consulta. \u00bfA qui\u00e9n no consultan? A los obreros en el taller.<\/p>\n<p style=\"text-align: justify;\">Toda una industria se dedica a publicar libros sobre temas de calidad. Un compa\u00f1ero de trabajo dijo: \u201cEn lugar de gastar dinero en consultores, podr\u00edan habernos hecho leer los libros sobre este tema\u201d. Hace a\u00f1os, algunos de nosotros se\u00f1alamos mejoras que podr\u00edan realizarse y nos ignoraron. Ahora escuchan a \u201cexpertos\u201d altamente remunerados.<\/p>\n<p style=\"text-align: justify;\">En un empleo anterior, trabaj\u00e9 en una gran corporaci\u00f3n farmac\u00e9utica en una l\u00ednea de producci\u00f3n en masa. Operaba una m\u00e1quina computarizada llenadora de botellas, hecha en EE. UU. Aprend\u00ed \u00edntimamente las peculiaridades de la m\u00e1quina y c\u00f3mo funcionaba.<\/p>\n<p style=\"text-align: justify;\">Entonces, en cierta ocasi\u00f3n, la maquina se arruin\u00f3. La compa\u00f1\u00eda trajo ingenieros y electricistas de los EE. UU. para averiguar qu\u00e9 ten\u00eda. Pero estos \u201cexpertos\u201d tuvieron grandes problemas con el funcionamiento general de la m\u00e1quina. \u00a1Tuvieron que pedirme que me quedara y que hiciera horas extras para mostrarles todas sus peculiaridades! Tener un certificado que diga que es un \u201cexperto\u201d no significa que lo sepa todo o que su trabajo tenga m\u00e1s valor que el de un trabajador \u201cno calificado\u201d.<\/p>\n<p style=\"text-align: justify;\"><strong>El trabajo crea todo valor.<\/strong> Y, a menudo, el trabajo peor pagado es el m\u00e1s esencial (por ejemplo: campesinos, cocineros y trabajadores de la limpieza), mientras aquellos en la cima de la escala salarial no hacen nada \u00fatil.<\/p>\n<p style=\"text-align: justify;\">\u00bfPor qu\u00e9 los capitalistas necesitan \u201cexpertos\u201d y por qu\u00e9 se les paga mucho m\u00e1s que a los obreros?<\/p>\n<p style=\"text-align: justify;\">Primero, los \u201cexpertos\u201d son necesarios para promover la ideolog\u00eda de la clase dominante capitalista y reproducir la divisi\u00f3n del trabajo bajo la producci\u00f3n capitalista. Los capitalistas dividen el trabajo en partes peque\u00f1as para que los trabajadores aprendan lo menos posible sobre el proceso productivo. Necesitan devaluar la experiencia y el conocimiento que tienen los trabajadores. Obreros que comprenden que podemos organizar el trabajo productivo colectivamente, con respeto mutuo, tambi\u00e9n pueden ver el potencial de organizar a toda la sociedad de esa manera.<\/p>\n<p style=\"text-align: justify;\">Muchos consultores \u201cexpertos\u201d se especializan en organizar formas de aumentar la explotaci\u00f3n de la clase obrera. Hacen que los procesos de trabajo sean m\u00e1s \u201ceficientes\u201d, es decir, \u00a1nos aceleran! El comunismo utilizar\u00e1 nuestro conocimiento colectivo para organizar el trabajo de manera segura y cooperativa.<\/p>\n<p style=\"text-align: justify;\">En tercer lugar, algunos \u201cexpertos\u201d poseen conocimientos especiales de los secretos de la gerencia. Piensan y act\u00faan de manera que sugiere que los patrones pueden confiar en ellos para administrar sus empresas. Son cruciales para la competencia capitalista, que el capitalismo requiere, pero que el comunismo eliminar\u00e1.<\/p>\n<p style=\"text-align: justify;\"><strong>Esta cuesti\u00f3n de \u201cexpertos\u201d ha sido un punto de lucha dentro del movimiento comunista durante un siglo.<\/strong><\/p>\n<p style=\"text-align: justify;\">En la Uni\u00f3n Sovi\u00e9tica, Lenin y los bolcheviques introdujeron la Nueva Pol\u00edtica Econ\u00f3mica en 1921, durante la hambruna y la crisis que sigui\u00f3 a la Guerra Civil. Esta hizo importantes concesiones de poder y paga a los t\u00e9cnicos y gerentes. El propio Lenin pronto not\u00f3 que \u201clos comunistas no est\u00e1n dirigiendo nada, est\u00e1n siendo dirigidos\u201d, refiri\u00e9ndose al poder de los \u201cexpertos\u201d economistas y t\u00e9cnicos.<\/p>\n<p style=\"text-align: justify;\">Durante la Revoluci\u00f3n Cultural en China en la d\u00e9cada de 1960, una lucha clave fue si era necesario ser \u201crojo\u201d o \u201cexperto\u201d. \u00bfDeben la lucha de clases y la pol\u00edtica estar a la vanguardia del trabajo y la vida, o deben el trabajo y las cuestiones culturales ser organizados por los \u201cexpertos\u201d?<\/p>\n<p style=\"text-align: justify;\">Bajo el dominio de los expertos, la pol\u00edtica comunista fue hecha de lado. El trabajo se centr\u00f3 en la eficiencia econ\u00f3mica, es decir, la producci\u00f3n por ganancias y una mayor explotaci\u00f3n de los trabajadores. Los \u201cexpertos\u201d recibieron mayores sueldos, beneficios y privilegios que los trabajadores.<\/p>\n<p style=\"text-align: justify;\">La izquierda luch\u00f3 contra esta divisi\u00f3n del trabajo en las f\u00e1bricas. Lucharon por fusionar las tareas manuales, administrativas y de toma de decisiones. Alentaron la cooperaci\u00f3n entre obreros manuales y t\u00e9cnicos para tomar decisiones. El lugar de trabajo se convirti\u00f3 en un lugar de estudio pol\u00edtico y actividades culturales. Charles Bettelheim escribi\u00f3 sobre estas luchas en la Revoluci\u00f3n Cultural y la Organizaci\u00f3n Industrial en China.<\/p>\n<p style=\"text-align: justify;\">Sin embargo, muchos no vieron en ese momento que la existencia de salarios fomenta la perpetuaci\u00f3n de los \u201cexpertos\u201d gerenciales y, de hecho, la divisi\u00f3n del trabajo que la sustenta. Los obreros terminar\u00e1n compitiendo entre s\u00ed, si eso significaba m\u00e1s salarios para sobrevivir o para obtener un trabajo de escritorio m\u00e1s f\u00e1cil y mejor pagado.<\/p>\n<p style=\"text-align: justify;\">La izquierda perdi\u00f3 esta lucha y China es ahora una potencia capitalista. Las revoluciones del siglo XX lideradas por los partidos comunistas fueron finalmente derrotadas desde adentro por poner en el poder a estos mismos \u201cexpertos\u201d.<\/p>\n<p style=\"text-align: justify;\">Luchamos por un mundo comunista sin \u201cexpertos\u201d y sin la divisi\u00f3n entre el trabajo \u201cmental\u201d y \u201cmanual\u201d. Crearemos condiciones cooperativas laborales sin salario ni dinero. Produciremos para las necesidades humanas y no para la \u201ceficiencia\u201d o las ganancias.<\/p>\n<h4 id=\"2\" style=\"text-align: center;\"><span style=\"color: #ff0000;\"><strong>Nada Se Mueve Sin la Clase Obrera<\/strong><\/span><\/h4>\n<p style=\"text-align: justify;\">INGLATERRA, 3 de octubre \u2014 Los resultados de los bajos salarios y la falta de respeto para los obreros industriales se est\u00e1n volviendo m\u00e1s claros durante la actual escasez de combustible.<\/p>\n<p style=\"text-align: justify;\">Durante d\u00e9cadas, a los Conductores de Veh\u00edculos Pesados (CVP) se les ha pagado mal para laborar en un trabajo muy estresante con largas horas y mucho tiempo fuera de casa. Las empresas de transporte, en los \u00faltimos a\u00f1os, tambi\u00e9n emplearon personal temporal, a menudo migrantes. Ahora, una combinaci\u00f3n de Brexit, malas condiciones laborales y bajos salarios ha llevado a la falta de conductores de veh\u00edculos pesados.<\/p>\n<p style=\"text-align: justify;\">Esto ha significado gasolina estancada en tanques en el puerto. La entrega a las gasolineras ha sido lenta. Esto ha provocado compras de p\u00e1nico en los surtidores de gasolina y las estaciones se han secado. Mucha gente de la clase obrera ahora no puede ir a trabajar en \u00e1reas donde el transporte p\u00fablico es malo y hay escasez de ciertos bienes y servicios.<\/p>\n<p style=\"text-align: justify;\">El lunes cuando 200 soldados fueron enviados del personal de camiones cisterna militares, incluidos 100 choferes, para entregar gasolina a las estaciones de servicio. Estos trabajadores uniformados son el respaldo de los capitalistas brit\u00e1nicos para garantizar el funcionamiento y la rentabilidad del capitalismo.<\/p>\n<p style=\"text-align: justify;\">Los obreros industriales y los soldados son clave para derrocar este sistema capitalista y construir un mundo comunista. Estamos llevando nuestro mensaje a todos los trabajadores, incluyendo los choferes de camiones y el personal militar, de todo el mundo.<\/p>\n<h4><a href=\"https:\/\/icwpredflag.org\/wp\/wordpress\/wps\/volumen-12-numero-13\/\">Primera p\u00e1gina de esta edici\u00f3n<\/a><\/h4>\n","protected":false},"excerpt":{"rendered":"<p>Comunismo Liberar\u00e1 el Conocimiento de los Obreros para Satisfacer las Necesidades de las Masas aqu\u00ed \u2666 Nada Se Mueve Sin los Obreros aqu\u00ed \u2666 El Comunismo Liberar\u00e1 el Conocimiento de los Obreros para Satisfacer las Necesidades de las Masas Trabajo en una peque\u00f1a f\u00e1brica donde fabricamos medicamentos y productos farmac\u00e9uticos. La gerencia, prepar\u00e1ndose para una &hellip; <a href=\"https:\/\/icwpredflag.org\/wp\/wordpress\/wps\/volumen-12-numero-13\/conocimiento-de-obreros-versus-los-expertos-capitalistas\/\" class=\"more-link\">Sigue leyendo <span class=\"screen-reader-text\">Conocimiento de Obreros Versus los Expertos Capitalistas<\/span><\/a><\/p>\n","protected":false},"author":1,"featured_media":5655,"parent":8211,"menu_order":0,"comment_status":"closed","ping_status":"closed","template":"","meta":{"footnotes":""},"class_list":["post-8237","page","type-page","status-publish","has-post-thumbnail","hentry"],"_links":{"self":[{"href":"https:\/\/icwpredflag.org\/wp\/wordpress\/wps\/wp-json\/wp\/v2\/pages\/8237","targetHints":{"allow":["GET"]}}],"collection":[{"href":"https:\/\/icwpredflag.org\/wp\/wordpress\/wps\/wp-json\/wp\/v2\/pages"}],"about":[{"href":"https:\/\/icwpredflag.org\/wp\/wordpress\/wps\/wp-json\/wp\/v2\/types\/page"}],"author":[{"embeddable":true,"href":"https:\/\/icwpredflag.org\/wp\/wordpress\/wps\/wp-json\/wp\/v2\/users\/1"}],"replies":[{"embeddable":true,"href":"https:\/\/icwpredflag.org\/wp\/wordpress\/wps\/wp-json\/wp\/v2\/comments?post=8237"}],"version-history":[{"count":4,"href":"https:\/\/icwpredflag.org\/wp\/wordpress\/wps\/wp-json\/wp\/v2\/pages\/8237\/revisions"}],"predecessor-version":[{"id":8290,"href":"https:\/\/icwpredflag.org\/wp\/wordpress\/wps\/wp-json\/wp\/v2\/pages\/8237\/revisions\/8290"}],"up":[{"embeddable":true,"href":"https:\/\/icwpredflag.org\/wp\/wordpress\/wps\/wp-json\/wp\/v2\/pages\/8211"}],"wp:featuredmedia":[{"embeddable":true,"href":"https:\/\/icwpredflag.org\/wp\/wordpress\/wps\/wp-json\/wp\/v2\/media\/5655"}],"wp:attachment":[{"href":"https:\/\/icwpredflag.org\/wp\/wordpress\/wps\/wp-json\/wp\/v2\/media?parent=8237"}],"curies":[{"name":"wp","href":"https:\/\/api.w.org\/{rel}","templated":true}]}}