{"id":8422,"date":"2021-11-20T05:22:53","date_gmt":"2021-11-20T05:22:53","guid":{"rendered":"https:\/\/icwpredflag.org\/wp\/wordpress\/wps\/?page_id=8422"},"modified":"2021-11-20T23:12:18","modified_gmt":"2021-11-20T23:12:18","slug":"crisis-climatica-los-trabajadores-necesitan-que-prevalezca-el-comunismo","status":"publish","type":"page","link":"https:\/\/icwpredflag.org\/wp\/wordpress\/wps\/volumen-12-numero-15\/crisis-climatica-los-trabajadores-necesitan-que-prevalezca-el-comunismo\/","title":{"rendered":"Crisis Clim\u00e1tica: Los Trabajadores Necesitan que Prevalezca el Comunismo"},"content":{"rendered":"<p style=\"text-align: center;\"><strong>Solo el Comunismo Puede Acabar con la Crisis Clim\u00e1tica <a class=\"icwp-emph\" href=\"#1\">aqu\u00ed \u2666<\/a> El Comunismo Puede Acabar con la Crisis Clim\u00e1tica, El Capitalismo NO <a class=\"icwp-emph\" href=\"#2\">aqu\u00ed \u2666<\/a><\/strong><\/p>\n<p><img loading=\"lazy\" decoding=\"async\" class=\"alignnone wp-image-8395\" src=\"https:\/\/icwpredflag.org\/wp\/wordpress\/wps\/wp-content\/uploads\/sites\/2\/2021\/11\/glasgow-300x195.jpg\" alt=\"\" width=\"651\" height=\"423\" srcset=\"https:\/\/icwpredflag.org\/wp\/wordpress\/wps\/wp-content\/uploads\/sites\/2\/2021\/11\/glasgow-300x195.jpg 300w, https:\/\/icwpredflag.org\/wp\/wordpress\/wps\/wp-content\/uploads\/sites\/2\/2021\/11\/glasgow.jpg 383w\" sizes=\"auto, (max-width: 651px) 100vw, 651px\" \/><\/p>\n<p style=\"text-align: justify;\"><strong>Glasgow, noviembre 2021: Masas protestaron contra la inservible Conferencia de la ONU sobre el Cambio Clim\u00e1tico del imperialismo. (El cartel dice \u00abEl capitalismo se come nuestro planeta\u00bb<\/strong>)<\/p>\n<h4 id=\"1\" style=\"text-align: center;\"><span style=\"color: #ff0000;\"><strong>Solo el Comunismo puede acabar con la Crisis Clim\u00e1tica<\/strong><\/span><\/h4>\n<p style=\"text-align: justify;\">SUD\u00c1FRICA \u2014 La causa del cambio clim\u00e1tico es la necesidad del capitalismo de generar ganancias. Art\u00edculos recientes de Bandera Roja han descrito los impactos del cambio clim\u00e1tico en el medio ambiente y en la clase obrera. Han correctamente identificado su causa fuerza motriz: es el capitalismo el que arroja todo este carbono a la atm\u00f3sfera.<\/p>\n<p style=\"text-align: justify;\">Nuestro colectivo est\u00e1 explorando lo que significa el cambio clim\u00e1tico para nosotros, como trabajadores o trabajadores potenciales. Los camaradas tienen diferentes interpretaciones.<\/p>\n<p style=\"text-align: justify;\">Un camarada coment\u00f3 que nos han dicho en televisi\u00f3n, peri\u00f3dicos, redes sociales y en todas partes que debemos reducir nuestra huella de carbono. Su opini\u00f3n es que nuestra huella de carbono palidece en comparaci\u00f3n con el da\u00f1o que est\u00e1n haciendo los patrones.<\/p>\n<p style=\"text-align: justify;\">Hablemos solo de la industria minera. Sus impactos son a gran escala.<br \/>\nEn Rusten Burg hace unos a\u00f1os, los camaradas est\u00e1bamos visitando gente y distribuyendo Bandera Roja. Estuvimos distribuyendo a unos mineros del carb\u00f3n que no estaban trabajando pero que iban a la cl\u00ednica porque padec\u00edan de tuberculosis.<\/p>\n<p style=\"text-align: justify;\">Estos son los efectos a largo plazo, no solo en el medio ambiente, sino tambi\u00e9n en nuestra familia clase obrera. Para solucionarlo tenemos que luchar directamente contra el capitalismo. Una vez que erradiquemos la necesidad de generar m\u00e1s ganancias, la miner\u00eda se puede hacer, incluso en el comunismo, dependiendo de las circunstancias y las necesidades de la clase obrera en un momento determinado. Pero la diferencia es que no es necesario que produzcamos excedentes, porque solo tomaremos lo que necesitemos, no lo que podamos vender.<\/p>\n<p style=\"text-align: justify;\">La opini\u00f3n del camarada fue buena porque incluso si alguien puede hacer algunos sacrificios, como dejar de comer carne, es como tirar una gota de agua en el oc\u00e9ano. Hay grandes contaminadores que se resisten a hacer algunos cambios tangibles.<\/p>\n<p style=\"text-align: justify;\">Miren c\u00f3mo empresas como BP, Shell y Exxon Mobil todav\u00eda est\u00e1n aferradas a los combustibles f\u00f3siles. Estas empresas han causado da\u00f1os incalculables al medio ambiente. Son los principales que debemos responsabiliza por lo que enfrentamos hoy d\u00eda.<\/p>\n<p style=\"text-align: justify;\">En Sud\u00e1frica, nuestra generaci\u00f3n de energ\u00eda el\u00e9ctrica depende principalmente del carb\u00f3n. Esto ha causado un sufrimiento incalculable en la clase obrera. El punto principal, en nuestra opini\u00f3n, es que si vamos a prevalecer en esta lucha o revertir parte del da\u00f1o que se ha hecho, no podemos hacer esto mientras exista el capitalismo.<\/p>\n<p style=\"text-align: justify;\">Cualesquiera que sean las negociaciones que se est\u00e9n llevando a cabo, cualesquiera que sean las cumbres que se hayan convocado, no har\u00e1n ninguna diferencia debido a la necesidad de los capitalistas de obtener ganancias. El medio ambiente y la clase obrera seguir\u00e1n sufriendo. Una vez que erradiquemos el capitalismo, estaremos en condiciones de erradicar el da\u00f1o que el cambio clim\u00e1tico ha infligido a nuestras comunidades.<\/p>\n<p style=\"text-align: justify;\">Otro camarada se refiri\u00f3 al impacto econ\u00f3mico de esto. Los pa\u00edses en desarrollo como Sud\u00e1frica se han visto obligados a cambiar los medios sucios de generar energ\u00eda a otros m\u00e1s limpios. Pero esta transici\u00f3n se convierte en un problema. Digamos que en una comunidad hay una central el\u00e9ctrica. Las comunidades que la rodean dependen de ella para trabajar. Si se cierra, tambi\u00e9n est\u00e1 se les estar\u00e1 cortando el ingreso a estas familias trabajadoras que dependen de esta central el\u00e9ctrica para su sustento.<\/p>\n<p style=\"text-align: justify;\">Si abandonan el uso del carb\u00f3n, \u00bfc\u00f3mo reemplazar\u00e1n esos trabajos? La mayor\u00eda de esos obreros son considerados desempleables porque el capitalismo dice que no est\u00e1n educados. Sin embargo, pueden ser explotados en esas minas.<\/p>\n<p style=\"text-align: justify;\">\u00bfC\u00f3mo afrontamos desaf\u00edos como ese? \u00bfC\u00f3mo aseguremos poder cerrar todas esas plantas de energ\u00eda y qu\u00e9 hacemos por esas comunidades que dependen de ellas para empleos? Desde la anciana que afuera de la planta hasta a los que trabajan adentro. Se vuelve imperativo para nosotros luchar por el comunismo para poder lidiar con estos desaf\u00edos.<\/p>\n<p style=\"text-align: justify;\">Lo tenemos que hacer colectivamente. No podemos hacerlo individualmente. Tenemos que luchar contra la enfermedad, que es el capitalismo. Haciendo esto, podremos luchar contra el cambio clim\u00e1tico.<\/p>\n<h4 id=\"2\" style=\"text-align: center;\"><span style=\"color: #ff0000;\"><strong>El Comunismo Puede Resolver la Crisis Clim\u00e1tica &#8211; el Capitalismo No puede. <\/strong><\/span><\/h4>\n<p style=\"text-align: justify;\">\u201cResulta que voy a dirigir el Comit\u00e9 del Medio Ambiente\u201d, le dijo Ana, una nueva lectora de Bandera Roja, a la camarada Elena.<\/p>\n<p style=\"text-align: justify;\">\u201c\u00bfLe\u00edste el art\u00edculo reciente en Bandera Roja?\u201d pregunt\u00f3 Elena.<\/p>\n<p style=\"text-align: justify;\">\u201cS\u00ed, me gust\u00f3 mucho. Dijo lo que estoy sintiendo\u201d, respondi\u00f3 Ana. \u201cEl Comit\u00e9 del Medio Ambiente no parece querer hablar sobre la pol\u00edtica del cambio clim\u00e1tico\u201d, continu\u00f3 ella. \u201cUna persona sigue planteando que la escuela deber\u00eda prohibir las botellas de agua y los (popotes, pajillas, paja, pajita, etc.) sorbetes de pl\u00e1stico\u201d.<\/p>\n<p style=\"text-align: justify;\">\u201cEse es tu trabajo, supongo\u201d, dijo Elena. \u201cExponer c\u00f3mo el capitalismo caus\u00f3 la crisis clim\u00e1tica y no podemos resolverla sin cambiar el sistema.<\/p>\n<p style=\"text-align: justify;\">\u201cHe estado pensando en por qu\u00e9 la revoluci\u00f3n comunista podr\u00eda crear remiendos a corto plazo y soluciones a largo plazo\u201d, agreg\u00f3 Elena. \u201cEl capitalismo solo puede hacer lo que es rentable. Incluso cuando dispone de medidas tecnol\u00f3gicas, dicen \u2018demasiado caras\u2019. Los nuevos diques protegieron a Nueva Orleans del hurac\u00e1n Ida, pero \u201ccostaban demasiado\u2019 para proteger otras ciudades de Luisiana. La desalinizaci\u00f3n podr\u00eda ayudar a aliviar la crisis del agua, pero es \u2018demasiada cara\u2019. La fusi\u00f3n de hidr\u00f3geno podr\u00eda proporcionar energ\u00eda limpia barata, pero la investigaci\u00f3n no ha sido financiada porque nadie vio ganancias en ella.<\/p>\n<p style=\"text-align: justify;\">Ana asinti\u00f3 con la cabeza, as\u00ed que Elena continu\u00f3: \u201cTodas estas cosas requieren trabajo, trabajo de trabajadores. El capitalismo ve el trabajo como un costo, el costo de los salarios. Pero el comunismo ve nuestro trabajo como un recurso, no como un costo. La mayor parte de nuestra fuerza de trabajo hoy se desperdicia a trav\u00e9s del desempleo o en trabajos in\u00fatiles. Acabemos con el sistema salarial y podremos decidir c\u00f3mo emplear nuestro trabajo para las cosas que realmente importan. Por ejemplo, para lidiar con la crisis clim\u00e1tica\u201d.<\/p>\n<p style=\"text-align: justify;\">\u201cNo s\u00e9 si el comit\u00e9 querr\u00e1 hablar de eso\u201d, dijo Ana con duda.<\/p>\n<p style=\"text-align: justify;\">\u201cAl menos algunas personas probablemente lo har\u00edan\u201d, supuso Elena.<\/p>\n<p style=\"text-align: justify;\">\u201cAl menos alguno que a veces lee Bandera Roja. Establece lazos m\u00e1s fuertes con los m\u00e1s dispuestos y prueba hasta d\u00f3nde puedes llegar con ellos\u201d.<\/p>\n<p style=\"text-align: justify;\">Conversaciones como estas, y con otros compa\u00f1eros de trabajo, podr\u00edan ayudar a que m\u00e1s amigos decidan ingresar al Partido.<\/p>\n<p style=\"text-align: justify;\">-Maestra Roja<\/p>\n<h4><a href=\"https:\/\/icwpredflag.org\/wp\/wordpress\/wps\/volumen-12-numero-15\/\">Primera p\u00e1gina de esta edici\u00f3n<\/a><\/h4>\n","protected":false},"excerpt":{"rendered":"<p>Solo el Comunismo Puede Acabar con la Crisis Clim\u00e1tica aqu\u00ed \u2666 El Comunismo Puede Acabar con la Crisis Clim\u00e1tica, El Capitalismo NO aqu\u00ed \u2666 Glasgow, noviembre 2021: Masas protestaron contra la inservible Conferencia de la ONU sobre el Cambio Clim\u00e1tico del imperialismo. (El cartel dice \u00abEl capitalismo se come nuestro planeta\u00bb) Solo el Comunismo puede &hellip; <a href=\"https:\/\/icwpredflag.org\/wp\/wordpress\/wps\/volumen-12-numero-15\/crisis-climatica-los-trabajadores-necesitan-que-prevalezca-el-comunismo\/\" class=\"more-link\">Sigue leyendo <span class=\"screen-reader-text\">Crisis Clim\u00e1tica: Los Trabajadores Necesitan que Prevalezca el Comunismo<\/span><\/a><\/p>\n","protected":false},"author":6,"featured_media":5655,"parent":8398,"menu_order":0,"comment_status":"closed","ping_status":"closed","template":"","meta":{"footnotes":""},"class_list":["post-8422","page","type-page","status-publish","has-post-thumbnail","hentry"],"_links":{"self":[{"href":"https:\/\/icwpredflag.org\/wp\/wordpress\/wps\/wp-json\/wp\/v2\/pages\/8422","targetHints":{"allow":["GET"]}}],"collection":[{"href":"https:\/\/icwpredflag.org\/wp\/wordpress\/wps\/wp-json\/wp\/v2\/pages"}],"about":[{"href":"https:\/\/icwpredflag.org\/wp\/wordpress\/wps\/wp-json\/wp\/v2\/types\/page"}],"author":[{"embeddable":true,"href":"https:\/\/icwpredflag.org\/wp\/wordpress\/wps\/wp-json\/wp\/v2\/users\/6"}],"replies":[{"embeddable":true,"href":"https:\/\/icwpredflag.org\/wp\/wordpress\/wps\/wp-json\/wp\/v2\/comments?post=8422"}],"version-history":[{"count":5,"href":"https:\/\/icwpredflag.org\/wp\/wordpress\/wps\/wp-json\/wp\/v2\/pages\/8422\/revisions"}],"predecessor-version":[{"id":8466,"href":"https:\/\/icwpredflag.org\/wp\/wordpress\/wps\/wp-json\/wp\/v2\/pages\/8422\/revisions\/8466"}],"up":[{"embeddable":true,"href":"https:\/\/icwpredflag.org\/wp\/wordpress\/wps\/wp-json\/wp\/v2\/pages\/8398"}],"wp:featuredmedia":[{"embeddable":true,"href":"https:\/\/icwpredflag.org\/wp\/wordpress\/wps\/wp-json\/wp\/v2\/media\/5655"}],"wp:attachment":[{"href":"https:\/\/icwpredflag.org\/wp\/wordpress\/wps\/wp-json\/wp\/v2\/media?parent=8422"}],"curies":[{"name":"wp","href":"https:\/\/api.w.org\/{rel}","templated":true}]}}