{"id":8435,"date":"2021-11-20T05:48:09","date_gmt":"2021-11-20T05:48:09","guid":{"rendered":"https:\/\/icwpredflag.org\/wp\/wordpress\/wps\/?page_id=8435"},"modified":"2021-11-21T00:06:16","modified_gmt":"2021-11-21T00:06:16","slug":"francia-el-comunismo-internacional-derrotara-al-fascismo-internacional","status":"publish","type":"page","link":"https:\/\/icwpredflag.org\/wp\/wordpress\/wps\/volumen-12-numero-15\/francia-el-comunismo-internacional-derrotara-al-fascismo-internacional\/","title":{"rendered":"Francia: El Comunismo Internacional Derrotar\u00e1 al Fascismo Internacional"},"content":{"rendered":"<p style=\"text-align: justify;\"><img loading=\"lazy\" decoding=\"async\" class=\" wp-image-8388 aligncenter\" src=\"https:\/\/icwpredflag.org\/wp\/wordpress\/wps\/wp-content\/uploads\/sites\/2\/2021\/11\/sansfront-300x199.jpg\" alt=\"\" width=\"488\" height=\"324\" srcset=\"https:\/\/icwpredflag.org\/wp\/wordpress\/wps\/wp-content\/uploads\/sites\/2\/2021\/11\/sansfront-300x199.jpg 300w, https:\/\/icwpredflag.org\/wp\/wordpress\/wps\/wp-content\/uploads\/sites\/2\/2021\/11\/sansfront.jpg 477w\" sizes=\"auto, (max-width: 488px) 100vw, 488px\" \/><br \/>\n15 de noviembre: Los fascistas franceses tienen un nuevo modelo de cartel: Eric Zemmour (\u201czuh-MOOR\u201d), personalidad televisiva y columnista del peri\u00f3dico fascista Le F\u00edgaro (\u201cfee-gah-ROH\u201d).<\/p>\n<p style=\"text-align: justify;\">Zemmour probablemente superar\u00e1 a la actual chica del cartel del fascismo franc\u00e9s, Marine LePen, en las elecciones presidenciales en la primavera de 2022. En 2015 qued\u00f3 en segundo lugar despu\u00e9s de Emmanuel Macron, el actual presidente de Francia (y exbanquero de los Rothschild)<\/p>\n<p style=\"text-align: justify;\">LePen hab\u00eda moderado su fascismo antiinmigrante para hacerse m\u00e1s aceptable. Esto le compr\u00f3 votos, pero desilusion\u00f3 a su base xen\u00f3foba. Entra Zemmour. El predica la mentira del \u201cGran Reemplazo\u201d de que \u201cfuerzas poderosas\u201d supuestamente quieren reemplazar a los franceses blancos con inmigrantes.<\/p>\n<p style=\"text-align: justify;\">Los comunistas creemos en un gran reemplazo diferente: reemplazar en todos los pa\u00edses a los patrones con una clase obrera unida. Esto significa reprimir fascistas como Zemmour y LePen y su movimiento. Significa convencer tanto a los inmigrantes como a los no inmigrantes de que su mejor inter\u00e9s (el comunismo) solo puede lograrse mediante la solidaridad internacional multi\u00e9tnica.<\/p>\n<p style=\"text-align: justify;\">Es por esto que el movimiento fascista es tan peligroso. Es un obst\u00e1culo para el comunismo.<\/p>\n<p style=\"text-align: justify;\">Zemmour pide que se detenga por completo el \u201ctsunami\u201d de la inmigraci\u00f3n. Quiere negar toda ayuda gubernamental a los inmigrantes &#8211; incluidos el seguro de desempleo, la asistencia social, los subsidios para la vivienda y la atenci\u00f3n m\u00e9dica.<\/p>\n<p style=\"text-align: justify;\">S\u00ed, negarles atenci\u00f3n m\u00e9dica, \u00a1durante una pandemia!<\/p>\n<p style=\"text-align: justify;\">Propone cambios constitucionales para prohibir nombres \u201cno franceses\u201d como \u201cOmar\u201d, \u201cFarah\u201d y \u201cMohammed\u201d. Esto est\u00e1 a la par con la prohibici\u00f3n constitucional propuesta por el expresidente Sarkozy al burkin\u00e9s (traje de ba\u00f1o largos para mujeres).<\/p>\n<p style=\"text-align: justify;\">Zemmour es en parte jud\u00edo y completamente antisemita. Se queja de que un \u201clobby jud\u00edo\u201d respaldado por Estados Unidos ha hecho del Shoah (Holocausto) parte de la \u201creligi\u00f3n nacional de Francia\u201d. No est\u00e1 contento de que algunos ni\u00f1os jud\u00edos, v\u00edctimas de un tiroteo racista en una escuela en Toulouse, sean enterrados en Israel.<\/p>\n<p style=\"text-align: justify;\">Zemmour dice ser antiestadounidense, pero su gente ha tomado prestadas t\u00e1cticas del movimiento de Trump. Recientemente, Le F\u00edgaro public\u00f3 un vicioso art\u00edculo en el que atacaba a los profesores franceses por supuestamente \u201cadoctrinar\u201d a los ni\u00f1os franceses con la ideolog\u00eda \u201cwoke (estar consciente de la injusticia social, especialmente del racismo)\u201d. Esto se refiere a que el gobierno requiere que se les ense\u00f1e a los alumnos la lucha contra el racismo. Seg\u00fan F\u00edgaro, ense\u00f1ar antirracismo es de alguna manera \u201cracista\u201d.<\/p>\n<p style=\"text-align: justify;\">F\u00edgaro incluso clon\u00f3 una portada de la Revista Nacional de Estados Unidos que mostraba a un ni\u00f1o frustrado frente a una pizarra cubierta de lemas \u201cantirracistas\u201d.<br \/>\nEl comunismo actuar\u00e1 r\u00e1pidamente para reprimir la maldici\u00f3n del antisemitismo. Zemmour y sus venenosas ideas ir\u00e1n directamente a la basura. Millones de trabajadores franceses ya reconocen lo t\u00f3xicos que son. Los antifascistas lo acosan dondequiera que aparece. Pero el antifascismo por s\u00ed solo no puede poner a Zemmour fuera de acci\u00f3n. Para eso necesitamos un PCOI de millones de personas. \u00a1\u00danete a nosotros!<\/p>\n<p style=\"text-align: justify;\">-Camaradas en Canad\u00e1<\/p>\n<h4><a href=\"https:\/\/icwpredflag.org\/wp\/wordpress\/wps\/volumen-12-numero-15\/\">Primera p\u00e1gina de esta edici\u00f3n<\/a><\/h4>\n","protected":false},"excerpt":{"rendered":"<p>15 de noviembre: Los fascistas franceses tienen un nuevo modelo de cartel: Eric Zemmour (\u201czuh-MOOR\u201d), personalidad televisiva y columnista del peri\u00f3dico fascista Le F\u00edgaro (\u201cfee-gah-ROH\u201d). Zemmour probablemente superar\u00e1 a la actual chica del cartel del fascismo franc\u00e9s, Marine LePen, en las elecciones presidenciales en la primavera de 2022. En 2015 qued\u00f3 en segundo lugar despu\u00e9s &hellip; <a href=\"https:\/\/icwpredflag.org\/wp\/wordpress\/wps\/volumen-12-numero-15\/francia-el-comunismo-internacional-derrotara-al-fascismo-internacional\/\" class=\"more-link\">Sigue leyendo <span class=\"screen-reader-text\">Francia: El Comunismo Internacional Derrotar\u00e1 al Fascismo Internacional<\/span><\/a><\/p>\n","protected":false},"author":6,"featured_media":5655,"parent":8398,"menu_order":0,"comment_status":"closed","ping_status":"closed","template":"","meta":{"footnotes":""},"class_list":["post-8435","page","type-page","status-publish","has-post-thumbnail","hentry"],"_links":{"self":[{"href":"https:\/\/icwpredflag.org\/wp\/wordpress\/wps\/wp-json\/wp\/v2\/pages\/8435","targetHints":{"allow":["GET"]}}],"collection":[{"href":"https:\/\/icwpredflag.org\/wp\/wordpress\/wps\/wp-json\/wp\/v2\/pages"}],"about":[{"href":"https:\/\/icwpredflag.org\/wp\/wordpress\/wps\/wp-json\/wp\/v2\/types\/page"}],"author":[{"embeddable":true,"href":"https:\/\/icwpredflag.org\/wp\/wordpress\/wps\/wp-json\/wp\/v2\/users\/6"}],"replies":[{"embeddable":true,"href":"https:\/\/icwpredflag.org\/wp\/wordpress\/wps\/wp-json\/wp\/v2\/comments?post=8435"}],"version-history":[{"count":3,"href":"https:\/\/icwpredflag.org\/wp\/wordpress\/wps\/wp-json\/wp\/v2\/pages\/8435\/revisions"}],"predecessor-version":[{"id":8490,"href":"https:\/\/icwpredflag.org\/wp\/wordpress\/wps\/wp-json\/wp\/v2\/pages\/8435\/revisions\/8490"}],"up":[{"embeddable":true,"href":"https:\/\/icwpredflag.org\/wp\/wordpress\/wps\/wp-json\/wp\/v2\/pages\/8398"}],"wp:featuredmedia":[{"embeddable":true,"href":"https:\/\/icwpredflag.org\/wp\/wordpress\/wps\/wp-json\/wp\/v2\/media\/5655"}],"wp:attachment":[{"href":"https:\/\/icwpredflag.org\/wp\/wordpress\/wps\/wp-json\/wp\/v2\/media?parent=8435"}],"curies":[{"name":"wp","href":"https:\/\/api.w.org\/{rel}","templated":true}]}}